{"id":2405,"date":"2023-11-14T17:38:30","date_gmt":"2023-11-14T16:38:30","guid":{"rendered":"https:\/\/whitepowder.se\/wordpress\/?page_id=2405"},"modified":"2025-12-18T14:07:30","modified_gmt":"2025-12-18T13:07:30","slug":"frakt-leverans","status":"publish","type":"page","link":"https:\/\/whitepowder.se\/en\/frakt-leverans\/","title":{"rendered":"Shipping &amp; Delivery"},"content":{"rendered":"<div data-elementor-type=\"wp-page\" data-elementor-id=\"2405\" class=\"elementor elementor-2405\" data-elementor-post-type=\"page\">\n\t\t\t\t<div class=\"elementor-element elementor-element-c2aeab8 e-flex e-con-boxed e-con e-parent\" data-id=\"c2aeab8\" data-element_type=\"container\">\n\t\t\t\t\t<div class=\"e-con-inner\">\n\t\t<div class=\"elementor-element elementor-element-1a6b63e e-con-full e-flex e-con e-child\" data-id=\"1a6b63e\" data-element_type=\"container\">\n\t\t\t\t<div class=\"elementor-element elementor-element-06e6b1a elementor-widget elementor-widget-heading\" data-id=\"06e6b1a\" data-element_type=\"widget\" data-widget_type=\"heading.default\">\n\t\t\t\t<div class=\"elementor-widget-container\">\n\t\t\t\t\t<h2 class=\"elementor-heading-title elementor-size-default\">Shipping &amp; Delivery<\/h2>\t\t\t\t<\/div>\n\t\t\t\t<\/div>\n\t\t\t\t<div class=\"elementor-element elementor-element-0b39954 elementor-widget elementor-widget-heading\" data-id=\"0b39954\" data-element_type=\"widget\" data-widget_type=\"heading.default\">\n\t\t\t\t<div class=\"elementor-widget-container\">\n\t\t\t\t\t<h2 class=\"elementor-heading-title elementor-size-default\">Shipping info<\/h2>\t\t\t\t<\/div>\n\t\t\t\t<\/div>\n\t\t\t\t<div class=\"elementor-element elementor-element-15c73d7 elementor-widget elementor-widget-text-editor\" data-id=\"15c73d7\" data-element_type=\"widget\" data-widget_type=\"text-editor.default\">\n\t\t\t\t<div class=\"elementor-widget-container\">\n\t\t\t\t\t\t\t\t\t<p>All parts we have in the Web Shop are in our own warehouse and can be shipped immediately. Delivery time for the package is 1-3 weekdays.<\/p><p>Packages are primarily sent to Agents. Smaller shipments that fit in a mailbox can be sent home to a selected address.<\/p><p>Remember to fill in your details carefully as any spelling mistakes can lead to packages being misplaced or not being able to be picked up.<\/p><p>As part of our environmental work, we use 95% recycled packaging so the products can come in all kinds of boxes &amp; shapes.<\/p>\t\t\t\t\t\t\t\t<\/div>\n\t\t\t\t<\/div>\n\t\t\t\t<\/div>\n\t\t<div class=\"elementor-element elementor-element-d5e6901 e-con-full e-flex e-con e-child\" data-id=\"d5e6901\" data-element_type=\"container\">\n\t\t\t\t<div class=\"elementor-element elementor-element-de80815 elementor-widget elementor-widget-image\" data-id=\"de80815\" data-element_type=\"widget\" data-widget_type=\"image.default\">\n\t\t\t\t<div class=\"elementor-widget-container\">\n\t\t\t\t\t\t\t\t\t\t\t\t\t\t\t<img fetchpriority=\"high\" decoding=\"async\" width=\"800\" height=\"316\" src=\"https:\/\/whitepowder.se\/wp-content\/uploads\/2023\/11\/paket-small.webp\" class=\"attachment-large size-large wp-image-2407\" alt=\"Frakt &amp; Leverans\" srcset=\"https:\/\/whitepowder.se\/wp-content\/uploads\/2023\/11\/paket-small.webp 2000w, https:\/\/whitepowder.se\/wp-content\/uploads\/2023\/11\/paket-small-600x237.webp 600w, https:\/\/whitepowder.se\/wp-content\/uploads\/2023\/11\/paket-small-768x303.webp 768w, https:\/\/whitepowder.se\/wp-content\/uploads\/2023\/11\/paket-small-1536x607.webp 1536w\" sizes=\"(max-width: 800px) 100vw, 800px\" \/>\t\t\t\t\t\t\t\t\t\t\t\t\t\t\t<\/div>\n\t\t\t\t<\/div>\n\t\t\t\t<\/div>\n\t\t<div class=\"elementor-element elementor-element-b22eb3f e-con-full e-flex e-con e-child\" data-id=\"b22eb3f\" data-element_type=\"container\">\n\t\t<div class=\"elementor-element elementor-element-811cb65 e-con-full e-flex e-con e-child\" data-id=\"811cb65\" data-element_type=\"container\">\n\t\t\t\t<div class=\"elementor-element elementor-element-2e41908 elementor-widget elementor-widget-heading\" data-id=\"2e41908\" data-element_type=\"widget\" data-widget_type=\"heading.default\">\n\t\t\t\t<div class=\"elementor-widget-container\">\n\t\t\t\t\t<h2 class=\"elementor-heading-title elementor-size-default\">Shipping Prices<\/h2>\t\t\t\t<\/div>\n\t\t\t\t<\/div>\n\t\t\t\t<div class=\"elementor-element elementor-element-45491de elementor-widget elementor-widget-text-editor\" data-id=\"45491de\" data-element_type=\"widget\" data-widget_type=\"text-editor.default\">\n\t\t\t\t<div class=\"elementor-widget-container\">\n\t\t\t\t\t\t\t\t\t<p class=\" translation-block\"><strong>To see the shipping price <span style=\"text-decoration: underline\">Add the product to the Shopping Cart and proceed to Checkout,<\/span> This will display the <span style=\"text-decoration: underline\">Shipping price for the items in the Shopping Cart<\/span>.<\/strong><br>The shipping price is calculated automatically up to 20kg.<\/p>\t\t\t\t\t\t\t\t<\/div>\n\t\t\t\t<\/div>\n\t\t\t\t<\/div>\n\t\t\t\t<div class=\"elementor-element elementor-element-1b61264 elementor-widget elementor-widget-shortcode\" data-id=\"1b61264\" data-element_type=\"widget\" data-widget_type=\"shortcode.default\">\n\t\t\t\t<div class=\"elementor-widget-container\">\n\t\t\t\t\t\t\t<div class=\"elementor-shortcode\">\t\t<div data-elementor-type=\"container\" data-elementor-id=\"5937\" class=\"elementor elementor-5937\" data-elementor-post-type=\"elementor_library\">\n\t\t\t\t<div class=\"elementor-element elementor-element-6bea6438 e-con-full e-flex e-con e-child\" data-id=\"6bea6438\" data-element_type=\"container\">\n\t\t<div class=\"elementor-element elementor-element-3bd99631 e-flex e-con-boxed e-con e-child\" data-id=\"3bd99631\" data-element_type=\"container\">\n\t\t\t\t\t<div class=\"e-con-inner\">\n\t\t\t\t<div class=\"elementor-element elementor-element-7925f60d elementor-widget elementor-widget-heading\" data-id=\"7925f60d\" data-element_type=\"widget\" data-widget_type=\"heading.default\">\n\t\t\t\t<div class=\"elementor-widget-container\">\n\t\t\t\t\t<h2 class=\"elementor-heading-title elementor-size-default\">Price table Shipping within Sweden with Postnord to Agent - max 20kg<\/h2>\t\t\t\t<\/div>\n\t\t\t\t<\/div>\n\t\t\t\t<div class=\"elementor-element elementor-element-77e35bbe elementor-widget elementor-widget-text-editor\" data-id=\"77e35bbe\" data-element_type=\"widget\" data-widget_type=\"text-editor.default\">\n\t\t\t\t<div class=\"elementor-widget-container\">\n\t\t\t\t\t\t\t\t\t<p>Prices are calculated on weight and volume including the weight &amp; volume of packaging. Automatic calculation of the shipping price for the items in the shopping cart takes place at checkout with calculation of weight &amp; volume and packaging.<\/p><table style=\"height: 374px;\" width=\"200\"><tbody><tr><td width=\"75\"><strong>Maximum weight <\/strong><\/td><td width=\"98\"><strong>Shipping price<\/strong><\/td><\/tr><tr><td><strong>1<\/strong>kg<\/td><td><b>89<\/b>kr<\/td><\/tr><tr><td><strong>2<\/strong>kg<\/td><td><strong>125<\/strong>kr<\/td><\/tr><tr><td><strong>3<\/strong>kg<\/td><td><strong>139<\/strong>kr<\/td><\/tr><tr><td><strong>5<\/strong>kg<\/td><td><b>169<\/b>kr<\/td><\/tr><tr><td><strong>10<\/strong>kg<\/td><td><strong>225<\/strong>kr<\/td><\/tr><tr><td><strong>15<\/strong>kg<\/td><td><b>270<\/b>kr<\/td><\/tr><tr><td><strong>20<\/strong>kg<\/td><td><strong>320<\/strong>kr<\/td><\/tr><\/tbody><\/table><p class=\" translation-block\">Goods with a length of 120cm up to 148cm have their own shipping class <span style=\"color: #b3af54\"><strong>\u201cLong goods\u201c <\/strong><\/span> and the price calculation is made with these goods separately, so if you order a slide and a cylinder, they will not be able to be packaged in one package, but there will be one package for the slide and one for the cylinder. Goods with a length over 120cm have a price surcharge of 125kr.<\/p><p>Goods such as Snowmobile Trak's &amp; ATV tires that do not require any type of packaging have their own shipping class and only have shipping price calculation based on volume and weight.<\/p><p><strong>Tips !!<\/strong><\/p><p>If your shopping cart exceeds a total of 20kg, you cannot order the products directly in the webshop. Instead, you can make 2 orders, for example, an order with shipping for 19kg and an order for 5kg. 19+5, a total of 34kg = 320kr (20kg) + 169kr (5kg). This is often the fastest way to order.<\/p>\t\t\t\t\t\t\t\t<\/div>\n\t\t\t\t<\/div>\n\t\t\t\t\t<\/div>\n\t\t\t\t<\/div>\n\t\t\t\t<\/div>\n\t\t\t\t<\/div>\n\t\t<\/div>\n\t\t\t\t\t\t<\/div>\n\t\t\t\t<\/div>\n\t\t<div class=\"elementor-element elementor-element-21240a6 e-flex e-con-boxed e-con e-child\" data-id=\"21240a6\" data-element_type=\"container\">\n\t\t\t\t\t<div class=\"e-con-inner\">\n\t\t\t\t<div class=\"elementor-element elementor-element-2527304 elementor-widget elementor-widget-shortcode\" data-id=\"2527304\" data-element_type=\"widget\" data-widget_type=\"shortcode.default\">\n\t\t\t\t<div class=\"elementor-widget-container\">\n\t\t\t\t\t\t\t<div class=\"elementor-shortcode\">\t\t<div data-elementor-type=\"container\" data-elementor-id=\"5934\" class=\"elementor elementor-5934\" data-elementor-post-type=\"elementor_library\">\n\t\t\t\t<div class=\"elementor-element elementor-element-72a90918 e-con-full e-flex e-con e-child\" data-id=\"72a90918\" data-element_type=\"container\">\n\t\t<div class=\"elementor-element elementor-element-1e8a2a9f e-flex e-con-boxed e-con e-child\" data-id=\"1e8a2a9f\" data-element_type=\"container\">\n\t\t\t\t\t<div class=\"e-con-inner\">\n\t\t\t\t<div class=\"elementor-element elementor-element-32c88091 elementor-widget elementor-widget-heading\" data-id=\"32c88091\" data-element_type=\"widget\" data-widget_type=\"heading.default\">\n\t\t\t\t<div class=\"elementor-widget-container\">\n\t\t\t\t\t<h2 class=\"elementor-heading-title elementor-size-default\">Price table Shipping within Sweden Varubrev - max 2kg<\/h2>\t\t\t\t<\/div>\n\t\t\t\t<\/div>\n\t\t\t\t<div class=\"elementor-element elementor-element-7eb8a19a elementor-widget elementor-widget-text-editor\" data-id=\"7eb8a19a\" data-element_type=\"widget\" data-widget_type=\"text-editor.default\">\n\t\t\t\t<div class=\"elementor-widget-container\">\n\t\t\t\t\t\t\t\t\t<h5>Shipping prices Varubrev is sent directly to the mailbox<\/h5><p>Varubrev is traceable until Delivery in the Letterbox, the maximum value of goods for this shipping method is 450 SEK.<\/p><p><strong>OBS !!<\/strong> Do not choose this shipping method if you do not have a regular mailbox that can accommodate a package measuring at least 7x24x32cm.<\/p><p>Prices are calculated on weight and volume including the weight &amp; volume of packaging. Automatic calculation of the shipping price for the items in the shopping cart takes place at checkout with calculation of weight &amp; volume and packaging.<\/p><table style=\"height: 374px;\" width=\"200\"><tbody><tr><td width=\"75\"><strong>Maximum weight <\/strong><\/td><td width=\"98\"><strong>Shipping price<\/strong><\/td><\/tr><tr><td><strong>250<\/strong>g<\/td><td><b>45<\/b>kr<\/td><\/tr><tr><td><strong>500<\/strong>g<\/td><td><strong>60<\/strong>kr<\/td><\/tr><tr><td><strong>1<\/strong>kg<\/td><td><strong>69<\/strong>kr<\/td><\/tr><tr><td><strong>2<\/strong>kg<\/td><td><b>96<\/b>kr<\/td><\/tr><\/tbody><\/table>\t\t\t\t\t\t\t\t<\/div>\n\t\t\t\t<\/div>\n\t\t\t\t\t<\/div>\n\t\t\t\t<\/div>\n\t\t\t\t<\/div>\n\t\t\t\t<\/div>\n\t\t<\/div>\n\t\t\t\t\t\t<\/div>\n\t\t\t\t<\/div>\n\t\t\t\t\t<\/div>\n\t\t\t\t<\/div>\n\t\t\t\t<\/div>\n\t\t<div class=\"elementor-element elementor-element-5688ba9 e-con-full e-flex e-con e-child\" data-id=\"5688ba9\" data-element_type=\"container\">\n\t\t\t\t<div class=\"elementor-element elementor-element-58214fc elementor-widget elementor-widget-shortcode\" data-id=\"58214fc\" data-element_type=\"widget\" data-widget_type=\"shortcode.default\">\n\t\t\t\t<div class=\"elementor-widget-container\">\n\t\t\t\t\t\t\t<div class=\"elementor-shortcode\">\t\t<div data-elementor-type=\"container\" data-elementor-id=\"5940\" class=\"elementor elementor-5940\" data-elementor-post-type=\"elementor_library\">\n\t\t\t\t<div class=\"elementor-element elementor-element-675fe456 e-con-full e-flex e-con e-child\" data-id=\"675fe456\" data-element_type=\"container\">\n\t\t\t\t<div class=\"elementor-element elementor-element-7ae61cb3 elementor-widget elementor-widget-heading\" data-id=\"7ae61cb3\" data-element_type=\"widget\" data-widget_type=\"heading.default\">\n\t\t\t\t<div class=\"elementor-widget-container\">\n\t\t\t\t\t<h2 class=\"elementor-heading-title elementor-size-default\">Bulky packages &amp; Heavy packages<\/h2>\t\t\t\t<\/div>\n\t\t\t\t<\/div>\n\t\t<div class=\"elementor-element elementor-element-2f8e72da e-flex e-con-boxed e-con e-child\" data-id=\"2f8e72da\" data-element_type=\"container\">\n\t\t\t\t\t<div class=\"e-con-inner\">\n\t\t\t\t<div class=\"elementor-element elementor-element-577ef5a6 elementor-widget elementor-widget-text-editor\" data-id=\"577ef5a6\" data-element_type=\"widget\" data-widget_type=\"text-editor.default\">\n\t\t\t\t<div class=\"elementor-widget-container\">\n\t\t\t\t\t\t\t\t\t<p>We currently do not have an automatic shipping price for goods that are bulky (max 0.242m3) or weigh over 20kg.<\/p><p>If you want to order goods that cannot be selected for shipping, the easiest way is to contact us via email or Select Price Request Shipping.<\/p><p>You can of course order your own shipping for bulky items, start by adding the products to your cart and proceed to Checkout, where you will find the weight of the products. To find shipping info for a specific product, go to the product page, then click on the [Shipping info] tab and then the [Product dimensions] tab.<\/p>\t\t\t\t\t\t\t\t<\/div>\n\t\t\t\t<\/div>\n\t\t\t\t<div class=\"elementor-element elementor-element-5b66b330 elementor-widget elementor-widget-image\" data-id=\"5b66b330\" data-element_type=\"widget\" data-widget_type=\"image.default\">\n\t\t\t\t<div class=\"elementor-widget-container\">\n\t\t\t\t\t\t\t\t\t\t\t\t\t\t\t<img decoding=\"async\" width=\"556\" height=\"57\" src=\"https:\/\/whitepowder.se\/wp-content\/uploads\/2023\/12\/frkt-inf-t3.webp\" class=\"attachment-full size-full wp-image-3407\" alt=\"Frakt &amp; Leverans\" \/>\t\t\t\t\t\t\t\t\t\t\t\t\t\t\t<\/div>\n\t\t\t\t<\/div>\n\t\t\t\t<div class=\"elementor-element elementor-element-4427aae8 elementor-widget elementor-widget-text-editor\" data-id=\"4427aae8\" data-element_type=\"widget\" data-widget_type=\"text-editor.default\">\n\t\t\t\t<div class=\"elementor-widget-container\">\n\t\t\t\t\t\t\t\t\tuse the weight + volume information to calculate your own shipping cost remember to add at least 20% in both weight and volume for packaging and to calculate the shipping with pickup at our warehouse.\n\nWe currently do not have a favorable shipping agreement for <strong>pallet freight<\/strong> So the fastest way to find a shipping price for goods that require pallet shipping is to check it yourself. Remember to calculate the shipping with pickup at our warehouse.\t\t\t\t\t\t\t\t<\/div>\n\t\t\t\t<\/div>\n\t\t\t\t<div class=\"elementor-element elementor-element-24757296 elementor-widget elementor-widget-text-editor\" data-id=\"24757296\" data-element_type=\"widget\" data-widget_type=\"text-editor.default\">\n\t\t\t\t<div class=\"elementor-widget-container\">\n\t\t\t\t\t\t\t\t\t<strong>If you would like to receive a price quote from us for goods over 20kg or goods longer than 150cm <\/strong>\nYou can email us your order to: Vic@WhitePowder.se\nAlternatively, select Local pickup and write in the order message that you want a shipping price. Please wait to pay for your order until we have given you a shipping quote.\n<strong>OBS !!<\/strong> Combine <strong>NOT Klarna payment<\/strong> and Price Request Shipping. <br>When you use this option (Local Pickup + Shipping Price Notification), your products will be reserved until we send you a shipping price quote with payment instructions.\n\n<strong>Goods with shipping class <\/strong><span style=\"color: #b3af54; text-shadow: 2px 2px 2px #000;\"><strong>\u201cOversized\u201c <\/strong><\/span> we will not calculate shipping prices.\nIf any item in the shopping cart has this shipping class, the order will not be able to be processed.\nYou can of course order your own shipping for bulky items from our warehouse.\t\t\t\t\t\t\t\t<\/div>\n\t\t\t\t<\/div>\n\t\t\t\t\t<\/div>\n\t\t\t\t<\/div>\n\t\t\t\t<\/div>\n\t\t\t\t<\/div>\n\t\t<\/div>\n\t\t\t\t\t\t<\/div>\n\t\t\t\t<\/div>\n\t\t\t\t<\/div>\n\t\t<div class=\"elementor-element elementor-element-7883254 e-con-full e-flex e-con e-child\" data-id=\"7883254\" data-element_type=\"container\">\n\t\t\t\t<div class=\"elementor-element elementor-element-180c89b elementor-widget elementor-widget-shortcode\" data-id=\"180c89b\" data-element_type=\"widget\" data-widget_type=\"shortcode.default\">\n\t\t\t\t<div class=\"elementor-widget-container\">\n\t\t\t\t\t\t\t<div class=\"elementor-shortcode\">\t\t<div data-elementor-type=\"container\" data-elementor-id=\"5943\" class=\"elementor elementor-5943\" data-elementor-post-type=\"elementor_library\">\n\t\t\t\t<div class=\"elementor-element elementor-element-51d2cade e-con-full e-flex e-con e-child\" data-id=\"51d2cade\" data-element_type=\"container\">\n\t\t\t\t<div class=\"elementor-element elementor-element-79766676 elementor-widget elementor-widget-heading\" data-id=\"79766676\" data-element_type=\"widget\" data-widget_type=\"heading.default\">\n\t\t\t\t<div class=\"elementor-widget-container\">\n\t\t\t\t\t<h2 class=\"elementor-heading-title elementor-size-default\">EXPORT Shipping Outside Sweden<\/h2>\t\t\t\t<\/div>\n\t\t\t\t<\/div>\n\t\t\t\t<div class=\"elementor-element elementor-element-32bdb8a8 elementor-widget elementor-widget-text-editor\" data-id=\"32bdb8a8\" data-element_type=\"widget\" data-widget_type=\"text-editor.default\">\n\t\t\t\t<div class=\"elementor-widget-container\">\n\t\t\t\t\t\t\t\t\t<p><strong>Export info<\/strong><br \/>Currently we only offer prepaid shipping rates fore shipping inside Sweden.<br \/><strong>If you want to get a shipping Quote from us<\/strong> you can use the <span style=\"color: #e64902; text-shadow: 2px 2px 2px #000; font-size: 1rem; font-weight: 500;\">Request a Quote Export<\/span> option.<\/p><p><strong> Quote shipping option<\/strong> is applied automatically on all orders outside Sweden, when you choose a country other than Sweden on the Cart \/ Checkout page under Billing &amp; Shipping info.<br \/>When you use this option Your products will be reserved until we send you an Quote on shipping price whit payment instructions.<\/p><p><strong> No Oversized items<\/strong><br \/>We will not give Quotes on shipping fore products whit shipping class <span style=\"color: #b3af54; text-shadow: 2px 2px 2px #000;\"><strong>\u201cOversized \u201c<\/strong><\/span><\/p>\t\t\t\t\t\t\t\t<\/div>\n\t\t\t\t<\/div>\n\t\t\t\t<div class=\"elementor-element elementor-element-7b5be25d elementor-widget elementor-widget-text-editor\" data-id=\"7b5be25d\" data-element_type=\"widget\" data-widget_type=\"text-editor.default\">\n\t\t\t\t<div class=\"elementor-widget-container\">\n\t\t\t\t\t\t\t\t\t<strong> Countries <\/strong>we can send packages to all countries that Postnord offers shipping to.<br><br>\n<strong>Export outside the EU <\/strong><br>\nWhen delivering to countries outside the EU, the buyer pays\/is responsible for all costs for import VAT, customs, declaration fees and other import fees.<br>\nWhite Powder AB charges the buyer for the transportation cost to the specified delivery address in the recipient country in advance in connection with the order, but is not responsible for and does not charge import VAT, customs or other fees that arise upon entry into the recipient country.<br><br>\n\nYou can of course order your own shipping for goods from our warehouse.\nThe fastest way to get an shipping price is to lock up price your self online simply putt the products you want in the cart and continue to the Cart Page &#8221;till Kassan&#8221; and then you can se the combined weight off the products remember to add 20% in weight and Volume for Packaging.\n( to find shipping info for a specific product go to the product page then click on the [ Frakt info ]\ntab and then the [Produkt m\u00e5tt] ) tab )\u00a0<span style=\"letter-spacing: -0.1px;\">remember<\/span>\u00a0to check the price whit pickup from our address.\t\t\t\t\t\t\t\t<\/div>\n\t\t\t\t<\/div>\n\t\t\t\t<div class=\"elementor-element elementor-element-2d9fb735 elementor-widget elementor-widget-image\" data-id=\"2d9fb735\" data-element_type=\"widget\" data-widget_type=\"image.default\">\n\t\t\t\t<div class=\"elementor-widget-container\">\n\t\t\t\t\t\t\t\t\t\t\t\t\t\t\t<img decoding=\"async\" width=\"800\" height=\"51\" src=\"https:\/\/whitepowder.se\/wp-content\/uploads\/2023\/12\/frakt-002-web.webp\" class=\"attachment-large size-large wp-image-3410\" alt=\"Frakt &amp; Leverans\" srcset=\"https:\/\/whitepowder.se\/wp-content\/uploads\/2023\/12\/frakt-002-web.webp 900w, https:\/\/whitepowder.se\/wp-content\/uploads\/2023\/12\/frakt-002-web-600x38.webp 600w, https:\/\/whitepowder.se\/wp-content\/uploads\/2023\/12\/frakt-002-web-768x49.webp 768w\" sizes=\"(max-width: 800px) 100vw, 800px\" \/>\t\t\t\t\t\t\t\t\t\t\t\t\t\t\t<\/div>\n\t\t\t\t<\/div>\n\t\t\t\t<\/div>\n\t\t\t\t<\/div>\n\t\t<\/div>\n\t\t\t\t\t\t<\/div>\n\t\t\t\t<\/div>\n\t\t\t\t<\/div>\n\t\t<div class=\"elementor-element elementor-element-6b2c554 e-con-full e-flex e-con e-child\" data-id=\"6b2c554\" data-element_type=\"container\">\n\t\t\t\t<div class=\"elementor-element elementor-element-4d3db46 elementor-widget elementor-widget-text-editor\" data-id=\"4d3db46\" data-element_type=\"widget\" data-widget_type=\"text-editor.default\">\n\t\t\t\t<div class=\"elementor-widget-container\">\n\t\t\t\t\t\t\t\t\t<p><strong>Unclaimed package<\/strong><\/p><p>If you do not pick up your package, you will be charged for the shipping both ways and a handling fee of SEK 240. This amount will be invoiced afterwards.<\/p><p><strong>Shipping damage<\/strong><\/p><p>If an item is damaged when you receive it, the entire shipment with packaging must be presented to the agent, where you collect the shipment. Any claims for compensation will be made to the post office\/bus freight company that has insured all transports.<\/p>\t\t\t\t\t\t\t\t<\/div>\n\t\t\t\t<\/div>\n\t\t\t\t<\/div>\n\t\t\t\t\t<\/div>\n\t\t\t\t<\/div>\n\t\t\t\t<\/div>","protected":false},"excerpt":{"rendered":"<p>Frakt &amp; Leverans Frakt info Alla delar vi har i Webb Shopen har vi p\u00e5 v\u00e5rat egna lager och kan skickas omg\u00e5ende, Leverans tid F\u00f6r packet\u00a0 1-3 Vardagar . Paketen skickas i f\u00f6rsta hand till Ombud, Mindre f\u00f6rs\u00e4ndelser som ryms i en brevl\u00e5da kan skickas hem till vald adress. T\u00e4nk p\u00e5 att fylla i Dina [&hellip;]<\/p>","protected":false},"author":1,"featured_media":0,"parent":0,"menu_order":0,"comment_status":"closed","ping_status":"closed","template":"","meta":{"_acf_changed":false,"footnotes":""},"class_list":["post-2405","page","type-page","status-publish","hentry"],"acf":[],"_links":{"self":[{"href":"https:\/\/whitepowder.se\/en\/wp-json\/wp\/v2\/pages\/2405","targetHints":{"allow":["GET"]}}],"collection":[{"href":"https:\/\/whitepowder.se\/en\/wp-json\/wp\/v2\/pages"}],"about":[{"href":"https:\/\/whitepowder.se\/en\/wp-json\/wp\/v2\/types\/page"}],"author":[{"embeddable":true,"href":"https:\/\/whitepowder.se\/en\/wp-json\/wp\/v2\/users\/1"}],"replies":[{"embeddable":true,"href":"https:\/\/whitepowder.se\/en\/wp-json\/wp\/v2\/comments?post=2405"}],"version-history":[{"count":3,"href":"https:\/\/whitepowder.se\/en\/wp-json\/wp\/v2\/pages\/2405\/revisions"}],"predecessor-version":[{"id":26649,"href":"https:\/\/whitepowder.se\/en\/wp-json\/wp\/v2\/pages\/2405\/revisions\/26649"}],"wp:attachment":[{"href":"https:\/\/whitepowder.se\/en\/wp-json\/wp\/v2\/media?parent=2405"}],"curies":[{"name":"wp","href":"https:\/\/api.w.org\/{rel}","templated":true}]}}