{"id":10080,"date":"2024-07-03T10:30:50","date_gmt":"2024-07-03T08:30:50","guid":{"rendered":"https:\/\/whitepowder.se\/?post_type=product&#038;p=10080"},"modified":"2025-03-24T11:54:23","modified_gmt":"2025-03-24T10:54:23","slug":"vinsch-universal-fastplatta-typ-2","status":"publish","type":"product","link":"https:\/\/whitepowder.se\/en\/vinsch-universal-fastplatta-typ-2\/","title":{"rendered":"Vinsch Universal F\u00e4stplatta typ.2"},"content":{"rendered":"<p>Universal F\u00e4stplatta Till Vinsch<br \/>\nF\u00e4stplatta typ.2<\/p>\n<p>Applikation : ATV , UTV m.m.<br \/>\n* Sp\u00e5r av f\u00f6rvaring F\u00f6rekommer<\/p>","protected":false},"excerpt":{"rendered":"<p>Universal F\u00e4stplatta Till Vinsch F\u00e4stplatta typ.2 Applikation : ATV , UTV m.m. * Sp\u00e5r av f\u00f6rvaring F\u00f6rekommer<\/p>","protected":false},"featured_media":10059,"comment_status":"open","ping_status":"closed","template":"","meta":{"_acf_changed":false},"demonterat-fordon":[],"fordons-typ":[642],"make":[722],"parts-filter":[],"prod-typ":[716],"tillverkare":[],"product_brand":[],"product_cat":[255],"product_tag":[],"class_list":{"0":"post-10080","1":"product","2":"type-product","3":"status-publish","4":"has-post-thumbnail","6":"fordons-typ-atv-utv","7":"make-universaldelar","8":"prod-typ-nos","9":"product_cat-winch-accessories","11":"first","12":"instock","13":"purchasable","14":"product-type-simple"},"acf":[],"_links":{"self":[{"href":"https:\/\/whitepowder.se\/en\/wp-json\/wp\/v2\/product\/10080","targetHints":{"allow":["GET"]}}],"collection":[{"href":"https:\/\/whitepowder.se\/en\/wp-json\/wp\/v2\/product"}],"about":[{"href":"https:\/\/whitepowder.se\/en\/wp-json\/wp\/v2\/types\/product"}],"replies":[{"embeddable":true,"href":"https:\/\/whitepowder.se\/en\/wp-json\/wp\/v2\/comments?post=10080"}],"wp:featuredmedia":[{"embeddable":true,"href":"https:\/\/whitepowder.se\/en\/wp-json\/wp\/v2\/media\/10059"}],"wp:attachment":[{"href":"https:\/\/whitepowder.se\/en\/wp-json\/wp\/v2\/media?parent=10080"}],"wp:term":[{"taxonomy":"demonterat-fordon","embeddable":true,"href":"https:\/\/whitepowder.se\/en\/wp-json\/wp\/v2\/demonterat-fordon?post=10080"},{"taxonomy":"fordons-typ","embeddable":true,"href":"https:\/\/whitepowder.se\/en\/wp-json\/wp\/v2\/fordons-typ?post=10080"},{"taxonomy":"make","embeddable":true,"href":"https:\/\/whitepowder.se\/en\/wp-json\/wp\/v2\/make?post=10080"},{"taxonomy":"parts-filter","embeddable":true,"href":"https:\/\/whitepowder.se\/en\/wp-json\/wp\/v2\/parts-filter?post=10080"},{"taxonomy":"prod-typ","embeddable":true,"href":"https:\/\/whitepowder.se\/en\/wp-json\/wp\/v2\/prod-typ?post=10080"},{"taxonomy":"tillverkare","embeddable":true,"href":"https:\/\/whitepowder.se\/en\/wp-json\/wp\/v2\/tillverkare?post=10080"},{"taxonomy":"product_brand","embeddable":true,"href":"https:\/\/whitepowder.se\/en\/wp-json\/wp\/v2\/product_brand?post=10080"},{"taxonomy":"product_cat","embeddable":true,"href":"https:\/\/whitepowder.se\/en\/wp-json\/wp\/v2\/product_cat?post=10080"},{"taxonomy":"product_tag","embeddable":true,"href":"https:\/\/whitepowder.se\/en\/wp-json\/wp\/v2\/product_tag?post=10080"}],"curies":[{"name":"wp","href":"https:\/\/api.w.org\/{rel}","templated":true}]}}