{"id":10088,"date":"2024-07-03T10:30:45","date_gmt":"2024-07-03T08:30:45","guid":{"rendered":"https:\/\/whitepowder.se\/?post_type=product&#038;p=10088"},"modified":"2024-09-10T12:32:03","modified_gmt":"2024-09-10T10:32:03","slug":"polaris-2874815-universal-plow-attachment-lift-kit","status":"publish","type":"product","link":"https:\/\/whitepowder.se\/en\/polaris-2874815-universal-plow-attachment-lift-kit\/","title":{"rendered":"Polaris 2874815 &#8211; Universal Plow Attachment Lift Kit Gen VI Sportsman"},"content":{"rendered":"<p>Polaris 2874815 Universal Plow Attachment Lift Kit Gen VI Sportsman 400 500<\/p>\n<p>P\u00c5 f\u00f6rsta bilden syns medf\u00f6ljande delar , Resterande bilder \u00e4r instruktionerna .<\/p>\n<p>Nos = New old stock<br \/>\n* Sp\u00e5r av f\u00f6rvaring F\u00f6rekommer<\/p>","protected":false},"excerpt":{"rendered":"<p>Polaris 2874815 Passar enligt tillverkaren p\u00e5 :<br \/>\nGen VI Sportsman 400 500<\/p>","protected":false},"featured_media":10002,"comment_status":"open","ping_status":"closed","template":"","meta":{"_acf_changed":false},"demonterat-fordon":[],"fordons-typ":[642],"make":[636],"parts-filter":[],"prod-typ":[717],"tillverkare":[865],"product_brand":[],"product_cat":[246],"product_tag":[],"class_list":{"0":"post-10088","1":"product","2":"type-product","3":"status-publish","4":"has-post-thumbnail","6":"fordons-typ-atv-utv","7":"make-polaris","8":"prod-typ-ny","9":"tillverkare-polaris","10":"product_cat-plog","12":"first","13":"instock","14":"purchasable","15":"product-type-simple"},"acf":[],"_links":{"self":[{"href":"https:\/\/whitepowder.se\/en\/wp-json\/wp\/v2\/product\/10088","targetHints":{"allow":["GET"]}}],"collection":[{"href":"https:\/\/whitepowder.se\/en\/wp-json\/wp\/v2\/product"}],"about":[{"href":"https:\/\/whitepowder.se\/en\/wp-json\/wp\/v2\/types\/product"}],"replies":[{"embeddable":true,"href":"https:\/\/whitepowder.se\/en\/wp-json\/wp\/v2\/comments?post=10088"}],"wp:featuredmedia":[{"embeddable":true,"href":"https:\/\/whitepowder.se\/en\/wp-json\/wp\/v2\/media\/10002"}],"wp:attachment":[{"href":"https:\/\/whitepowder.se\/en\/wp-json\/wp\/v2\/media?parent=10088"}],"wp:term":[{"taxonomy":"demonterat-fordon","embeddable":true,"href":"https:\/\/whitepowder.se\/en\/wp-json\/wp\/v2\/demonterat-fordon?post=10088"},{"taxonomy":"fordons-typ","embeddable":true,"href":"https:\/\/whitepowder.se\/en\/wp-json\/wp\/v2\/fordons-typ?post=10088"},{"taxonomy":"make","embeddable":true,"href":"https:\/\/whitepowder.se\/en\/wp-json\/wp\/v2\/make?post=10088"},{"taxonomy":"parts-filter","embeddable":true,"href":"https:\/\/whitepowder.se\/en\/wp-json\/wp\/v2\/parts-filter?post=10088"},{"taxonomy":"prod-typ","embeddable":true,"href":"https:\/\/whitepowder.se\/en\/wp-json\/wp\/v2\/prod-typ?post=10088"},{"taxonomy":"tillverkare","embeddable":true,"href":"https:\/\/whitepowder.se\/en\/wp-json\/wp\/v2\/tillverkare?post=10088"},{"taxonomy":"product_brand","embeddable":true,"href":"https:\/\/whitepowder.se\/en\/wp-json\/wp\/v2\/product_brand?post=10088"},{"taxonomy":"product_cat","embeddable":true,"href":"https:\/\/whitepowder.se\/en\/wp-json\/wp\/v2\/product_cat?post=10088"},{"taxonomy":"product_tag","embeddable":true,"href":"https:\/\/whitepowder.se\/en\/wp-json\/wp\/v2\/product_tag?post=10088"}],"curies":[{"name":"wp","href":"https:\/\/api.w.org\/{rel}","templated":true}]}}