{"id":10255,"date":"2024-07-04T10:04:19","date_gmt":"2024-07-04T08:04:19","guid":{"rendered":"https:\/\/whitepowder.se\/?post_type=product&#038;p=10255"},"modified":"2024-09-10T12:36:36","modified_gmt":"2024-09-10T10:36:36","slug":"polaris-1321584-variator-vikt-10-66","status":"publish","type":"product","link":"https:\/\/whitepowder.se\/en\/polaris-1321584-variator-vikt-10-66\/","title":{"rendered":"Polaris 1321584 &#8211; Variator vikt 10-66 * beg"},"content":{"rendered":"<p>Polaris 1321584 &#8211; Variator vikt 10-66 &#8211; Asm., Weight\/Bushing 10-66<br \/>\nVikt: 66g<\/p>\n<p>Begagnad I Mycket bra skick<\/p>\n<p>Polaris Original Vikter (10-serien)<br \/>\nF\u00f6r Polaris P85-variatorn fr\u00e5n \u00e5rsmodell 2000 och Upp\u00e5t<\/p>\n<p>S\u00e4ljes styckvis &#8211; Sold individually<\/p>","protected":false},"excerpt":{"rendered":"<p>Polaris 1321584 Sitter Original p\u00e5 :<br \/>\nPolaris Snowmobile 2003 XC SP EDGE X 700 F O &#8211; S03NA7CS Drive Clutch S03np7cs\/7Csa\/7Csb\/8Cs\/8Csa\/8Csb\/8Css03nf7cs\/8Css03ne7cs\/8Cs (4977847784C11)<\/p>\n<p>Polaris Snowmobile 2003 XC SP EDGE X 700 F O &#8211; S03NA7CS Drive Clutch S03np7cs\/7Csa\/7Csb\/8Cs\/8Csa\/8Csb\/8Css03nf7cs\/8Css03ne7cs\/8Cs (4977847784C12)<\/p>\n<p>Polaris Snowmobile 2003 XC SP EDGE 700 M-10 F O &#8211; S03NF7CS Drive Clutch S03np7cs\/7Csa\/7Csb\/8Cs\/8Csa\/8Csbs03na7cs\/8Cs\/8Css03ne7cs\/8Cs (4977847784C11)<\/p>\n<p>Polaris Snowmobile 2003 XC SP EDGE 700 M-10 F O &#8211; S03NF7CS Drive Clutch S03np7cs\/7Csa\/7Csb\/8Cs\/8Csa\/8Csbs03na7cs\/8Cs\/8Css03ne7cs\/8Cs (4977847784C12)<\/p>\n<p>Polaris Snowmobile 2003 XC SP EDGE 700 M-10 F O &#8211; S03NE7CS Drive Clutch S03np7cs\/7Csa\/7Csb\/8Cs\/8Csa\/8Csbs03na7cs\/8Css03nf7cs\/8Cs\/8Cs (4977847784C11)<\/p>\n<p>Polaris Snowmobile 2003 XC SP EDGE 700 M-10 F O &#8211; S03NE7CS Drive Clutch S03np7cs\/7Csa\/7Csb\/8Cs\/8Csa\/8Csbs03na7cs\/8Css03nf7cs\/8Cs\/8Cs (4977847784C12)<\/p>\n<p>Polaris Snowmobile 2003 XC SP EDGE 800 &#8211; S03NP8CSA-B Drive Clutch S03np7cs\/7Csa\/7Csb\/8Cs\/8Csa\/8Csbs03na7cs\/8Css03nf7cs\/8Css03ne7cs\/8Cs (4977847784C11)<\/p>\n<p>Polaris Snowmobile 2003 XC EDGE 800 F O &#8211; S03NP8CS Drive Clutch S03np7cs\/7Csa\/7Csb\/8Cs\/8Csa\/8Csbs03na7cs\/8Css03nf7cs\/8Css03ne7cs\/8Cs (4977847784C11)<\/p>\n<p>Polaris Snowmobile 2003 XC SP EDGE X 800 F O &#8211; S03NA8CS Drive Clutch S03np7cs\/7Csa\/7Csb\/8Cs\/8Csa\/8Csbs03na7cs\/8Css03nf7cs\/8Css03ne7cs\/8Cs (4977847784C11)<\/p>\n<p>Polaris Snowmobile 2003 XC SP EDGE 800 M-10 F O &#8211; S03NE8CS Drive Clutch S03np7cs\/7Csa\/7Csb\/8Cs\/8Csa\/8Csbs03na7cs\/8Css03nf7cs\/8Css03ne7cs\/8Cs (4977847784C11)<\/p>\n<p>Polaris Snowmobile 2003 XC SP EDGE 800 M-10 F O &#8211; S03NF8CS Drive Clutch S03np7cs\/7Csa\/7Csb\/8Cs\/8Csa\/8Csbs03na7cs\/8Css03nf7cs\/8Css03ne7cs\/8Cs (4977847784C11)<\/p>\n<p>Polaris Snowmobile 2003 XC SP EDGE 700 &#8211; S03NP7CSA-B Drive Clutch S03np7cs\/7Csa\/7Csb\/8Cs\/8Csa\/8Csbs03na7cs\/8Css03nf7cs\/8Css03ne7cs\/8Cs (4977847784C11)<\/p>\n<p>Polaris Snowmobile 2003 XC SP EDGE 800 M-10 F O &#8211; S03NF8CS Drive Clutch S03np7cs\/7Csa\/7Csb\/8Cs\/8Csa\/8Csbs03na7cs\/8Css03nf7cs\/8Css03ne7cs\/8Cs (4977847784C12)<\/p>\n<p>Polaris Snowmobile 2003 XC SP EDGE 800 &#8211; S03NP8CSA-B Drive Clutch S03np7cs\/7Csa\/7Csb\/8Cs\/8Csa\/8Csbs03na7cs\/8Css03nf7cs\/8Css03ne7cs\/8Cs (4977847784C12)<\/p>\n<p>Polaris Snowmobile 2003 XC SP EDGE 700 &#8211; S03NP7CSA-B Drive Clutch S03np7cs\/7Csa\/7Csb\/8Cs\/8Csa\/8Csbs03na7cs\/8Css03nf7cs\/8Css03ne7cs\/8Cs (4977847784C12)<\/p>\n<p>Polaris Snowmobile 2003 XC SP EDGE X 800 F O &#8211; S03NA8CS Drive Clutch S03np7cs\/7Csa\/7Csb\/8Cs\/8Csa\/8Csbs03na7cs\/8Css03nf7cs\/8Css03ne7cs\/8Cs (4977847784C12)<\/p>\n<p>Polaris Snowmobile 2003 XC SP EDGE 800 M-10 F O &#8211; S03NE8CS Drive Clutch S03np7cs\/7Csa\/7Csb\/8Cs\/8Csa\/8Csbs03na7cs\/8Css03nf7cs\/8Css03ne7cs\/8Cs (4977847784C12)<\/p>\n<p>Polaris Snowmobile 2003 XC EDGE 800 F O &#8211; S03NP8CS Drive Clutch S03np7cs\/7Csa\/7Csb\/8Cs\/8Csa\/8Csbs03na7cs\/8Css03nf7cs\/8Css03ne7cs\/8Cs (4977847784C12)<\/p>\n<p>Polaris Snowmobile 2003 XC EDGE 700 F O &#8211; S03NP7CS Drive Clutch \/7Csa\/7Csb\/8Cs\/8Csa\/8Csbs03na7cs\/8Css03nf7cs\/8Css03ne7cs\/8Cs (4977847784C11)<\/p>\n<p>Polaris Snowmobile 2003 XC EDGE 700 F O &#8211; S03NP7CS Drive Clutch \/7Csa\/7Csb\/8Cs\/8Csa\/8Csbs03na7cs\/8Css03nf7cs\/8Css03ne7cs\/8Cs (4977847784C12)<\/p>\n<p>Polaris Snowmobile 2004 SWITCHBACK 600 700 800 &#8211; S04NS6ES Drive Clutch \/A\/B\/C\/Ds04ns7cs\/A\/B\/C\/Ds04ns8cs\/A\/B\/C\/D (4988378837B13)<\/p>\n<p>Polaris Snowmobile 2004 SWITCHBACK 600 700 800 &#8211; S04NS6ES Drive Clutch \/A\/B\/C\/Ds04ns7cs\/A\/B\/C\/Ds04ns8cs\/A\/B\/C\/D (4988378837B14)<\/p>\n<p>Polaris Snowmobile 2005 SWITCHBACK 600 800 F O &#8211; S05NS6ES Drive Clutch \/Esa\/S05ns8cs\/Csa (4992809280B14)<\/p>\n<p>Polaris Snowmobile 2005 SWITCHBACK 600 800 F O &#8211; S05NS6ES Drive Clutch \/Esa\/S05ns8cs\/Csa (4992809280C01)<\/p>\n<p>Polaris Snowmobile 2002 XC 800 SP M-10 F O &#8211; S02NE8CS Drive Clutch \/S02np8cs\/Csa\/Csb (4973467346C09)<\/p>\n<p>Polaris Snowmobile 2002 XC 800 SP M-10 F O &#8211; S02NE8CS Drive Clutch \/S02np8cs\/Csa\/Csb (4973467346C10)<\/p>\n<p>Polaris Snowmobile 2002 XC 800 SP F O BUILT AFTER 3-1-01 &#8211; S02NP8CS Drive Clutch S02ne8cs\/\/Csa\/Csb (4973467346C09)<\/p>\n<p>Polaris Snowmobile 2002 XC 800 SP F O BUILT AFTER 3-1-01 &#8211; S02NP8CS Drive Clutch S02ne8cs\/\/Csa\/Csb (4973467346C10)<\/p>\n<p>Polaris Snowmobile 2002 XC 800 SP STOCK &#8211; S02NP8CSA Drive Clutch S02ne8cs\/S02np8cs\/Csa\/Csb (4973467346C09)<\/p>\n<p>Polaris Snowmobile 2002 XC 800 SP STOCK &#8211; S02NP8CSB Drive Clutch S02ne8cs\/S02np8cs\/Csa\/Csb (4973467346C09)<\/p>\n<p>Polaris Snowmobile 2002 XC 800 SP STOCK &#8211; S02NP8CSA Drive Clutch S02ne8cs\/S02np8cs\/Csa\/Csb (4973467346C10)<\/p>\n<p>Polaris Snowmobile 2002 XC 800 SP STOCK &#8211; S02NP8CSB Drive Clutch S02ne8cs\/S02np8cs\/Csa\/Csb (4973467346C10)<\/p>\n<p>Polaris Snowmobile 2023 650 INDY XCR 128 ALL OPTIONS (R01) &#8211; S23TKL6RS DRIVE TRAIN, CLUTCH, PRIMARY &#8211; S23TKL6RS (C601717)<\/p>\n<p>Polaris Snowmobile 2023 650 INDY XC 129 ALL OPTIONS (R01) &#8211; S23TKP6RS DRIVE TRAIN, CLUTCH, PRIMARY &#8211; S23TKP6RS (C601717)<\/p>\n<p>Polaris Snowmobile 2023 650 INDY VR1 129 ALL OPTIONS (R01) &#8211; S23TKV6RS DRIVE TRAIN, CLUTCH, PRIMARY &#8211; S23TKV6RS (C601717)<\/p>\n<p>Polaris Snowmobile 2023 650 SWITCHBACK SP 146 ES (R01) &#8211; S23TLB6RSL DRIVE TRAIN, CLUTCH, PRIMARY &#8211; S23TLB6RSL (C601717)<\/p>\n<p>Polaris Snowmobile 2023 650 SWITCHBACK ASSAULT 146\/INTL ALL OPTIONS (R01) &#8211; S23TLC6RS\/6RE DRIVE TRAIN, CLUTCH, PRIMARY &#8211; S23TLC6RS\/6RE (C601717)<\/p>\n<p>Polaris Snowmobile 2023 650 VOYAGEUR 146 ES ALL OPTIONS (R01) &#8211; S23TLF6RS DRIVE TRAIN, CLUTCH, PRIMARY &#8211; S23TLF6RS (C601717)<\/p>\n<p>Polaris Snowmobile 2011 SWITCHBACK ASSAULT INTL 800 &#8211; S11CW8GSA-GSB-GST-GEA Drive Train, Clutch, Primary<\/p>\n<p>Polaris Snowmobile 2023 650 RMK KHAOS 146 SLASH\/SLASH INTL ALL OPTIONS (R02) &#8211; S23TLG6RS\/6RE DRIVE TRAIN, CLUTCH, PRIMARY &#8211; S23TLG6RS\/6RE (600950)<\/p>\n<p>Polaris Snowmobile 2023 650 SWITCHBACK XC 146 ALL OPTIONS (R01) &#8211; S23TLP6RS DRIVE TRAIN, CLUTCH, PRIMARY &#8211; S23TLP6RS (C601717)<\/p>\n<p>Polaris Snowmobile 2023 650 SKS 146\/INTL (R01) &#8211; S23TLS6RSL\/REL DRIVE TRAIN, CLUTCH, PRIMARY &#8211; S23TLS6RSL\/6REL (C601717)<\/p>\n<p>Polaris Snowmobile 2014 SWITCHBACK ADVENTURE 800 &#8211; S14BA8GSL-GEL Drive Train, Clutch, Primary<\/p>\n<p>Polaris Snowmobile 2023 650 NORDICPRO 146 ES INTL (R01) &#8211; S23TLT6REL DRIVE TRAIN, CLUTCH, PRIMARY &#8211; S23TLT6REL (C601717)<\/p>\n<p>Polaris Snowmobile 2016 SWITCHBACK ADVENTURE INTL 800 &#8211; S16DA8PSL-PEL Drive Train, Clutch, Primary<\/p>\n<p>Polaris Snowmobile 2024 650 INDY SP 137 ES &#8211; S24TDB6RSL DRIVE TRAIN, CLUTCH, PRIMARY &#8211; S24TDB6RSL (C602499)<\/p>\n<p>Polaris Snowmobile 2024 650 INDY ADVENTURE 137 ALL OPTIONS &#8211; S24TDE6RS DRIVE TRAIN, CLUTCH, PRIMARY &#8211; S24TDE6RS (C601717)<\/p>\n<p>Polaris Snowmobile 2013 SWITCHBACK ES 800 &#8211; S13BR8GSA-GSL Drive Train, Clutch, Primary<\/p>\n<p>Polaris Snowmobile 2024 650 INDY XCR 136 INT&#8217;L ALL OPTIONS &#8211; S24TDL6RS\/6RE DRIVE TRAIN, CLUTCH, PRIMARY &#8211; S24TDL6RS\/6RE (C601717)<\/p>\n<p>Polaris Snowmobile 2024 650 INDY XC 137 ALL OPTIONS &#8211; S24TDP6RS DRIVE TRAIN, CLUTCH, PRIMARY &#8211; S24TDP6RS (C601717)<\/p>\n<p>Polaris Snowmobile 2024 650 INDY VR1 137 INT&#8217;L ALL OPTIONS &#8211; S24TDV6RS\/6RE DRIVE TRAIN, CLUTCH, PRIMARY &#8211; S24TDV6RS\/6RE (C601717)<\/p>\n<p>Polaris Snowmobile 2024 650 RMK PRO 155 ALL OPTIONS &#8211; S24TFK6RS DRIVE TRAIN, CLUTCH, PRIMARY &#8211; S24TFK6RS (600950)<\/p>\n<p>Polaris Snowmobile 2017 RUSH XCR INTL ES 800 &#8211; S17DCL8PSA-PEL Drive Train, Clutch, Primary<\/p>\n<p>Polaris Snowmobile 2012 SWITCHBACK ES 800 &#8211; S12BR8GSA-GSL Drive Train, Clutch, Primary<\/p>\n<p>Polaris Snowmobile 2024 650 INDY XCR 128 ALL OPTIONS &#8211; S24TKL6RS DRIVE TRAIN, CLUTCH, PRIMARY &#8211; S24TKL6RS (C601717)<\/p>\n<p>Polaris Snowmobile 2024 650 INDY XC 129 ALL OPTIONS &#8211; S24TKP6RS DRIVE TRAIN, CLUTCH, PRIMARY &#8211; S24TKP6RS (C601717)<\/p>\n<p>Polaris Snowmobile 2024 650 SWITCHBACK SP 146 ES INT&#8217;L &#8211; S24TLB6RSL\/REL DRIVE TRAIN, CLUTCH, PRIMARY &#8211; S24TLB6RSL\/REL (C602499)<\/p>\n<p>Polaris Snowmobile 2024 650 SWITCHBACK ASSAULT 146 INT&#8217;L ALL OPTIONS &#8211; S24TLC6RS\/6RE DRIVE TRAIN, CLUTCH, PRIMARY &#8211; S24TLC6RS\/6RE (C601717)<\/p>\n<p>Polaris Snowmobile 2024 650 VOYAGEUR 146 ES ALL OPTIONS &#8211; S24TLF6RS DRIVE TRAIN, CLUTCH, PRIMARY &#8211; S24TLF6RS (C602499)<\/p>\n<p>Polaris Snowmobile 2024 650 RMK KHAOS SLASH 146 INT&#8217;L ALL OPTIONS &#8211; S24TLG6RS\/6RE DRIVE TRAIN, CLUTCH, PRIMARY &#8211; S24TLG6RS\/6RE (600950)<\/p>\n<p>Polaris Snowmobile 2024 650 SWITCHBACK XC 146 ALL OPTIONS &#8211; S24TLP6RS DRIVE TRAIN, CLUTCH, PRIMARY &#8211; S24TLP6RS (C601717)<\/p>\n<p>Polaris Snowmobile 2024 650 SKS 146 INT&#8217;L &#8211; S24TLS6RSL\/REL DRIVE TRAIN, CLUTCH, PRIMARY &#8211; S24TLS6RSL\/6REL (C601717)<\/p>\n<p>Polaris Snowmobile 2017 SWITCHBACK ADVENTURE INTL 800 &#8211; S17DDE8PSL-PEL Drive Train, Clutch, Primary<\/p>\n<p>Polaris Snowmobile 2024 650 NORDIC PRO 146 ES INT&#8217;L &#8211; S24TLT6REL DRIVE TRAIN, CLUTCH, PRIMARY &#8211; S24TLT6REL (C601717)<\/p>\n<p>Polaris Snowmobile 2012 SWITCHBACK ASSAULT 800 ALL OPTIONS &#8211; S12CL8-CW8 Drive Train, Clutch, Primary All Options<\/p>\n<p>Polaris Snowmobile 2013 RUSH ES 800 &#8211; S13BF8GSA-GSL Drive Train, Clutch, Primary<\/p>\n<p>Polaris Snowmobile 2014 RUSH PRO R 800 ALL OPTIONS &#8211; S14BP8G-BV8G Drive Train, Clutch, Primary All Options<\/p>\n<p>Polaris Snowmobile 2018 SWITCHBACK PRO-S 800 ALL OPTIONS &#8211; S18DDH8PS Drive Train, Clutch, Primary All Options<\/p>\n<p>Polaris Snowmobile 2015 RUSH PRO S 800 ALL OPTIONS &#8211; S15DP8 Drive Train, Clutch, Primary All Options<\/p>\n<p>Polaris Snowmobile 2017 SWITCHBACK PRO X INTL 800 ALL OPTIONS &#8211; S17DDJ8 Drive Train, Clutch, Primary All Options<\/p>\n<p>Polaris Snowmobile 2016 RUSH PRO-X 800 ALL OPTIONS &#8211; S16DF8 Drive Train, Clutch, Primary All Options<\/p>\n<p>Polaris Snowmobile 2016 RUSH PRO-S 800 ALL OPTIONS &#8211; S16DP8 Drive Train, Clutch, Primary All Options<\/p>\n<p>Polaris Snowmobile 2018 RUSH PRO-S 800 ALL OPTIONS &#8211; S18DCH8PS Drive Train, Clutch, Primary All Options<\/p>\n<p>Polaris Snowmobile 2013 SWITCHBACK PRO-R 800 ES INTL RETRO LE ALL OPTIONS &#8211; S13BA8-BC8-BD8-BS8 Drive Train, Clutch, Primary All Options<\/p>\n<p>Polaris Snowmobile 2018 RUSH PRO-X SC SELECT 800 &#8211; S18DCJ8PS Drive Train, Clutch, Primary &#8211; S18DCJ8PS ALL OPTIONS (49SNOWDRIVECLUTCH15PROS)<\/p>\n<p>Polaris Snowmobile 2018 SWITCHBACK ADVENTURE 800 137 ES &#8211; S18DDE8PSL Drive Train, Clutch, Primary &#8211; S18DDE8PSL (49SNOWDRIVECLUTCH15PROS)<\/p>\n<p>Polaris Snowmobile 2018 SWITCHBACK PRO-X SC SELECT 800 &#8211; S18DDJ8PS Drive Train, Clutch, Primary &#8211; S18DDJ8PS ALL OPTIONS (49SNOWDRIVECLUTCH15PROS)<\/p>\n<p>Polaris Snowmobile 2011 RUSH ES RETRO RETRO LX RETRO ES 800 ALL OPTIONS &#8211; S11BF8-BD8 Drive Train, Clutch, Primary All Options<\/p>\n<p>Polaris Snowmobile 2011 RUSH PRO-R ES RETRO 800 ALL OPTIONS &#8211; S11BP8-BE8 Drive Train, Clutch, Primary All Options<\/p>\n<p>Polaris Snowmobile 2018 SWITCHBACK XCR INTL 800 ALL OPTIONS &#8211; S18DDL8PS-PEM Drive Train, Clutch, Primary &#8211; S18DDL8PS\/PEM (49SNOWDRIVECLUTCH15PROS)<\/p>\n<p>Polaris Snowmobile 2016 SWITCHBACK ASSAULT 800 ALL OPTIONS &#8211; S16CW8 Drive Train, Clutch, Primary All Options<\/p>\n<p>Polaris Snowmobile 2018 SWITCHBACK ASSAULT 800 144 ALL OPTIONS &#8211; S18EEC8P Drive Train, Clutch, Primary &#8211; S18EEC8P ALL OPTIONS (49SNOWDRIVECLUTCH15PROS)<\/p>\n<p>Polaris Snowmobile 2016 INDY 800 SP ALL OPTIONS &#8211; S16CP8 Drive Train, Clutch, Primary All Options<\/p>\n<p>Polaris Snowmobile 2014 SWITCHBACK ASSAULT 800 ALL OPTIONS &#8211; S14CL8-CW8 Drive Train, Clutch, Primary All Options<\/p>\n<p>Polaris Snowmobile 2014 SWITCHBACK PRO R 800 ES INT LE ALL OPTIONS &#8211; S14BS8-BC8-BD8 Drive Train, Clutch, Primary All Options<\/p>\n<p>Polaris Snowmobile 2013 SWITCHBACK ASSAULT 800 ALL OPTIONS &#8211; S13CL8-CW8 Drive Train, Clutch, Primary All Options<\/p>\n<p>Polaris Snowmobile 2017 RUSH PRO S 800 ALL OPTIONS &#8211; S17DCH8 Drive Train, Clutch, Primary All Options<\/p>\n<p>Polaris Snowmobile 2017 SWITCHBACK PRO S 800 ALL OPTIONS &#8211; S17DDH8 Drive Train, Clutch, Primary All Options<\/p>\n<p>Polaris Snowmobile 2017 SWITCHBACK ASSAULT 800 144 ALL OPTIONS &#8211; S17EEC8 Drive Train, Clutch, Primary All Options<\/p>\n<p>Polaris Snowmobile 2019 RUSH PRO-S SC SELECT 800 &#8211; S19DCH8PS Drive Train, Clutch, Primary &#8211; S19DCH8PS ALL OPTIONS (49SNOWDRIVECLUTCH15PROS)<\/p>\n<p>Polaris Snowmobile 2012 RUSH PRO-R 800 ALL OPTIONS &#8211; S12BP8-BV8 Drive Train, Clutch, Primary All Options<\/p>\n<p>Polaris Snowmobile 2015 SWITCHBACK ASSAULT 800 ALL OPTIONS &#8211; S15CL8-CW8 Drive Train, Clutch, Primary All Options<\/p>\n<p>Polaris Snowmobile 2019 SWITCHBACK ADVENTURE ES 800 &#8211; S19DDE8PSL Drive Train, Clutch, Primary &#8211; S19DDE8PSL (49SNOWDRIVECLUTCH15PROS)<\/p>\n<p>Polaris Snowmobile 2019 SWITCHBACK PRO-S SC SELECT 800 ALL OPTIONS &#8211; S19DDH8PS Drive Train, Clutch, Primary &#8211; S19DDH8PS ALL OPTIONS (49SNOWDRIVECLUTCH15PROS)<\/p>\n<p>Polaris Snowmobile 2019 SWITCHBACK ASSAULT 800 144 INTL SC SELECT ALL OPTIONS &#8211; S19EEC8PS-PEB Drive Train, Clutch, Primary &#8211; S19EEC8PS\/PEB ALL OPTIONS (49SNOWDRIVECLUTCH15PROS)<\/p>\n<p>Polaris Snowmobile 2016 SWITCHBACK PRO X INTL 800 ALL OPTIONS &#8211; S16DR8 Drive Train, Clutch, Primary All Options<\/p>\n<p>Polaris Snowmobile 2016 SWITCHBACK PRO-S 800 ALL OPTIONS &#8211; S16DS8 Drive Train, Clutch, Primary All Options<\/p>\n<p>Polaris Snowmobile 2012 SWITCHBACK PRO-R ES SC SP INTL 800 ALL OPTIONS &#8211; S12BS8-BC8 Drive Train, Clutch, Primary All Options<\/p>\n<p>Polaris Snowmobile 2014 INDY SP 800 ES INTL ALL OPTIONS &#8211; S14CP8G Drive Train, Clutch, Primary All Options<\/p>","protected":false},"featured_media":10100,"comment_status":"open","ping_status":"closed","template":"","meta":{"_acf_changed":false},"demonterat-fordon":[],"fordons-typ":[641],"make":[636],"parts-filter":[658,661,736,689,660,950,659],"prod-typ":[715],"tillverkare":[865],"product_brand":[],"product_cat":[400],"product_tag":[],"class_list":{"0":"post-10255","1":"product","2":"type-product","3":"status-publish","4":"has-post-thumbnail","6":"fordons-typ-sno","7":"make-polaris","8":"parts-filter-axys","9":"parts-filter-edge","10":"parts-filter-fusion","11":"parts-filter-iq-chassie","12":"parts-filter-iq-r-rr","13":"parts-filter-matryx","14":"parts-filter-pro-ride","15":"prod-typ-beg","16":"tillverkare-polaris","17":"product_cat-vikter","19":"first","20":"instock","21":"purchasable","22":"product-type-simple"},"acf":[],"_links":{"self":[{"href":"https:\/\/whitepowder.se\/en\/wp-json\/wp\/v2\/product\/10255","targetHints":{"allow":["GET"]}}],"collection":[{"href":"https:\/\/whitepowder.se\/en\/wp-json\/wp\/v2\/product"}],"about":[{"href":"https:\/\/whitepowder.se\/en\/wp-json\/wp\/v2\/types\/product"}],"replies":[{"embeddable":true,"href":"https:\/\/whitepowder.se\/en\/wp-json\/wp\/v2\/comments?post=10255"}],"wp:featuredmedia":[{"embeddable":true,"href":"https:\/\/whitepowder.se\/en\/wp-json\/wp\/v2\/media\/10100"}],"wp:attachment":[{"href":"https:\/\/whitepowder.se\/en\/wp-json\/wp\/v2\/media?parent=10255"}],"wp:term":[{"taxonomy":"demonterat-fordon","embeddable":true,"href":"https:\/\/whitepowder.se\/en\/wp-json\/wp\/v2\/demonterat-fordon?post=10255"},{"taxonomy":"fordons-typ","embeddable":true,"href":"https:\/\/whitepowder.se\/en\/wp-json\/wp\/v2\/fordons-typ?post=10255"},{"taxonomy":"make","embeddable":true,"href":"https:\/\/whitepowder.se\/en\/wp-json\/wp\/v2\/make?post=10255"},{"taxonomy":"parts-filter","embeddable":true,"href":"https:\/\/whitepowder.se\/en\/wp-json\/wp\/v2\/parts-filter?post=10255"},{"taxonomy":"prod-typ","embeddable":true,"href":"https:\/\/whitepowder.se\/en\/wp-json\/wp\/v2\/prod-typ?post=10255"},{"taxonomy":"tillverkare","embeddable":true,"href":"https:\/\/whitepowder.se\/en\/wp-json\/wp\/v2\/tillverkare?post=10255"},{"taxonomy":"product_brand","embeddable":true,"href":"https:\/\/whitepowder.se\/en\/wp-json\/wp\/v2\/product_brand?post=10255"},{"taxonomy":"product_cat","embeddable":true,"href":"https:\/\/whitepowder.se\/en\/wp-json\/wp\/v2\/product_cat?post=10255"},{"taxonomy":"product_tag","embeddable":true,"href":"https:\/\/whitepowder.se\/en\/wp-json\/wp\/v2\/product_tag?post=10255"}],"curies":[{"name":"wp","href":"https:\/\/api.w.org\/{rel}","templated":true}]}}