{"id":10258,"date":"2024-07-04T10:04:21","date_gmt":"2024-07-04T08:04:21","guid":{"rendered":"https:\/\/whitepowder.se\/?post_type=product&#038;p=10258"},"modified":"2024-09-10T12:41:07","modified_gmt":"2024-09-10T10:41:07","slug":"polaris-1321586-variator-vikt-10-62","status":"publish","type":"product","link":"https:\/\/whitepowder.se\/en\/polaris-1321586-variator-vikt-10-62\/","title":{"rendered":"Polaris 1321586 &#8211; Variator vikt 10-62"},"content":{"rendered":"<p>Polaris 1321586 &#8211; Variator vikt 10-62 &#8211; Asm., Weight\/Bushing 10-62<br \/>\nVikt: 62g<\/p>\n<p>Polaris Original Vikter (10-serien)<br \/>\nF\u00f6r Polaris P85-variatorn fr\u00e5n \u00e5rsmodell 2000 och Upp\u00e5t<\/p>\n<p>S\u00e4ljes styckvis &#8211; Sold individually<\/p>","protected":false},"excerpt":{"rendered":"<p>Polaris 1321586 Sitter Original p\u00e5 :<br \/>\nPolaris Snowmobile 2007 CLEANFIRE SWITCHBACK 600 &#8211; S07PS6HS-HSA-HSB Clutch, Drive<\/p>\n<p>Polaris Snowmobile 2007 HO IQ LX CLEANFIRE 600 &#8211; S07PP6HS-HSA-HSB-PD6HS-HE Clutch, Drive<\/p>\n<p>Polaris Snowmobile 2007 HO IQ TOURING CLEANFIRE EURO 600 &#8211; S07PT6HS-HE Clutch, Drive<\/p>\n<p>Aftermarket Parts Engine CLUTCH Clutch Weights<\/p>\n<p>Polaris Snowmobile 2008 DRAGON RMK 800 (155) SPECIAL LATE PROD &#8211; S08PG8ES Clutch, Drive (49Snowdriveclutch08iqtrbo)<\/p>\n<p>Polaris Snowmobile 2002 XC 700 SP M-10 F O &#8211; S02NE7CS Drive Clutch S02np7cs\/ (4973447344C09)<\/p>\n<p>Polaris Snowmobile 2002 XC 700 SP M-10 F O &#8211; S02NE7CS Drive Clutch S02np7cs\/ (4973447344C10)<\/p>\n<p>Polaris Snowmobile 2002 XC 700 SP &#8211; S02NP7CSB Drive Clutch S02np7csa\/Csb<\/p>\n<p>Polaris Snowmobile 2002 SPORT TOURING ES EURO &#8211; S02SD5BE Drive Clutch S02su5bs<\/p>\n<p>Polaris Snowmobile 2003 SUPERSPORT EDGE &#8211; S03NB5BS A Drive Clutch S03na5bss03nf5bss03ne5bs<\/p>\n<p>Polaris Snowmobile 2003 SUPERSPORT EDGE &#8211; S03NB5BS A Drive Clutch S03na5bss03nf5bss03ne5bs (4977807780C06)<\/p>\n<p>Polaris Snowmobile 2003 SUPERSPORT M-10 X F O &#8211; S03NF5BS Drive Clutch S03nb5bs\/As03na5bss03ne5bs<\/p>\n<p>Polaris Snowmobile 2003 SUPERSPORT M-10 X F O &#8211; S03NF5BS Drive Clutch S03nb5bs\/As03na5bss03ne5bs (4977807780C06)<\/p>\n<p>Polaris Snowmobile 2003 SUPERSPORT M-10 F O &#8211; S03NE5BS Drive Clutch S03nb5bs\/As03na5bss03nf5bs<\/p>\n<p>Polaris Snowmobile 2003 SUPERSPORT M-10 F O &#8211; S03NE5BS Drive Clutch S03nb5bs\/As03na5bss03nf5bs (4977807780C06)<\/p>\n<p>Polaris Snowmobile 2003 SUPERSPORT EDGE X F O &#8211; S03NA5BS Drive Clutch S03nb5bs\/As03nf5bss03ne5bs<\/p>\n<p>Polaris Snowmobile 2003 SUPERSPORT EDGE X F O &#8211; S03NA5BS Drive Clutch S03nb5bs\/As03nf5bss03ne5bs (4977807780C06)<\/p>\n<p>Polaris Snowmobile 2003 XC SP EDGE X 700 F O &#8211; S03NA7CS Drive Clutch S03np7cs\/7Csa\/7Csb\/8Cs\/8Csa\/8Csb\/8Css03nf7cs\/8Css03ne7cs\/8Cs (4977847784C11)<\/p>\n<p>Polaris Snowmobile 2003 XC SP EDGE X 700 F O &#8211; S03NA7CS Drive Clutch S03np7cs\/7Csa\/7Csb\/8Cs\/8Csa\/8Csb\/8Css03nf7cs\/8Css03ne7cs\/8Cs (4977847784C12)<\/p>\n<p>Polaris Snowmobile 2003 TRAIL TOURING &#8211; S03ST5BS Drive Clutch<\/p>\n<p>Polaris Snowmobile 2003 XC SP EDGE 700 M-10 F O &#8211; S03NF7CS Drive Clutch S03np7cs\/7Csa\/7Csb\/8Cs\/8Csa\/8Csbs03na7cs\/8Cs\/8Css03ne7cs\/8Cs (4977847784C11)<\/p>\n<p>Polaris Snowmobile 2003 XC SP EDGE 700 M-10 F O &#8211; S03NF7CS Drive Clutch S03np7cs\/7Csa\/7Csb\/8Cs\/8Csa\/8Csbs03na7cs\/8Cs\/8Css03ne7cs\/8Cs (4977847784C12)<\/p>\n<p>Polaris Snowmobile 2003 XC SP EDGE 700 M-10 F O &#8211; S03NE7CS Drive Clutch S03np7cs\/7Csa\/7Csb\/8Cs\/8Csa\/8Csbs03na7cs\/8Css03nf7cs\/8Cs\/8Cs (4977847784C11)<\/p>\n<p>Polaris Snowmobile 2003 XC SP EDGE 700 M-10 F O &#8211; S03NE7CS Drive Clutch S03np7cs\/7Csa\/7Csb\/8Cs\/8Csa\/8Csbs03na7cs\/8Css03nf7cs\/8Cs\/8Cs (4977847784C12)<\/p>\n<p>Polaris Snowmobile 2003 XC SP EDGE 800 &#8211; S03NP8CSA-B Drive Clutch S03np7cs\/7Csa\/7Csb\/8Cs\/8Csa\/8Csbs03na7cs\/8Css03nf7cs\/8Css03ne7cs\/8Cs (4977847784C11)<\/p>\n<p>Polaris Snowmobile 2003 CLASSIC 700 &#8211; S03ND7CS Drive Clutch<\/p>\n<p>Polaris Snowmobile 2003 XC EDGE 800 F O &#8211; S03NP8CS Drive Clutch S03np7cs\/7Csa\/7Csb\/8Cs\/8Csa\/8Csbs03na7cs\/8Css03nf7cs\/8Css03ne7cs\/8Cs (4977847784C11)<\/p>\n<p>Polaris Snowmobile 2003 XC SP EDGE X 800 F O &#8211; S03NA8CS Drive Clutch S03np7cs\/7Csa\/7Csb\/8Cs\/8Csa\/8Csbs03na7cs\/8Css03nf7cs\/8Css03ne7cs\/8Cs (4977847784C11)<\/p>\n<p>Polaris Snowmobile 2006 EDGE TOURING 600 &#8211; S06NT6ES Drive Clutch<\/p>\n<p>Polaris Snowmobile 2003 XC SP EDGE 800 M-10 F O &#8211; S03NE8CS Drive Clutch S03np7cs\/7Csa\/7Csb\/8Cs\/8Csa\/8Csbs03na7cs\/8Css03nf7cs\/8Css03ne7cs\/8Cs (4977847784C11)<\/p>\n<p>Polaris Snowmobile 2003 CLASSIC TOURING 700 800 &#8211; S03NT7CS-S03NT8CS Drive Clutch<\/p>\n<p>Polaris Snowmobile 2003 XC SP EDGE 800 M-10 F O &#8211; S03NF8CS Drive Clutch S03np7cs\/7Csa\/7Csb\/8Cs\/8Csa\/8Csbs03na7cs\/8Css03nf7cs\/8Css03ne7cs\/8Cs (4977847784C11)<\/p>\n<p>Polaris Snowmobile 2003 XC SP EDGE 700 &#8211; S03NP7CSA-B Drive Clutch S03np7cs\/7Csa\/7Csb\/8Cs\/8Csa\/8Csbs03na7cs\/8Css03nf7cs\/8Css03ne7cs\/8Cs (4977847784C11)<\/p>\n<p>Polaris Snowmobile 2003 XC SP EDGE 800 M-10 F O &#8211; S03NF8CS Drive Clutch S03np7cs\/7Csa\/7Csb\/8Cs\/8Csa\/8Csbs03na7cs\/8Css03nf7cs\/8Css03ne7cs\/8Cs (4977847784C12)<\/p>\n<p>Polaris Snowmobile 2002 SUPERSPORT &#8211; S02NB5BS Drive Clutch<\/p>\n<p>Polaris Snowmobile 2003 XC SP EDGE 800 &#8211; S03NP8CSA-B Drive Clutch S03np7cs\/7Csa\/7Csb\/8Cs\/8Csa\/8Csbs03na7cs\/8Css03nf7cs\/8Css03ne7cs\/8Cs (4977847784C12)<\/p>\n<p>Polaris Snowmobile 2003 XC SP EDGE 700 &#8211; S03NP7CSA-B Drive Clutch S03np7cs\/7Csa\/7Csb\/8Cs\/8Csa\/8Csbs03na7cs\/8Css03nf7cs\/8Css03ne7cs\/8Cs (4977847784C12)<\/p>\n<p>Polaris Snowmobile 2003 XC SP EDGE X 800 F O &#8211; S03NA8CS Drive Clutch S03np7cs\/7Csa\/7Csb\/8Cs\/8Csa\/8Csbs03na7cs\/8Css03nf7cs\/8Css03ne7cs\/8Cs (4977847784C12)<\/p>\n<p>Polaris Snowmobile 2002 CLASSIC 550 F C &#8211; S02ND5BS Drive Clutch<\/p>\n<p>Polaris Snowmobile 2003 XC SP EDGE 800 M-10 F O &#8211; S03NE8CS Drive Clutch S03np7cs\/7Csa\/7Csb\/8Cs\/8Csa\/8Csbs03na7cs\/8Css03nf7cs\/8Css03ne7cs\/8Cs (4977847784C12)<\/p>\n<p>Polaris Snowmobile 2003 XC EDGE 800 F O &#8211; S03NP8CS Drive Clutch S03np7cs\/7Csa\/7Csb\/8Cs\/8Csa\/8Csbs03na7cs\/8Css03nf7cs\/8Css03ne7cs\/8Cs (4977847784C12)<\/p>\n<p>Polaris Snowmobile 2003 SPORT TOURING &#8211; S03SU5BS-S03SU5BSA Drive Clutch S03su5bs\/Bsa<\/p>\n<p>Polaris Snowmobile 2004 CLASSIC 700 800 &#8211; S04ND7CS-8CS Drive Clutch S04nd7cs\/Csa\/8Cs\/Csa\/Csb<\/p>\n<p>Polaris Snowmobile 2004 SUPERSPORT EDGE &#8211; S04NP5BS-A-B Drive Clutch S04ne5bs<\/p>\n<p>Polaris Snowmobile 2004 SUPERSPORT EDGE &#8211; S04NP5BS-A-B Drive Clutch S04ne5bs (4988338833C10)<\/p>\n<p>Polaris Snowmobile 2004 CLASSIC TOURING INT&#8217;L 600 700 800 &#8211; S04NT6ES-EE Drive Clutch S04nt6es\/6Ee\/7Cs\/7Ce\/8Cs\/8Ce<\/p>\n<p>Polaris Snowmobile 2005 TRAIL TOURING EURO &#8211; S05NU5BS Drive Clutch S05nt5bs\/Be<\/p>\n<p>Polaris Snowmobile 2005 FRONTIER TOURING &#8211; S05NT7DS-DE Drive Clutch<\/p>\n<p>Polaris Snowmobile 2004 TRAIL TOURING INT&#8217;L &#8211; S04NT5BS-BE Drive Clutch<\/p>\n<p>Polaris Snowmobile 2001 XC 800 SP &#8211; S01NP8BS Drive Clutch<\/p>\n<p>Polaris Snowmobile 2004 CLASSIC EDGE 550 &#8211; S04ND5BS Drive Clutch<\/p>\n<p>Polaris Snowmobile 2007 HO IQ 600 F O &#8211; S07PP6FS-FSA-FSB Drive Clutch<\/p>\n<p>Polaris Snowmobile 2007 HO SWITCHBACK 600 F O &#8211; S07PS6FS-FSA Drive Clutch<\/p>\n<p>Polaris Snowmobile 2004 PRO X 550 FAN &#8211; S04NX5B-BE Drive Clutch<\/p>\n<p>Polaris Snowmobile 2004 SPORT TOURING INT&#8217;L &#8211; S04NU5BS-BE Drive Clutch<\/p>\n<p>Polaris Snowmobile 2006 CLASSIC 550 &#8211; S06ND5BS Drive Clutch<\/p>\n<p>Polaris Snowmobile 2001 EV XC 700 SP EDGE &#8211; S01NP7CS Drive Clutch<\/p>\n<p>Polaris Snowmobile 2003 SKS 700 800 &#8211; S03NS7CS-A-S03NS8CS-A Drive Clutch (4978057805B14)<\/p>\n<p>Polaris Snowmobile 2003 SKS 700 800 &#8211; S03NS7CS-A-S03NS8CS-A Drive Clutch (4978057805C01)<\/p>\n<p>Polaris Snowmobile 2002 CLASSIC 700 BUILT AFTER 1-1-01 &#8211; S02ND7CS DRIVE CLUTCH &#8211; S02ND7CS (4970457045C02)<\/p>\n<p>Polaris Snowmobile 1994 STORM &#8211; 0940782 Drive Clutch Assembly Storm &amp; Storm Sks 0940582<\/p>\n<p>Polaris Snowmobile 1994 EURO STORM &#8211; E940782 Drive Clutch Assembly Storm &amp; Storm Sks E940582<\/p>\n<p>Polaris Snowmobile 1995 STORM &#8211; 0950782 Drive Clutch Assembly Storm , Storm Sks 0950582, Euro Storm E950782<\/p>\n<p>Polaris Snowmobile 1994 STORM SKS &#8211; 0940582 Drive Clutch Assembly Storm 0940782 &amp; Storm Sks<\/p>\n<p>Polaris Snowmobile 2005 EDGE TOURING 600 800 &#8211; S05NT6ESA Drive Clutch \/6Eea\/6Esb\/6Eeb\/8Cs\/8Ce<\/p>\n<p>Polaris Snowmobile 1995 STORM SKS &#8211; 0950582 Drive Clutch Assembly Storm 0950782, Storm Sks , Euro Storm E950782<\/p>\n<p>Polaris Snowmobile 1995 EURO STORM &#8211; E950782 Drive Clutch Assembly Storm 0950782, Storm Sks 0950582, Euro Storm<\/p>\n<p>Polaris Snowmobile 2004 XC EDGE 700 800 F O &#8211; S04NP7CS Drive Clutch \/7Csa\/7Csb\/7Csc\/8Cs\/8Csa\/8Csb\/8Cscs04ne7cs\/8Cs (4988438843D03)<\/p>\n<p>Polaris Snowmobile 1995 STORM SKS PDLTRK &#8211; 0950982 Drive Clutch Assembly Storm 0950782, Storm Sks 0950582, Euro Storm E950782<\/p>\n<p>Polaris Snowmobile 2004 XC EDGE 700 800 F O &#8211; S04NP7CS Drive Clutch \/7Csa\/7Csb\/7Csc\/8Cs\/8Csa\/8Csb\/8Cscs04ne7cs\/8Cs (4988438843D04)<\/p>\n<p>Polaris Snowmobile 1995 EURO STORM SKS &#8211; E950582 Drive Clutch Assembly Storm 0950782, Storm Sks 0950582, Euro Storm E950782<\/p>\n<p>Polaris Snowmobile 2003 XC EDGE 700 F O &#8211; S03NP7CS Drive Clutch \/7Csa\/7Csb\/8Cs\/8Csa\/8Csbs03na7cs\/8Css03nf7cs\/8Css03ne7cs\/8Cs (4977847784C11)<\/p>\n<p>Polaris Snowmobile 2003 XC EDGE 700 F O &#8211; S03NP7CS Drive Clutch \/7Csa\/7Csb\/8Cs\/8Csa\/8Csbs03na7cs\/8Css03nf7cs\/8Css03ne7cs\/8Cs (4977847784C12)<\/p>\n<p>Polaris Snowmobile 2005 XC SP M-10 700 800 F O &#8211; S05NE7CS Drive Clutch \/7Csa\/Np7cs\/7Csa\/7Csb\/Ne8cs\/8Csa\/Np8cs\/8Csa\/8Csb (4993799379D03)<\/p>\n<p>Polaris Snowmobile 1994 EURO STORM SKS &#8211; E940582 Drive Clutch Assembly Storm E940782 &amp; Storm Sks<\/p>\n<p>Polaris Snowmobile 2005 XC SP M-10 700 800 F O &#8211; S05NE7CS Drive Clutch \/7Csa\/Np7cs\/7Csa\/7Csb\/Ne8cs\/8Csa\/Np8cs\/8Csa\/8Csb (4993799379D04)<\/p>\n<p>Polaris Snowmobile 1993 EURO STORM SKS &#8211; E932570 Drive Clutch Assembly Storm E940782 &amp; Storm Sks E940582<\/p>\n<p>Polaris Snowmobile 1993 EURO STORM &#8211; E932770 Drive Clutch Assembly Storm E940782 &amp; Storm Sks E940582<\/p>\n<p>Polaris Snowmobile 2005 SUPERSPORT &#8211; S05NP5BS Drive Clutch \/A\/B\/S05ne5bs\/A<\/p>\n<p>Polaris Snowmobile 2005 TRAIL TOURING EURO &#8211; S05NU5BS Drive Clutch \/Be<\/p>\n<p>Polaris Snowmobile 2002 XC 700 SP &#8211; S02NP7CSA Drive Clutch \/Csb<\/p>\n<p>Polaris Snowmobile 2004 FRONTIER CLASSIC &#8211; S04ND7DS Drive Clutch \/Dsa<\/p>\n<p>Polaris Snowmobile 2004 PRO X PRO X2 600 700 800 &#8211; S04NX6ES Drive Clutch \/Ee\/S04ny6es\/Ee\/S04nx7cs\/8Cs\/S04ny7cs\/Ce\/8Cs\/8Ce<\/p>\n<p>Polaris Snowmobile 2006 HO SWITCHBACK 600 F O &#8211; S06PS6FS Drive Clutch \/Fsa<\/p>\n<p>Polaris Snowmobile 2006 HO FUSION 600 F O &#8211; S06MP6FS Drive Clutch \/Fsa\/Fsb\/Me6fs\/Mc6fs<\/p>\n<p>Polaris Snowmobile 2006 SUPERSPORT &#8211; S06NP5BSA Drive Clutch \/Ne5bsb<\/p>\n<p>Polaris Snowmobile 2006 TRAIL TOURING &#8211; S06NU5BS-NT5BS Drive Clutch \/Nt5bsa<\/p>\n<p>Polaris Snowmobile 2002 XC 700 SP F O &#8211; S02NP7CS Drive Clutch \/S02ne7cs (4973447344C09)<\/p>\n<p>Polaris Snowmobile 2002 XC 700 SP F O &#8211; S02NP7CS Drive Clutch \/S02ne7cs (4973447344C10)<\/p>\n<p>Polaris Snowmobile 2002 SPORT TOURING &#8211; S02SU5BS Drive Clutch \/S02sd5be<\/p>\n<p>Polaris Snowmobile 2002 CLASSIC 700 BUILT BEFORE 1-1-01 &#8211; S02ND7CS Drive Clutch<\/p>\n<p>Polaris Snowmobile 2005 CLASSIC 550 &#8211; S05ND5BS Drive Clutch<\/p>\n<p>Polaris Snowmobile 2004 FRONTIER TOURING &#8211; S04NT7DS Drive Clutch<\/p>\n<p>Polaris Snowmobile 2002 TRAIL TOURING &#8211; S02ST5BS Drive Clutch<\/p>\n<p>Polaris Snowmobile 2007 TRAIL TOURING DELUXE &#8211; S07NT5BS-BSA-BE-BEA Drive Clutch<\/p>\n<p>Polaris Snowmobile 2007 EDGE 550 LX &#8211; S07ND5BS Drive Clutch<\/p>\n<p>Polaris Snowmobile 2007 SUPERSPORT EDGE &#8211; S07NP5BS-BE Drive Clutch<\/p>\n<p>Polaris Snowmobile 2003 FRONTIER TOURING &#8211; S03NT7DS Drive Clutch<\/p>\n<p>Polaris Snowmobile 2003 EDGE RMK 700 CC BUILT BEFORE 1-01-02 &#8211; S03NS7CS Drive Clutch<\/p>\n<p>Polaris Snowmobile 2003 CLASSIC EDGE 550 &#8211; S03ND5BS Drive Clutch<\/p>","protected":false},"featured_media":10164,"comment_status":"open","ping_status":"closed","template":"","meta":{"_acf_changed":false},"demonterat-fordon":[],"fordons-typ":[641],"make":[636],"parts-filter":[658,661,736,689,660,950,659],"prod-typ":[717],"tillverkare":[865],"product_brand":[],"product_cat":[400],"product_tag":[],"class_list":{"0":"post-10258","1":"product","2":"type-product","3":"status-publish","4":"has-post-thumbnail","6":"fordons-typ-sno","7":"make-polaris","8":"parts-filter-axys","9":"parts-filter-edge","10":"parts-filter-fusion","11":"parts-filter-iq-chassie","12":"parts-filter-iq-r-rr","13":"parts-filter-matryx","14":"parts-filter-pro-ride","15":"prod-typ-ny","16":"tillverkare-polaris","17":"product_cat-vikter","19":"first","20":"instock","21":"purchasable","22":"product-type-simple"},"acf":[],"_links":{"self":[{"href":"https:\/\/whitepowder.se\/en\/wp-json\/wp\/v2\/product\/10258","targetHints":{"allow":["GET"]}}],"collection":[{"href":"https:\/\/whitepowder.se\/en\/wp-json\/wp\/v2\/product"}],"about":[{"href":"https:\/\/whitepowder.se\/en\/wp-json\/wp\/v2\/types\/product"}],"replies":[{"embeddable":true,"href":"https:\/\/whitepowder.se\/en\/wp-json\/wp\/v2\/comments?post=10258"}],"wp:featuredmedia":[{"embeddable":true,"href":"https:\/\/whitepowder.se\/en\/wp-json\/wp\/v2\/media\/10164"}],"wp:attachment":[{"href":"https:\/\/whitepowder.se\/en\/wp-json\/wp\/v2\/media?parent=10258"}],"wp:term":[{"taxonomy":"demonterat-fordon","embeddable":true,"href":"https:\/\/whitepowder.se\/en\/wp-json\/wp\/v2\/demonterat-fordon?post=10258"},{"taxonomy":"fordons-typ","embeddable":true,"href":"https:\/\/whitepowder.se\/en\/wp-json\/wp\/v2\/fordons-typ?post=10258"},{"taxonomy":"make","embeddable":true,"href":"https:\/\/whitepowder.se\/en\/wp-json\/wp\/v2\/make?post=10258"},{"taxonomy":"parts-filter","embeddable":true,"href":"https:\/\/whitepowder.se\/en\/wp-json\/wp\/v2\/parts-filter?post=10258"},{"taxonomy":"prod-typ","embeddable":true,"href":"https:\/\/whitepowder.se\/en\/wp-json\/wp\/v2\/prod-typ?post=10258"},{"taxonomy":"tillverkare","embeddable":true,"href":"https:\/\/whitepowder.se\/en\/wp-json\/wp\/v2\/tillverkare?post=10258"},{"taxonomy":"product_brand","embeddable":true,"href":"https:\/\/whitepowder.se\/en\/wp-json\/wp\/v2\/product_brand?post=10258"},{"taxonomy":"product_cat","embeddable":true,"href":"https:\/\/whitepowder.se\/en\/wp-json\/wp\/v2\/product_cat?post=10258"},{"taxonomy":"product_tag","embeddable":true,"href":"https:\/\/whitepowder.se\/en\/wp-json\/wp\/v2\/product_tag?post=10258"}],"curies":[{"name":"wp","href":"https:\/\/api.w.org\/{rel}","templated":true}]}}