{"id":10260,"date":"2024-07-04T10:04:23","date_gmt":"2024-07-04T08:04:23","guid":{"rendered":"https:\/\/whitepowder.se\/?post_type=product&#038;p=10260"},"modified":"2026-01-10T16:58:52","modified_gmt":"2026-01-10T15:58:52","slug":"polaris-1321587-variator-vikt-10-60-beg","status":"publish","type":"product","link":"https:\/\/whitepowder.se\/en\/polaris-1321587-variator-vikt-10-60-beg\/","title":{"rendered":"Polaris 1321587 &#8211; Variator Vikt 10-60 * Beg"},"content":{"rendered":"<p>Polaris 1321587 &#8211; Variator vikt 10-60 &#8211; Asm., Weight\/Bushing 10-60<br \/>\nVikt: 60g<\/p>\n<p>* Begagnad Slitna bussningar som beh\u00f6vas bytas ut<\/p>\n<p>Polaris Original Vikter (10-serien)<br \/>\nF\u00f6r Polaris P85-variatorn fr\u00e5n \u00e5rsmodell 2000 och Upp\u00e5t<\/p>\n<p>S\u00e4ljes styckvis &#8211; Sold individually<\/p>","protected":false},"excerpt":{"rendered":"<p>Polaris 1321587 Sitter Original p\u00e5 :<br \/>\nPolaris Snowmobile 2007 DRAGON RMK INTL &#8211; S07PL7JS-JE Clutch, Drive<\/p>\n<p>Polaris Snowmobile 2002 SPORT TOURING ES EURO &#8211; S02SD5BE Drive Clutch S02su5bs<\/p>\n<p>Polaris Snowmobile 2003 RMK 700 (151) F O &#8211; S03NL7CS Drive Clutch S03nk7cs\/A\/As03nk8cs\/As03nl8cs\/As03nm8cs (4978037803C03)<\/p>\n<p>Polaris Snowmobile 2003 RMK 700 (151) F O &#8211; S03NL7CS Drive Clutch S03nk7cs\/A\/As03nk8cs\/As03nl8cs\/As03nm8cs (4978037803C04)<\/p>\n<p>Polaris Snowmobile 2003 RMK 800 (144) F O &#8211; S03NK8CS Drive Clutch S03nk7cs\/As03nl7cs\/A\/As03nl8cs\/As03nm8cs (4978037803C03)<\/p>\n<p>Polaris Snowmobile 2003 RMK 800 (144) F O &#8211; S03NK8CS Drive Clutch S03nk7cs\/As03nl7cs\/A\/As03nl8cs\/As03nm8cs (4978037803C04)<\/p>\n<p>Polaris Snowmobile 2003 RMK 800 (151) F O &#8211; S03NL8CS Drive Clutch S03nk7cs\/As03nl7cs\/As03nk8cs\/A\/As03nm8cs (4978037803C03)<\/p>\n<p>Polaris Snowmobile 2003 RMK 800 (151) F O &#8211; S03NL8CS Drive Clutch S03nk7cs\/As03nl7cs\/As03nk8cs\/A\/As03nm8cs (4978037803C04)<\/p>\n<p>Polaris Snowmobile 2003 RMK 800 (159) F O BUILT AFTER 1-01-02 &#8211; S03NM8CS Drive Clutch S03nk7cs\/As03nl7cs\/As03nk8cs\/As03nl8cs\/A (4978037803C03)<\/p>\n<p>Polaris Snowmobile 2003 RMK 800 (159) F O BUILT AFTER 1-01-02 &#8211; S03NM8CS Drive Clutch S03nk7cs\/As03nl7cs\/As03nk8cs\/As03nl8cs\/A (4978037803C04)<\/p>\n<p>Polaris Snowmobile 2003 RMK 800 (151) STOCK &#8211; S03NL8CSA Drive Clutch S03nk7cs\/As03nl7cs\/As03nk8cs\/As03nl8cs\/As03nm8cs (4978037803C03)<\/p>\n<p>Polaris Snowmobile 2003 RMK 700 (144) STOCK &#8211; S03NK7CSA Drive Clutch S03nk7cs\/As03nl7cs\/As03nk8cs\/As03nl8cs\/As03nm8cs (4978037803C03)<\/p>\n<p>Polaris Snowmobile 2003 RMK 800 (144) STOCK &#8211; S03NK8CSA Drive Clutch S03nk7cs\/As03nl7cs\/As03nk8cs\/As03nl8cs\/As03nm8cs (4978037803C03)<\/p>\n<p>Polaris Snowmobile 2003 RMK 700 (151) STOCK &#8211; S03NL7CSA Drive Clutch S03nk7cs\/As03nl7cs\/As03nk8cs\/As03nl8cs\/As03nm8cs (4978037803C03)<\/p>\n<p>Polaris Snowmobile 2003 RMK 800 (151) STOCK &#8211; S03NL8CSA Drive Clutch S03nk7cs\/As03nl7cs\/As03nk8cs\/As03nl8cs\/As03nm8cs (4978037803C04)<\/p>\n<p>Polaris Snowmobile 2003 RMK 700 (151) STOCK &#8211; S03NL7CSA Drive Clutch S03nk7cs\/As03nl7cs\/As03nk8cs\/As03nl8cs\/As03nm8cs (4978037803C04)<\/p>\n<p>Polaris Snowmobile 1998 RMK 700 &#8211; 0980966 Drive Clutch 700 Rmk &amp; European 700 Rmk E980966<\/p>\n<p>Polaris Snowmobile 2003 RMK 800 (144) STOCK &#8211; S03NK8CSA Drive Clutch S03nk7cs\/As03nl7cs\/As03nk8cs\/As03nl8cs\/As03nm8cs (4978037803C04)<\/p>\n<p>Polaris Snowmobile 1997 RMK 700 &#8211; 0970966 Drive Clutch 700 Rmk , 700 Sks 0970566 &amp; European 700 Sks E970566<\/p>\n<p>Polaris Snowmobile 2003 RMK 700 (144) STOCK &#8211; S03NK7CSA Drive Clutch S03nk7cs\/As03nl7cs\/As03nk8cs\/As03nl8cs\/As03nm8cs (4978037803C04)<\/p>\n<p>Polaris Snowmobile 1997 SKS 700 &#8211; 0970566 Drive Clutch 700 Rmk 0970966, 700 Sks &amp; European 700 Sks E970566<\/p>\n<p>Polaris Snowmobile 1997 EURO 700 SKS &#8211; E970566 Drive Clutch 700 Rmk 0970966, 700 Sks 0970566 &amp; European 700 Sks<\/p>\n<p>Polaris Snowmobile 1998 EURO 700 RMK &#8211; E980966 Drive Clutch 700 Rmk 0980966 &amp; European 700 Rmk<\/p>\n<p>Polaris Snowmobile 1997 XC 700 &#8211; 0971766 Drive Clutch 700 Xc<\/p>\n<p>Polaris Snowmobile 2000 SUPERSPORT &#8211; S00SB5BS Drive Clutch A<\/p>\n<p>Polaris Snowmobile 1999 XCR 800 &#8211; 099AB8AS Drive Clutch<\/p>\n<p>Polaris Snowmobile 1999 SUPER SPORT &#8211; 099SB5BS Drive Clutch<\/p>\n<p>Polaris Snowmobile 2000 SUPERSPORT &#8211; S00SB5BSA Drive Clutch<\/p>\n<p>Polaris Snowmobile 2003 XCR 800 &#8211; S03SB8AS Drive Clutch<\/p>\n<p>Polaris Snowmobile 2005 TRAIL RMK 136 F O &#8211; S05NJ5BS-A Drive Clutch<\/p>\n<p>Polaris Snowmobile 2000 XC 700 SP &#8211; S00SP7AS Drive Clutch<\/p>\n<p>Polaris Snowmobile 2000 XCR 800 &#8211; S00SB8AS Drive Clutch<\/p>\n<p>Polaris Snowmobile 2000 XC 700 DELUXE &#8211; S00SD7AS Drive Clutch<\/p>\n<p>Polaris Snowmobile 1999 EUROPEAN 700 SKS &#8211; E99SS7AU Drive Clutch<\/p>\n<p>Polaris Snowmobile 1999 XC 700 SP &#8211; 099SP7AS Drive Clutch<\/p>\n<p>Polaris Snowmobile 2001 RMK 800 144 &#8211; S01SM8BS Drive Clutch<\/p>\n<p>Polaris Snowmobile 1999 EURO TRAIL SKS &#8211; E99SS5BU Drive Clutch<\/p>\n<p>Polaris Snowmobile 2001 SPORT TOURING ES &#8211; S01ST5BS Drive Clutch<\/p>\n<p>Polaris Snowmobile 1999 XC 700 &#8211; 099SB7AS Drive Clutch<\/p>\n<p>Polaris Snowmobile 2002 RMK 800 F O 151 BUILT BEFORE 3-1-01 &#8211; S02NL8CS Drive Clutch<\/p>\n<p>Polaris Snowmobile 2002 XCR 800 &#8211; S02SB8AS Drive Clutch<\/p>\n<p>Polaris Snowmobile 2007 TRAIL RMK &#8211; S07NJ5BS-BE Drive Clutch<\/p>\n<p>Polaris Snowmobile 2001 XCR 800 &#8211; S01SB8AS Drive Clutch<\/p>\n<p>Polaris Snowmobile 2001 CLASSIC 700 &#8211; S01SD7AS Drive Clutch<\/p>\n<p>Polaris Snowmobile 2006 TRAIL RMK 136 STOCK A &#8211; S06NJ5BSA Drive Clutch<\/p>\n<p>Polaris Snowmobile 2003 FRONTIER CLASSIC BUILT BEFORE 1-01-02 &#8211; S03ND7DS Drive Clutch<\/p>\n<p>Polaris Snowmobile 2003 RMK 800 (159) VERTICAL ESCAPE &#8211; S03NN8CS Drive Clutch<\/p>\n<p>Polaris Snowmobile 2001 SKS 700 &#8211; S01SS7AS Drive Clutch<\/p>\n<p>Polaris Snowmobile 2001 SUPERSPORT EDGE &#8211; S01NB5BS Drive Clutch<\/p>\n<p>Polaris Snowmobile 2001 SPORT TOURING &#8211; S01SD5BS Drive Clutch<\/p>\n<p>Polaris Snowmobile 2001 XC 700 SP &#8211; S01NP7AS Drive Clutch<\/p>\n<p>Polaris Snowmobile 2001 RMK 800 SP 144 &#8211; S01SM8BSC Drive Clutch<\/p>\n<p>Polaris Snowmobile 2004 TRAIL RMK &#8211; S04NJ5BS-A Drive Clutch (4988558855C01)<\/p>\n<p>Polaris Snowmobile 2004 TRAIL RMK &#8211; S04NJ5BS-A Drive Clutch (4988558855C02)<\/p>\n<p>Polaris Snowmobile 2002 RMK 800 F O 151 BUILT AFTER 3-1-01 &#8211; S02NL8CS DRIVE CLUTCH &#8211; S02NL8CS\/CSA (4969516951B14)<\/p>\n<p>Polaris Snowmobile 1996 STORM &#8211; 0965782 Drive Clutch Assembly Storm , Storm Sks 0965582, Euro Storm E965782<\/p>\n<p>Polaris Snowmobile 1996 STORM SKS &#8211; 0965582 Drive Clutch Assembly Storm 0965782, Storm Sks , Euro Storm E965782<\/p>\n<p>Polaris Snowmobile 1996 EURO STORM &#8211; E965782 Drive Clutch Assembly Storm 0965782, Storm Sks 0965582, Euro Storm<\/p>\n<p>Polaris Snowmobile 1996 EURO STORM SKS &#8211; E965582 Drive Clutch Assembly Storm 0965782, Storm Sks 0965582, Euro Storm E965782<\/p>\n<p>Polaris Snowmobile 1996 STORM RMK &#8211; 0965982 Drive Clutch Assembly Storm 0965782, Storm Sks 0965582, Euro Storm E965782<\/p>\n<p>Polaris Snowmobile 2004 SWITCHBACK 600 700 800 &#8211; S04NS6ES Drive Clutch \/A\/B\/C\/Ds04ns7cs\/A\/B\/C\/Ds04ns8cs\/A\/B\/C\/D (4988378837B13)<\/p>\n<p>Polaris Snowmobile 2004 SWITCHBACK 600 700 800 &#8211; S04NS6ES Drive Clutch \/A\/B\/C\/Ds04ns7cs\/A\/B\/C\/Ds04ns8cs\/A\/B\/C\/D (4988378837B14)<\/p>\n<p>Polaris Snowmobile 2004 RMK 600 700 800 F O &#8211; S04NK6ES Drive Clutch \/A\/B\/Cs04nk7cs\/A\/B\/Cs04nl7cs\/A\/B\/Cs04nk8cs\/A\/B\/Cs04nl8cs\/A\/B\/Cs04nm8cs\/A\/B\/C (4988398839C02)<\/p>\n<p>Polaris Snowmobile 2004 RMK 600 700 800 F O &#8211; S04NK6ES Drive Clutch \/A\/B\/Cs04nk7cs\/A\/B\/Cs04nl7cs\/A\/B\/Cs04nk8cs\/A\/B\/Cs04nl8cs\/A\/B\/Cs04nm8cs\/A\/B\/C (4988398839C03)<\/p>\n<p>Polaris Snowmobile 2003 RMK 700 (144) F O &#8211; S03NK7CS Drive Clutch \/As03nl7cs\/As03nk8cs\/As03nl8cs\/As03nm8cs (4978037803C03)<\/p>\n<p>Polaris Snowmobile 2003 RMK 700 (144) F O &#8211; S03NK7CS Drive Clutch \/As03nl7cs\/As03nk8cs\/As03nl8cs\/As03nm8cs (4978037803C04)<\/p>\n<p>Polaris Snowmobile 2005 RMK 600 700 800 F O &#8211; S05NK6ES Drive Clutch \/As05nk7cs\/As05nl7cs\/As05nk8cs\/As05nl8cs\/As05nm8cs\/A (4992789278C02)<\/p>\n<p>Polaris Snowmobile 2005 RMK 600 700 800 F O &#8211; S05NK6ES Drive Clutch \/As05nk7cs\/As05nl7cs\/As05nk8cs\/As05nl8cs\/As05nm8cs\/A (4992789278C03)<\/p>\n<p>Polaris Snowmobile 2002 RMK 800 F O 144 &#8211; S02NK8CS Drive Clutch \/Csa<\/p>\n<p>Polaris Snowmobile 2005 SWITCHBACK 600 800 F O &#8211; S05NS6ES Drive Clutch \/Esa\/S05ns8cs\/Csa (4992809280B14)<\/p>\n<p>Polaris Snowmobile 2005 SWITCHBACK 600 800 F O &#8211; S05NS6ES Drive Clutch \/Esa\/S05ns8cs\/Csa (4992809280C01)<\/p>\n<p>Polaris Snowmobile 1998 XC 700 &#8211; 0981766 Drive Clutch E981766<\/p>\n<p>Polaris Snowmobile 1999 TRAIL RMK &#8211; 099SR5BS Drive Clutch E99ss5bu<\/p>\n<p>Polaris Snowmobile 1999 EURO TRAIL SKS &#8211; 099SS5BU Drive Clutch E99ss5bu<\/p>\n<p>Polaris Snowmobile 1999 SKS 700 &#8211; 099SS7AS Drive Clutch E99ss7au<\/p>\n<p>Polaris Snowmobile 2002 SPORT TOURING &#8211; S02SU5BS Drive Clutch \/S02sd5be<\/p>\n<p>Polaris Snowmobile 2002 INDY FRONTIER &#8211; S02NT7DS Drive Clutch<\/p>\n<p>Polaris Snowmobile 2000 SKS 700 &#8211; S00SS7AS Drive Clutch<\/p>\n<p>Polaris Snowmobile 2000 TRAIL TOURING &#8211; S00ST5BS Drive Clutch<\/p>\n<p>Polaris Snowmobile 2000 SPORT TOURING &#8211; S00SD5BS Drive Clutch<\/p>\n<p>Polaris Snowmobile 1998 EURO 700 XC &#8211; E981766 Drive Clutch<\/p>\n<p>Polaris Snowmobile 2000 EURO SPORT TOURING &#8211; E00SD5BU Drive Clutch S00sd5bs<\/p>\n<p>Polaris Snowmobile 2000 SKS 700 EURO &#8211; E00SS7AU Drive Clutch S00ss7as<\/p>\n<p>Polaris Snowmobile 2001 SUPERSPORT EDGE &#8211; S01NB5BSA Drive Clutch S01nb5bs<\/p>\n<p>Polaris Snowmobile 2001 XC 700 SP &#8211; S01NP7ASA Drive Clutch S01np7as<\/p>\n<p>Polaris Snowmobile 2001 XC 700 SP &#8211; S01NP7ASB Drive Clutch S01np7as<\/p>\n<p>Polaris Snowmobile 2001 SPORT TOURING ES &#8211; S01ST5BS Drive Clutch S01sd5bs<\/p>\n<p>Polaris Snowmobile 2001 EURO SPORT TOURING &#8211; E01SD5BU Drive Clutch S01sd5bs<\/p>\n<p>Polaris Snowmobile 2001 RMK 800 151 &#8211; S01SM8BSA Drive Clutch S01sm8bs<\/p>\n<p>Polaris Snowmobile 2001 RMK 800 SP 151 &#8211; S01SM8BSB Drive Clutch S01sm8bsc<\/p>\n<p>Polaris Snowmobile 2002 RMK 800 F O 156 &#8211; S02NM8CS Drive Clutch<\/p>\n<p>Polaris Snowmobile 2000 SKS 700 EURO &#8211; E01SS7AU Drive Clutch S01ss7as<\/p>\n<p>Polaris Snowmobile 2001 SPORT TOURING &#8211; S01SD5BS Drive Clutch S01st5bs<\/p>\n<p>Polaris Snowmobile 2001 EURO SPORT TOURING &#8211; E01SD5BU Drive Clutch S01st5bs<\/p>\n<p>Polaris Snowmobile 2002 RMK 800 F O 144 STOCK &#8211; S02NK8CSA Drive Clutch S02nk8cs\/Csa<\/p>\n<p>Polaris Snowmobile 2002 RMK 800 F O 151 STOCK &#8211; S02NL8CSA Drive Clutch S02nl8cs\/Csa<\/p>\n<p>Polaris Snowmobile 2010 RMK 700 (155) &#8211; S10PM7JSA Drive Train, Clutch, Primary<\/p>\n<p>Polaris Snowmobile 2023 650 RMK KHAOS 146 SLASH\/SLASH INTL ALL OPTIONS (R02) &#8211; S23TLG6RS\/6RE DRIVE TRAIN, CLUTCH, PRIMARY &#8211; S23TLG6RS\/6RE (600950)<\/p>\n<p>Polaris Snowmobile 2024 650 RMK PRO 155 ALL OPTIONS &#8211; S24TFK6RS DRIVE TRAIN, CLUTCH, PRIMARY &#8211; S24TFK6RS (600950)<\/p>\n<p>Polaris Snowmobile 2024 650 RMK KHAOS SLASH 146 INT&#8217;L ALL OPTIONS &#8211; S24TLG6RS\/6RE DRIVE TRAIN, CLUTCH, PRIMARY &#8211; S24TLG6RS\/6RE (600950)<\/p>","protected":false},"featured_media":10162,"comment_status":"open","ping_status":"closed","template":"","meta":{"_acf_changed":false},"demonterat-fordon":[],"fordons-typ":[641],"make":[636],"parts-filter":[658,661,736,689,660,950,659],"prod-typ":[715],"tillverkare":[865],"product_brand":[],"product_cat":[400],"product_tag":[],"class_list":{"0":"post-10260","1":"product","2":"type-product","3":"status-publish","4":"has-post-thumbnail","6":"fordons-typ-sno","7":"make-polaris","8":"parts-filter-axys","9":"parts-filter-edge","10":"parts-filter-fusion","11":"parts-filter-iq-chassie","12":"parts-filter-iq-r-rr","13":"parts-filter-matryx","14":"parts-filter-pro-ride","15":"prod-typ-beg","16":"tillverkare-polaris","17":"product_cat-vikter","19":"first","20":"outofstock","21":"purchasable","22":"product-type-simple"},"acf":[],"_links":{"self":[{"href":"https:\/\/whitepowder.se\/en\/wp-json\/wp\/v2\/product\/10260","targetHints":{"allow":["GET"]}}],"collection":[{"href":"https:\/\/whitepowder.se\/en\/wp-json\/wp\/v2\/product"}],"about":[{"href":"https:\/\/whitepowder.se\/en\/wp-json\/wp\/v2\/types\/product"}],"replies":[{"embeddable":true,"href":"https:\/\/whitepowder.se\/en\/wp-json\/wp\/v2\/comments?post=10260"}],"wp:featuredmedia":[{"embeddable":true,"href":"https:\/\/whitepowder.se\/en\/wp-json\/wp\/v2\/media\/10162"}],"wp:attachment":[{"href":"https:\/\/whitepowder.se\/en\/wp-json\/wp\/v2\/media?parent=10260"}],"wp:term":[{"taxonomy":"demonterat-fordon","embeddable":true,"href":"https:\/\/whitepowder.se\/en\/wp-json\/wp\/v2\/demonterat-fordon?post=10260"},{"taxonomy":"fordons-typ","embeddable":true,"href":"https:\/\/whitepowder.se\/en\/wp-json\/wp\/v2\/fordons-typ?post=10260"},{"taxonomy":"make","embeddable":true,"href":"https:\/\/whitepowder.se\/en\/wp-json\/wp\/v2\/make?post=10260"},{"taxonomy":"parts-filter","embeddable":true,"href":"https:\/\/whitepowder.se\/en\/wp-json\/wp\/v2\/parts-filter?post=10260"},{"taxonomy":"prod-typ","embeddable":true,"href":"https:\/\/whitepowder.se\/en\/wp-json\/wp\/v2\/prod-typ?post=10260"},{"taxonomy":"tillverkare","embeddable":true,"href":"https:\/\/whitepowder.se\/en\/wp-json\/wp\/v2\/tillverkare?post=10260"},{"taxonomy":"product_brand","embeddable":true,"href":"https:\/\/whitepowder.se\/en\/wp-json\/wp\/v2\/product_brand?post=10260"},{"taxonomy":"product_cat","embeddable":true,"href":"https:\/\/whitepowder.se\/en\/wp-json\/wp\/v2\/product_cat?post=10260"},{"taxonomy":"product_tag","embeddable":true,"href":"https:\/\/whitepowder.se\/en\/wp-json\/wp\/v2\/product_tag?post=10260"}],"curies":[{"name":"wp","href":"https:\/\/api.w.org\/{rel}","templated":true}]}}