{"id":10291,"date":"2024-07-04T10:04:50","date_gmt":"2024-07-04T08:04:50","guid":{"rendered":"https:\/\/whitepowder.se\/?post_type=product&#038;p=10291"},"modified":"2024-09-10T12:45:48","modified_gmt":"2024-09-10T10:45:48","slug":"polaris-7041132-drive-clutch-spring","status":"publish","type":"product","link":"https:\/\/whitepowder.se\/en\/polaris-7041132-drive-clutch-spring\/","title":{"rendered":"Polaris 7041132 &#8211; Drive Clutch Spring"},"content":{"rendered":"<p>Polaris 7041132 &#8211; Prim\u00e4r fj\u00e4der &#8211; Driven CLUTCH SPRING<\/p>\n<p>7041132 White .177\u2033 2.92\u2033 34&#8211;141<\/p>\n<p>Vissa \u00e4r Vita och vissa rosa men har samma M\u00e5tt ( WIRE DIAMETER + FREE LENGTH + Force lbs. @ 2.50\u201d&#8211;1.19 )<\/p>\n<p>S\u00e5 det \u00e4r bara F\u00e4rgen som diffar<\/p>","protected":false},"excerpt":{"rendered":"<p>Polaris 7041132 Sitter Original p\u00e5 :<br \/>\nPolaris ATV 2001 SCRAMBLER 400 2X4 &#8211; A01BA38CA Drive Clutch<\/p>\n<p>Polaris ATV 2003 TRAIL BLAZER 400 &#8211; A03BA38CA Drive Clutch<\/p>\n<p>Polaris ATV 2001 DIESEL &#8211; A10CH46CA Drive Clutch<\/p>\n<p>Polaris ATV 2000 SCRAMBLER 400 &#8211; A00BG38CA Drive Clutch<\/p>\n<p>Polaris ATV 2000 DIESEL &#8211; A00CH46CA Drive Clutch<\/p>\n<p>Polaris ATV 2002 SCRAMBLER 400 4X4 &#8211; A02BG38CA Drive Clutch<\/p>\n<p>Polaris ATV 2002 SCRAMBLER 400 2X4 &#8211; A02BA38CA Drive Clutch<\/p>\n<p>Polaris ATV 1996 SPORT 400L &#8211; W968540 Drive Clutch<\/p>\n<p>Polaris ATV 1996 SCRAMBLER &#8211; W967840 Drive Clutch Scrambler<\/p>\n<p>Polaris ATV 1998 SCRAMBLER 400 &#8211; W98BC38C Drive Clutch Scrambler 400<\/p>\n<p>Polaris ATV 1997 SCRAMBER 400L &#8211; W97BC38C Drive Clutch Scrambler 400L<\/p>\n<p>Polaris ATV 1997 SCRAMBLER 500 &#8211; W97BC50A Drive Clutch Scrambler 500<\/p>\n<p>Polaris Snowmobile 1986 SS &#8211; 0861349 Drive Clutch<\/p>\n<p>Polaris Snowmobile 1986 NOR STAR &#8211; N860927 Drive Clutch<\/p>\n<p>Polaris Snowmobile 1986 NOR SS &#8211; N861349 Drive Clutch<\/p>\n<p>Polaris ATV 1999 DIESEL &#8211; A99CH45CA Drive Clutch A99ch45ia<\/p>\n<p>Polaris ATV 1998 SPORT 400L &#8211; W98BA38C Drive Clutch Sport 400L<\/p>\n<p>Polaris ATV 1997 SPORT 400L &#8211; W97BA38C Drive Clutch Sport 400L &amp; Trail Blazer W97ba25c<\/p>\n<p>Polaris ATV 1997 TRAIL BLAZER &#8211; W97BA25C Drive Clutch Sport 400L W97ba38c &amp; Trail Blazer<\/p>\n<p>Polaris Snowmobile 1986 STAR &#8211; 0860927 Drive Clutch<\/p>\n<p>Polaris ATV 1996 TRAIL BLAZER ES &#8211; W967827 Drive Clutch W968540<\/p>\n<p>Polaris ATV 1999 SPORT 400 &#8211; A99BA38CA Drive Clutch<\/p>\n<p>Polaris ATV 1999 INTL DIESEL &#8211; A99CH45IA Drive Clutch<\/p>\n<p>Polaris ATV 2000 SCRAMBLER 2X4 &#8211; A00BA38CA Drive Clutch<\/p>\n<p>Polaris ATV 1999 SCRAMBLER 400 &#8211; A99BG38CB Drive Clutch<\/p>\n<p>Polaris ATV 1999 SCRAMBLER 400 &#8211; A99BG38CA Drive Clutch<\/p>\n<p>Polaris Snowmobile 1985 SS &#8211; 0851349 Drive Clutch Production<\/p>\n<p>Polaris Snowmobile 1985 STAR &#8211; 0850927 Drive Clutch Production<\/p>\n<p>Aftermarket Parts Engine CLUTCH Spring Kit<\/p>","protected":false},"featured_media":10244,"comment_status":"open","ping_status":"closed","template":"","meta":{"_acf_changed":false},"demonterat-fordon":[],"fordons-typ":[642,641],"make":[636],"parts-filter":[],"prod-typ":[717],"tillverkare":[865],"product_brand":[],"product_cat":[1027],"product_tag":[],"class_list":{"0":"post-10291","1":"product","2":"type-product","3":"status-publish","4":"has-post-thumbnail","6":"fordons-typ-atv-utv","7":"fordons-typ-sno","8":"make-polaris","9":"prod-typ-ny","10":"tillverkare-polaris","11":"product_cat-drive-clutch-springs","13":"first","14":"instock","15":"purchasable","16":"product-type-simple"},"acf":[],"_links":{"self":[{"href":"https:\/\/whitepowder.se\/en\/wp-json\/wp\/v2\/product\/10291","targetHints":{"allow":["GET"]}}],"collection":[{"href":"https:\/\/whitepowder.se\/en\/wp-json\/wp\/v2\/product"}],"about":[{"href":"https:\/\/whitepowder.se\/en\/wp-json\/wp\/v2\/types\/product"}],"replies":[{"embeddable":true,"href":"https:\/\/whitepowder.se\/en\/wp-json\/wp\/v2\/comments?post=10291"}],"wp:featuredmedia":[{"embeddable":true,"href":"https:\/\/whitepowder.se\/en\/wp-json\/wp\/v2\/media\/10244"}],"wp:attachment":[{"href":"https:\/\/whitepowder.se\/en\/wp-json\/wp\/v2\/media?parent=10291"}],"wp:term":[{"taxonomy":"demonterat-fordon","embeddable":true,"href":"https:\/\/whitepowder.se\/en\/wp-json\/wp\/v2\/demonterat-fordon?post=10291"},{"taxonomy":"fordons-typ","embeddable":true,"href":"https:\/\/whitepowder.se\/en\/wp-json\/wp\/v2\/fordons-typ?post=10291"},{"taxonomy":"make","embeddable":true,"href":"https:\/\/whitepowder.se\/en\/wp-json\/wp\/v2\/make?post=10291"},{"taxonomy":"parts-filter","embeddable":true,"href":"https:\/\/whitepowder.se\/en\/wp-json\/wp\/v2\/parts-filter?post=10291"},{"taxonomy":"prod-typ","embeddable":true,"href":"https:\/\/whitepowder.se\/en\/wp-json\/wp\/v2\/prod-typ?post=10291"},{"taxonomy":"tillverkare","embeddable":true,"href":"https:\/\/whitepowder.se\/en\/wp-json\/wp\/v2\/tillverkare?post=10291"},{"taxonomy":"product_brand","embeddable":true,"href":"https:\/\/whitepowder.se\/en\/wp-json\/wp\/v2\/product_brand?post=10291"},{"taxonomy":"product_cat","embeddable":true,"href":"https:\/\/whitepowder.se\/en\/wp-json\/wp\/v2\/product_cat?post=10291"},{"taxonomy":"product_tag","embeddable":true,"href":"https:\/\/whitepowder.se\/en\/wp-json\/wp\/v2\/product_tag?post=10291"}],"curies":[{"name":"wp","href":"https:\/\/api.w.org\/{rel}","templated":true}]}}