{"id":10312,"date":"2024-07-04T10:05:10","date_gmt":"2024-07-04T08:05:10","guid":{"rendered":"https:\/\/whitepowder.se\/?post_type=product&#038;p=10312"},"modified":"2026-02-09T15:32:53","modified_gmt":"2026-02-09T14:32:53","slug":"polaris-7043063-sekundar-fjader-svart-155-222-beg","status":"publish","type":"product","link":"https:\/\/whitepowder.se\/en\/polaris-7043063-sekundar-fjader-svart-155-222-beg\/","title":{"rendered":"Polaris 7043063 &#8211; Sekund\u00e4r fj\u00e4der &#8211; Svart, 155-222 *Beg"},"content":{"rendered":"<p>Polaris 7043063 &#8211; Sekund\u00e4r Fj\u00e4der &#8211; Driven Clutch Spring<br \/>\nColor: Svart<br \/>\nTyp: TEAM Driven Spring<\/p>\n<p>* Begagnad i gott skick<\/p>\n<p>PART# 7043063<br \/>\nCOLOR : Blk<br \/>\nLOAD(lb) @ 2.2&#8243; : 155<br \/>\nLOAD(lb) @ 1.1&#8243; : 222<br \/>\nRate Lb\/inch : 65<\/p>\n<p>SPRING, DRIVEN CLUTCH, BLACK, LH, Polaris Original &#8211; OEM<\/p>","protected":false},"excerpt":{"rendered":"<p>Polaris 7043063 Sitter Original p\u00e5 :<\/p>\n<p>650 INDY ADVENTURE 137 ALL OPTIONS (2022) (R02) (S22TDE6RS)<\/p>\n<p>650 INDY ADVENTURE 137 ALL OPTIONS (2023) (R02) (S23TDE6RS)<\/p>\n<p>650 INDY ADVENTURE 137 ALL OPTIONS (2024) (R02) (S24TDE6RS)<\/p>\n<p>650 INDY ADVENTURE 137 ALL OPTIONS (2025) (R03) (S25TDE6RS)<\/p>\n<p>650 INDY ADVENTURE 137 ALL OPTIONS (2026) (R01) (S26TDE6RS)<\/p>\n<p>650 INDY ADVENTURE X2 ALL OPTIONS (2023) (R03) (S23TDH6RS)<\/p>\n<p>650 INDY SP 137 ES (2023) (R01) (S23TDB6RSL)<\/p>\n<p>650 INDY SP 137 ES (2024) (R01) (S24TDB6RSL)<\/p>\n<p>650 INDY SP 137 ES (2025) (R02) (S25TDB6RSL)<\/p>\n<p>650 INDY SP 137 ES (2026) (R01) (S26TDB6RSL\/6RSM)<\/p>\n<p>650 INDY VR1 129 ALL OPTIONS (2023) (R01) (S23TKV6RS)<\/p>\n<p>650 INDY VR1 137 ALL OPTIONS (2023) (R01) (S23TDV6RS)<\/p>\n<p>650 INDY VR1 137 ALL OPTIONS (2025) (R02) (S25TDV6RS)<\/p>\n<p>650 INDY VR1 137 ALL OPTIONS (2026) (R01) (S26TDV6RS)<\/p>\n<p>650 INDY VR1 137\/INTL (2022) (R02) (S22TDV6RS\/6RE)<\/p>\n<p>650 INDY VR1 137\/INTL ALL OPTIONS (2024) (R01) (S24TDV6RS\/6RE)<\/p>\n<p>650 INDY VR1 DYNAMIX 137\/INTL ALL OPTIONS (2025) (R02) (S25TDZ6RS\/6REL)<\/p>\n<p>650 INDY VR1 DYNAMIX 137\/INTL ALL OPTIONS (2026) (R01) (S26TDZ6RS\/6REL)<\/p>\n<p>650 INDY XC 129 ALL OPTIONS (2023) (R01) (S23TKP6RS)<\/p>\n<p>650 INDY XC 129 ALL OPTIONS (2024) (R01) (S24TKP6RS)<\/p>\n<p>650 INDY XC 137 (2026) (R01) (S26TDP6RS)<\/p>\n<p>650 INDY XC 137 ALL OPTIONS (2023) (R02) (S23TDP6RS)<\/p>\n<p>650 INDY XC 137 ALL OPTIONS (2024) (R01) (S24TDP6RS)<\/p>\n<p>650 INDY XCR 128 ALL OPTIONS (2023) (R01) (S23TKL6RS)<\/p>\n<p>650 INDY XCR 128 ALL OPTIONS (2024) (R01) (S24TKL6RS)<\/p>\n<p>650 INDY XCR 128 ALL OPTIONS (2025) (R04) (S25TKL6RS)<\/p>\n<p>650 INDY XCR 128\/INTL (2022) (R01) (S22TKL6RS\/6RE)<\/p>\n<p>650 INDY XCR 129 ALL OPTIONS (2026) (R01) (S26TKL6RS)<\/p>\n<p>650 INDY XCR 136\/INTL (2022) (R01) (S22TDL6RS\/6RE)<\/p>\n<p>650 INDY XCR 136\/INTL ALL OPTIONS (2023) (R01) (S23TDL6RS\/6RE)<\/p>\n<p>650 INDY XCR 136\/INTL ALL OPTIONS (2024) (R01) (S24TDL6RS\/6RE)<\/p>\n<p>650 INDY XCR 136\/INTL ALL OPTIONS (2025) (R03) (S25TDL6RS\/6RE)<\/p>\n<p>650 INDY XCR 137\/INTL ALL OPTIONS (2026) (R01) (S26TDL6RS\/6REL)<\/p>\n<p>650 MATRYX INDY VR1 129 ALL OPTIONS (2022) (R01) (S22TKV6RS)<\/p>\n<p>650 MATRYX INDY XC 129 ALL OPTIONS (2022) (R01) (S22TKP6RS)<\/p>\n<p>650 MATRYX INDY XC 137\/INTL (2022) (R01) (S22TDP6RS\/6RE)<\/p>\n<p>650 MATRYX SWITCHBACK ASSAULT 146\/INTL (2022) (R01) (S22TLC6RS\/6RE)<\/p>\n<p>650 MATRYX VOYAGEUR 146\/INTL (2022) (R01) (S22TLF6RSL\/6REL)<\/p>\n<p>650 NORDICPRO 146 ES INTL (2022) (R01) (S22TLT6REL)<\/p>\n<p>650 NORDICPRO 146 ES INTL (2023) (R01) (S23TLT6REL)<\/p>\n<p>650 RMK KHAOS 146 SLASH\/SLASH INTL ALL OPTIONS (2023) (R02) (S23TLG6RS\/6RE)<\/p>\n<p>650 RMK KHAOS MATRYX SLASH 146\/INTL (2022) (R02) (S22TLG6RS\/6RE)<\/p>\n<p>650 RMK KHAOS SLASH 146\/INTL ALL OPTIONS (2024) (R01) (S24TLG6RS\/6RE)<\/p>\n<p>650 RMK PRO 155 ALL OPTIONS (2023) (R02) (S23TFK6RS)<\/p>\n<p>650 RMK PRO 155 ALL OPTIONS (2024) (R02) (S24TFK6RS)<\/p>\n<p>650 RMK PRO MATRYX 155\/INTL (2022) (R02) (S22TFK6RS\/6RE)<\/p>\n<p>650 RMK SP 155\/INTL ALL OPTIONS (2025) (R02) (S25TFB6RS\/6REA)<\/p>\n<p>650 RMK SP 155\/INTL ALL OPTIONS (2026) (R01) (S26TFB6RS\/6REA)<\/p>\n<p>650 SKS 146\/INTL (2023) (R01) (S23TLS6RSL\/REL)<\/p>\n<p>650 SKS 146\/INTL (2024) (R01) (S24TLS6RSL\/REL)<\/p>\n<p>650 SWITCHBACK ASSAULT 146\/INTL ALL OPTIONS (2023) (R01) (S23TLC6RS\/6RE)<\/p>\n<p>650 SWITCHBACK ASSAULT 146\/INTL ALL OPTIONS (2024) (R01) (S24TLC6RS\/6RE)<\/p>\n<p>650 SWITCHBACK ASSAULT 146\/INTL ALL OPTIONS (2025) (R03) (S25TLC6RS\/6REL)<\/p>\n<p>650 SWITCHBACK SP 146 ES (2023) (R01) (S23TLB6RSL)<\/p>\n<p>650 SWITCHBACK SP 146 ES (2026) (R01) (S26TLB6RSL\/6RSM)<\/p>\n<p>650 SWITCHBACK SP 146 ES\/INTL (2024) (R01) (S24TLB6RSL\/REL)<\/p>\n<p>650 SWITCHBACK XC 146 ALL OPTIONS (2022) (R01) (S22TLP6RS)<\/p>\n<p>650 SWITCHBACK XC 146 ALL OPTIONS (2023) (R01) (S23TLP6RS)<\/p>\n<p>650 SWITCHBACK XC 146 ALL OPTIONS (2024) (R01) (S24TLP6RS)<\/p>\n<p>650 SWITCHBACK XC 146 ALL OPTIONS (2025) (R02) (S25TLP6RS)<\/p>\n<p>650 SWITCHBACK XC 146 ALL OPTIONS (2026) (R01) (S26TLP6RS)<\/p>\n<p>650 VOYAGEUR 146 ES ALL OPTIONS (2023) (R01) (S23TLF6RS)<\/p>\n<p>650 VOYAGEUR 146 ES ALL OPTIONS (2024) (R01) (S24TLF6RS)<\/p>\n<p>650 VOYAGEUR 146 ES ALL OPTIONS (2025) (R02) (S25TLF6RS)<\/p>\n<p>650 VOYAGEUR 146 SP (2026) (R01) (S26TLF6RSL)<\/p>\n<p>650 VOYAGEUR SP AND XC 155 (2026) (R01) (S26TFF6RSL\/TFP6RSL)<\/p>\n<p>650 VOYAGEUR ULTIMATE (2026) (R01) (S26TFN6RSP\/RSL)<\/p>\n<p>850 INDY ADVENTURE 137 ALL OPTIONS (2022) (R01) (S22TDE8RS)<\/p>\n<p>850 INDY ADVENTURE 137 ALL OPTIONS (2023) (R01) (S23TDE8RS)<\/p>\n<p>850 INDY VR1 129 ALL OPTIONS (2023) (R02) (S23TKV8RS)<\/p>\n<p>850 INDY VR1 137 ALL OPTIONS (2025) (R02) (S25TDV8RS)<\/p>\n<p>850 INDY VR1 137 ALL OPTIONS (2026) (R01) (S26TDV8RS)<\/p>\n<p>850 INDY VR1 137\/INTL (2022) (R01) (S22TDV8RS\/8RE)<\/p>\n<p>850 INDY VR1 137\/INTL ALL OPTIONS (2023) (R01) (S23TDV8RS\/8RE)<\/p>\n<p>850 INDY VR1 137\/INTL ALL OPTIONS (2024) (R01) (S24TDV8RS\/8RE)<\/p>\n<p>850 INDY VR1 DYNAMIX 137 ALL OPTIONS (2026) (R01) (S26TDZ8RS)<\/p>\n<p>850 INDY VR1 DYNAMIX 137\/INTL ALL OPTIONS (2025) (R03) (S25TDZ8RS\/8REL)<\/p>\n<p>850 INDY XC 129 ALL OPTIONS (2023) (R01) (S23TKP8RS)<\/p>\n<p>850 INDY XC 129 ALL OPTIONS (2024) (R01) (S24TKP8RS)<\/p>\n<p>850 INDY XC 137 (2026) (R01) (S26TDP8RS)<\/p>\n<p>850 INDY XC 137 ALL OPTIONS (2023) (R03) (S23TDP8RS)<\/p>\n<p>850 INDY XC 137 ALL OPTIONS (2024) (R01) (S24TDP8RS)<\/p>\n<p>850 INDY XCR 128 ALL OPTIONS (2023) (R01) (S23TKL8RS)<\/p>\n<p>850 INDY XCR 128 ALL OPTIONS (2024) (R01) (S24TKL8RS)<\/p>\n<p>850 INDY XCR 128 ALL OPTIONS (2025) (R03) (S25TKL8RS)<\/p>\n<p>850 INDY XCR 128\/INTL (2022) (R01) (S22TKL8RS\/8RE)<\/p>\n<p>850 INDY XCR 136 ALL OPTIONS (2024) (R01) (S24TDL8RS)<\/p>\n<p>850 INDY XCR 136 ALL OPTIONS (2025) (R02) (S25TDL8RS)<\/p>\n<p>850 INDY XCR 136\/INTL (2022) (R01) (S22TDL8RS\/8RE)<\/p>\n<p>850 INDY XCR 136\/INTL ALL OPTIONS (2023) (R01) (S23TDL8RS\/8RE)<\/p>\n<p>850 MATRYX INDY VR1 129 ALL OPTIONS (2022) (R01) (S22TKV8RS)<\/p>\n<p>850 MATRYX INDY XC 129 ALL OPTIONS (2022) (R01) (S22TKP8RS)<\/p>\n<p>850 MATRYX INDY XC 137\/INTL (2022) (R01) (S22TDP8RS\/8RE)<\/p>\n<p>850 MATRYX SWITCHBACK ASSAULT 146\/INTL (2022) (R01) (S22TLC8RS\/8RE)<\/p>\n<p>850 PRO RMK 155 ALL OPTIONS (2025) (R02) (S25TFM8RS)<\/p>\n<p>850 PRO RMK 155 ALL OPTIONS (2026) (R01) (S26TFM8RS)<\/p>\n<p>850 PRO RMK 165 ALL OPTIONS (2025) (R02) (S25TGM8RS)<\/p>\n<p>850 PRO RMK 165 ALL OPTIONS (2026) (R01) (S26TGM8RS)<\/p>\n<p>850 RMK KHAOS 146 ALL OPTIONS (2026) (R01) (S26TLG8RS)<\/p>\n<p>850 RMK KHAOS 146 SLASH\/SLASH INTL ALL OPTIONS (2023) (R01) (S23TLG8RS\/8RE)<\/p>\n<p>850 RMK KHAOS 146\/INTL ALL OPTIONS (2025) (R02) (S25TLG8RS\/8REA)<\/p>\n<p>850 RMK KHAOS 155 ALL OPTIONS (2025) (R02) (S25TFG8RS)<\/p>\n<p>850 RMK KHAOS 155 ALL OPTIONS (2026) (R01) (S26TFG8RS)<\/p>\n<p>850 RMK KHAOS 155\/INTL (2022) (R01) (S22EFD8RS\/EFE8RS)<\/p>\n<p>850 RMK KHAOS 155\/INTL ALL OPTIONS (2023) (R02) (S23TFD8RS\/8RE)<\/p>\n<p>850 RMK KHAOS 155\/INTL ALL OPTIONS (2024) (R01) (S24TFD8RS\/8RE)<\/p>\n<p>850 RMK KHAOS 163\/165 ALL OPTIONS (2022) (R02) (S22EGE8RS\/D8RS)<\/p>\n<p>850 RMK KHAOS 165 ALL OPTIONS (2025) (R02) (S25TGG8RS)<\/p>\n<p>850 RMK KHAOS 165 ALL OPTIONS (2026) (R01) (S26TGG8RS)<\/p>\n<p>850 RMK KHAOS MATRYX 155\/INTL (2022) (R01) (S22TFD8RS\/8RE)<\/p>\n<p>850 RMK KHAOS MATRYX SLASH 146\/INTL (2022) (R01) (S22TLG8RS\/8RE)<\/p>\n<p>850 RMK KHAOS MATRYX SLASH 155\/ INTL (2022) (R01) (S22TFG8RS\/8RE)<\/p>\n<p>850 RMK KHAOS MATRYX SLASH 165\/163 (2022) (R02) (S22TGG8RS\/TGY8RS)<\/p>\n<p>850 RMK KHAOS SLASH 146\/INTL ALL OPTIONS (2024) (R01) (S24TLG8RS\/8RE)<\/p>\n<p>850 RMK KHAOS SLASH 155\/INTL ALL OPTIONS (2023) (R01) (S23TFG8RS\/8RE)<\/p>\n<p>850 RMK KHAOS SLASH 155\/INTL ALL OPTIONS (2024) (R02) (S24TFG8RS\/8RE)<\/p>\n<p>850 RMK KHAOS SLASH 165 ALL OPTIONS (2024) (R01) (S24TGG8RS)<\/p>\n<p>850 RMK KHAOS SLASH 165\/163 ALL OPTIONS (2023) (R02) (S23TGG8RS\/TGY8RS)<\/p>\n<p>850 RMK PRO 155 2.75&#8243; \/ 155 3&#8243; ALL OPTIONS (2022) (R02) (S22EFA8RS\/EFB8RS)<\/p>\n<p>850 RMK PRO 155 ALL OPTIONS (2023) (R01) (S23TFK8RS)<\/p>\n<p>850 RMK PRO 155 ALL OPTIONS (2024) (R01) (S24TFK8RS)<\/p>\n<p>850 RMK PRO 155 SLASH (2024) (R01) (S24TFM8RS)<\/p>\n<p>850 RMK PRO 163\/165 ALL OPTIONS (2022) (R02) (S22EGB8RS\/EGA8RS)<\/p>\n<p>850 RMK PRO MATRYX 155\/INTL (2022) (R02) (S22TFK8RS\/8RE)<\/p>\n<p>850 RMK PRO MATRYX SLASH 155\/INTL ALL OPTIONS (2022) (R01) (S22TFM8RS\/8RE\/TFW8RS\/8RE)<\/p>\n<p>850 RMK PRO MATRYX SLASH 163\/165 INTL (2022) (R01) (S22TGW8RS\/8RE\/TGM8RS\/8RE)<\/p>\n<p>850 RMK PRO SLASH 155 ALL OPTIONS (2023) (R02) (S23TFM8RS)<\/p>\n<p>850 RMK PRO SLASH 163\/165 ALL OPTIONS (2023) (R01) (S23TGW8RS\/TGM8RS)<\/p>\n<p>850 RMK PRO SLASH 165 ALL OPTIONS (2024) (R02) (S24TGM8RS)<\/p>\n<p>850 RMK SP 155\/INTL ALL OPTIONS (2025) (R02) (S25TFB8RS\/8REA)<\/p>\n<p>850 RMK SP 155\/INTL ALL OPTIONS (2026) (R01) (S26TFB8RS\/8REA)<\/p>\n<p>850 SWITCHBACK ASSAULT 146 ALL OPTIONS (2025) (R02) (S25TLC8RS)<\/p>\n<p>850 SWITCHBACK ASSAULT 146 RACE IFS\/146 ESCAPE IFS ALL OPTIONS (2026) (R01) (S26TLC8RS\/TLR8RS)<\/p>\n<p>850 SWITCHBACK ASSAULT 146\/INTL ALL OPTIONS (2023) (R01) (S23TLC8RS\/8RE)<\/p>\n<p>850 SWITCHBACK ASSAULT 146\/INTL ALL OPTIONS (2024) (R01) (S24TLC8RS\/8RE)<\/p>\n<p>850 SWITCHBACK XC 146 ALL OPTIONS (2022) (R01) (S22TLP8RS)<\/p>\n<p>850 SWITCHBACK XC 146 ALL OPTIONS (2023) (R01) (S23TLP8RS)<\/p>\n<p>850 SWITCHBACK XC 146 ALL OPTIONS (2024) (R01) (S24TLP8RS)<\/p>\n<p>850 SWITCHBACK XC 146 ALL OPTIONS (2026) (R01) (S26TLP8RS)<\/p>\n<p>INTL 650 NORDICPRO 146 ES (2024) (R01) (S24TLT6REL)<\/p>\n<p>INTL 650 NORDICPRO 146 ES (2025) (R02) (S25TLT6REL)<\/p>\n<p>PATRIOT BOOST INDY VR1 129 ALL OPTIONS (2023) (R03) (S23TKV8MS)<\/p>\n<p>PATRIOT BOOST INDY VR1 137 ALL OPTIONS (2025) (R03) (S25TDV8MS)<\/p>\n<p>PATRIOT BOOST INDY VR1 137 ALL OPTIONS (2026) (R01) (S26TDV8MS)<\/p>\n<p>PATRIOT BOOST INDY VR1 137\/INTL ALL OPTIONS (2023) (R02) (S23TDV8MS\/8ME)<\/p>\n<p>PATRIOT BOOST INDY VR1 137\/INTL ALL OPTIONS (2024) (R01) (S24TDV8MS\/8ME)<\/p>\n<p>PATRIOT BOOST INDY VR1 DYNAMIX 137 ALL OPTIONS (2026) (R01) (S26TDZ8MS)<\/p>\n<p>PATRIOT BOOST INDY VR1 DYNAMIX 137\/INTL ALL OPTIONS (2025) (R02) (S25TDZ8MS\/8MEL)<\/p>\n<p>PATRIOT BOOST SWITCHBACK ASSAULT 146 (2026) (R01) (S26TLC8MS\/TLR8MS)<\/p>\n<p>PATRIOT BOOST SWITCHBACK ASSAULT 146\/INTL ALL OPTIONS (2023) (R01) (S23TLC8MS\/8ME)<\/p>\n<p>PATRIOT BOOST SWITCHBACK ASSAULT 146\/INTL ALL OPTIONS (2024) (R01) (S24TLC8MS\/8ME)<\/p>\n<p>PATRIOT BOOST SWITCHBACK ASSAULT 146\/INTL ALL OPTIONS (2025) (R03) (S25TLC8MS\/8ME)<\/p>\n<p>S04ND7CS\/8CS 700\/800 CLASSIC (2004) (S04ND7CS\/8CS)<\/p>\n<p>S04NK6ES 600\/700\/800 RMK F\/O (2004) (S04NK6ES)<\/p>\n<p>S04NP5CS 500\/600 XC SP EDGE\/M-10 (2004) (S04NP5CS)<\/p>\n<p>S04NS6ES 600\/700\/800 SWITCHBACK (2004) (S04NS6ES)<\/p>\n<p>S04NX6ES 600\/700\/800 PRO X\/PRO X2 (2004) (S04NX6ES)<\/p>\n<p>S05MP8DS 900 FUSION (2005) (S05MP8DS)<\/p>\n<p>S05NE7CS 700\/800 XC SP M-10 F\/O (2005) (S05NE7CS)<\/p>\n<p>S05NK6ES 600\/700\/800 RMK F\/O (2005) (S05NK6ES)<\/p>\n<p>S05NS6ES 600\/800 SWITCHBACK F\/O (2005) (S05NS6ES)<\/p>\n<p>S06MX4CS 440 IQ (2006) (S06MX4CS)<\/p>\n<p>S07PL7JS\/JE DRAGON RMK\/INTL (2007) (S07PL7JS\/JE)<\/p>\n<p>S08MX6FS\/FE 600 RR\/EURO (2008) (S08MX6FS\/FE)<\/p>\n<p>S08PK6FS\/FE\/PM6FS\/FE 600 RMK144\/EURO\/RMK SHIFT\/EURO (2008) (S08PK6FS\/FE\/PM6FS\/FE)<\/p>\n<p>S08PL7JS 700 RMK EARLY PROD (2008) (S08PL7JS)<\/p>\n<p>S08PM6\/PM7\/PG7\/PH7 600 RMK 155\/700 RMK 155\/163 ALL OPTIONS (2008) (S08PM6\/PM7\/PG7\/PH7)<\/p>\n<p>S09MX6FE 600 RR EURO (2009) (S09MX6FE)<\/p>\n<p>S09PM7JS\/JSL 700 RMK 155\/ES (2009) (S09PM7JS\/JSL)<\/p>\n<p>S10PM7JSA 700 RMK 155 (2010) (S10PM7JSA)<\/p>\n<p>S12CG8\/CH8 800 PRO RMK 155\/163 ALL OPTIONS (2012) (S12CG8\/CH8)<\/p>\n<p>S12CM8GSA\/GSL\/GEA 800 RMK 155\/ES\/INTL (2012) (S12CM8GSA\/GSL\/GEA)<\/p>\n<p>S12CN8\/CY8 800 RMK ASSAULT 155 ALL OPTIONS (2012) (S12CN8\/CY8)<\/p>\n<p>S13CG8\/CH8 800 PRO RMK 155\/163 ALL OPTIONS (2013) (S13CG8\/CH8)<\/p>\n<p>S13CM8GSA\/GSL\/GEA 800 RMK 155\/ES\/INTL (2013) (S13CM8GSA\/GSL\/GEA)<\/p>\n<p>S13CN8\/CY8 800 RMK ASSAULT ALL OPTIONS (2013) (S13CN8\/CY8)<\/p>\n<p>S14CG8\/CH8 800 PRO RMK\/LE 155\/163 ALL OPTIONS (2014) (S14CG8\/CH8)<\/p>\n<p>S14CM8GSA\/GSL\/GEA 800 RMK 155 (2014) (S14CM8GSA\/GSL\/GEA)<\/p>\n<p>S14CN8\/CY8 800 RMK ASSAULT ALL OPTIONS (2014) (S14CN8\/CY8)<\/p>\n<p>S15CC8\/CD8\/CM8 800 RMK 155\/163 ALL OPTIONS (2015) (S15CC8\/CD8\/CM8)<\/p>\n<p>S15CG8\/CH8 800 PRO RMK\/LE 155\/163 ALL OPTIONS (2015) (S15CG8\/CH8)<\/p>\n<p>S15CN8\/CY8 800 RMK ASSAULT 155 ALL OPTIONS (2015) (S15CN8\/CY8)<\/p>\n<p>S15DP8 800 RUSH PRO S ALL OPTIONS (2015) (S15DP8)<\/p>\n<p>S16CM8 800 RMK 155 ALL OPTIONS (2016) (R02) (S16CM8)<\/p>\n<p>S16EC8\/EG8 800 AXYS PRO RMK\/LE 155 ALL OPTIONS (2016) (R03) (S16EC8\/EG8)<\/p>\n<p>S16ED8\/EH8 800 AXYS PRO RMK\/LE 163 ALL OPTIONS (2016) (R02) (S16ED8\/EH8)<\/p>\n<p>S16EL8PE\/PS\/PSL 800 AXYS SKS 155 ALL OPTIONS (2016) (R02) (S16EL8PE\/PS\/PSL)<\/p>\n<p>S16EN8\/EY8 800 RMK ASSAULT 155 ALL OPTIONS (2016) (R02) (S16EN8\/EY8)<\/p>\n<p>S17EFK8\/EFM8\/EFP8 800 AXYS PRO RMK\/LE 155 ALL OPTIONS (2017) (R02) (S17EFK8\/EFM8\/EFP8)<\/p>\n<p>S17EFN8\/EFT8 800 AXYS RMK ASSAULT 155 ALL OPTIONS (2017) (R01) (S17EFN8\/EFT8)<\/p>\n<p>S17EFS8 800 AXYS SKS 155 ALL OPTIONS (2017) (R01) (S17EFS8)<\/p>\n<p>S17EGK8\/EGM8\/EGP8 800 AXYS PRO RMK 163 ALL OPTIONS (2017) (R02) (S17EGK8\/EGM8\/EGP8)<\/p>\n<p>S17EHP8P 800 AXYS PRO RMK 174 ALL OPTIONS (2017) (R01) (S17EHP8P)<\/p>\n<p>S18EFK8P\/EFM8P 800 AXYS PRO RMK 155 ALL OPTIONS (2018) (R01) (S18EFK8P\/EFM8P)<\/p>\n<p>S18EFS8P 800 AXYS SKS 155 ALL OPTIONS (2018) (R01) (S18EFS8P)<\/p>\n<p>S18EFT8P 800 AXYS RMK ASSAULT 155 ALL OPTIONS (2018) (R01) (S18EFT8P)<\/p>\n<p>S18EGK8P\/EGM8P 800 AXYS PRO RMK 163 ALL OPTIONS (2018) (R01) (S18EGK8P\/EGM8P)<\/p>\n<p>S18EHM8PS\/PEB 800 AXYS PRO RMK 174, 3&#8243; ALL OPTIONS (2018) (R01) (S18EHM8PS\/PEB)<\/p>\n<p>S18ELS8P 800 AXYS SKS 146 ALL OPTIONS (2018) (R01) (S18ELS8P)<\/p>\n<p>S19EFK8PS\/PEB\/EFM8PS 800 AXYS PRO-RMK 155\/INTL SC SELECT\/3&#8243;SC SELECT (2019) (R02) (S19EFK8PS\/PEB\/EFM8PS)<\/p>\n<p>S19EFK8R\/EFM8R 850 PRO-RMK 155\/INTL SC SELECT (2019) (R04) (S19EFK8R\/EFM8R)<\/p>\n<p>S19EFS8PS 800 AXYS SKS 155 SC SELECT ALL OPTIONS (2019) (R01) (S19EFS8PS)<\/p>\n<p>S19EFS8R 850 AXYS SKS 155 SC SELECT\/INTL (2019) (R04) (S19EFS8R)<\/p>\n<p>S19EFT8PS\/PEB 800 RMK ASSAULT 155\/INTL SC SELECT (2019) (R01) (S19EFT8PS\/PEB)<\/p>\n<p>S19EGK8PS\/EGM8PS 800 AXYS PRO-RMK 163 SC SEL.\/3&#8243; SC SEL. (2019) (R03) (S19EGK8PS\/EGM8PS)<\/p>\n<p>S19EGK8R\/EGM8R 850 AXYS PRO-RMK 163\/INTL SC SELECT (2019) (R04) (S19EGK8R\/EGM8R)<\/p>\n<p>S19EHM8PS 800 AXYS PRO-RMK 174 3&#8243; SC SELECT (2019) (R02) (S19EHM8PS)<\/p>\n<p>S19EHM8R 850 AXYS PRO-RMK\/INTL 174 3&#8243; SC SELECT (2019) (R04) (S19EHM8R)<\/p>\n<p>S19ELS8PS\/PEB 800 AXYS SKS 146\/INTL ALL OPTIONS (2019) (R01) (S19ELS8PS\/PEB)<\/p>\n<p>S19ELS8R 850 SKS 146 ALL OPTIONS (2019) (R03) (S19ELS8R)<\/p>\n<p>S20EFK8PS\/EFM8PS 800 AXYS PRO-RMK 155\/155 3&#8243; SC SELECT (2020) (R01) (S20EFK8PS\/EFM8PS)<\/p>\n<p>S20EFK8RS\/EFK8RE\/EFM8RS\/EFM8RE 850 AXYS PRO-RMK 155\/155 3&#8243;\/INTL (2020) (R01) (S20EFK8RS\/EFK8RE\/EFM8RS\/EFM8RE)<\/p>\n<p>S20EFS8PS 800 AXYS SKS 155 SC SELECT ALL OPTIONS (2020) (R01) (S20EFS8PS)<\/p>\n<p>S20EFS8RS\/8RE 850 AXYS SKS 155\/INTL SC SELECT (2020) (R02) (S20EFS8RS\/8RE)<\/p>\n<p>S20EFT8PS\/EFN8PS 800 RMK KHAOS 155\/155 3&#8243; SC SELECT (2020) (R03) (S20EFT8PS\/EFN8PS)<\/p>\n<p>S20EFT8R\/EFN8R 850 RMK KHAOS 155\/155 3&#8243;\/INTL SC SELECT (2020) (R03) (S20EFT8R\/EFN8R)<\/p>\n<p>S20EGK8PS\/EGM8PS 800 AXYS PRO-RMK 163\/163 3&#8243; SC SELECT (2020) (R01) (S20EGK8PS\/EGM8PS)<\/p>\n<p>S20EGK8RS\/EGM8RS\/EGM8RE 850 AXYS PRO-RMK 163\/163 3&#8243;\/INTL SC SELECT (2020) (R01) (S20EGK8RS\/EGM8RS\/EGM8RE)<\/p>\n<p>S20EHM8PS 800 AXYS PRO RMK 174 3&#8243; SC SELECT (2020) (R01) (S20EHM8PS)<\/p>\n<p>S20EHM8RS 850 AXYS PRO RMK 174 3&#8243; SC SELECT (2020) (R02) (S20EHM8RS)<\/p>\n<p>S20ELS8PS 800 SKS 146 SC SELECT ALL OPTIONS (2020) (R01) (S20ELS8PS)<\/p>\n<p>S21EFK6PS\/6PE 600 AXYS PRO RMK 155\/INTL ALL OPTIONS (2021) (R01) (S21EFK6PS\/6PE)<\/p>\n<p>S21EFK8R\/EFM8R 850 AXYS PRO-RMK 155\/155 3&#8243;\/INTL (2021) (R02) (S21EFK8R\/EFM8R)<\/p>\n<p>S21EFS8RS\/8RE 850 SKS 155\/INTL ALL OPTIONS (2021) (R02) (S21EFS8RS\/8RE)<\/p>\n<p>S21EFT8R\/EFN8R 850 RMK KHAOS 155\/INTL (2021) (R03) (S21EFT8R\/EFN8R)<\/p>\n<p>S21EGK8R\/EGM8R 850 AXYS PRO-RMK 163\/165\/INTL ALL OPTIONS (2021) (R02) (S21EGK8R\/EGM8R)<\/p>\n<p>S21EGT8R 850 RMK KHAOS 163\/165\/INTL ALL OPTIONS (2021) (R03) (S21EGT8R)<\/p>\n<p>S21EHK8RC 850 AXYS PRO-RMK 174&#8243; ALL OPTIONS (2021) (R02) (S21EHK8RC)<\/p>\n<p>S21TDP6RS\/6RE 650 MATRYX INDY XC 137\/INTL (2021) (R04) (S21TDP6RS\/6RE)<\/p>\n<p>S21TDP8RS\/8RE 850 MATRYX INDY XC 137\/INTL (2021) (R02) (S21TDP8RS\/8RE)<\/p>\n<p>S21TDV6RS\/6RE 650 MATRYX INDY VR1 137\/INTL (2021) (R03) (S21TDV6RS\/6RE)<\/p>\n<p>S21TDV8RS\/8RE 850 MATRYX INDY VR1 137\/INTL (2021) (R01) (S21TDV8RS\/8RE)<\/p>\n<p>S21TKP6RS\/6RE 650 MATRYX INDY XC 129\/INTL (2021) (R02) (S21TKP6RS\/6RE)<\/p>\n<p>S21TKP8RS\/8RE 850 MATRYX INDY XC 129\/INTL (2021) (R02) (S21TKP8RS\/8RE)<\/p>\n<p>S21TKV6RS\/6RE 650 MATRYX INDY VR1 129\/INTL (2021) (R02) (S21TKV6RS\/6RE)<\/p>\n<p>S21TKV8RS\/8RE 850 MATRYX INDY VR1 129\/INTL (2021) (R01) (S21TKV8RS\/8RE)<\/p>\n<p>S21TLC6RS\/6RE 650 MATRYX SWITCHBACK ASSAULT 146\/INT (2021) (R02) (S21TLC6RS\/6RE)<\/p>\n<p>S21TLC8RS\/8RE 850 MATRYX SWITCHBACK ASSAULT 146\/INTL (2021) (R01) (S21TLC8RS\/8RE)<\/p>","protected":false},"featured_media":10219,"comment_status":"open","ping_status":"closed","template":"","meta":{"_acf_changed":false},"demonterat-fordon":[],"fordons-typ":[641],"make":[636],"parts-filter":[658,736,689,660,950,659],"prod-typ":[715],"tillverkare":[865],"product_brand":[],"product_cat":[1028],"product_tag":[],"class_list":{"0":"post-10312","1":"product","2":"type-product","3":"status-publish","4":"has-post-thumbnail","6":"fordons-typ-sno","7":"make-polaris","8":"parts-filter-axys","9":"parts-filter-fusion","10":"parts-filter-iq-chassie","11":"parts-filter-iq-r-rr","12":"parts-filter-matryx","13":"parts-filter-pro-ride","14":"prod-typ-beg","15":"tillverkare-polaris","16":"product_cat-sekundar-fjader","18":"first","19":"instock","20":"purchasable","21":"product-type-simple"},"acf":[],"_links":{"self":[{"href":"https:\/\/whitepowder.se\/en\/wp-json\/wp\/v2\/product\/10312","targetHints":{"allow":["GET"]}}],"collection":[{"href":"https:\/\/whitepowder.se\/en\/wp-json\/wp\/v2\/product"}],"about":[{"href":"https:\/\/whitepowder.se\/en\/wp-json\/wp\/v2\/types\/product"}],"replies":[{"embeddable":true,"href":"https:\/\/whitepowder.se\/en\/wp-json\/wp\/v2\/comments?post=10312"}],"wp:featuredmedia":[{"embeddable":true,"href":"https:\/\/whitepowder.se\/en\/wp-json\/wp\/v2\/media\/10219"}],"wp:attachment":[{"href":"https:\/\/whitepowder.se\/en\/wp-json\/wp\/v2\/media?parent=10312"}],"wp:term":[{"taxonomy":"demonterat-fordon","embeddable":true,"href":"https:\/\/whitepowder.se\/en\/wp-json\/wp\/v2\/demonterat-fordon?post=10312"},{"taxonomy":"fordons-typ","embeddable":true,"href":"https:\/\/whitepowder.se\/en\/wp-json\/wp\/v2\/fordons-typ?post=10312"},{"taxonomy":"make","embeddable":true,"href":"https:\/\/whitepowder.se\/en\/wp-json\/wp\/v2\/make?post=10312"},{"taxonomy":"parts-filter","embeddable":true,"href":"https:\/\/whitepowder.se\/en\/wp-json\/wp\/v2\/parts-filter?post=10312"},{"taxonomy":"prod-typ","embeddable":true,"href":"https:\/\/whitepowder.se\/en\/wp-json\/wp\/v2\/prod-typ?post=10312"},{"taxonomy":"tillverkare","embeddable":true,"href":"https:\/\/whitepowder.se\/en\/wp-json\/wp\/v2\/tillverkare?post=10312"},{"taxonomy":"product_brand","embeddable":true,"href":"https:\/\/whitepowder.se\/en\/wp-json\/wp\/v2\/product_brand?post=10312"},{"taxonomy":"product_cat","embeddable":true,"href":"https:\/\/whitepowder.se\/en\/wp-json\/wp\/v2\/product_cat?post=10312"},{"taxonomy":"product_tag","embeddable":true,"href":"https:\/\/whitepowder.se\/en\/wp-json\/wp\/v2\/product_tag?post=10312"}],"curies":[{"name":"wp","href":"https:\/\/api.w.org\/{rel}","templated":true}]}}