{"id":11373,"date":"2024-08-07T20:44:30","date_gmt":"2024-08-07T18:44:30","guid":{"rendered":"https:\/\/whitepowder.se\/?post_type=product&#038;p=11373"},"modified":"2025-10-23T08:16:29","modified_gmt":"2025-10-23T06:16:29","slug":"polaris-3233395-dog-engage-hi-wtd","status":"publish","type":"product","link":"https:\/\/whitepowder.se\/en\/polaris-3233395-dog-engage-hi-wtd\/","title":{"rendered":"Polaris 3233395 &#8211; Dog Engage.Hi Wtd"},"content":{"rendered":"<p>Polaris 3233395 &#8211; Dog Engage.Hi Wtd<\/p>\n<p>Superseded by 3233470<\/p>\n<p>&nbsp;<\/p>\n<p>OBS !! detta drev kan endast monteras ihop med matchande \u00f6vriga drev av f\u00f6rsta modellen.<\/p>\n<p>Dessa 3 drev beh\u00f6ver vara I samma v\u00e4xell\u00e5da<br \/>\n3233394<br \/>\n3233395<br \/>\n3233396<\/p>\n<p>Detta drev: 3233395<br \/>\nkan ej monteras ihop med dom uppdaterade dreven<br \/>\n3233471<br \/>\n3233470<br \/>\n3233472 alt \u00a03233512<\/p>","protected":false},"excerpt":{"rendered":"<p>Polaris 3233395 Sitter Original p\u00e5 :<\/p>\n<p>0972061 WIDETRAK GT (1997) (0972061)<\/p>\n<p>0972065 WIDETRAK LX (1997) (0972065)<\/p>","protected":false},"featured_media":10654,"comment_status":"open","ping_status":"closed","template":"","meta":{"_acf_changed":false},"demonterat-fordon":[],"fordons-typ":[641],"make":[636],"parts-filter":[671],"prod-typ":[716],"tillverkare":[865],"product_brand":[],"product_cat":[98],"product_tag":[],"class_list":{"0":"post-11373","1":"product","2":"type-product","3":"status-publish","4":"has-post-thumbnail","6":"fordons-typ-sno","7":"make-polaris","8":"parts-filter-widetrak","9":"prod-typ-nos","10":"tillverkare-polaris","11":"product_cat-chaincase-internals","13":"first","14":"instock","15":"purchasable","16":"product-type-simple"},"acf":[],"_links":{"self":[{"href":"https:\/\/whitepowder.se\/en\/wp-json\/wp\/v2\/product\/11373","targetHints":{"allow":["GET"]}}],"collection":[{"href":"https:\/\/whitepowder.se\/en\/wp-json\/wp\/v2\/product"}],"about":[{"href":"https:\/\/whitepowder.se\/en\/wp-json\/wp\/v2\/types\/product"}],"replies":[{"embeddable":true,"href":"https:\/\/whitepowder.se\/en\/wp-json\/wp\/v2\/comments?post=11373"}],"wp:featuredmedia":[{"embeddable":true,"href":"https:\/\/whitepowder.se\/en\/wp-json\/wp\/v2\/media\/10654"}],"wp:attachment":[{"href":"https:\/\/whitepowder.se\/en\/wp-json\/wp\/v2\/media?parent=11373"}],"wp:term":[{"taxonomy":"demonterat-fordon","embeddable":true,"href":"https:\/\/whitepowder.se\/en\/wp-json\/wp\/v2\/demonterat-fordon?post=11373"},{"taxonomy":"fordons-typ","embeddable":true,"href":"https:\/\/whitepowder.se\/en\/wp-json\/wp\/v2\/fordons-typ?post=11373"},{"taxonomy":"make","embeddable":true,"href":"https:\/\/whitepowder.se\/en\/wp-json\/wp\/v2\/make?post=11373"},{"taxonomy":"parts-filter","embeddable":true,"href":"https:\/\/whitepowder.se\/en\/wp-json\/wp\/v2\/parts-filter?post=11373"},{"taxonomy":"prod-typ","embeddable":true,"href":"https:\/\/whitepowder.se\/en\/wp-json\/wp\/v2\/prod-typ?post=11373"},{"taxonomy":"tillverkare","embeddable":true,"href":"https:\/\/whitepowder.se\/en\/wp-json\/wp\/v2\/tillverkare?post=11373"},{"taxonomy":"product_brand","embeddable":true,"href":"https:\/\/whitepowder.se\/en\/wp-json\/wp\/v2\/product_brand?post=11373"},{"taxonomy":"product_cat","embeddable":true,"href":"https:\/\/whitepowder.se\/en\/wp-json\/wp\/v2\/product_cat?post=11373"},{"taxonomy":"product_tag","embeddable":true,"href":"https:\/\/whitepowder.se\/en\/wp-json\/wp\/v2\/product_tag?post=11373"}],"curies":[{"name":"wp","href":"https:\/\/api.w.org\/{rel}","templated":true}]}}