{"id":12576,"date":"2024-08-17T14:41:54","date_gmt":"2024-08-17T12:41:54","guid":{"rendered":"https:\/\/whitepowder.se\/?post_type=product&#038;p=12576"},"modified":"2024-09-10T14:10:11","modified_gmt":"2024-09-10T12:10:11","slug":"polaris-2201396-kolv-med-k-ringar-500-550-710mm","status":"publish","type":"product","link":"https:\/\/whitepowder.se\/en\/polaris-2201396-kolv-med-k-ringar-500-550-710mm\/","title":{"rendered":"Polaris 2201396 &#8211; Kolv Med K-Ringar, 500\/550 71,0Mm"},"content":{"rendered":"<p>Polaris 2201396 &#8211; Kolv Med K-Ringar, 500\/550 71,0Mm<br \/>\nKit, piston (.50mm\/.020 o\/s)<br \/>\nKolv med kolvringar &amp; Wrist pin.<br \/>\n500\/550 sno \/ 71,0mm (0,50mm oversize)<\/p>\n<p>* Anm\u00e4rkning: Instalation av wrist pin fr\u00e5n fabrik har l\u00e4mnat m\u00e4rken<\/p>","protected":false},"excerpt":{"rendered":"<p>Polaris 2201396 Sitter Original p\u00e5 :<br \/>\nPolaris Snowmobile 2000 SKS 550 EURO &#8211; E00SS5AU Piston &amp; Crankshaft<\/p>\n<p>Polaris Snowmobile 1999 XC 500 SP &#8211; 099SP5AS Piston &amp; Crankshaft<\/p>\n<p>Polaris Snowmobile 2001 RMK 500 136&#8242; &#8211; S01SR5AS Piston &amp; Crankshaft<\/p>\n<p>Polaris Snowmobile 1999 XC 500 &#8211; 099SB5AS Piston &amp; Crankshaft<\/p>\n<p>Polaris Snowmobile 2001 EURO 500 SKS &#8211; E01SS5AU Piston &amp; Crankshaft<\/p>\n<p>Polaris Snowmobile 2001 XC 500 &#8211; S01NP5AS Piston &amp; Crankshaft<\/p>\n<p>Polaris Snowmobile 2002 XC 500 &#8211; S02NP5AS Piston &amp; Crankshaft<\/p>\n<p>Polaris Snowmobile 2002 SKS 500 EURO &#8211; S02SS5AE Piston &amp; Crankshaft<\/p>\n<p>Polaris Snowmobile 2000 RMK 500 &#8211; S00SR5AS Piston &amp; Crankshaft<\/p>\n<p>Polaris Snowmobile 2002 RMK 500 (136) &#8211; S02SR5AS Piston &amp; Crankshaft<\/p>\n<p>Polaris Snowmobile 2000 XC 500 &#8211; S00SB5AS Piston &amp; Crankshaft<\/p>","protected":false},"featured_media":12265,"comment_status":"open","ping_status":"closed","template":"","meta":{"_acf_changed":false},"demonterat-fordon":[],"fordons-typ":[641],"make":[636],"parts-filter":[884],"prod-typ":[716],"tillverkare":[865],"product_brand":[],"product_cat":[596],"product_tag":[],"class_list":{"0":"post-12576","1":"product","2":"type-product","3":"status-publish","4":"has-post-thumbnail","6":"fordons-typ-sno","7":"make-polaris","8":"parts-filter-gen-ii","9":"prod-typ-nos","10":"tillverkare-polaris","11":"product_cat-kolvar","13":"first","14":"instock","15":"purchasable","16":"product-type-simple"},"acf":[],"_links":{"self":[{"href":"https:\/\/whitepowder.se\/en\/wp-json\/wp\/v2\/product\/12576","targetHints":{"allow":["GET"]}}],"collection":[{"href":"https:\/\/whitepowder.se\/en\/wp-json\/wp\/v2\/product"}],"about":[{"href":"https:\/\/whitepowder.se\/en\/wp-json\/wp\/v2\/types\/product"}],"replies":[{"embeddable":true,"href":"https:\/\/whitepowder.se\/en\/wp-json\/wp\/v2\/comments?post=12576"}],"wp:featuredmedia":[{"embeddable":true,"href":"https:\/\/whitepowder.se\/en\/wp-json\/wp\/v2\/media\/12265"}],"wp:attachment":[{"href":"https:\/\/whitepowder.se\/en\/wp-json\/wp\/v2\/media?parent=12576"}],"wp:term":[{"taxonomy":"demonterat-fordon","embeddable":true,"href":"https:\/\/whitepowder.se\/en\/wp-json\/wp\/v2\/demonterat-fordon?post=12576"},{"taxonomy":"fordons-typ","embeddable":true,"href":"https:\/\/whitepowder.se\/en\/wp-json\/wp\/v2\/fordons-typ?post=12576"},{"taxonomy":"make","embeddable":true,"href":"https:\/\/whitepowder.se\/en\/wp-json\/wp\/v2\/make?post=12576"},{"taxonomy":"parts-filter","embeddable":true,"href":"https:\/\/whitepowder.se\/en\/wp-json\/wp\/v2\/parts-filter?post=12576"},{"taxonomy":"prod-typ","embeddable":true,"href":"https:\/\/whitepowder.se\/en\/wp-json\/wp\/v2\/prod-typ?post=12576"},{"taxonomy":"tillverkare","embeddable":true,"href":"https:\/\/whitepowder.se\/en\/wp-json\/wp\/v2\/tillverkare?post=12576"},{"taxonomy":"product_brand","embeddable":true,"href":"https:\/\/whitepowder.se\/en\/wp-json\/wp\/v2\/product_brand?post=12576"},{"taxonomy":"product_cat","embeddable":true,"href":"https:\/\/whitepowder.se\/en\/wp-json\/wp\/v2\/product_cat?post=12576"},{"taxonomy":"product_tag","embeddable":true,"href":"https:\/\/whitepowder.se\/en\/wp-json\/wp\/v2\/product_tag?post=12576"}],"curies":[{"name":"wp","href":"https:\/\/api.w.org\/{rel}","templated":true}]}}