{"id":12997,"date":"2024-08-25T10:13:08","date_gmt":"2024-08-25T08:13:08","guid":{"rendered":"https:\/\/whitepowder.se\/?post_type=product&#038;p=12997"},"modified":"2025-03-17T22:35:05","modified_gmt":"2025-03-17T21:35:05","slug":"polaris-5411608-gummi-dampare-sachs-stot","status":"publish","type":"product","link":"https:\/\/whitepowder.se\/en\/polaris-5411608-gummi-dampare-sachs-stot\/","title":{"rendered":"Polaris 5411608 &#8211; Gummi D\u00e4mpare Sachs-St\u00f6t"},"content":{"rendered":"<p>Polaris 5411608 &#8211; Gummi D\u00e4mpare Sachs-St\u00f6t<br \/>\nMcu bumper, 17.8 mm<br \/>\nS\u00e4ljes styckvis &#8211; Sold individually<\/p>","protected":false},"excerpt":{"rendered":"<p>Polaris 5411608 Sitter Original p\u00e5 :<\/p>\n<p>POLARIS 1999 INTL DIESEL A99CH45IA FRONT STRUT<br \/>\npolaris intl diesel a99ch45ia -1999<br \/>\nPOLARIS 1999 MAGNUM 500 A99CD50AA FRONT STRUT<br \/>\npolaris magnum 500 a99cd50aa -1999<br \/>\nPOLARIS 1999 SCRAMBLER 500 A99BG50AA FRONT STRUT<br \/>\npolaris scrambler 500 a99bg50aa -1999<br \/>\nPOLARIS 2000 325 MAGNUM 4X4 HDS A00CD32FA FRONT STRUT<br \/>\npolaris 325 magnum 4&#215;4 hds a00cd32fa -2000<br \/>\nPOLARIS 2000 DIESEL A00CH46CA FRONT STRUT<br \/>\npolaris diesel a00ch46ca -2000<br \/>\nPOLARIS 2000 MAGNUM 325 4X4 A00CD32CA FRONT STRUT<br \/>\npolaris magnum 325 4&#215;4 a00cd32ca -2000<br \/>\nPOLARIS 2000 MAGNUM 500 A00CD50AA FRONT STRUT<br \/>\npolaris magnum 500 a00cd50aa -2000<br \/>\nPOLARIS 2000 SCRAMBLER 400 A00BG38CA FRONT STRUT<br \/>\npolaris scrambler 400 a00bg38ca -2000<br \/>\nPOLARIS 2000 SPORTSMAN 500 A00CH50AA FRONT STRUT<br \/>\npolaris sportsman 500 a00ch50aa -2000<br \/>\nPOLARIS 2000 SPORTSMAN 6X6 A00CL50AA FRONT STRUT<br \/>\npolaris sportsman 6&#215;6 a00cl50aa -2000<br \/>\nPOLARIS 2000 XPEDITION 325 A00CK32AA FRONT STRUT<br \/>\npolaris xpedition 325 a00ck32aa -2000<br \/>\nPOLARIS 2000 XPEDITION 425 A00CK42AA FRONT STRUT<br \/>\npolaris xpedition 425 a00ck42aa -2000<br \/>\nPOLARIS 2001 325 MAGNUM 4X4 HDS A01CD32FB FRONT STRUT<br \/>\npolaris 325 magnum 4&#215;4 hds a01cd32fb -2001<br \/>\nPOLARIS 2001 500 MAGNUM 500 HDS A01CD50FB FRONT STRUT<br \/>\npolaris 500 magnum 500 hds a01cd50fb -2001<br \/>\nPOLARIS 2001 DIESEL A10CH46CA FRONT STRUT<br \/>\npolaris diesel a10ch46ca -2001<br \/>\nPOLARIS 2001 MAGNUM 325 2X4 A01CB32AA FRONT STRUT<br \/>\npolaris magnum 325 2&#215;4 a01cb32aa -2001<br \/>\nPOLARIS 2001 XPEDITION 325 A01CK32AA FRONT STRUT<br \/>\npolaris xpedition 325 a01ck32aa -2001<br \/>\nPOLARIS 2002 LUH 6X6 PPS C02CL50AB FRONT STRUT<br \/>\npolaris luh 6&#215;6 pps c02cl50ab -2002<br \/>\nPOLARIS 2002 SCRAMBLER 400 4X4 A02BG38CA FRONT STRUT<br \/>\npolaris scrambler 400 4&#215;4 a02bg38ca -2002<br \/>\nPOLARIS 2002 SPORTSMAN 400 A02CH42AA FRONT STRUT<br \/>\npolaris sportsman 400 a02ch42aa -2002<br \/>\nPOLARIS 2002 SPORTSMAN 700 A02CH68AA AB AC CA CB FRONT STRUT<br \/>\npolaris sportsman 700 a02ch68aa ab ac ca cb -2002<br \/>\nPOLARIS 2002 XPEDITION 425 A02CK42AA AB FRONT STRUT<br \/>\npolaris xpedition 425 a02ck42aa ab -2002<br \/>\nPOLARIS 2002 XPLORER 400 A02CG38CA FRONT STRUT<br \/>\npolaris xplorer 400 a02cg38ca -2002<br \/>\nPOLARIS 2003 500 MAGNUM 4X4 HDS A03CD50FB FRONT STRUT<br \/>\npolaris 500 magnum 4&#215;4 hds a03cd50fb -2003<br \/>\nPOLARIS 2003 MAGNUM 330 4X4 A03CD32AA AB AC FB FRONT STRUT<br \/>\npolaris magnum 330 4&#215;4 a03cd32aa ab ac fb -2003<br \/>\nPOLARIS 2003 SCRAMBLER 500 4X4 A03BG50AA FRONT STRUT<br \/>\npolaris scrambler 500 4&#215;4 a03bg50aa -2003<br \/>\nPOLARIS 2003 SPORTSMAN 400 A03CH42AA AB AC FRONT STRUT<br \/>\npolaris sportsman 400 a03ch42aa ab ac -2003<br \/>\nPOLARIS 2003 SPORTSMAN 500 HO A03CH50AA AB AC AD AE AH AJ FRONT STRUT<br \/>\npolaris sportsman 500 ho a03ch50aa ab ac ad ae ah aj -2003<br \/>\nPOLARIS 2003 SPORTSMAN 700 A03CH68AA AC AF AH AL FRONT STRUT<br \/>\npolaris sportsman 700 a03ch68aa ac af ah al -2003<br \/>\nPOLARIS 2004 ATP 330 4X4 A04JD32AA FRONT STRUT<br \/>\npolaris atp 330 4&#215;4 a04jd32aa -2004<br \/>\nPOLARIS 2004 ATP 500 4X4 A04JD50AA AB CA FRONT STRUT<br \/>\npolaris atp 500 4&#215;4 a04jd50aa ab ca -2004<br \/>\nPOLARIS 2004 SCRAMBLER 500 4X4 A04BG50AA FA FRONT STRUT<br \/>\npolaris scrambler 500 4&#215;4 a04bg50aa fa -2004<br \/>\nPOLARIS 2004 SPORTSMAN 400 A04CH42AA AE AG FRONT STRUT<br \/>\npolaris sportsman 400 a04ch42aa ae ag -2004<br \/>\nPOLARIS 2004 SPORTSMAN 400 A04CH42AQ AR AS AT AV FRONT STRUT<br \/>\npolaris sportsman 400 a04ch42aq ar as at av -2004<br \/>\nPOLARIS 2004 SPORTSMAN 500 A04CH50AA AC AE AG FRONT STRUT<br \/>\npolaris sportsman 500 a04ch50aa ac ae ag -2004<br \/>\nPOLARIS 2004 SPORTSMAN 500 A04CH50AO AQ AR AS AT AV AW AX FRONT STRUT<br \/>\npolaris sportsman 500 a04ch50ao aq ar as at av aw ax -2004<br \/>\nPOLARIS 2004 SPORTSMAN 600 A04CH59AF AH AJ AT AV FRONT STRUT<br \/>\npolaris sportsman 600 a04ch59af ah aj at av -2004<br \/>\nPOLARIS 2004 SPORTSMAN 600 A04CH59AK AL AN AQ AW FRONT STRUT<br \/>\npolaris sportsman 600 a04ch59ak al an aq aw -2004<br \/>\nPOLARIS 2004 SPORTSMAN 6X6 A04CL50AA FRONT STRUT<br \/>\npolaris sportsman 6&#215;6 a04cl50aa -2004<br \/>\nPOLARIS 2004 SPORTSMAN 700 A04CH68AC AF AH AJ AT AV FRONT STRUT<br \/>\npolaris sportsman 700 a04ch68ac af ah aj at av -2004<br \/>\nPOLARIS 2004 SPORTSMAN 700 A04CH68AK AL AN AO FRONT STRUT<br \/>\npolaris sportsman 700 a04ch68ak al an ao -2004<br \/>\nPOLARIS 2004 SPORTSMAN 700 A04CH68AP AQ AU CU FRONT STRUT<br \/>\npolaris sportsman 700 a04ch68ap aq au cu -2004<br \/>\nPOLARIS 2005 RANGER 2X4 4X4 6X6 R05RB50AA RD50AA AB AC AD RF50AA AB FRONT STRUT<br \/>\npolaris ranger 2&#215;4 4&#215;4 6&#215;6 r05rb50aa rd50aa ab ac ad rf50aa ab -2005<br \/>\nPOLARIS SERIES 10 PTV 4X4 C10CD50AA FRONT STRUT<br \/>\npolaris ptv 4&#215;4 c10cd50aa -series 10<br \/>\nPOLARIS SERIES 10 PTV 6X6 C10CL50AA FRONT STRUT<br \/>\npolaris ptv 6&#215;6 c10cl50aa -series 10<br \/>\nPOLARIS SERIES 10 RANGER 500 6X6 A10RF50AB FRONT STRUT<br \/>\npolaris ranger 500 6&#215;6 a10rf50ab -series 10<br \/>\nPOLARIS SERIES 10 RANGER A10RB42AA FRONT STRUT<br \/>\npolaris ranger a10rb42aa -series 10<br \/>\nPOLARIS SERIES 10 RANGER A10RD50AA FRONT STRUT<br \/>\npolaris ranger a10rd50aa -series 10<br \/>\nPOLARIS SERIES 10 UTV 4X4 C10RD50AA FRONT STRUT<br \/>\npolaris utv 4&#215;4 c10rd50aa -series 10<br \/>\nPOLARIS SERIES 11 RANGER A11RB42AA A11RD50AA AB A11RF50AA FRONT STRUT<br \/>\npolaris ranger a11rb42aa a11rd50aa ab a11rf50aa -series 11<br \/>\nPOLARIS SERIES 11 UTV 2X4 4X4 6X6 C11RB42AA C11RD50AA AB C11RF50AA FRONT STRUT<br \/>\npolaris utv 2&#215;4 4&#215;4 6&#215;6 c11rb42aa c11rd50aa ab c11rf50aa -series 11<\/p>","protected":false},"featured_media":12815,"comment_status":"open","ping_status":"closed","template":"","meta":{"_acf_changed":false},"demonterat-fordon":[],"fordons-typ":[642],"make":[636],"parts-filter":[],"prod-typ":[716],"tillverkare":[865],"product_brand":[],"product_cat":[121],"product_tag":[],"class_list":{"0":"post-12997","1":"product","2":"type-product","3":"status-publish","4":"has-post-thumbnail","6":"fordons-typ-atv-utv","7":"make-polaris","8":"prod-typ-nos","9":"tillverkare-polaris","10":"product_cat-spare-parts-shocks","12":"first","13":"instock","14":"purchasable","15":"product-type-simple"},"acf":[],"_links":{"self":[{"href":"https:\/\/whitepowder.se\/en\/wp-json\/wp\/v2\/product\/12997","targetHints":{"allow":["GET"]}}],"collection":[{"href":"https:\/\/whitepowder.se\/en\/wp-json\/wp\/v2\/product"}],"about":[{"href":"https:\/\/whitepowder.se\/en\/wp-json\/wp\/v2\/types\/product"}],"replies":[{"embeddable":true,"href":"https:\/\/whitepowder.se\/en\/wp-json\/wp\/v2\/comments?post=12997"}],"wp:featuredmedia":[{"embeddable":true,"href":"https:\/\/whitepowder.se\/en\/wp-json\/wp\/v2\/media\/12815"}],"wp:attachment":[{"href":"https:\/\/whitepowder.se\/en\/wp-json\/wp\/v2\/media?parent=12997"}],"wp:term":[{"taxonomy":"demonterat-fordon","embeddable":true,"href":"https:\/\/whitepowder.se\/en\/wp-json\/wp\/v2\/demonterat-fordon?post=12997"},{"taxonomy":"fordons-typ","embeddable":true,"href":"https:\/\/whitepowder.se\/en\/wp-json\/wp\/v2\/fordons-typ?post=12997"},{"taxonomy":"make","embeddable":true,"href":"https:\/\/whitepowder.se\/en\/wp-json\/wp\/v2\/make?post=12997"},{"taxonomy":"parts-filter","embeddable":true,"href":"https:\/\/whitepowder.se\/en\/wp-json\/wp\/v2\/parts-filter?post=12997"},{"taxonomy":"prod-typ","embeddable":true,"href":"https:\/\/whitepowder.se\/en\/wp-json\/wp\/v2\/prod-typ?post=12997"},{"taxonomy":"tillverkare","embeddable":true,"href":"https:\/\/whitepowder.se\/en\/wp-json\/wp\/v2\/tillverkare?post=12997"},{"taxonomy":"product_brand","embeddable":true,"href":"https:\/\/whitepowder.se\/en\/wp-json\/wp\/v2\/product_brand?post=12997"},{"taxonomy":"product_cat","embeddable":true,"href":"https:\/\/whitepowder.se\/en\/wp-json\/wp\/v2\/product_cat?post=12997"},{"taxonomy":"product_tag","embeddable":true,"href":"https:\/\/whitepowder.se\/en\/wp-json\/wp\/v2\/product_tag?post=12997"}],"curies":[{"name":"wp","href":"https:\/\/api.w.org\/{rel}","templated":true}]}}