{"id":13389,"date":"2024-08-26T09:41:44","date_gmt":"2024-08-26T07:41:44","guid":{"rendered":"https:\/\/whitepowder.se\/?post_type=product&#038;p=13389"},"modified":"2026-01-16T08:02:18","modified_gmt":"2026-01-16T07:02:18","slug":"polaris-2010409-lh-control-asm","status":"publish","type":"product","link":"https:\/\/whitepowder.se\/en\/polaris-2010409-lh-control-asm\/","title":{"rendered":"Polaris 2010409 &#8211; Lh Control , Asm.,"},"content":{"rendered":"<p>Polaris 2010409 &#8211; Lh Control , Asm.,<\/p>\n<p>* Anm\u00e4rkning: Smutsig\/dammig f\u00f6rpackningen har haft locket \u00f6ppet vid f\u00f6rvaring<\/p>","protected":false},"excerpt":{"rendered":"<p>Polaris 2010409 Sitter Original p\u00e5 :<\/p>\n<p>2015 600 RUSH PRO S ALL OPTIONS (S15DP6) &#8211; Electrical, Switches, Sensors &amp; Components All Options<\/p>\n<p>2015 600 RUSH PRO-X INTL (S15DF6PEL) &#8211; Electrical, Switches, Sensors &amp; Components<\/p>\n<p>2015 600 SWITCHBACK ADVENTURE ALL OPTIONS (S15DA6PSL\/PSM\/PEL) &#8211; Electrical, Switches, Sensors &amp; Components S15da6 All Options<\/p>\n<p>2015 600 SWITCHBACK PRO S ALL OPTIONS (S15DS6) &#8211; Electrical, Switches, Sensors &amp; Components All Options<\/p>\n<p>2015 600 SWITCHBACK PRO-X ES INTL (S15DR6PEL) &#8211; Electrical, Switches, Sensors &amp; Components<\/p>\n<p>2015 800 RUSH PRO S ALL OPTIONS (S15DP8) &#8211; Electrical, Switches, Sensors &amp; Components 1 All Options<\/p>\n<p>2015 800 RUSH PRO X ALL OPTIONS (S15DF8PEL\/PS) &#8211; Electrical, Switches, Sensors &amp; Components 1 S15df8 All Options<\/p>\n<p>2015 800 SWITCHBACK PRO S ALL OPTIONS (S15DS8PS\/PSA\/PSL) &#8211; Electrical, Switches, Sensors &amp; Components 1 S15ds8 All Options<\/p>\n<p>2015 800 SWITCHBACK PRO-X ALL OPTIONS (S15DR8PS\/PEL) &#8211; Electrical, Switches, Sensors &amp; Components 1<\/p>\n<p>2016 600 RUSH PRO-S ALL OPTIONS (S16DP6) &#8211; Electrical, Switches, Sensors &amp; Components All Options<\/p>\n<p>2016 600 RUSH PRO-X INTL ALL OPTIONS (S16DF6) &#8211; Electrical, Switches, Sensors &amp; Components Pe\/Pel All Options<\/p>\n<p>2016 600 SWITCHBACK ADVENTURE\/INTL (S16DA6PEL\/PSL) &#8211; Electrical, Switches, Sensors &amp; Components<\/p>\n<p>2016 600 SWITCHBACK PRO-S ALL OPTIONS (S16DS6) &#8211; Electrical, Switches, Sensors &amp; Components All Options<\/p>\n<p>2016 600 SWITCHBACK PRO-X INTL ALL OPTIONS (S16DR6PE\/PEL) &#8211; Electrical, Switches, Sensors &amp; Components All Options<\/p>\n<p>2016 800 RUSH PRO-S ALL OPTIONS (S16DP8) &#8211; Electrical, Switches, Sensors &amp; Components All Options<\/p>\n<p>2016 800 RUSH PRO-X ALL OPTIONS (S16DF8) &#8211; Electrical, Switches, Sensors &amp; Components All Options<\/p>\n<p>2016 800 SWITCHBACK ADVENTURE\/INTL (S16DA8PSL\/PEL) &#8211; Electrical, Switches, Sensors &amp; Components<\/p>\n<p>2016 800 SWITCHBACK PRO X\/INTL ALL OPTIONS (S16DR8) &#8211; Electrical, Switches, Sensors &amp; Components All Options<\/p>\n<p>2016 800 SWITCHBACK PRO-S ALL OPTIONS (S16DS8) &#8211; Electrical, Switches, Sensors &amp; Components All Options<\/p>\n<p>2017 600 RMK\/ES 144 (S17EEG6PSA\/PSL) &#8211; Electrical, Switches, Sensors &amp; Components<\/p>\n<p>2017 600 RUSH PRO S ALL OPTIONS (S17DCH6) &#8211; Electrical, Switches, Sensors &amp; Components All Options<\/p>\n<p>2017 600 RUSH XCR\/INTL ES (S17DCL6PSA\/PEL) &#8211; Electrical, Switches, Sensors &amp; Components<\/p>\n<p>2017 600 SWITCHBACK ADVENTURE (S17DDE6PSL) &#8211; Electrical, Switches, Sensors &amp; Components<\/p>\n<p>2017 600 SWITCHBACK ASSAULT 144 ALL OPTIONS (S17EEC6) &#8211; Electrical, Switches, Sensors &amp; Components All Options<\/p>\n<p>2017 600 SWITCHBACK PRO S ALL OPTIONS (S17DDH6) &#8211; Electrical, Switches, Sensors &amp; Components All Options<\/p>\n<p>2017 600 SWITCHBACK PRO X INTL (S17DDJ6PEM) &#8211; Electrical, Switches, Sensors &amp; Components<\/p>\n<p>2017 600 SWITCHBACK SP ALL OPTIONS (S17EER6) &#8211; Electrical, Switches, Sensors &amp; Components All Options<\/p>\n<p>2017 600 VOYAGEUR\/INTL 144 (S17EEF6PSL\/PEL) &#8211; Electrical, Switches, Sensors &amp; Components<\/p>\n<p>2017 800 RUSH PRO S ALL OPTIONS (S17DCH8) &#8211; Electrical, Switches, Sensors &amp; Components All Options<\/p>\n<p>2017 800 RUSH PRO X SC (S17DCJ8PS) &#8211; Electrical, Switches, Sensors &amp; Components All Options<\/p>\n<p>2017 800 RUSH XCR\/INTL ES (S17DCL8PSA\/PEL) &#8211; Electrical, Switches, Sensors &amp; Components<\/p>\n<p>2017 800 SWITCHBACK ADVENTURE\/INTL (S17DDE8PSL\/PEL) &#8211; Electrical, Switches, Sensors &amp; Components<\/p>\n<p>2017 800 SWITCHBACK ASSAULT 144 ALL OPTIONS (S17EEC8) &#8211; Electrical, Switches, Sensors &amp; Components All Options<\/p>\n<p>2017 800 SWITCHBACK PRO S ALL OPTIONS (S17DDH8) &#8211; Electrical, Switches, Sensors &amp; Components All Options<\/p>\n<p>2017 800 SWITCHBACK PRO X\/INTL ALL OPTIONS (S17DDJ8) &#8211; Electrical, Switches, Sensors &amp; Components All Options<\/p>\n<p>2018 600 RMK\/ES 144 (S18EEG6PSA\/PSL) &#8211; Electrical, Switches, Sensors &amp; Components<\/p>\n<p>2018 600 RUSH PRO-S ALL OPTIONS (S18DCH6PS) &#8211; Electrical, Switches, Sensors &amp; Components All Options<\/p>\n<p>2018 600 RUSH XCR\/INTL ALL OPTIONS (S18DCL6PS\/PEM) &#8211; Electrical, Switches, Sensors &amp; Components<\/p>\n<p>2018 600 SWITCHBACK ADVENTURE 137 ES (S18DDE6PSL) &#8211; Electrical, Switches, Sensors &amp; Components<\/p>\n<p>2018 600 SWITCHBACK ASSAULT 144 ALL OPTIONS (S18EEC6P) &#8211; Electrical, Switches, Sensors &amp; Components All Options<\/p>\n<p>2018 600 SWITCHBACK PRO-S ALL OPTIONS (S18DDH6PS) &#8211; Electrical, Switches, Sensors &amp; Components All Options<\/p>\n<p>2018 600 SWITCHBACK SP 144 (S18EER6PSA\/PSL\/PEL) &#8211; Electrical, Switches, Sensors &amp; Components<\/p>\n<p>2018 600 SWITCHBACK XCR\/INTL ALL OPTIONS (S18DDL6PS\/PEM) &#8211; Electrical, Switches, Sensors &amp; Components<\/p>\n<p>2018 600 VOYAGEUR 144 ES\/INTL (S18EEF6PSL\/PEL) &#8211; Electrical, Switches, Sensors &amp; Components<\/p>\n<p>2018 800 AXYS SKS 146 ALL OPTIONS (S18ELS8P) &#8211; Electrical, Switches, Sensors &amp; Components All Options<\/p>\n<p>2018 800 RUSH PRO-S ALL OPTIONS (S18DCH8PS) &#8211; Electrical, Switches, Sensors &amp; Components All Options<\/p>\n<p>2018 800 RUSH PRO-X SC SELECT (S18DCJ8PS) &#8211; Electrical, Switches, Sensors &amp; Components All Options<\/p>\n<p>2018 800 RUSH XCR\/INTL ALL OPTIONS (S18DCL8PS\/PEM) &#8211; Electrical, Switches, Sensors &amp; Components<\/p>\n<p>2018 800 SWITCHBACK ADVENTURE 137 ES (S18DDE8PSL) &#8211; Electrical, Switches, Sensors &amp; Components S17dde8psl<\/p>\n<p>2018 800 SWITCHBACK ASSAULT 144 ALL OPTIONS (S18EEC8P) &#8211; Electrical, Switches, Sensors &amp; Components All Options<\/p>\n<p>2018 800 SWITCHBACK PRO-S ALL OPTIONS (S18DDH8PS) &#8211; Electrical, Switches, Sensors &amp; Components All Options<\/p>\n<p>2018 800 SWITCHBACK PRO-X SC SELECT (S18DDJ8PS) &#8211; Electrical, Switches, Sensors &amp; Components All Options<\/p>\n<p>2018 800 SWITCHBACK XCR\/INTL ALL OPTIONS (S18DDL8PS\/PEM) &#8211; Electrical, Switches, Sensors &amp; Components<\/p>\n<p>2018 800 TITAN SP\/ADVENTURE\/XC ALL OPTIONS (S18FJB8\/FJE8\/FJP8) &#8211; Electrical, Switches, Sensors &amp; Components All Options<\/p>\n<p>2019 600 INDY SP 129 ES (S19EKB6PSL) &#8211; Electrical, Switches, Sensors &amp; Components<\/p>\n<p>2019 600 INDY XC 129 SC SELECT ALL OPTIONS (S19EKP6PS\/PEM) &#8211; Electrical, Switches, Sensors &amp; Components<\/p>\n<p>2019 600 RMK 144\/ES (S19EEG6PSA\/PSL) &#8211; Electrical, Switches, Sensors &amp; Components<\/p>\n<p>2019 600 RUSH PRO-S SC SELECT (S19DCH6PS) &#8211; Electrical, Switches, Sensors &amp; Components All Options<\/p>\n<p>2019 600 RUSH XCR SC SELECT ALL OPTIONS (S19DCL6PS\/6PEM) &#8211; Electrical, Switches, Sensors &amp; Components All Options<\/p>\n<p>2019 600 SWITCHBACK ADVENTURE ES (S19DDE6PSL) &#8211; Electrical, Switches, Sensors &amp; Components<\/p>\n<p>2019 600 SWITCHBACK ASSAULT 144\/INTL SC SELECT ALL OPTIONS (S19EEC6PS\/PER) &#8211; Electrical, Switches, Sensors &amp; Components All Options<\/p>\n<p>2019 600 SWITCHBACK PRO-S SC SELECT ALL OPTIONS (S19DDH6PS) &#8211; Electrical, Switches, Sensors &amp; Components All Options<\/p>\n<p>2019 600 SWITCHBACK SP 144 ES\/INTL (S19EER6PSL\/PEL) &#8211; Electrical, Switches, Sensors &amp; Components<\/p>\n<p>2019 600 SWITCHBACK XCR\/INTL SC SELECT ALL OPTIONS (S19DDL6PS\/PEM) &#8211; Electrical, Switches, Sensors &amp; Components<\/p>\n<p>2019 600 VOYAGEUR 144 ES\/INTL (S19EEF6PSL\/PEL) &#8211; Electrical, Switches, Sensors &amp; Components<\/p>\n<p>2019 800 AXYS SKS 146\/INTL ALL OPTIONS (S19ELS8PS\/PEB) &#8211; Electrical, Switches, Sensors &amp; Components All Options<\/p>\n<p>2019 800 INDY XC 129 ES\/SC SELECT (S19EKP8PS\/PSL) &#8211; Electrical, Switches, Sensors &amp; Components<\/p>\n<p>2019 800 RUSH PRO-S SC SELECT (S19DCH8PS) &#8211; Electrical, Switches, Sensors &amp; Components All Options<\/p>\n<p>2019 800 SWITCHBACK ADVENTURE ES (S19DDE8PSL) &#8211; Electrical, Switches, Sensors &amp; Components<\/p>\n<p>2019 800 SWITCHBACK ASSAULT 144\/INTL SC SELECT ALL OPTIONS (S19EEC8PS\/PEB) &#8211; Electrical, Switches, Sensors &amp; Components All Options<\/p>\n<p>2019 800 SWITCHBACK PRO-S SC SELECT ALL OPTIONS (S19DDH8PS) &#8211; Electrical, Switches, Sensors &amp; Components All Options<\/p>\n<p>2019 800 TITAN SP\/ADVENTURE\/XC ALL OPTIONS (S19FJB8\/FJE8\/FJP8) &#8211; Electrical, Switches, Sensors &amp; Components All Options<\/p>\n<p>2019 850 INDY SC 129 SC SELECT ALL OPTIONS (S19EKP8RS\/REM) &#8211; Electrical, Switches, Sensors &amp; Components<\/p>\n<p>2019 850 RUSH PRO-S SC SELECT (S19DCH8RS) &#8211; Electrical, Switches, Sensors &amp; Components<\/p>\n<p>2019 850 RUSH XCR SC SELECT ALL OPTIONS (S19DCL8RS\/8REM) &#8211; Electrical, Switches, Sensors &amp; Components<\/p>\n<p>2019 850 SKS 146 ALL OPTIONS (S19ELS8R) &#8211; Electrical, Switches, Sensors &amp; Components<\/p>\n<p>2019 850 SWITCHBACK ASSAULT\/INTL SC SELECT (S19EEC8RS\/REM) &#8211; Electrical, Switches, Sensors &amp; Components<\/p>\n<p>2019 850 SWITCHBACK PRO-S SC SELECT ALL OPTIONS (S19DDH8RS) &#8211; Electrical, Switches, Sensors &amp; Components All Options<\/p>\n<p>2019 850 SWITCHBACK XCR\/INTL SC SELECT ALL OPTIONS (S19DDL8RS\/REM) &#8211; Electrical, Switches, Sensors &amp; Components<\/p>\n<p>2020 600 INDY 129 XCR SC SELECT (S20EKL6PS) &#8211; Electrical, Switches, Sensors &amp; Components All Options<\/p>\n<p>2020 600 INDY ADVENTURE 137 SC SELECT (S20EDE6PS) &#8211; Electrical, Switches, Sensors &amp; Components All Options<\/p>\n<p>2020 600 INDY SP 129 ES (S20EKB6PSL) &#8211; Electrical, Switches, Sensors &amp; Components<\/p>\n<p>2020 600 INDY SP 137 ES (S20EDB6PSL) &#8211; Electrical, Switches, Sensors &amp; Components<\/p>\n<p>2020 600 INDY XC 129 SC SELECT ALL OPTIONS (S20EKP6PS\/6PE) &#8211; Electrical, Switches, Sensors &amp; Components<\/p>\n<p>2020 600 INDY XC 137\/INTL SC SELECT ALL OPTIONS (S20EDP6PS\/6PEM) &#8211; Electrical, Switches, Sensors &amp; Components<\/p>\n<p>2020 600 RMK 144 ES (S20EEG6PSL) &#8211; Electrical, Switches, Sensors &amp; Components<\/p>\n<p>2020 600 RUSH PRO-S SC SELECT (S20DCH6PS) &#8211; Electrical, Switches, Sensors &amp; Components All Options<\/p>\n<p>2020 600 SWITCHBACK ASSAULT 144\/INTL SC SELECT ALL OPTIONS (S20EEC6PS\/6PEM) &#8211; Electrical, Switches, Sensors &amp; Components<\/p>\n<p>2020 600 SWITCHBACK PRO-S SC SELECT ALL OPTIONS (S20DDH6PS) &#8211; Electrical, Switches, Sensors &amp; Components All Options<\/p>\n<p>2020 600 SWITCHBACK XCR SC SELECT ALL OPTIONS (S20DDL6PS) &#8211; Electrical, Switches, Sensors &amp; Components All Options<\/p>\n<p>2020 600 VOYAGEUR 144\/INTL (S20EEF6PSL\/PEL) &#8211; Electrical, Switches, Sensors &amp; Components<\/p>\n<p>2020 800 INDY 129 XCR SC SELECT (S20EKL8PS) &#8211; Electrical, Switches, Sensors &amp; Components<\/p>\n<p>2020 800 INDY ADVENTURE 137 SC SELECT ALL OPTIONS (S20EDE8PS) &#8211; Electrical, Switches, Sensors &amp; Components All Options<\/p>\n<p>2020 800 INDY XC 129 SC SELECT (S20EKP8PS) &#8211; Electrical, Switches, Sensors &amp; Components<\/p>\n<p>2020 800 INDY XC 137 SC SELECT (S20EDP8PS) &#8211; Electrical, Switches, Sensors &amp; Components<\/p>\n<p>2020 800 RUSH PRO-S SC SELECT (S20DCH8PS) &#8211; Electrical, Switches, Sensors &amp; Components All Options<\/p>\n<p>2020 800 SKS 146 SC SELECT ALL OPTIONS (S20ELS8PS) &#8211; Electrical, Switches, Sensors &amp; Components All Options<\/p>\n<p>2020 800 SWITCHBACK ASSAULT 144 SC SELECT (S20EEC8PS) &#8211; Electrical, Switches, Sensors &amp; Components<\/p>\n<p>2020 800 SWITCHBACK PRO-S SC SELECT ALL OPTIONS (S20DDH8PS) &#8211; Electrical, Switches, Sensors &amp; Components All Options<\/p>\n<p>2020 800 SWITCHBACK XCR SC SELECT ALL OPTIONS (S20DDL8PS) &#8211; Electrical, Switches, Sensors &amp; Components All Options<\/p>\n<p>2020 800 TITAN SP\/ADVENTURE\/XC ALL OPTIONS (S20FJB8\/FJE8\/FJP8) &#8211; Electrical, Switches, Sensors &amp; Components All Options<\/p>\n<p>2020 850 INDY 129 XCR SC SELECT (S20EKL8RS) &#8211; Electrical, Switches, Sensors &amp; Components All Options<\/p>\n<p>2020 850 INDY ADVENTURE 137\/INTL SC SELECT ALL OPTIONS (S20EDE8RS\/8REM) &#8211; Electrical, Switches, Sensors &amp; Components<\/p>\n<p>2020 850 INDY XC 129 SC SELECT\/INTL (S20EKP8RS\/8RE) &#8211; Electrical, Switches, Sensors &amp; Components<\/p>\n<p>2020 850 INDY XC 137 SC SELECT\/INTL (S20EDP8RS\/8REM) &#8211; Electrical, Switches, Sensors &amp; Components<\/p>\n<p>2020 850 RUSH PRO-S SC SELECT (S20DCH8RS) &#8211; Electrical, Switches, Sensors &amp; Components All Options<\/p>\n<p>2020 850 SKS 146\/INTL SC SELECT ALL OPTIONS (S20ELS8RS\/8RE) &#8211; Electrical, Switches, Sensors &amp; Components<\/p>\n<p>2020 850 SWITCHBACK ASSAULT 144\/INTL SC SELECT (S20EEC8RS\/8RE) &#8211; Electrical, Switches, Sensors &amp; Components<\/p>\n<p>2020 850 SWITCHBACK PRO-S SC SELECT ALL OPTIONS (S20DDH8RS) &#8211; Electrical, Switches, Sensors &amp; Components All Options<\/p>\n<p>2020 850 SWITCHBACK XCR\/INTL SC SELECT ALL OPTIONS (S20DDL8RS\/8REM) &#8211; Electrical, Switches, Sensors &amp; Components<\/p>\n<p>2021 600 AXYS INDY ADVENTURE 137 ALL OPTIONS (S21EDE6PS) &#8211; Electrical, Switches, Sensors &amp; Components All Options<\/p>\n<p>2021 600 AXYS INDY XC 129 ALL OPTIONS (S21EKP6PS) &#8211; Electrical, Switches, Sensors &amp; Components All Options<\/p>\n<p>2021 600 AXYS INDY XC 137 ALL OPTIONS (S21EDP6PS) &#8211; Electrical, Switches, Sensors &amp; Components All Options<\/p>\n<p>2021 600 AXYS SWITCHBACK ASSAULT 144 ALL OPTIONS (S21EEC6PS) &#8211; Electrical, Switches, Sensors &amp; Components<\/p>\n<p>2021 600 INDY SP 129 ES (S21EKB6PSL) &#8211; Electrical, Switches, Sensors &amp; Components<\/p>\n<p>2021 600 INDY SP 137 ES (S21EDB6PSL) &#8211; Electrical, Switches, Sensors &amp; Components<\/p>\n<p>2021 600 INDY XCR 129\/INTL (S21EKL6PS\/6PE) &#8211; Electrical, Switches, Sensors &amp; Components All Options<\/p>\n<p>2021 600 RMK 144 ES (S21EEG6PSL) &#8211; Electrical, Switches, Sensors &amp; Components<\/p>\n<p>2021 600 SWITCHBACK PRO-S ALL OPTIONS (S21DDH6PS) &#8211; Electrical, Switches, Sensors &amp; Components All Options<\/p>\n<p>2021 600 SWITCHBACK XCR ALL OPTIONS (S21DDL6PS) &#8211; Electrical, Switches, Sensors &amp; Components All Options<\/p>\n<p>2021 600 VOYAGEUR 144\/INTL (S21EEF6PSL\/PEL) &#8211; Electrical, Switches, Sensors &amp; Components<\/p>\n<p>2021 800 TITAN SP\/ADVENTURE\/XC\/INTL ALL OPTIONS (S21FJB8\/FJE8\/FJP8) &#8211; Electrical, Switches, Sensors &amp; Components All Options<\/p>\n<p>2021 850 AXYS INDY XC 129 ALL OPTIONS (S21EKP8RS) &#8211; Electrical, Switches, Sensors &amp; Components<\/p>\n<p>2021 850 AXYS INDY XC 137 ALL OPTIONS (S21EDP8RS) &#8211; Electrical, Switches, Sensors &amp; Components<\/p>\n<p>2021 850 AXYS SWITCHBACK ASSAULT 144 ALL OPTIONS (S21EEC8RS) &#8211; Electrical, Switches, Sensors &amp; Components<\/p>\n<p>2021 850 INDY ADVENTURE 137 ALL OPTIONS (S21EDE8RS) &#8211; Electrical, Switches, Sensors &amp; Components<\/p>\n<p>2021 850 INDY XCR 129 (S21EKL8RS) &#8211; Electrical, Switches, Sensors &amp; Components All Options<\/p>\n<p>2021 850 SKS 146\/INTL ALL OPTIONS (S21ELS8RS\/8RE) &#8211; Electrical, Switches, Sensors &amp; Components<\/p>\n<p>2021 850 SWITCHBACK PRO-S ALL OPTIONS (S21DDH8RS) &#8211; Electrical, Switches, Sensors &amp; Components All Options<\/p>\n<p>2021 850 SWITCHBACK XCR ALL OPTIONS (S21DDL8RS) &#8211; Electrical, Switches, Sensors &amp; Components All Options<\/p>\n<p>2022 600 INDY CROSSCNTRY 136 (S22TDL6KSA) &#8211; Electrical, Switches, Sensors &amp; Components All Options<\/p>\n<p>2022 600 INDY SP 129 ES (S22EKB6PSL) &#8211; Electrical, Switches, Sensors &amp; Components<\/p>\n<p>2022 600 INDY SP 137 ES (S22EDB6PSL) &#8211; Electrical, Switches, Sensors &amp; Components<\/p>\n<p>2022 600 RMK 144 ES (S22EEG6PSL) &#8211; Electrical, Switches, Sensors &amp; Components<\/p>\n<p>2022 800 TITAN ADVENTURE 155\/XC 155\/INTL (S22FJE8PS\/PE\/FJP8PS\/PE) &#8211; Electrical, Switches, Sensors &amp; Components All Options<\/p>\n<p>2023 600 INDY CROSSCOUNTRY 136 (S23TDL6KSA) &#8211; Electrical, Switches, Sensors &amp; Components All Options<\/p>\n<p>2023 800 TITAN ADVENTURE 155\/INTL (S23FJE8PS\/8PE) &#8211; Electrical, Switches, Sensors &amp; Components<\/p>\n<p>2023 PROSTAR S4 TITAN ADVENTURE 155\/INTL (S23FJE9FS\/9FE) &#8211; Electrical, Switches, Sensors &amp; Components 1 All Options<\/p>\n<p>2024 600 INDY CROSSCOUNTRY 136 (S24TDL6KSA) &#8211; Electrical, Switches, Sensors &amp; Components All Options<\/p>\n<p>2024 PROSTAR S4 TITAN ADVENTURE 155\/INTL ALL OPTIONS (S24FJE9FS\/9FE) &#8211; Electrical, Switches, Sensors &amp; Components 1<\/p>\n<p>2025 PROSTAR S4 TITAN ADVENTURE 155\/INTL (S25FJE9FSL\/9FEL) &#8211; Electrical, Switches, Sensors &amp; Components 1<\/p>","protected":false},"featured_media":13089,"comment_status":"open","ping_status":"closed","template":"","meta":{"_acf_changed":false},"demonterat-fordon":[],"fordons-typ":[641],"make":[636],"parts-filter":[658],"prod-typ":[716],"tillverkare":[865],"product_brand":[],"product_cat":[411,1129],"product_tag":[],"class_list":{"0":"post-13389","1":"product","2":"type-product","3":"status-publish","4":"has-post-thumbnail","6":"fordons-typ-sno","7":"make-polaris","8":"parts-filter-axys","9":"prod-typ-nos","10":"tillverkare-polaris","11":"product_cat-switches-handlebar","12":"product_cat-left-hand-control","14":"first","15":"outofstock","16":"purchasable","17":"product-type-simple"},"acf":[],"_links":{"self":[{"href":"https:\/\/whitepowder.se\/en\/wp-json\/wp\/v2\/product\/13389","targetHints":{"allow":["GET"]}}],"collection":[{"href":"https:\/\/whitepowder.se\/en\/wp-json\/wp\/v2\/product"}],"about":[{"href":"https:\/\/whitepowder.se\/en\/wp-json\/wp\/v2\/types\/product"}],"replies":[{"embeddable":true,"href":"https:\/\/whitepowder.se\/en\/wp-json\/wp\/v2\/comments?post=13389"}],"wp:featuredmedia":[{"embeddable":true,"href":"https:\/\/whitepowder.se\/en\/wp-json\/wp\/v2\/media\/13089"}],"wp:attachment":[{"href":"https:\/\/whitepowder.se\/en\/wp-json\/wp\/v2\/media?parent=13389"}],"wp:term":[{"taxonomy":"demonterat-fordon","embeddable":true,"href":"https:\/\/whitepowder.se\/en\/wp-json\/wp\/v2\/demonterat-fordon?post=13389"},{"taxonomy":"fordons-typ","embeddable":true,"href":"https:\/\/whitepowder.se\/en\/wp-json\/wp\/v2\/fordons-typ?post=13389"},{"taxonomy":"make","embeddable":true,"href":"https:\/\/whitepowder.se\/en\/wp-json\/wp\/v2\/make?post=13389"},{"taxonomy":"parts-filter","embeddable":true,"href":"https:\/\/whitepowder.se\/en\/wp-json\/wp\/v2\/parts-filter?post=13389"},{"taxonomy":"prod-typ","embeddable":true,"href":"https:\/\/whitepowder.se\/en\/wp-json\/wp\/v2\/prod-typ?post=13389"},{"taxonomy":"tillverkare","embeddable":true,"href":"https:\/\/whitepowder.se\/en\/wp-json\/wp\/v2\/tillverkare?post=13389"},{"taxonomy":"product_brand","embeddable":true,"href":"https:\/\/whitepowder.se\/en\/wp-json\/wp\/v2\/product_brand?post=13389"},{"taxonomy":"product_cat","embeddable":true,"href":"https:\/\/whitepowder.se\/en\/wp-json\/wp\/v2\/product_cat?post=13389"},{"taxonomy":"product_tag","embeddable":true,"href":"https:\/\/whitepowder.se\/en\/wp-json\/wp\/v2\/product_tag?post=13389"}],"curies":[{"name":"wp","href":"https:\/\/api.w.org\/{rel}","templated":true}]}}