{"id":13415,"date":"2024-08-26T09:42:32","date_gmt":"2024-08-26T07:42:32","guid":{"rendered":"https:\/\/whitepowder.se\/?post_type=product&#038;p=13415"},"modified":"2024-09-10T15:04:41","modified_gmt":"2024-09-10T13:04:41","slug":"polaris-2203590-550-fuel-pump-relocate-kit-anm","status":"publish","type":"product","link":"https:\/\/whitepowder.se\/en\/polaris-2203590-550-fuel-pump-relocate-kit-anm\/","title":{"rendered":"Polaris 2203590 &#8211; 550 Fuel Pump Relocate Kit *Anm"},"content":{"rendered":"<p>Polaris 2203590 &#8211; 550 Fuel Pump Relocate Kit *Anm<br \/>\nFuel pump relocation kit<\/p>\n<p>** obs ej komplett saknar ( 1st 4010051-21 convoluted tubing &amp; 2st 7517277 oil pump mounting screws )<\/p>\n<p>application<br \/>\npolaris snowmobiles with 550 engines from model year 2007<\/p>\n<p>inneh\u00e5ller bland annat<br \/>\n5251516 bracket fuel pump relocation<br \/>\n5813237 gasket oil pump<br \/>\n7052249 fuel shut off valve 90 degree &#8211; fuel valve med 2x 7mm slang anslutningar<\/p>\n<p>( se bilder f\u00f6r mer info)<\/p>\n<p>* Anm\u00e4rkning: ** obs ej komplett saknar ( 1st 4010051-21 convoluted tubing &amp; 2st 7517277 oil pump mounting screws )<\/p>","protected":false},"excerpt":{"rendered":"<p>Polaris 2203590 550 FUEL PUMP RELOCATE KIT<br \/>\nPolaris 7052249 Valve, Fuel, 90 Degree<br \/>\n5251516 Bracket Fuel pump Relocation<br \/>\n5813237 Gasket Oil Pump<\/p>\n<p>Nedan \u00c4r listade B\u00e5de individuella Applikationer och f\u00f6r kittet<\/p>\n<p>____________<br \/>\nPolaris 2203590 FUEL PUMP RELOCATE KIT<\/p>\n<p>Application<br \/>\nPolaris Snowmobiles with 550 engines from model year 2007<\/p>\n<p>_____________________<br \/>\nPolaris 7052249 Valve, Fuel, 90 Degree Sitter Original p\u00e5 :<\/p>\n<p>099NX4CS 440 XCR SP (1999) (099NX4CS)<br \/>\n120 INDY\/INDY INTL (2023) (R01) (S23WAA1ASA\/1AEA)<br \/>\n550 EVO 121 ES (2023) (R04) (S23CBU5TSL)<br \/>\n550 EVO 121 ES (2024) (R02) (S24CBU5TSL)<br \/>\n550 INDY 121 ES (2023) (R01) (S23CBA5TSL)<br \/>\n550 INDY ADVENTURE 144 ES (2023) (R02) (S23CEE5TSL)<br \/>\n550 INDY ADVENTURE 155 ES (2023) (R02) (S23CFE5TSL)<br \/>\n550 INDY LXT ES\/NORTH EDITION (2023) (R01) (S23CED5TSL\/TSU)<br \/>\n550 INDY SPORT 121 ES (2024) (R02) (S24CBA5TSL)<br \/>\n550 INDY SPORT 121 ES (2025) (R01) (S25CBA5TSL)<br \/>\n550 RMK EVO 144 ES (2023) (R02) (S23CEU5TSL)<br \/>\n550 RMK EVO 144 ES (2024) (R02) (S24CEU5TSL)<br \/>\n550 SWITCHBACK 144 ES (2023) (R01) (S23CEA5TSL)<br \/>\n550 SWITCHBACK SPORT 144 ES (2024) (R02) (S24CEA5TSL)<br \/>\n550 SWITCHBACK SPORT 144 ES (2025) (R01) (S25CEA5TSL)<br \/>\n550 VOYAGEUR 144 ES (2023) (R01) (S23CEF5TSL)<br \/>\n550 VOYAGEUR 144 ES (2024) (R01) (S24CEF5TSL)<br \/>\n550 VOYAGEUR 144 ES (2025) R01) (S25CEF5TSL)<br \/>\n550 VOYAGEUR 155 ES (2023) (R01) (S23CFF5TSL)<br \/>\n550 VOYAGEUR 155 ES (2024) (R01) (S24CFF5TSL)<br \/>\n550 VOYAGEUR 155 ES (2025) (R01) (S25CFF5TSL)<br \/>\n550 VOYAGEUR ADVENTURE 144 ES (2024) (R01) (S24CEE5TSL)<br \/>\n550 VOYAGEUR ADVENTURE 144 ES (2025) (R01) (S25CEE5TSL)<br \/>\n550 VOYAGEUR LXT ES\/NORTH EDITION (2024) (R01) (S24CED5TSL\/TSU)<br \/>\n550 VOYAGEUR LXT ES\/NORTH EDITION (2025) (R01) (S25CED5TSL\/TSU)<br \/>\nA06LB27AA HAWKEYE 2X4\/4X4 (2006) (A06LB27AA)<br \/>\nA06LB27FA HAWKEYE 2X4\/4X4 INTERNATIONAL (2006) (A06LB27FA)<br \/>\nA07LB27AA\/AC\/LH27AA\/AB\/AC\/AD\/AL HAWKEYE 2X4\/4X4 (2007) (A07LB27AA\/AC\/LH27AA\/AB\/AC\/AD\/AL)<br \/>\nA07LB27FA\/LH27FB HAWKEYE 2X4\/4X4 INTL (2007) (A07LB27FA\/LH27FB)<br \/>\nA08LB27AA HAWKEYE 2X4 (2008) (A08LB27AA)<br \/>\nA08LH27AW\/AX\/AZ SPORTSMAN 300 4X4 (2008) (A08LH27AW\/AX\/AZ)<br \/>\nA08LH46AQ\/AX\/AZ SPORTSMAN 400 HO 4X4 (2008) (A08LH46AQ\/AX\/AZ)<br \/>\nA09LB27AA HAWKEYE 300 2X4 (2009) (A09LB27AA)<br \/>\nA09LH27AX\/AZ SPORTSMAN 300 4X4 (2009) (A09LH27AX\/AZ)<br \/>\nA09LH46AQ\/AX\/AZ SPORTSMAN 400 HO 4X4 (2009) (A09LH46AQ\/AX\/AZ)<br \/>\nA10EA32AA TRAIL BOSS 330 (2010) (A10EA32AA)<br \/>\nA10EA32FA TRAIL BOSS 330 INTL (2010) (A10EA32FA)<br \/>\nA10LB27AA HAWKEYE 300 2X4 (2010) (A10LB27AA)<br \/>\nA10LH27AX\/AZ SPORTSMAN 300 4X4 (2010) (A10LH27AX\/AZ)<br \/>\nA10LH46AX\/AZ SPORTSMAN 400 HO 4X4 (2010) (A10LH46AX\/AZ)<br \/>\nA10NA32AA TRAIL BLAZER 330 (2010) (A10NA32AA)<br \/>\nA10NA32FA TRAIL BLAZER 330 INTL (2010) (A10NA32FA)<br \/>\nA10NG50AA SCRAMBLER 500 4X4 (2010) (A10NG50AA)<br \/>\nA10NG50FA SCRAMBLER 500 4X4 INTL (2010) (A10NG50FA)<br \/>\nA11EA32AA TRAIL BOSS 330 (2011) (A11EA32AA)<br \/>\nA11EA32FA TRAIL BOSS 330 INTL (2011) (A11EA32FA)<br \/>\nA11LB27AA HAWKEYE 2X4 (2011) (A11LB27AA)<br \/>\nA11NA32AA TRAIL BLAZER 330 (2011) (A11NA32AA)<br \/>\nA11NA32FA TRAIL BLAZER 330 INTL (2011) (A11NA32FA)<br \/>\nA11NG50AA SCRAMBLER 500 4X4 (2011) (A11NG50AA)<br \/>\nA11NG50FA SCRAMBLER 500 4X4 INTL (2011) (A11NG50FA)<br \/>\nA12EA32AA TRAIL BOSS 330 (2012) (A12EA32AA)<br \/>\nA12EA32FA TRAIL BOSS 330 INTL (2012) (A12EA32FA)<br \/>\nA12NA32AA TRAIL BLAZER 330 (2012) (A12NA32AA)<br \/>\nA12NA32FA TRAIL BLAZER 330 INTL (2012) (A12NA32FA)<br \/>\nA12NG50AA SCRAMBLER 500 4X4 (2012) (A12NG50AA)<br \/>\nA12NG50FA SCRAMBLER 500 4X4 INTL (2012) (A12NG50FA)<br \/>\nA13EA32AA TRAIL BOSS 330 (2013) (A13EA32AA)<br \/>\nA13EA32FA INTL TRAIL BOSS 330 (2013) (A13EA32FA)<br \/>\nA13NA32AA TRAIL BLAZER 330 (2013) (A13NA32AA)<br \/>\nA13NA32FA INTL TRAIL BLAZER 330 (2013) (A13NA32FA)<br \/>\nS00NP6ES 600 XC SP EDGE (2000) (S00NP6ES)<br \/>\nS00NX4CS 440 XC SP (2000) (S00NX4CS)<br \/>\nS00WB1AS 120 XCR (2000) (S00WB1AS)<br \/>\nS01NB4BS 500 INDY (2001) (S01NB4BS)<br \/>\nS01NP5AS 500 XC (2001) (S01NP5AS)<br \/>\nS01NP5CS 500 XC SP (2001) (S01NP5CS)<br \/>\nS01NP5CSA 500 XC SP (2001) (S01NP5CSA)<br \/>\nS01NP5CSB 500 XC SP (2001) (S01NP5CSB)<br \/>\nS01NP6ES 600 XC SP (2001) (S01NP6ES)<br \/>\nS01NP6ESA 600 XC SP (2001) (S01NP6ESA)<br \/>\nS01NP6ESB 600 XC SP (2001) (S01NP6ESB)<br \/>\nS01NP6ESX 600 XC SP (2001) (S01NP6ESX)<br \/>\nS01WB1AS 120 XC SP (2001) (S01WB1AS)<br \/>\nS02NB4BS 500 INDY (2002) (S02NB4BS)<br \/>\nS02ND4BS 500 CLASSIC (2002) (S02ND4BS)<br \/>\nS02ND6ES 600 CLASSIC (2002) (S02ND6ES)<br \/>\nS02NE5CS 500 XC SP M-10 F\/O BUILT AFTER 3\/1\/01 (2002) (S02NE5CS)<br \/>\nS02NE6ES 600 XC SP M-10 F\/O (2002) (S02NE6ES)<br \/>\nS02NP5AS 500 XC (2002) (S02NP5AS)<br \/>\nS02NP5CS 500 XC SP F\/O (2002) (S02NP5CS)<br \/>\nS02NP5CSA 500 XC SP (2002) (S02NP5CSA)<br \/>\nS02NP5CSB 500 XC SP (2002) (S02NP5CSB)<br \/>\nS02NP6ES 600 XC SP F\/O (2002) (S02NP6ES)<br \/>\nS02NP6ESA 600 XC SP (2002) (S02NP6ESA)<br \/>\nS02NP6ESB 600 XC SP (2002) (S02NP6ESB)<br \/>\nS02NX4CS 440 PRO X (2002) (S02NX4CS)<br \/>\nS02NX4FS 440 PRO X FAN COOLED (2002) (S02NX4FS)<br \/>\nS02SR5BS TRAIL RMK 136 (2002) (S02SR5BS)<br \/>\nS02WB1AS 120 XCSP (2002) (S02WB1AS)<br \/>\nS03NB4BS 500 EDGE (2003) (S03NB4BS)<br \/>\nS03NX4CS 440 PRO X (2003) (S03NX4CS)<br \/>\nS03SR5BS TRAIL RMK (2003) (S03SR5BS)<br \/>\nS03ST5BS TRAIL TOURING (2003) (S03ST5BS)<br \/>\nS03WB1AS 120 XC SP (2003) (S03WB1AS)<br \/>\nS04NB4BS 500 EDGE (2004) (S04NB4BS)<br \/>\nS04ND4BS 500 CLASSIC (2004) (S04ND4BS)<br \/>\nS04NX4CS 440 PRO XR (2004) (S04NX4CS)<br \/>\nS04WB1AS 120 PRO X (2004) (S04WB1AS)<\/p>\n<p>__________________________<br \/>\nPolaris 5251516 Bracket, Fuel Pump Sitter Original p\u00e5 :<\/p>\n<p>S08ND5BS 550 LX (2008) (S08ND5BS)<br \/>\nS08NJ5BS\/BE\/BSA\/BSF TRAIL RMK\/FLEET\/EURO (2008) (S08NJ5BS\/BE\/BSA\/BSF)<br \/>\nS08NP5BS\/BE SUPERSPORT\/EURO (2008) (S08NP5BS\/BE)<br \/>\nS08NT5BS\/BE\/BSA\/BSF TRAIL TOURING\/FLEET\/EURO (2008) (S08NT5BS\/BE\/BSA\/BSF)<\/p>\n<p>_____________________<br \/>\nPolaris 5813237 Gasket Oil Pump Sitter Original p\u00e5 :<\/p>\n<p>S08ND5BS 550 LX (2008) (S08ND5BS)<br \/>\nS08NJ5BS\/BE\/BSA\/BSF TRAIL RMK\/FLEET\/EURO (2008) (S08NJ5BS\/BE\/BSA\/BSF)<br \/>\nS08NP5BS\/BE SUPERSPORT\/EURO (2008) (S08NP5BS\/BE)<br \/>\nS08NT5BS\/BE\/BSA\/BSF TRAIL TOURING\/FLEET\/EURO (2008) (S08NT5BS\/BE\/BSA\/BSF)<br \/>\nS09NJ5BS\/BSF\/BSL\/BE TRAIL RMK\/FLEET\/ES\/EURO (2009) (S09NJ5BS\/BSF\/BSL\/BE)<br \/>\nS09NT5BS\/BE\/BSF\/NU5BS\/BE TRAIL TOURING\/FLEET\/TRANSPORT\/EURO (2009) (S09NT5BS\/BE\/BSF\/NU5BS\/BE)<br \/>\nS09PB5BS\/BE 550 IQ SHIFT\/EURO (2009) (S09PB5BS\/BE)<br \/>\nS10NJ5BSA\/BSL TRAIL RMK\/ES (2010) (S10NJ5BSA\/BSL)<br \/>\nS10NT5BSL\/BSM\/BEL\/BSF TRAIL TOURING\/INTL\/FLEET (2010) (S10NT5BSL\/BSM\/BEL\/BSF)<br \/>\nS10PB5BSA\/BSL\/BEA 550 IQ SHIFT\/ES\/INTL (2010) (S10PB5BSA\/BSL\/BEA)<br \/>\nS11PB5BSA\/BSL\/BEA 550 IQ SHIFT\/ES\/INTL (2011) (S11PB5BSA\/BSL\/BEA)<br \/>\nS11PR5BSA\/BSL\/BEA\/BSN 550 SHIFT 136\/ES\/INTL\/CDN (2011) (S11PR5BSA\/BSL\/BEA\/BSN)<br \/>\nS11PT5BSL\/BEL 550 IQ LXT\/INTL (2011) (S11PT5BSL\/BEL)<br \/>\nS12PB5BSA\/BSL\/BEA 550 IQ SHIFT\/ES\/INTL (2012) (S12PB5BSA\/BSL\/BEA)<br \/>\nS12PR5BSA\/BSL\/PS5BSL\/BEL 550 SHIFT 136\/ES\/CND ES\/CND ES INTL (2012) (S12PR5BSA\/BSL\/PS5BSL\/BEL)<br \/>\nS12PT5BSL\/BEL 550 IQ LXT\/INTL (2012) (S12PT5BSL\/BEL)<br \/>\nS13PB5BSA\/BSL 550 IQ SHIFT\/ES (2013) (S13PB5BSA\/BSL)<br \/>\nS13PR5BSA\/BSL\/PS5BSL\/BEL 550 SHIFT 136\/ES\/CND ES\/CND ES INTL (2013) (S13PR5BSA\/BSL\/PS5BSL\/BEL)<br \/>\nS13PT5BEM\/BSM\/BSL 550 IQ LXT\/INTL (2013) (S13PT5BEM\/BSM\/BSL)<br \/>\nS14CB5BSA\/BSL\/BEA 550 INDY\/ES\/INTL (2014) (S14CB5BSA\/BSL\/BEA)<br \/>\nS14CE5BSL\/BEL 550 INDY ADVENTURE\/INTL (2014) (S14CE5BSL\/BEL)<br \/>\nS14CR5BSA\/BSL 550 INDY 144\/ES (2014) (S14CR5BSA\/BSL)<br \/>\nS14CS5BSL\/BEL 550 INDY VOYAGER\/INTL (2014) (S14CS5BSL\/BEL)<br \/>\nS14CT5BEL\/BSM\/BSL 550 INDY LXT (2014) (S14CT5BEL\/BSM\/BSL)<br \/>\nS15CB5BSA\/BSL\/BEL 550 INDY\/ES\/INTL (2015) (S15CB5BSA\/BSL\/BEL)<br \/>\nS15CE5BSL\/BEL 550 INDY ADVENTURE 144\/INTL (2015) (S15CE5BSL\/BEL)<br \/>\nS15CJ5BSL\/BEL 550 INDY ADVENTURE\/INTL155 (2015) (S15CJ5BSL\/BEL)<br \/>\nS15CR5BSA\/BSL 550 INDY 144\/ES (2015) (S15CR5BSA\/BSL)<br \/>\nS15CS5BSL\/BEL 550 INDY VOYAGEUR\/INTL (2015) (S15CS5BSL\/BEL)<br \/>\nS15CT5BEL\/BSL\/BSM 550 INDY LXT (2015) (S15CT5BEL\/BSL\/BSM)<br \/>\nS15CU5BSL\/BEL 550 INDY VOYAGEUR\/INTL 155 (2015) (S15CU5BSL\/BEL)<br \/>\nS16CB5BSA\/BSL\/BEL 550 INDY\/ES\/INTL (2016) (R01) (S16CB5BSA\/BSL\/BEL)<br \/>\nS16CE5BSL 550 INDY ADVENTURE 144 (2016) (R01) (S16CE5BSL)<br \/>\nS16CJ5BSL\/BEL 550 INDY ADVENTURE 155\/INTL (2016) (R01) (S16CJ5BSL\/BEL)<br \/>\nS16CR5BSA\/BSL 550 INDY 144\/ES (2016) (R02) (S16CR5BSA\/BSL)<br \/>\nS16CS5BSL\/BEL 550 INDY VOYAGEUR\/INTL 144 (2016) (R02) (S16CS5BSL\/BEL)<br \/>\nS16CT5 550 LXT ALL OPTIONS (2016) (R02) (S16CT5)<br \/>\nS16CU5BSL\/BEL 550 INDY VOYAGEUR\/ INTL 155 (2016) (R01) (S16CU5BSL\/BEL)<br \/>\nS16SU5BEB\/BEL\/BSL 550 WIDETRAK LX ALL OPTIONS (2016) (R03) (S16SU5BEB\/BEL\/BSL)<br \/>\nS17CBA5 550 INDY ALL OPTIONS (2017) (R02) (S17CBA5)<br \/>\nS17CEA5BSA\/BSL 550 INDY\/ES 144 (2017) (R01) (S17CEA5BSA\/BSL)<br \/>\nS17CED5 550 INDY LXT ALL OPTIONS (2017) (R01) (S17CED5)<br \/>\nS17CEE5BSL 550 INDY ADVENTURE 144 (2017) (R01) (S17CEE5BSL)<br \/>\nS17CEF5BSL 550 VOYAGEUR 144 (2017) (R01) (S17CEF5BSL)<br \/>\nS17CFE5BSL\/BEL 550 ADVENTURE 155\/INTL (2017) (R01) (S17CFE5BSL\/BEL)<br \/>\nS17CFF5BSL\/BEL 550 VOYAGEUR 155\/INTL (2017) (R01) (S17CFF5BSL\/BEL)<br \/>\nS17SJA5B 550 WIDETRAK\/LX ALL OPTIONS (2017) (R02) (S17SJA5B)<br \/>\nS18CBA5BSA\/BSL\/BEL 550 INDY\/INTL (2018) (R01) (S18CBA5BSA\/BSL\/BEL)<br \/>\nS18CEA5BSA\/BSL 550 INDY 144\/ES (2018) (R01) (S18CEA5BSA\/BSL)<br \/>\nS18CED5 550 INDY LXT ALL OPTIONS (2018) (R01) (S18CED5)<br \/>\nS18CEE5BSL 550 INDY ADVENTURE 144 ES (2018) (R01) (S18CEE5BSL)<br \/>\nS18CEF5BSL 550 VOYAGEUR 144 ES (2018) (R01) (S18CEF5BSL)<br \/>\nS18CFE5BSL\/BEL 550 INDY ADVENTURE 155 ES\/INTL (2018) (R01) (S18CFE5BSL\/BEL)<br \/>\nS18CFF5BSL\/BEL 550 VOYAGEUR 155\/INTL (2018) (R01) (S18CFF5BSL\/BEL)<br \/>\nS18SJA5BSL\/BEL 550 WIDETRAK LX ES\/INTL (2018) (R01) (S18SJA5BSL\/BEL)<br \/>\nS19CBA5BSL\/BEL 550 INDY 121 ES\/INTL ES (2019) (R02) (S19CBA5BSL\/BEL)<br \/>\nS19CBU5BSA\/BSL\/BEL 550 INDY EVO\/ES\/ES INTL (2019) (R03) (S19CBU5BSA\/BSL\/BEL)<br \/>\nS19CEA5BSL 550 INDY 144 ES (2019) (R02) (S19CEA5BSL)<br \/>\nS19CED5B 550 INDY LXT ES ALL OPTIONS (2019) (R02) (S19CED5B)<br \/>\nS19CEE5BSL 550 INDY ADVENTURE 144 ES (2019) (R02) (S19CEE5BSL)<br \/>\nS19CEF5BSL 550 VOYAGEUR 144 ES (2019) (R02) (S19CEF5BSL)<br \/>\nS19CFE5BSL\/BEL 550 ADVENTURE 155 ES\/INTL (2019) (R02) (S19CFE5BSL\/BEL)<br \/>\nS19CFF5BSL\/BEL 550 VOYAGEUR 155 ES\/INTL (2019) (R02) (S19CFF5BSL\/BEL)<br \/>\nS19SJA5BSL\/BEL 550 WIDETRAK LX ES\/INTL (2019) (R01) (S19SJA5BSL\/BEL)<br \/>\nS20CBA5BSL\/BEL 550 INDY ES\/INTL ES (2020) (R02) (S20CBA5BSL\/BEL)<br \/>\nS20CBU5BSA\/BSL 550 INDY EVO\/ES (2020) (R01) (S20CBU5BSA\/BSL)<br \/>\nS20CEA5BSL 550 INDY 144 ES (2020) (R01) (S20CEA5BSL)<br \/>\nS20CED5BSL\/BSU 550 LXT ES (2020) (R02) (S20CED5BSL\/BSU)<br \/>\nS20CEE5BSL 550 INDY ADVENTURE 144 ES (2020) (R01) (S20CEE5BSL)<br \/>\nS20CEF5BSL 550 VOYAGEUR 144 ES (2020) (R01) (S20CEF5BSL)<br \/>\nS20CEU5BSA\/BSL\/BEL 550 RMK EVO\/ES\/INTL ES (2020) (R01) (S20CEU5BSA\/BSL\/BEL)<br \/>\nS20CFE5BSL 550 INDY ADVENTURE 155 ES (2020) (R01) (S20CFE5BSL)<br \/>\nS20CFF5BSL\/BEL 550 VOYAGEUR 155 ES\/INTL ES (2020) (R01) (S20CFF5BSL\/BEL)<br \/>\nS21CBA5BSL 550 INDY 121 ES (2021) (R01) (S21CBA5BSL)<br \/>\nS21CBU5BSL 550 INDY EVO 121 ES (2021) (R01) (S21CBU5BSL)<br \/>\nS21CEA5BSL 550 INDY 144 ES (2021) (R01) (S21CEA5BSL)<br \/>\nS21CED5BSL\/BSU\/BEL 550 INDY LXT\/NORTH EDITION\/INTL (2021) (R01) (S21CED5BSL\/BSU\/BEL)<br \/>\nS21CEE5BSL 550 INDY ADVENTURE 144 ES (2021) (R01) (S21CEE5BSL)<br \/>\nS21CEF5BSL 550 VOYAGEUR 144 ES (2021) (R01) (S21CEF5BSL)<br \/>\nS21CEU5BSL\/BEL 550 RMK EVO 144 ES\/INTL (2021) (R01) (S21CEU5BSL\/BEL)<br \/>\nS21CFE5BSL 550 INDY ADVENTURE 155 ES (2021) (R02) (S21CFE5BSL)<br \/>\nS21CFF5BSL\/BEL 550 VOYAGEUR 155 ES\/INTL ES (2021) (R02) (S21CFF5BSL\/BEL)<\/p>","protected":false},"featured_media":13269,"comment_status":"open","ping_status":"closed","template":"","meta":{"_acf_changed":false},"demonterat-fordon":[],"fordons-typ":[641],"make":[636],"parts-filter":[],"prod-typ":[716],"tillverkare":[865],"product_brand":[],"product_cat":[1004,442],"product_tag":[1133],"class_list":{"0":"post-13415","1":"product","2":"type-product","3":"status-publish","4":"has-post-thumbnail","6":"fordons-typ-sno","7":"make-polaris","8":"prod-typ-nos","9":"tillverkare-polaris","10":"product_cat-fuel-kranar-slangar-filter","11":"product_cat-fuel-pump","12":"product_tag-1133","14":"first","15":"instock","16":"purchasable","17":"product-type-simple"},"acf":[],"_links":{"self":[{"href":"https:\/\/whitepowder.se\/en\/wp-json\/wp\/v2\/product\/13415","targetHints":{"allow":["GET"]}}],"collection":[{"href":"https:\/\/whitepowder.se\/en\/wp-json\/wp\/v2\/product"}],"about":[{"href":"https:\/\/whitepowder.se\/en\/wp-json\/wp\/v2\/types\/product"}],"replies":[{"embeddable":true,"href":"https:\/\/whitepowder.se\/en\/wp-json\/wp\/v2\/comments?post=13415"}],"wp:featuredmedia":[{"embeddable":true,"href":"https:\/\/whitepowder.se\/en\/wp-json\/wp\/v2\/media\/13269"}],"wp:attachment":[{"href":"https:\/\/whitepowder.se\/en\/wp-json\/wp\/v2\/media?parent=13415"}],"wp:term":[{"taxonomy":"demonterat-fordon","embeddable":true,"href":"https:\/\/whitepowder.se\/en\/wp-json\/wp\/v2\/demonterat-fordon?post=13415"},{"taxonomy":"fordons-typ","embeddable":true,"href":"https:\/\/whitepowder.se\/en\/wp-json\/wp\/v2\/fordons-typ?post=13415"},{"taxonomy":"make","embeddable":true,"href":"https:\/\/whitepowder.se\/en\/wp-json\/wp\/v2\/make?post=13415"},{"taxonomy":"parts-filter","embeddable":true,"href":"https:\/\/whitepowder.se\/en\/wp-json\/wp\/v2\/parts-filter?post=13415"},{"taxonomy":"prod-typ","embeddable":true,"href":"https:\/\/whitepowder.se\/en\/wp-json\/wp\/v2\/prod-typ?post=13415"},{"taxonomy":"tillverkare","embeddable":true,"href":"https:\/\/whitepowder.se\/en\/wp-json\/wp\/v2\/tillverkare?post=13415"},{"taxonomy":"product_brand","embeddable":true,"href":"https:\/\/whitepowder.se\/en\/wp-json\/wp\/v2\/product_brand?post=13415"},{"taxonomy":"product_cat","embeddable":true,"href":"https:\/\/whitepowder.se\/en\/wp-json\/wp\/v2\/product_cat?post=13415"},{"taxonomy":"product_tag","embeddable":true,"href":"https:\/\/whitepowder.se\/en\/wp-json\/wp\/v2\/product_tag?post=13415"}],"curies":[{"name":"wp","href":"https:\/\/api.w.org\/{rel}","templated":true}]}}