{"id":13416,"date":"2024-08-26T09:42:33","date_gmt":"2024-08-26T07:42:33","guid":{"rendered":"https:\/\/whitepowder.se\/?post_type=product&#038;p=13416"},"modified":"2024-09-10T15:06:10","modified_gmt":"2024-09-10T13:06:10","slug":"polaris-2203591-550-heat-elevation-kit","status":"publish","type":"product","link":"https:\/\/whitepowder.se\/en\/polaris-2203591-550-heat-elevation-kit\/","title":{"rendered":"Polaris 2203591 &#8211; 550 Heat Elevation Kit"},"content":{"rendered":"<p>Polaris 2203591 &#8211; 550 Heat Elevation Kit<br \/>\n550 heat\/elevation kit<\/p>\n<p>application<br \/>\npolaris snowmobiles with 550 engines from model year 2007<\/p>\n<p>inneh\u00e5ller bland annat<br \/>\n5243196 cover manifold<br \/>\n5247535-067 screen pan front black<br \/>\n5247536 shield muffler<br \/>\n5430958-070 grill louvered black<br \/>\n5830161 matte sound<\/p>\n<p>2203592 rmk oil pump cooler kit<br \/>\n5251523 bracket oil pump cooler<br \/>\n7080807 clamp hose ( &#8221;p&#8221; clamp )<br \/>\n5413399 hose oil cooler<br \/>\n7080696 clamp fan shroud<\/p>\n<p>se bilder f\u00f6r fullst\u00e4ndig inneh\u00e5llsf\u00f6rteckning<\/p>","protected":false},"excerpt":{"rendered":"<p>Polaris 2203591 550 Heat\/Elevation Kit<\/p>\n<p>Application<br \/>\nPolaris Snowmobiles with 550 engines from model year 2007<\/p>","protected":false},"featured_media":13280,"comment_status":"open","ping_status":"closed","template":"","meta":{"_acf_changed":false},"demonterat-fordon":[],"fordons-typ":[641],"make":[636],"parts-filter":[],"prod-typ":[716],"tillverkare":[865],"product_brand":[],"product_cat":[436,445,257],"product_tag":[1133],"class_list":{"0":"post-13416","1":"product","2":"type-product","3":"status-publish","4":"has-post-thumbnail","6":"fordons-typ-sno","7":"make-polaris","8":"prod-typ-nos","9":"tillverkare-polaris","10":"product_cat-avgassystem","11":"product_cat-kylsystem","12":"product_cat-other-accessories","13":"product_tag-1133","15":"first","16":"instock","17":"purchasable","18":"product-type-simple"},"acf":[],"_links":{"self":[{"href":"https:\/\/whitepowder.se\/en\/wp-json\/wp\/v2\/product\/13416","targetHints":{"allow":["GET"]}}],"collection":[{"href":"https:\/\/whitepowder.se\/en\/wp-json\/wp\/v2\/product"}],"about":[{"href":"https:\/\/whitepowder.se\/en\/wp-json\/wp\/v2\/types\/product"}],"replies":[{"embeddable":true,"href":"https:\/\/whitepowder.se\/en\/wp-json\/wp\/v2\/comments?post=13416"}],"wp:featuredmedia":[{"embeddable":true,"href":"https:\/\/whitepowder.se\/en\/wp-json\/wp\/v2\/media\/13280"}],"wp:attachment":[{"href":"https:\/\/whitepowder.se\/en\/wp-json\/wp\/v2\/media?parent=13416"}],"wp:term":[{"taxonomy":"demonterat-fordon","embeddable":true,"href":"https:\/\/whitepowder.se\/en\/wp-json\/wp\/v2\/demonterat-fordon?post=13416"},{"taxonomy":"fordons-typ","embeddable":true,"href":"https:\/\/whitepowder.se\/en\/wp-json\/wp\/v2\/fordons-typ?post=13416"},{"taxonomy":"make","embeddable":true,"href":"https:\/\/whitepowder.se\/en\/wp-json\/wp\/v2\/make?post=13416"},{"taxonomy":"parts-filter","embeddable":true,"href":"https:\/\/whitepowder.se\/en\/wp-json\/wp\/v2\/parts-filter?post=13416"},{"taxonomy":"prod-typ","embeddable":true,"href":"https:\/\/whitepowder.se\/en\/wp-json\/wp\/v2\/prod-typ?post=13416"},{"taxonomy":"tillverkare","embeddable":true,"href":"https:\/\/whitepowder.se\/en\/wp-json\/wp\/v2\/tillverkare?post=13416"},{"taxonomy":"product_brand","embeddable":true,"href":"https:\/\/whitepowder.se\/en\/wp-json\/wp\/v2\/product_brand?post=13416"},{"taxonomy":"product_cat","embeddable":true,"href":"https:\/\/whitepowder.se\/en\/wp-json\/wp\/v2\/product_cat?post=13416"},{"taxonomy":"product_tag","embeddable":true,"href":"https:\/\/whitepowder.se\/en\/wp-json\/wp\/v2\/product_tag?post=13416"}],"curies":[{"name":"wp","href":"https:\/\/api.w.org\/{rel}","templated":true}]}}