{"id":13872,"date":"2024-09-01T22:37:08","date_gmt":"2024-09-01T20:37:08","guid":{"rendered":"https:\/\/whitepowder.se\/?post_type=product&#038;p=13872"},"modified":"2025-10-13T12:57:11","modified_gmt":"2025-10-13T10:57:11","slug":"polaris-2410641-harness-main-wirefs-fst","status":"publish","type":"product","link":"https:\/\/whitepowder.se\/en\/polaris-2410641-harness-main-wirefs-fst\/","title":{"rendered":"Polaris 2410641 &#8211; Harness-Main Wire,Fs\/Fst"},"content":{"rendered":"<p>Polaris 2410641 &#8211; Harness-Main Wire,Fs\/Fst<br \/>\nProdukt enligt bild<\/p>\n<p>* Anm\u00e4rkning: Produkten har ej varit inplastad vid f\u00f6rvaring och \u00e4r dammig \/ smutsig<\/p>","protected":false},"excerpt":{"rendered":"<p>Polaris 2410641 Sitter Original p\u00e5 :<\/p>\n<p>2006 FS\/FST CLASSIC (S06PD7ES) &#8211; Wire Harness, Main \/Fs<\/p>\n<p>2006 FS\/FST TOURING (S06PT7ES) &#8211; Wire Harness, Main \/Fs<\/p>\n<p>2006 FST SWITCHBACK (S06PS7FS) &#8211; Wire Harness, Main<\/p>","protected":false},"featured_media":13445,"comment_status":"open","ping_status":"closed","template":"","meta":{"_acf_changed":false},"demonterat-fordon":[],"fordons-typ":[641],"make":[636],"parts-filter":[689],"prod-typ":[716],"tillverkare":[865],"product_brand":[],"product_cat":[419],"product_tag":[],"class_list":{"0":"post-13872","1":"product","2":"type-product","3":"status-publish","4":"has-post-thumbnail","6":"fordons-typ-sno","7":"make-polaris","8":"parts-filter-iq-chassie","9":"prod-typ-nos","10":"tillverkare-polaris","11":"product_cat-main-harness","13":"first","14":"outofstock","15":"purchasable","16":"product-type-simple"},"acf":[],"_links":{"self":[{"href":"https:\/\/whitepowder.se\/en\/wp-json\/wp\/v2\/product\/13872","targetHints":{"allow":["GET"]}}],"collection":[{"href":"https:\/\/whitepowder.se\/en\/wp-json\/wp\/v2\/product"}],"about":[{"href":"https:\/\/whitepowder.se\/en\/wp-json\/wp\/v2\/types\/product"}],"replies":[{"embeddable":true,"href":"https:\/\/whitepowder.se\/en\/wp-json\/wp\/v2\/comments?post=13872"}],"wp:featuredmedia":[{"embeddable":true,"href":"https:\/\/whitepowder.se\/en\/wp-json\/wp\/v2\/media\/13445"}],"wp:attachment":[{"href":"https:\/\/whitepowder.se\/en\/wp-json\/wp\/v2\/media?parent=13872"}],"wp:term":[{"taxonomy":"demonterat-fordon","embeddable":true,"href":"https:\/\/whitepowder.se\/en\/wp-json\/wp\/v2\/demonterat-fordon?post=13872"},{"taxonomy":"fordons-typ","embeddable":true,"href":"https:\/\/whitepowder.se\/en\/wp-json\/wp\/v2\/fordons-typ?post=13872"},{"taxonomy":"make","embeddable":true,"href":"https:\/\/whitepowder.se\/en\/wp-json\/wp\/v2\/make?post=13872"},{"taxonomy":"parts-filter","embeddable":true,"href":"https:\/\/whitepowder.se\/en\/wp-json\/wp\/v2\/parts-filter?post=13872"},{"taxonomy":"prod-typ","embeddable":true,"href":"https:\/\/whitepowder.se\/en\/wp-json\/wp\/v2\/prod-typ?post=13872"},{"taxonomy":"tillverkare","embeddable":true,"href":"https:\/\/whitepowder.se\/en\/wp-json\/wp\/v2\/tillverkare?post=13872"},{"taxonomy":"product_brand","embeddable":true,"href":"https:\/\/whitepowder.se\/en\/wp-json\/wp\/v2\/product_brand?post=13872"},{"taxonomy":"product_cat","embeddable":true,"href":"https:\/\/whitepowder.se\/en\/wp-json\/wp\/v2\/product_cat?post=13872"},{"taxonomy":"product_tag","embeddable":true,"href":"https:\/\/whitepowder.se\/en\/wp-json\/wp\/v2\/product_tag?post=13872"}],"curies":[{"name":"wp","href":"https:\/\/api.w.org\/{rel}","templated":true}]}}