{"id":13902,"date":"2024-09-01T21:19:12","date_gmt":"2024-09-01T19:19:12","guid":{"rendered":"https:\/\/whitepowder.se\/?post_type=product&#038;p=13902"},"modified":"2024-09-10T15:46:46","modified_gmt":"2024-09-10T13:46:46","slug":"polaris-3021424-topp-head-cylinder-anm","status":"publish","type":"product","link":"https:\/\/whitepowder.se\/en\/polaris-3021424-topp-head-cylinder-anm\/","title":{"rendered":"Polaris 3021424 &#8211; Topp &#8211; Head Cylinder * Anm"},"content":{"rendered":"<p>Polaris 3021424 &#8211; Topp &#8211; Head Cylinder * Anm<br \/>\nHead-cyl 81mm 3\/4 deton<\/p>\n<p>* Anm\u00e4rkning: D\u00e5ligt embalerad fr\u00e5n fabrik repor skav<\/p>","protected":false},"excerpt":{"rendered":"<p>Polaris 3021424 Sitter Original p\u00e5 :<br \/>\nPolaris Snowmobile 2004 RMK 600 700 800 F O &#8211; S04NK6ES Cylinder S04nk7cs\/A\/B\/Cs04nl7cs\/A\/B\/Cs04nk8cs\/A\/B\/Cs04nl8cs\/A\/B\/Cs04nm8cs\/A\/B\/C (4988398839D07)<\/p>\n<p>Polaris Snowmobile 2004 SWITCHBACK 600 700 800 &#8211; S04NS6ES Cylinder S04ns7cs\/A\/B\/C\/D (4988378837D05)<\/p>\n<p>Polaris Snowmobile 2004 CLASSIC TOURING INT&#8217;L 600 700 800 &#8211; S04NT6ES-EE Cylinder S04nt7cs\/7Ce (4988458845D06)<\/p>\n<p>Polaris Snowmobile 2005 RMK 600 700 800 F O &#8211; S05NK6ES Cylinder S05nk7cs\/As05nl7cs\/As05nk8cs\/As05nl8cs\/As05nm8cs\/A (4992789278D06)<\/p>","protected":false},"featured_media":13737,"comment_status":"open","ping_status":"closed","template":"","meta":{"_acf_changed":false},"demonterat-fordon":[],"fordons-typ":[641],"make":[636],"parts-filter":[661],"prod-typ":[716],"tillverkare":[865],"product_brand":[],"product_cat":[457],"product_tag":[],"class_list":{"0":"post-13902","1":"product","2":"type-product","3":"status-publish","4":"has-post-thumbnail","6":"fordons-typ-sno","7":"make-polaris","8":"parts-filter-edge","9":"prod-typ-nos","10":"tillverkare-polaris","11":"product_cat-topp","13":"first","14":"instock","15":"purchasable","16":"product-type-simple"},"acf":[],"_links":{"self":[{"href":"https:\/\/whitepowder.se\/en\/wp-json\/wp\/v2\/product\/13902","targetHints":{"allow":["GET"]}}],"collection":[{"href":"https:\/\/whitepowder.se\/en\/wp-json\/wp\/v2\/product"}],"about":[{"href":"https:\/\/whitepowder.se\/en\/wp-json\/wp\/v2\/types\/product"}],"replies":[{"embeddable":true,"href":"https:\/\/whitepowder.se\/en\/wp-json\/wp\/v2\/comments?post=13902"}],"wp:featuredmedia":[{"embeddable":true,"href":"https:\/\/whitepowder.se\/en\/wp-json\/wp\/v2\/media\/13737"}],"wp:attachment":[{"href":"https:\/\/whitepowder.se\/en\/wp-json\/wp\/v2\/media?parent=13902"}],"wp:term":[{"taxonomy":"demonterat-fordon","embeddable":true,"href":"https:\/\/whitepowder.se\/en\/wp-json\/wp\/v2\/demonterat-fordon?post=13902"},{"taxonomy":"fordons-typ","embeddable":true,"href":"https:\/\/whitepowder.se\/en\/wp-json\/wp\/v2\/fordons-typ?post=13902"},{"taxonomy":"make","embeddable":true,"href":"https:\/\/whitepowder.se\/en\/wp-json\/wp\/v2\/make?post=13902"},{"taxonomy":"parts-filter","embeddable":true,"href":"https:\/\/whitepowder.se\/en\/wp-json\/wp\/v2\/parts-filter?post=13902"},{"taxonomy":"prod-typ","embeddable":true,"href":"https:\/\/whitepowder.se\/en\/wp-json\/wp\/v2\/prod-typ?post=13902"},{"taxonomy":"tillverkare","embeddable":true,"href":"https:\/\/whitepowder.se\/en\/wp-json\/wp\/v2\/tillverkare?post=13902"},{"taxonomy":"product_brand","embeddable":true,"href":"https:\/\/whitepowder.se\/en\/wp-json\/wp\/v2\/product_brand?post=13902"},{"taxonomy":"product_cat","embeddable":true,"href":"https:\/\/whitepowder.se\/en\/wp-json\/wp\/v2\/product_cat?post=13902"},{"taxonomy":"product_tag","embeddable":true,"href":"https:\/\/whitepowder.se\/en\/wp-json\/wp\/v2\/product_tag?post=13902"}],"curies":[{"name":"wp","href":"https:\/\/api.w.org\/{rel}","templated":true}]}}