{"id":13926,"date":"2024-09-01T21:19:09","date_gmt":"2024-09-01T19:19:09","guid":{"rendered":"https:\/\/whitepowder.se\/?post_type=product&#038;p=13926"},"modified":"2024-09-10T15:58:05","modified_gmt":"2024-09-10T13:58:05","slug":"polaris-3240302-cylinder-head-cp-3-cyl","status":"publish","type":"product","link":"https:\/\/whitepowder.se\/en\/polaris-3240302-cylinder-head-cp-3-cyl\/","title":{"rendered":"Polaris 3240302 &#8211; Cylinder Head Cp , 3 Cyl"},"content":{"rendered":"<p>Polaris 3240302 &#8211; Cylinder Head Cp , 3 Cyl<\/p>\n<p>* Anm\u00e4rkning: D\u00e5ligt embalerad fr\u00e5n fabrik mindre stuktofsar vid kanter nedre del ( se bilder )<\/p>","protected":false},"excerpt":{"rendered":"<p>Polaris 3240302 Sitter Original p\u00e5 :<\/p>\n<p>POLARIS 1997 SLX PRO 785 B974978 CYLINDER HEAD EXHAUST VALVES<br \/>\npolaris slx pro 785 b974978 \u2014 1997<\/p>\n<p>POLARIS 1998 INTL SLX PRO 785 I984978 CYLINDER HEAD EXHAUST VALVES B984978<br \/>\npolaris intl slx pro 785 i984978 \u2014 1998<\/p>\n<p>POLARIS 1998 SLX PRO 785 B984978 CYLINDER HEAD EXHAUST VALVES<br \/>\npolaris slx pro 785 b984978 \u2014 1998<\/p>","protected":false},"featured_media":13852,"comment_status":"open","ping_status":"closed","template":"","meta":{"_acf_changed":false},"demonterat-fordon":[],"fordons-typ":[643],"make":[636],"parts-filter":[],"prod-typ":[716],"tillverkare":[865],"product_brand":[],"product_cat":[457],"product_tag":[],"class_list":{"0":"post-13926","1":"product","2":"type-product","3":"status-publish","4":"has-post-thumbnail","6":"fordons-typ-watercraft","7":"make-polaris","8":"prod-typ-nos","9":"tillverkare-polaris","10":"product_cat-topp","12":"first","13":"instock","14":"purchasable","15":"product-type-simple"},"acf":[],"_links":{"self":[{"href":"https:\/\/whitepowder.se\/en\/wp-json\/wp\/v2\/product\/13926","targetHints":{"allow":["GET"]}}],"collection":[{"href":"https:\/\/whitepowder.se\/en\/wp-json\/wp\/v2\/product"}],"about":[{"href":"https:\/\/whitepowder.se\/en\/wp-json\/wp\/v2\/types\/product"}],"replies":[{"embeddable":true,"href":"https:\/\/whitepowder.se\/en\/wp-json\/wp\/v2\/comments?post=13926"}],"wp:featuredmedia":[{"embeddable":true,"href":"https:\/\/whitepowder.se\/en\/wp-json\/wp\/v2\/media\/13852"}],"wp:attachment":[{"href":"https:\/\/whitepowder.se\/en\/wp-json\/wp\/v2\/media?parent=13926"}],"wp:term":[{"taxonomy":"demonterat-fordon","embeddable":true,"href":"https:\/\/whitepowder.se\/en\/wp-json\/wp\/v2\/demonterat-fordon?post=13926"},{"taxonomy":"fordons-typ","embeddable":true,"href":"https:\/\/whitepowder.se\/en\/wp-json\/wp\/v2\/fordons-typ?post=13926"},{"taxonomy":"make","embeddable":true,"href":"https:\/\/whitepowder.se\/en\/wp-json\/wp\/v2\/make?post=13926"},{"taxonomy":"parts-filter","embeddable":true,"href":"https:\/\/whitepowder.se\/en\/wp-json\/wp\/v2\/parts-filter?post=13926"},{"taxonomy":"prod-typ","embeddable":true,"href":"https:\/\/whitepowder.se\/en\/wp-json\/wp\/v2\/prod-typ?post=13926"},{"taxonomy":"tillverkare","embeddable":true,"href":"https:\/\/whitepowder.se\/en\/wp-json\/wp\/v2\/tillverkare?post=13926"},{"taxonomy":"product_brand","embeddable":true,"href":"https:\/\/whitepowder.se\/en\/wp-json\/wp\/v2\/product_brand?post=13926"},{"taxonomy":"product_cat","embeddable":true,"href":"https:\/\/whitepowder.se\/en\/wp-json\/wp\/v2\/product_cat?post=13926"},{"taxonomy":"product_tag","embeddable":true,"href":"https:\/\/whitepowder.se\/en\/wp-json\/wp\/v2\/product_tag?post=13926"}],"curies":[{"name":"wp","href":"https:\/\/api.w.org\/{rel}","templated":true}]}}