{"id":13929,"date":"2024-09-01T21:18:46","date_gmt":"2024-09-01T19:18:46","guid":{"rendered":"https:\/\/whitepowder.se\/?post_type=product&#038;p=13929"},"modified":"2024-09-10T15:56:59","modified_gmt":"2024-09-10T13:56:59","slug":"polaris-4010332-controllerignfuel","status":"publish","type":"product","link":"https:\/\/whitepowder.se\/en\/polaris-4010332-controllerignfuel\/","title":{"rendered":"Polaris 4010332 &#8211; Controller,Ign,Fuel"},"content":{"rendered":"<p>Polaris 4010332 &#8211; Controller,Ign,Fuel<br \/>\nEmm programmed po 0625<\/p>\n<p>controller,ign,fuel<\/p>\n<p>part# po625<\/p>\n<p>ficht engine management module<br \/>\np\/n: 586720 b s\/n: 00021233<\/p>\n<p>totalt anslutning f\u00f6r 3 kontaktstycken 2 i toppen &amp; en i botten<\/p>\n<p>kontakten i botten har 2 celler med 20 stift i varje cell.<br \/>\nden st\u00f6rre kontakten i toppen har 12 stift.<br \/>\nden mindre kontakten i toppen har 8 stift.<\/p>\n<p>partnumber p\u00e5 kartong polaris: 4010332<\/p>\n<p>* Anm\u00e4rkning: Kartongen till produkten har varit \u00f6ppnad och ej helt st\u00e4ngd s\u00e5 dammig skitig produkt.<\/p>","protected":false},"excerpt":{"rendered":"<p>Polaris 4010332 Passar :<\/p>\n<p>POLARIS 1999 GENESIS FICHT B995094 EMM I995094<br \/>\nB995094 GENESIS FICHT (1999) (B995094)<br \/>\npolaris genesis ficht b995094 \u2014 1999<\/p>\n<p>POLARIS 1999 INT L GENESIS FICHT I995094 EMM<br \/>\nI995094 INT&#8217;L GENESIS FICHT (1999) (I995094)<br \/>\npolaris int l genesis ficht i995094 \u2014 1999<\/p>","protected":false},"featured_media":13843,"comment_status":"open","ping_status":"closed","template":"","meta":{"_acf_changed":false},"demonterat-fordon":[],"fordons-typ":[643],"make":[636],"parts-filter":[],"prod-typ":[716],"tillverkare":[865],"product_brand":[],"product_cat":[408],"product_tag":[],"class_list":{"0":"post-13929","1":"product","2":"type-product","3":"status-publish","4":"has-post-thumbnail","6":"fordons-typ-watercraft","7":"make-polaris","8":"prod-typ-nos","9":"tillverkare-polaris","10":"product_cat-databoxar","12":"first","13":"instock","14":"purchasable","15":"product-type-simple"},"acf":[],"_links":{"self":[{"href":"https:\/\/whitepowder.se\/en\/wp-json\/wp\/v2\/product\/13929","targetHints":{"allow":["GET"]}}],"collection":[{"href":"https:\/\/whitepowder.se\/en\/wp-json\/wp\/v2\/product"}],"about":[{"href":"https:\/\/whitepowder.se\/en\/wp-json\/wp\/v2\/types\/product"}],"replies":[{"embeddable":true,"href":"https:\/\/whitepowder.se\/en\/wp-json\/wp\/v2\/comments?post=13929"}],"wp:featuredmedia":[{"embeddable":true,"href":"https:\/\/whitepowder.se\/en\/wp-json\/wp\/v2\/media\/13843"}],"wp:attachment":[{"href":"https:\/\/whitepowder.se\/en\/wp-json\/wp\/v2\/media?parent=13929"}],"wp:term":[{"taxonomy":"demonterat-fordon","embeddable":true,"href":"https:\/\/whitepowder.se\/en\/wp-json\/wp\/v2\/demonterat-fordon?post=13929"},{"taxonomy":"fordons-typ","embeddable":true,"href":"https:\/\/whitepowder.se\/en\/wp-json\/wp\/v2\/fordons-typ?post=13929"},{"taxonomy":"make","embeddable":true,"href":"https:\/\/whitepowder.se\/en\/wp-json\/wp\/v2\/make?post=13929"},{"taxonomy":"parts-filter","embeddable":true,"href":"https:\/\/whitepowder.se\/en\/wp-json\/wp\/v2\/parts-filter?post=13929"},{"taxonomy":"prod-typ","embeddable":true,"href":"https:\/\/whitepowder.se\/en\/wp-json\/wp\/v2\/prod-typ?post=13929"},{"taxonomy":"tillverkare","embeddable":true,"href":"https:\/\/whitepowder.se\/en\/wp-json\/wp\/v2\/tillverkare?post=13929"},{"taxonomy":"product_brand","embeddable":true,"href":"https:\/\/whitepowder.se\/en\/wp-json\/wp\/v2\/product_brand?post=13929"},{"taxonomy":"product_cat","embeddable":true,"href":"https:\/\/whitepowder.se\/en\/wp-json\/wp\/v2\/product_cat?post=13929"},{"taxonomy":"product_tag","embeddable":true,"href":"https:\/\/whitepowder.se\/en\/wp-json\/wp\/v2\/product_tag?post=13929"}],"curies":[{"name":"wp","href":"https:\/\/api.w.org\/{rel}","templated":true}]}}