{"id":14705,"date":"2024-09-10T19:37:15","date_gmt":"2024-09-10T17:37:15","guid":{"rendered":"https:\/\/whitepowder.se\/?post_type=product&#038;p=14705"},"modified":"2024-09-11T17:30:59","modified_gmt":"2024-09-11T15:30:59","slug":"polaris-3021075-cylinder-xcr-sp-440-anm-2","status":"publish","type":"product","link":"https:\/\/whitepowder.se\/en\/polaris-3021075-cylinder-xcr-sp-440-anm-2\/","title":{"rendered":"Polaris 3021075 &#8211; Cylinder, Xcr Sp 440 **Anm"},"content":{"rendered":"<p>Polaris 3021075 &#8211; Cylinder, Xcr Sp 440 **Anm<br \/>\nCylinder,66mm<\/p>\n<p>* Anm\u00e4rkning: D\u00e5ligt embalerad fr\u00e5n fabrik mindre stuktofs jack vid \u00f6vre delen mot toppen.<\/p>","protected":false},"excerpt":{"rendered":"<p>Polaris 3021075 Sitter Original p\u00e5 :<\/p>\n<p>Polaris Snowmobile 1999 XCR SP 440 &#8211; 099NX4CS CYLINDERPolaris Snowmobile 1999 XCR SP 440 &#8211; 099NX4CS CYLINDER<\/p>","protected":false},"featured_media":14514,"comment_status":"open","ping_status":"closed","template":"","meta":{"_acf_changed":false},"demonterat-fordon":[],"fordons-typ":[641],"make":[636],"parts-filter":[884],"prod-typ":[716],"tillverkare":[865],"product_brand":[],"product_cat":[594],"product_tag":[],"class_list":{"0":"post-14705","1":"product","2":"type-product","3":"status-publish","4":"has-post-thumbnail","6":"fordons-typ-sno","7":"make-polaris","8":"parts-filter-gen-ii","9":"prod-typ-nos","10":"tillverkare-polaris","11":"product_cat-cylinder","13":"first","14":"instock","15":"purchasable","16":"product-type-simple"},"acf":[],"_links":{"self":[{"href":"https:\/\/whitepowder.se\/en\/wp-json\/wp\/v2\/product\/14705","targetHints":{"allow":["GET"]}}],"collection":[{"href":"https:\/\/whitepowder.se\/en\/wp-json\/wp\/v2\/product"}],"about":[{"href":"https:\/\/whitepowder.se\/en\/wp-json\/wp\/v2\/types\/product"}],"replies":[{"embeddable":true,"href":"https:\/\/whitepowder.se\/en\/wp-json\/wp\/v2\/comments?post=14705"}],"wp:featuredmedia":[{"embeddable":true,"href":"https:\/\/whitepowder.se\/en\/wp-json\/wp\/v2\/media\/14514"}],"wp:attachment":[{"href":"https:\/\/whitepowder.se\/en\/wp-json\/wp\/v2\/media?parent=14705"}],"wp:term":[{"taxonomy":"demonterat-fordon","embeddable":true,"href":"https:\/\/whitepowder.se\/en\/wp-json\/wp\/v2\/demonterat-fordon?post=14705"},{"taxonomy":"fordons-typ","embeddable":true,"href":"https:\/\/whitepowder.se\/en\/wp-json\/wp\/v2\/fordons-typ?post=14705"},{"taxonomy":"make","embeddable":true,"href":"https:\/\/whitepowder.se\/en\/wp-json\/wp\/v2\/make?post=14705"},{"taxonomy":"parts-filter","embeddable":true,"href":"https:\/\/whitepowder.se\/en\/wp-json\/wp\/v2\/parts-filter?post=14705"},{"taxonomy":"prod-typ","embeddable":true,"href":"https:\/\/whitepowder.se\/en\/wp-json\/wp\/v2\/prod-typ?post=14705"},{"taxonomy":"tillverkare","embeddable":true,"href":"https:\/\/whitepowder.se\/en\/wp-json\/wp\/v2\/tillverkare?post=14705"},{"taxonomy":"product_brand","embeddable":true,"href":"https:\/\/whitepowder.se\/en\/wp-json\/wp\/v2\/product_brand?post=14705"},{"taxonomy":"product_cat","embeddable":true,"href":"https:\/\/whitepowder.se\/en\/wp-json\/wp\/v2\/product_cat?post=14705"},{"taxonomy":"product_tag","embeddable":true,"href":"https:\/\/whitepowder.se\/en\/wp-json\/wp\/v2\/product_tag?post=14705"}],"curies":[{"name":"wp","href":"https:\/\/api.w.org\/{rel}","templated":true}]}}