{"id":14707,"date":"2024-09-10T19:37:13","date_gmt":"2024-09-10T17:37:13","guid":{"rendered":"https:\/\/whitepowder.se\/?post_type=product&#038;p=14707"},"modified":"2024-09-11T17:31:17","modified_gmt":"2024-09-11T15:31:17","slug":"polaris-3085302-cylinder-xcr-600-anm","status":"publish","type":"product","link":"https:\/\/whitepowder.se\/en\/polaris-3085302-cylinder-xcr-600-anm\/","title":{"rendered":"Polaris 3085302 &#8211; Cylinder, Xcr 600 * Anm"},"content":{"rendered":"<p>Polaris 3085302 &#8211; Cylinder, Xcr 600 * Anm<\/p>\n<p>* Anm\u00e4rkning: D\u00e5ligt embalerad fr\u00e5n fabrik stuktofs vid bult h\u00e5l\/\u00f6ra \u00f6vre delen mot toppen.<\/p>","protected":false},"excerpt":{"rendered":"<p>Polaris 3085302 Sitter Original p\u00e5 :<\/p>\n<p>Polaris Snowmobile 1997 XCR 600 SE &#8211; H975677 CYLINDER<\/p>\n<p>Polaris Snowmobile 1998 XCR 600 &#8211; 0985677 Cylinder 600 Xcr<\/p>\n<p>Polaris Snowmobile 1996 XCR 600 SP &#8211; 0965677 Cylinder 600 Xcr Sp &amp; European 600 Xcr Sp E965677<\/p>\n<p>Polaris Snowmobile 1996 EURO 600 XCR SP &#8211; E965677 Cylinder 600 Xcr Sp 0965677 &amp; European 600 Xcr Sp<\/p>\n<p>Polaris Snowmobile 1997 EURO 600 XCR SE &#8211; E975677 Cylinder H975677<\/p>\n<p>Polaris Snowmobile 1997 XCR 600 &#8211; 0975677 Cylinder H975677Polaris Snowmobile 1997 XCR 600 SE &#8211; H975677 CYLINDER<\/p>\n<p>Polaris Snowmobile 1998 XCR 600 &#8211; 0985677 Cylinder 600 Xcr<\/p>\n<p>Polaris Snowmobile 1996 XCR 600 SP &#8211; 0965677 Cylinder 600 Xcr Sp &amp; European 600 Xcr Sp E965677<\/p>\n<p>Polaris Snowmobile 1996 EURO 600 XCR SP &#8211; E965677 Cylinder 600 Xcr Sp 0965677 &amp; European 600 Xcr Sp<\/p>\n<p>Polaris Snowmobile 1997 EURO 600 XCR SE &#8211; E975677 Cylinder H975677<\/p>\n<p>Polaris Snowmobile 1997 XCR 600 &#8211; 0975677 Cylinder H975677<\/p>","protected":false},"featured_media":14506,"comment_status":"open","ping_status":"closed","template":"","meta":{"_acf_changed":false},"demonterat-fordon":[],"fordons-typ":[641],"make":[636],"parts-filter":[947],"prod-typ":[716],"tillverkare":[865],"product_brand":[],"product_cat":[594],"product_tag":[],"class_list":{"0":"post-14707","1":"product","2":"type-product","3":"status-publish","4":"has-post-thumbnail","6":"fordons-typ-sno","7":"make-polaris","8":"parts-filter-aggressive","9":"prod-typ-nos","10":"tillverkare-polaris","11":"product_cat-cylinder","13":"first","14":"instock","15":"purchasable","16":"product-type-simple"},"acf":[],"_links":{"self":[{"href":"https:\/\/whitepowder.se\/en\/wp-json\/wp\/v2\/product\/14707","targetHints":{"allow":["GET"]}}],"collection":[{"href":"https:\/\/whitepowder.se\/en\/wp-json\/wp\/v2\/product"}],"about":[{"href":"https:\/\/whitepowder.se\/en\/wp-json\/wp\/v2\/types\/product"}],"replies":[{"embeddable":true,"href":"https:\/\/whitepowder.se\/en\/wp-json\/wp\/v2\/comments?post=14707"}],"wp:featuredmedia":[{"embeddable":true,"href":"https:\/\/whitepowder.se\/en\/wp-json\/wp\/v2\/media\/14506"}],"wp:attachment":[{"href":"https:\/\/whitepowder.se\/en\/wp-json\/wp\/v2\/media?parent=14707"}],"wp:term":[{"taxonomy":"demonterat-fordon","embeddable":true,"href":"https:\/\/whitepowder.se\/en\/wp-json\/wp\/v2\/demonterat-fordon?post=14707"},{"taxonomy":"fordons-typ","embeddable":true,"href":"https:\/\/whitepowder.se\/en\/wp-json\/wp\/v2\/fordons-typ?post=14707"},{"taxonomy":"make","embeddable":true,"href":"https:\/\/whitepowder.se\/en\/wp-json\/wp\/v2\/make?post=14707"},{"taxonomy":"parts-filter","embeddable":true,"href":"https:\/\/whitepowder.se\/en\/wp-json\/wp\/v2\/parts-filter?post=14707"},{"taxonomy":"prod-typ","embeddable":true,"href":"https:\/\/whitepowder.se\/en\/wp-json\/wp\/v2\/prod-typ?post=14707"},{"taxonomy":"tillverkare","embeddable":true,"href":"https:\/\/whitepowder.se\/en\/wp-json\/wp\/v2\/tillverkare?post=14707"},{"taxonomy":"product_brand","embeddable":true,"href":"https:\/\/whitepowder.se\/en\/wp-json\/wp\/v2\/product_brand?post=14707"},{"taxonomy":"product_cat","embeddable":true,"href":"https:\/\/whitepowder.se\/en\/wp-json\/wp\/v2\/product_cat?post=14707"},{"taxonomy":"product_tag","embeddable":true,"href":"https:\/\/whitepowder.se\/en\/wp-json\/wp\/v2\/product_tag?post=14707"}],"curies":[{"name":"wp","href":"https:\/\/api.w.org\/{rel}","templated":true}]}}