{"id":14726,"date":"2024-09-10T19:36:53","date_gmt":"2024-09-10T17:36:53","guid":{"rendered":"https:\/\/whitepowder.se\/?post_type=product&#038;p=14726"},"modified":"2024-09-11T17:32:46","modified_gmt":"2024-09-11T15:32:46","slug":"polaris-1205187-asm-hose-bypass-afs-snow","status":"publish","type":"product","link":"https:\/\/whitepowder.se\/en\/polaris-1205187-asm-hose-bypass-afs-snow\/","title":{"rendered":"Polaris 1205187 &#8211; Asm., Hose, Bypass, Afs Snow"},"content":{"rendered":"<p>Polaris 1205187 &#8211; Asm., Hose, Bypass, Afs Snow<br \/>\nSlang som g\u00e5r fr\u00e5n vatten pumps locket och under motorn upp p\u00e5 insugssidan och till toppen<\/p>","protected":false},"excerpt":{"rendered":"<p>Polaris 1205187 Sitter Original p\u00e5 :<\/p>\n<p>2015 600 RUSH PRO S ALL OPTIONS (S15DP6) &#8211; Engine, Cooling System All Options<\/p>\n<p>2015 600 RUSH PRO-X INTL (S15DF6PEL) &#8211; Engine, Cooling System<\/p>\n<p>2015 600 SWITCHBACK PRO S ALL OPTIONS (S15DS6) &#8211; Engine, Cooling System All Options<\/p>\n<p>2015 600 SWITCHBACK PRO-X ES INTL (S15DR6PEL) &#8211; Engine, Cooling System<\/p>\n<p>2015 800 RUSH PRO S ALL OPTIONS (S15DP8) &#8211; Engine, Cooling System All Options<\/p>\n<p>2015 800 RUSH PRO X ALL OPTIONS (S15DF8PEL\/PS) &#8211; Engine, Cooling System S15df8 All Options<\/p>\n<p>2015 800 SWITCHBACK PRO S ALL OPTIONS (S15DS8PS\/PSA\/PSL) &#8211; Engine, Cooling System S15ds8 All Options<\/p>\n<p>2015 800 SWITCHBACK PRO-X ALL OPTIONS (S15DR8PS\/PEL) &#8211; Engine, Cooling System All Options<\/p>\n<p>2016 600 RUSH PRO-S ALL OPTIONS (S16DP6) &#8211; Engine, Cooling System All Options<\/p>\n<p>2016 600 RUSH PRO-X INTL ALL OPTIONS (S16DF6) &#8211; Engine, Cooling System Pe\/Pel All Options<\/p>\n<p>2016 600 SWITCHBACK ADVENTURE\/INTL (S16DA6PEL\/PSL) &#8211; Engine, Cooling System S16da6pe\/Psl<\/p>\n<p>2016 600 SWITCHBACK PRO-S ALL OPTIONS (S16DS6) &#8211; Engine, Cooling System All Options<\/p>\n<p>2016 600 SWITCHBACK PRO-X INTL ALL OPTIONS (S16DR6PE\/PEL) &#8211; Engine, Cooling System All Options<\/p>\n<p>2016 800 RUSH PRO-S ALL OPTIONS (S16DP8) &#8211; Engine, Cooling System All Options<\/p>\n<p>2016 800 RUSH PRO-X ALL OPTIONS (S16DF8) &#8211; Engine, Cooling System All Options<\/p>\n<p>2016 800 SWITCHBACK ADVENTURE\/INTL (S16DA8PSL\/PEL) &#8211; Engine, Cooling System<\/p>\n<p>2016 800 SWITCHBACK PRO X\/INTL ALL OPTIONS (S16DR8) &#8211; Engine, Cooling System All Options<\/p>\n<p>2016 800 SWITCHBACK PRO-S ALL OPTIONS (S16DS8) &#8211; Engine, Cooling System All Options<\/p>\n<p>2017 600 RMK\/ES 144 (S17EEG6PSA\/PSL) &#8211; Engine, Cooling System<\/p>\n<p>2017 600 RUSH PRO S ALL OPTIONS (S17DCH6) &#8211; Engine, Cooling System All Options<\/p>\n<p>2017 600 RUSH XCR\/INTL ES (S17DCL6PSA\/PEL) &#8211; Engine, Cooling System<\/p>\n<p>2017 600 SWITCHBACK ADVENTURE (S17DDE6PSL) &#8211; Engine, Cooling System<\/p>\n<p>2017 600 SWITCHBACK ASSAULT 144 ALL OPTIONS (S17EEC6) &#8211; Engine, Cooling System All Options<\/p>\n<p>2017 600 SWITCHBACK PRO S ALL OPTIONS (S17DDH6) &#8211; Engine, Cooling System All Options<\/p>\n<p>2017 600 SWITCHBACK PRO X INTL (S17DDJ6PEM) &#8211; Engine, Cooling System<\/p>\n<p>2017 600 SWITCHBACK SP ALL OPTIONS (S17EER6) &#8211; Engine, Cooling System All Options<\/p>\n<p>2017 800 RUSH PRO S ALL OPTIONS (S17DCH8) &#8211; Engine, Cooling System All Options<\/p>\n<p>2017 800 RUSH PRO X SC (S17DCJ8PS) &#8211; Engine, Cooling System All Options<\/p>\n<p>2017 800 RUSH XCR\/INTL ES (S17DCL8PSA\/PEL) &#8211; Engine, Cooling System<\/p>\n<p>2017 800 SWITCHBACK ADVENTURE\/INTL (S17DDE8PSL\/PEL) &#8211; Engine, Cooling System<\/p>\n<p>2017 800 SWITCHBACK ASSAULT 144 ALL OPTIONS (S17EEC8) &#8211; Engine, Cooling System All Options<\/p>\n<p>2017 800 SWITCHBACK PRO S ALL OPTIONS (S17DDH8) &#8211; Engine, Cooling System All Options<\/p>\n<p>2017 800 SWITCHBACK PRO X\/INTL ALL OPTIONS (S17DDJ8) &#8211; Engine, Cooling System All Options<\/p>\n<p>2018 600 RMK\/ES 144 (S18EEG6PSA\/PSL) &#8211; Engine, Cooling System<\/p>\n<p>2018 600 RUSH PRO-S ALL OPTIONS (S18DCH6PS) &#8211; Engine, Cooling System All Options<\/p>\n<p>2018 600 RUSH XCR\/INTL ALL OPTIONS (S18DCL6PS\/PEM) &#8211; Engine, Cooling System<\/p>\n<p>2018 600 SWITCHBACK ADVENTURE 137 ES (S18DDE6PSL) &#8211; Engine, Cooling System<\/p>\n<p>2018 600 SWITCHBACK ASSAULT 144 ALL OPTIONS (S18EEC6P) &#8211; Engine, Cooling System All Options<\/p>\n<p>2018 600 SWITCHBACK PRO-S ALL OPTIONS (S18DDH6PS) &#8211; Engine, Cooling System S18ddh6 All Options<\/p>\n<p>2018 600 SWITCHBACK XCR\/INTL ALL OPTIONS (S18DDL6PS\/PEM) &#8211; Engine, Cooling System<\/p>\n<p>2018 800 AXYS PRO RMK 155 ALL OPTIONS (S18EFK8P\/EFM8P) &#8211; Engine, Cooling System All Options<\/p>\n<p>2018 800 AXYS PRO RMK 163 ALL OPTIONS (S18EGK8P\/EGM8P) &#8211; Engine, Cooling System All Options<\/p>\n<p>2018 800 AXYS PRO RMK 174, 3&#8243; ALL OPTIONS (S18EHM8PS\/PEB) &#8211; Engine, Cooling System All Options<\/p>\n<p>2018 800 AXYS SKS 146 ALL OPTIONS (S18ELS8P) &#8211; Engine, Cooling System All Options<\/p>\n<p>2018 800 RUSH PRO-S ALL OPTIONS (S18DCH8PS) &#8211; Engine, Cooling System All Options<\/p>\n<p>2018 800 RUSH PRO-X SC SELECT (S18DCJ8PS) &#8211; Engine, Cooling System All Options<\/p>\n<p>2018 800 RUSH XCR\/INTL ALL OPTIONS (S18DCL8PS\/PEM) &#8211; Engine, Cooling System<\/p>\n<p>2018 800 SWITCHBACK ADVENTURE 137 ES (S18DDE8PSL) &#8211; Engine, Cooling System<\/p>\n<p>2018 800 SWITCHBACK ASSAULT 144 ALL OPTIONS (S18EEC8P) &#8211; Engine, Cooling System All Options<\/p>\n<p>2018 800 SWITCHBACK PRO-S ALL OPTIONS (S18DDH8PS) &#8211; Engine, Cooling System All Options<\/p>\n<p>2018 800 SWITCHBACK PRO-X SC SELECT (S18DDJ8PS) &#8211; Engine, Cooling System All Options<\/p>\n<p>2018 800 SWITCHBACK XCR\/INTL ALL OPTIONS (S18DDL8PS\/PEM) &#8211; Engine, Cooling System<\/p>\n<p>2019 600 RMK 144\/ES (S19EEG6PSA\/PSL) &#8211; Engine, Cooling System<\/p>\n<p>2019 600 RUSH PRO-S SC SELECT (S19DCH6PS) &#8211; Engine, Cooling System All Options<\/p>\n<p>2019 600 RUSH XCR SC SELECT ALL OPTIONS (S19DCL6PS\/6PEM) &#8211; Engine, Cooling System S19dcl6ps\/Pem<\/p>\n<p>2019 600 SWITCHBACK ADVENTURE ES (S19DDE6PSL) &#8211; Engine, Cooling System<\/p>\n<p>2019 600 SWITCHBACK ASSAULT 144\/INTL SC SELECT ALL OPTIONS (S19EEC6PS\/PER) &#8211; Engine, Cooling System All Options<\/p>\n<p>2019 600 SWITCHBACK PRO-S SC SELECT ALL OPTIONS (S19DDH6PS) &#8211; Engine, Cooling System S19ddh6 All Options<\/p>\n<p>2019 600 SWITCHBACK XCR\/INTL SC SELECT ALL OPTIONS (S19DDL6PS\/PEM) &#8211; Engine, Cooling System<\/p>\n<p>2019 600 VOYAGEUR 144 ES\/INTL (S19EEF6PSL\/PEL) &#8211; Engine, Cooling System<\/p>\n<p>2019 800 AXYS PRO-RMK 155\/INTL SC SELECT\/3&#8243;SC SELECT (S19EFK8PS\/PEB\/EFM8PS) &#8211; Engine, Cooling System S19efk8ps\/Peb All Options<\/p>\n<p>2019 800 AXYS PRO-RMK 163 SC SEL.\/3&#8243; SC SELECT (S19EGK8PS\/EGM8PS) &#8211; Engine, Cooling System S19egk8ps All Options<\/p>\n<p>2019 800 AXYS PRO-RMK 174 3&#8243; SC SELECT (S19EHM8PS) &#8211; Engine, Cooling System All Options<\/p>\n<p>2019 800 AXYS SKS 146\/INTL ALL OPTIONS (S19ELS8PS\/PEB) &#8211; Engine, Cooling System S19els8ps All Options<\/p>\n<p>2019 800 RMK ASSAULT 155\/INTL SC SELECT (S19EFT8PS\/PEB) &#8211; Engine, Cooling System All Options<\/p>\n<p>2019 800 RUSH PRO-S SC SELECT (S19DCH8PS) &#8211; Engine, Cooling System All Options<\/p>\n<p>2019 800 SWITCHBACK ADVENTURE ES (S19DDE8PSL) &#8211; Engine, Cooling System<\/p>\n<p>2019 800 SWITCHBACK ASSAULT 144\/INTL SC SELECT ALL OPTIONS (S19EEC8PS\/PEB) &#8211; Engine, Cooling System All Options<\/p>\n<p>2019 800 SWITCHBACK PRO-S SC SELECT ALL OPTIONS (S19DDH8PS) &#8211; Engine, Cooling System All Options<\/p>\n<p>2020 600 RMK 144 ES (S20EEG6PSL) &#8211; Engine, Cooling System<\/p>\n<p>2020 600 RUSH PRO-S SC SELECT (S20DCH6PS) &#8211; Engine, Cooling System All Options<\/p>\n<p>2020 600 SWITCHBACK PRO-S SC SELECT ALL OPTIONS (S20DDH6PS) &#8211; Engine, Cooling System All Options<\/p>\n<p>2020 600 SWITCHBACK XCR SC SELECT ALL OPTIONS (S20DDL6PS) &#8211; Engine, Cooling System All Options<\/p>\n<p>2020 600 VOYAGEUR 144\/INTL (S20EEF6PSL\/PEL) &#8211; Engine, Cooling System<\/p>\n<p>2020 800 AXYS PRO RMK 174 3&#8243; SC SELECT (S20EHM8PS) &#8211; Engine, Cooling System All Options<\/p>\n<p>2020 800 AXYS PRO-RMK 155\/155 3&#8243; SC SELECT (S20EFK8PS\/EFM8PS) &#8211; Engine, Cooling System All Options<\/p>\n<p>2020 800 AXYS PRO-RMK 163\/163 3&#8243; SC SELECT (S20EGK8PS\/EGM8PS) &#8211; Engine, Cooling System All Options<\/p>\n<p>2020 800 RMK KHAOS 155\/155 3&#8243; SC SELECT (S20EFT8PS\/EFN8PS) &#8211; Engine, Cooling System All Options<\/p>\n<p>2020 800 RUSH PRO-S SC SELECT (S20DCH8PS) &#8211; Engine, Cooling System All Options<\/p>\n<p>2020 800 SKS 146 SC SELECT ALL OPTIONS (S20ELS8PS) &#8211; Engine, Cooling System All Options<\/p>\n<p>2020 800 SWITCHBACK ASSAULT 144 SC SELECT (S20EEC8PS) &#8211; Engine, Cooling System All Options<\/p>\n<p>2020 800 SWITCHBACK PRO-S SC SELECT ALL OPTIONS (S20DDH8PS) &#8211; Engine, Cooling System All Options<\/p>\n<p>2020 800 SWITCHBACK XCR SC SELECT ALL OPTIONS (S20DDL8PS) &#8211; Engine, Cooling System All Options<\/p>\n<p>2021 600 RMK 144 ES (S21EEG6PSL) &#8211; Engine, Cooling System<\/p>\n<p>2021 600 SWITCHBACK PRO-S ALL OPTIONS (S21DDH6PS) &#8211; Engine, Cooling System All Options<\/p>\n<p>2021 600 SWITCHBACK XCR ALL OPTIONS (S21DDL6PS) &#8211; Engine, Cooling System All Options<\/p>\n<p>2021 600 VOYAGEUR 144\/INTL (S21EEF6PSL\/PEL) &#8211; Engine, Cooling System<\/p>\n<p>2022 600 INDY CROSSCNTRY 136 (S22TDL6KSA) &#8211; Engine, Cooling System<\/p>\n<p>2022 600 RMK 144 ES (S22EEG6PSL) &#8211; Engine, Cooling System<\/p>\n<p>2023 600 INDY CROSSCOUNTRY 136 (S23TDL6KSA) &#8211; Engine, Cooling System<\/p>\n<p>2024 600 INDY CROSSCOUNTRY 136 (S24TDL6KSA) &#8211; Engine, Cooling System<\/p>","protected":false},"featured_media":14559,"comment_status":"open","ping_status":"closed","template":"","meta":{"_acf_changed":false},"demonterat-fordon":[],"fordons-typ":[641],"make":[636],"parts-filter":[658],"prod-typ":[715],"tillverkare":[865],"product_brand":[],"product_cat":[446],"product_tag":[],"class_list":{"0":"post-14726","1":"product","2":"type-product","3":"status-publish","4":"has-post-thumbnail","6":"fordons-typ-sno","7":"make-polaris","8":"parts-filter-axys","9":"prod-typ-beg","10":"tillverkare-polaris","11":"product_cat-kylslangar","13":"first","14":"instock","15":"purchasable","16":"product-type-simple"},"acf":[],"_links":{"self":[{"href":"https:\/\/whitepowder.se\/en\/wp-json\/wp\/v2\/product\/14726","targetHints":{"allow":["GET"]}}],"collection":[{"href":"https:\/\/whitepowder.se\/en\/wp-json\/wp\/v2\/product"}],"about":[{"href":"https:\/\/whitepowder.se\/en\/wp-json\/wp\/v2\/types\/product"}],"replies":[{"embeddable":true,"href":"https:\/\/whitepowder.se\/en\/wp-json\/wp\/v2\/comments?post=14726"}],"wp:featuredmedia":[{"embeddable":true,"href":"https:\/\/whitepowder.se\/en\/wp-json\/wp\/v2\/media\/14559"}],"wp:attachment":[{"href":"https:\/\/whitepowder.se\/en\/wp-json\/wp\/v2\/media?parent=14726"}],"wp:term":[{"taxonomy":"demonterat-fordon","embeddable":true,"href":"https:\/\/whitepowder.se\/en\/wp-json\/wp\/v2\/demonterat-fordon?post=14726"},{"taxonomy":"fordons-typ","embeddable":true,"href":"https:\/\/whitepowder.se\/en\/wp-json\/wp\/v2\/fordons-typ?post=14726"},{"taxonomy":"make","embeddable":true,"href":"https:\/\/whitepowder.se\/en\/wp-json\/wp\/v2\/make?post=14726"},{"taxonomy":"parts-filter","embeddable":true,"href":"https:\/\/whitepowder.se\/en\/wp-json\/wp\/v2\/parts-filter?post=14726"},{"taxonomy":"prod-typ","embeddable":true,"href":"https:\/\/whitepowder.se\/en\/wp-json\/wp\/v2\/prod-typ?post=14726"},{"taxonomy":"tillverkare","embeddable":true,"href":"https:\/\/whitepowder.se\/en\/wp-json\/wp\/v2\/tillverkare?post=14726"},{"taxonomy":"product_brand","embeddable":true,"href":"https:\/\/whitepowder.se\/en\/wp-json\/wp\/v2\/product_brand?post=14726"},{"taxonomy":"product_cat","embeddable":true,"href":"https:\/\/whitepowder.se\/en\/wp-json\/wp\/v2\/product_cat?post=14726"},{"taxonomy":"product_tag","embeddable":true,"href":"https:\/\/whitepowder.se\/en\/wp-json\/wp\/v2\/product_tag?post=14726"}],"curies":[{"name":"wp","href":"https:\/\/api.w.org\/{rel}","templated":true}]}}