{"id":15031,"date":"2024-09-14T19:30:58","date_gmt":"2024-09-14T17:30:58","guid":{"rendered":"https:\/\/whitepowder.se\/?post_type=product&#038;p=15031"},"modified":"2024-09-14T19:30:59","modified_gmt":"2024-09-14T17:30:59","slug":"polaris-1205241-spjallhus-48mm-asm","status":"publish","type":"product","link":"https:\/\/whitepowder.se\/en\/polaris-1205241-spjallhus-48mm-asm\/","title":{"rendered":"Polaris 1205241 Spj\u00e4llhus 48Mm Asm"},"content":{"rendered":"<p>Polaris 1205241 Spj\u00e4llhus 48Mm Asm<br \/>\nKommer ifr\u00e5n demonterad maskin som \u00e4r provk\u00f6rd innan demontering, fordonet hade inga felkoder vid demontering.<br \/>\nSKS 2016 800cc 480mil<\/p>","protected":false},"excerpt":{"rendered":"<p>Polaris 1205241 Sitter Original p\u00e5 :<\/p>\n<p>2015 800 RUSH PRO S ALL OPTIONS (S15DP8) &#8211; Fuel System, Rail, Lines &amp; Throttle Body All Options<\/p>\n<p>2015 800 RUSH PRO X ALL OPTIONS (S15DF8PEL\/PS) &#8211; Fuel System, Rail, Lines &amp; Throttle Body S15df8 All Options<\/p>\n<p>2015 800 SWITCHBACK PRO S ALL OPTIONS (S15DS8PS\/PSA\/PSL) &#8211; Fuel System, Rail, Lines &amp; Throttle Body S15ds8 All Options<\/p>\n<p>2015 800 SWITCHBACK PRO-X ALL OPTIONS (S15DR8PS\/PEL) &#8211; Fuel System, Rail, Lines &amp; Throttle Body All Options<\/p>\n<p>2016 800 AXYS PRO RMK\/LE 155 ALL OPTIONS (S16EC8\/EG8) &#8211; Fuel System, Rail, Lines &amp; Throttle Body All Options<\/p>\n<p>2016 800 AXYS PRO RMK\/LE 163 ALL OPTIONS (S16ED8\/EH8) &#8211; Fuel System, Rail, Lines &amp; Throttle Body All Options<\/p>\n<p>2016 800 AXYS SKS 155 ALL OPTIONS (S16EL8PE\/PS\/PSL) &#8211; Fuel System, Rail, Lines &amp; Throttle Body All Options<\/p>\n<p>2016 800 RMK ASSAULT 155 ALL OPTIONS (S16EN8\/EY8) &#8211; Fuel System, Rail, Lines &amp; Throttle Body All Options<\/p>\n<p>2016 800 RUSH PRO-S ALL OPTIONS (S16DP8) &#8211; Fuel System, Rail, Lines &amp; Throttle Body All Options<\/p>\n<p>2016 800 RUSH PRO-X ALL OPTIONS (S16DF8) &#8211; Fuel System, Rail, Lines &amp; Throttle Body All Options<\/p>\n<p>2016 800 SWITCHBACK ADVENTURE\/INTL (S16DA8PSL\/PEL) &#8211; Fuel System, Rail, Lines &amp; Throttle Body<\/p>\n<p>2016 800 SWITCHBACK PRO X\/INTL ALL OPTIONS (S16DR8) &#8211; Fuel System, Rail, Lines &amp; Throttle Body All Options<\/p>\n<p>2016 800 SWITCHBACK PRO-S ALL OPTIONS (S16DS8) &#8211; Fuel System, Rail, Lines &amp; Throttle Body All Options<\/p>\n<p>2017 800 AXYS PRO RMK 163 ALL OPTIONS (S17EGK8\/EGM8\/EGP8) &#8211; Fuel System, Rail, Lines &amp; Throttle Body All Options<\/p>\n<p>2017 800 AXYS PRO RMK 174 ALL OPTIONS (S17EHP8P) &#8211; Fuel System, Rail, Lines &amp; Throttle Body All Options<\/p>\n<p>2017 800 AXYS PRO RMK\/LE 155 ALL OPTIONS (S17EFK8\/EFM8\/EFP8) &#8211; Fuel System, Rail, Lines &amp; Throttle Body All Options<\/p>\n<p>2017 800 AXYS RMK ASSAULT 155 ALL OPTIONS (S17EFN8\/EFT8) &#8211; Fuel System, Rail, Lines &amp; Throttle Body All Options<\/p>\n<p>2017 800 AXYS SKS 155 ALL OPTIONS (S17EFS8) &#8211; Fuel System, Rail, Lines &amp; Throttle Body All Options<\/p>\n<p>2017 800 RUSH PRO S ALL OPTIONS (S17DCH8) &#8211; Fuel System, Rail, Lines &amp; Throttle Body All Options<\/p>\n<p>2017 800 RUSH PRO X SC (S17DCJ8PS) &#8211; Fuel System, Rail, Lines &amp; Throttle Body All Options<\/p>\n<p>2017 800 RUSH XCR\/INTL ES (S17DCL8PSA\/PEL) &#8211; Fuel System, Rail, Lines &amp; Throttle Body<\/p>\n<p>2017 800 SWITCHBACK ADVENTURE\/INTL (S17DDE8PSL\/PEL) &#8211; Fuel System, Rail, Lines &amp; Throttle Body<\/p>\n<p>2017 800 SWITCHBACK ASSAULT 144 ALL OPTIONS (S17EEC8) &#8211; Fuel System, Rail, Lines &amp; Throttle Body All Options<\/p>\n<p>2017 800 SWITCHBACK PRO S ALL OPTIONS (S17DDH8) &#8211; Fuel System, Rail, Lines &amp; Throttle Body All Options<\/p>\n<p>2017 800 SWITCHBACK PRO X\/INTL ALL OPTIONS (S17DDJ8) &#8211; Fuel System, Rail, Lines &amp; Throttle Body All Options<\/p>\n<p>2018 800 AXYS PRO RMK 155 ALL OPTIONS (S18EFK8P\/EFM8P) &#8211; Fuel System, Rail, Lines &amp; Throttle Body All Options<\/p>\n<p>2018 800 AXYS PRO RMK 163 ALL OPTIONS (S18EGK8P\/EGM8P) &#8211; Fuel System, Rail, Lines &amp; Throttle Body All Options<\/p>\n<p>2018 800 AXYS PRO RMK 174, 3&#8243; ALL OPTIONS (S18EHM8PS\/PEB) &#8211; Fuel System, Rail, Lines &amp; Throttle Body All Options<\/p>\n<p>2018 800 AXYS RMK ASSAULT 155 ALL OPTIONS (S18EFT8P) &#8211; Fuel System, Rail, Lines &amp; Throttle Body All Options<\/p>\n<p>2018 800 AXYS SKS 146 ALL OPTIONS (S18ELS8P) &#8211; Fuel System, Rail, Lines &amp; Throttle Body All Options<\/p>\n<p>2018 800 AXYS SKS 155 ALL OPTIONS (S18EFS8P) &#8211; Fuel System, Rail, Lines &amp; Throttle Body All Options<\/p>\n<p>2018 800 RUSH PRO-S ALL OPTIONS (S18DCH8PS) &#8211; Fuel System, Rail, Lines &amp; Throttle Body All Options<\/p>\n<p>2018 800 RUSH PRO-X SC SELECT (S18DCJ8PS) &#8211; Fuel System, Rail, Lines &amp; Throttle Body All Options<\/p>\n<p>2018 800 RUSH XCR\/INTL ALL OPTIONS (S18DCL8PS\/PEM) &#8211; Fuel System, Rail, Lines &amp; Throttle Body<\/p>\n<p>2018 800 SWITCHBACK ADVENTURE 137 ES (S18DDE8PSL) &#8211; Fuel System, Rail, Lines &amp; Throttle Body<\/p>\n<p>2018 800 SWITCHBACK ASSAULT 144 ALL OPTIONS (S18EEC8P) &#8211; Fuel System, Rail, Lines &amp; Throttle Body All Options<\/p>\n<p>2018 800 SWITCHBACK PRO-S ALL OPTIONS (S18DDH8PS) &#8211; Fuel System, Rail, Lines &amp; Throttle Body All Options<\/p>\n<p>2018 800 SWITCHBACK PRO-X SC SELECT (S18DDJ8PS) &#8211; Fuel System, Rail, Lines &amp; Throttle Body All Options<\/p>\n<p>2018 800 SWITCHBACK XCR\/INTL ALL OPTIONS (S18DDL8PS\/PEM) &#8211; Fuel System, Rail, Lines &amp; Throttle Body<\/p>\n<p>2018 800 TITAN SP\/ADVENTURE\/XC ALL OPTIONS (S18FJB8\/FJE8\/FJP8) &#8211; Fuel System, Rail, Lines &amp; Throttle Body All Options<\/p>\n<p>2019 800 AXYS PRO-RMK 155\/INTL SC SELECT\/3&#8243;SC SELECT (S19EFK8PS\/PEB\/EFM8PS) &#8211; Fuel System, Rail, Lines &amp; Throttle Body S19efk8ps\/Peb All Options<\/p>\n<p>2019 800 AXYS PRO-RMK 163 SC SEL.\/3&#8243; SC SELECT (S19EGK8PS\/EGM8PS) &#8211; Fuel System, Rail, Lines &amp; Throttle Body S19egk8ps All Options<\/p>\n<p>2019 800 AXYS PRO-RMK 174 3&#8243; SC SELECT (S19EHM8PS) &#8211; Fuel System, Rail, Lines &amp; Throttle Body All Options<\/p>\n<p>2019 800 AXYS SKS 146\/INTL ALL OPTIONS (S19ELS8PS\/PEB) &#8211; Fuel System, Rail, Lines &amp; Throttle Body All Options<\/p>\n<p>2019 800 AXYS SKS 155 SC SELECT ALL OPTIONS (S19EFS8PS) &#8211; Fuel System, Rail, Lines &amp; Throttle Body All Options<\/p>\n<p>2019 800 INDY XC 129 ES\/SC SELECT (S19EKP8PS\/PSL) &#8211; Fuel System, Rail, Lines &amp; Throttle Body<\/p>\n<p>2019 800 RMK ASSAULT 155\/INTL SC SELECT (S19EFT8PS\/PEB) &#8211; Fuel System, Rail, Lines &amp; Throttle Body All Options<\/p>\n<p>2019 800 RUSH PRO-S SC SELECT (S19DCH8PS) &#8211; Fuel System, Rail, Lines &amp; Throttle Body All Options<\/p>\n<p>2019 800 SWITCHBACK ADVENTURE ES (S19DDE8PSL) &#8211; Fuel System, Rail, Lines &amp; Throttle Body<\/p>\n<p>2019 800 SWITCHBACK ASSAULT 144\/INTL SC SELECT ALL OPTIONS (S19EEC8PS\/PEB) &#8211; Fuel System, Rail, Lines &amp; Throttle Body All Options<\/p>\n<p>2019 800 SWITCHBACK PRO-S SC SELECT ALL OPTIONS (S19DDH8PS) &#8211; Fuel System, Rail, Lines &amp; Throttle Body All Options<\/p>\n<p>2019 800 TITAN SP\/ADVENTURE\/XC ALL OPTIONS (S19FJB8\/FJE8\/FJP8) &#8211; Fuel System, Rail, Lines &amp; Throttle Body All Options<\/p>\n<p>2020 800 AXYS PRO RMK 174 3&#8243; SC SELECT (S20EHM8PS) &#8211; Fuel System, Rail, Lines &amp; Throttle Body All Options<\/p>\n<p>2020 800 AXYS PRO-RMK 155\/155 3&#8243; SC SELECT (S20EFK8PS\/EFM8PS) &#8211; Fuel System, Rail, Lines &amp; Throttle Body All Options<\/p>\n<p>2020 800 AXYS PRO-RMK 163\/163 3&#8243; SC SELECT (S20EGK8PS\/EGM8PS) &#8211; Fuel System, Rail, Lines &amp; Throttle Body All Options<\/p>\n<p>2020 800 AXYS SKS 155 SC SELECT ALL OPTIONS (S20EFS8PS) &#8211; Fuel System, Rail, Lines &amp; Throttle Body S120efs8ps All Options<\/p>\n<p>2020 800 INDY 129 XCR SC SELECT (S20EKL8PS) &#8211; Fuel System, Rail, Lines &amp; Throttle Body<\/p>\n<p>2020 800 INDY ADVENTURE 137 SC SELECT ALL OPTIONS (S20EDE8PS) &#8211; Fuel System, Rail, Lines &amp; Throttle Body All Options<\/p>\n<p>2020 800 INDY XC 129 SC SELECT (S20EKP8PS) &#8211; Fuel System, Rail, Lines &amp; Throttle Body<\/p>\n<p>2020 800 INDY XC 137 SC SELECT (S20EDP8PS) &#8211; Fuel System, Rail, Lines &amp; Throttle Body All Options<\/p>\n<p>2020 800 RMK KHAOS 155\/155 3&#8243; SC SELECT (S20EFT8PS\/EFN8PS) &#8211; Fuel System, Rail, Lines &amp; Throttle Body All Options<\/p>\n<p>2020 800 RUSH PRO-S SC SELECT (S20DCH8PS) &#8211; Fuel System, Rail, Lines &amp; Throttle Body All Options<\/p>\n<p>2020 800 SKS 146 SC SELECT ALL OPTIONS (S20ELS8PS) &#8211; Fuel System, Rail, Lines &amp; Throttle Body<\/p>\n<p>2020 800 SWITCHBACK ASSAULT 144 SC SELECT (S20EEC8PS) &#8211; Fuel System, Rail, Lines &amp; Throttle Body All Options<\/p>\n<p>2020 800 SWITCHBACK PRO-S SC SELECT ALL OPTIONS (S20DDH8PS) &#8211; Fuel System, Rail, Lines &amp; Throttle Body All Options<\/p>\n<p>2020 800 SWITCHBACK XCR SC SELECT ALL OPTIONS (S20DDL8PS) &#8211; Fuel System, Rail, Lines &amp; Throttle Body All Options<\/p>\n<p>2020 800 TITAN SP\/ADVENTURE\/XC ALL OPTIONS (S20FJB8\/FJE8\/FJP8) &#8211; Fuel System, Rail, Lines &amp; Throttle Body All Options<\/p>\n<p>2021 800 TITAN SP\/ADVENTURE\/XC\/INTL ALL OPTIONS (S21FJB8\/FJE8\/FJP8) &#8211; Fuel System, Rail, Lines &amp; Throttle Body All Options<\/p>\n<p>2022 800 TITAN ADVENTURE 155\/XC 155\/INTL (S22FJE8PS\/PE\/FJP8PS\/PE) &#8211; Fuel System, Rail, Lines &amp; Throttle Body All Options<\/p>\n<p>2023 800 TITAN ADVENTURE 155\/INTL (S23FJE8PS\/8PE) &#8211; Fuel System, Rail, Lines &amp; Throttle Body<\/p>","protected":false},"featured_media":14940,"comment_status":"open","ping_status":"closed","template":"","meta":{"_acf_changed":false},"demonterat-fordon":[],"fordons-typ":[641],"make":[636],"parts-filter":[658],"prod-typ":[715],"tillverkare":[865],"product_brand":[],"product_cat":[443],"product_tag":[],"class_list":{"0":"post-15031","1":"product","2":"type-product","3":"status-publish","4":"has-post-thumbnail","6":"fordons-typ-sno","7":"make-polaris","8":"parts-filter-axys","9":"prod-typ-beg","10":"tillverkare-polaris","11":"product_cat-carburetor","13":"first","14":"instock","15":"purchasable","16":"product-type-simple"},"acf":[],"_links":{"self":[{"href":"https:\/\/whitepowder.se\/en\/wp-json\/wp\/v2\/product\/15031","targetHints":{"allow":["GET"]}}],"collection":[{"href":"https:\/\/whitepowder.se\/en\/wp-json\/wp\/v2\/product"}],"about":[{"href":"https:\/\/whitepowder.se\/en\/wp-json\/wp\/v2\/types\/product"}],"replies":[{"embeddable":true,"href":"https:\/\/whitepowder.se\/en\/wp-json\/wp\/v2\/comments?post=15031"}],"wp:featuredmedia":[{"embeddable":true,"href":"https:\/\/whitepowder.se\/en\/wp-json\/wp\/v2\/media\/14940"}],"wp:attachment":[{"href":"https:\/\/whitepowder.se\/en\/wp-json\/wp\/v2\/media?parent=15031"}],"wp:term":[{"taxonomy":"demonterat-fordon","embeddable":true,"href":"https:\/\/whitepowder.se\/en\/wp-json\/wp\/v2\/demonterat-fordon?post=15031"},{"taxonomy":"fordons-typ","embeddable":true,"href":"https:\/\/whitepowder.se\/en\/wp-json\/wp\/v2\/fordons-typ?post=15031"},{"taxonomy":"make","embeddable":true,"href":"https:\/\/whitepowder.se\/en\/wp-json\/wp\/v2\/make?post=15031"},{"taxonomy":"parts-filter","embeddable":true,"href":"https:\/\/whitepowder.se\/en\/wp-json\/wp\/v2\/parts-filter?post=15031"},{"taxonomy":"prod-typ","embeddable":true,"href":"https:\/\/whitepowder.se\/en\/wp-json\/wp\/v2\/prod-typ?post=15031"},{"taxonomy":"tillverkare","embeddable":true,"href":"https:\/\/whitepowder.se\/en\/wp-json\/wp\/v2\/tillverkare?post=15031"},{"taxonomy":"product_brand","embeddable":true,"href":"https:\/\/whitepowder.se\/en\/wp-json\/wp\/v2\/product_brand?post=15031"},{"taxonomy":"product_cat","embeddable":true,"href":"https:\/\/whitepowder.se\/en\/wp-json\/wp\/v2\/product_cat?post=15031"},{"taxonomy":"product_tag","embeddable":true,"href":"https:\/\/whitepowder.se\/en\/wp-json\/wp\/v2\/product_tag?post=15031"}],"curies":[{"name":"wp","href":"https:\/\/api.w.org\/{rel}","templated":true}]}}