{"id":15520,"date":"2024-10-01T20:50:31","date_gmt":"2024-10-01T18:50:31","guid":{"rendered":"https:\/\/whitepowder.se\/?post_type=product&#038;p=15520"},"modified":"2025-11-06T19:56:42","modified_gmt":"2025-11-06T18:56:42","slug":"polaris-1204438-olje-pump-2","status":"publish","type":"product","link":"https:\/\/whitepowder.se\/en\/polaris-1204438-olje-pump-2\/","title":{"rendered":"Polaris 1204438 &#8211; Olje Pump"},"content":{"rendered":"<p>Polaris 1204438 &#8211; Olje Pump<br \/>\nHar suttit p\u00e5:<br \/>\nTestad ok 480mil 2012 800cc<\/p>\n<p>Bilderna p\u00e5 pumpen visar vad som ing\u00e5r. Partnumbret som \u00e4r ett (assembly nummer) anv\u00e4nds endast som s\u00f6kv\u00e4g.<\/p>","protected":false},"excerpt":{"rendered":"<p>Polaris 1204438 Sitter Original p\u00e5 :<\/p>\n<p>2011 800 PRO RMK 155\/163\/ES\/INTL ALL OPTIONS (S11CG8\/CH8) &#8211; Engine, Oil Pump &#038; Lines All Options<\/p>\n<p>    2011 800 RMK 155\/ES\/INTL (S11CM8GSA\/GSB\/GSL\/GSM\/GEA) &#8211; Engine, Oil Pump &#038; Lines<\/p>\n<p>    2011 800 RMK ASSAULT 155\/ INTL (S11CN8GSA\/GSB\/GEA) &#8211; Engine, Oil Pump &#038; Lines<\/p>\n<p>    2011 800 RUSH PRO-R\/ES\/RETRO ALL OPTIONS (S11BP8\/BE8) &#8211; Engine, Oil Pump &#038; Lines All Options<\/p>\n<p>    2011 800 RUSH\/ES\/RETRO\/RETRO LX\/RETRO ES ALL OPTIONS (S11BF8\/BD8) &#8211; Engine, Oil Pump &#038; Lines All Options<\/p>\n<p>    2011 800 SWITCHBACK ASSAULT\/INTL (S11CW8GSA\/GSB\/GST\/GEA) &#8211; Engine, Oil Pump &#038; Lines<\/p>\n<p>    2012 800 PRO RMK 155\/163 ALL OPTIONS (S12CG8\/CH8) &#8211; Engine, Oil Pump &#038; Lines All Options<\/p>\n<p>    2012 800 RMK 155\/ES\/INTL (S12CM8GSA\/GSL\/GEA) &#8211; Engine, Oil Pump &#038; Lines<\/p>\n<p>    2012 800 RMK ASSAULT 155 ALL OPTIONS (S12CN8\/CY8) &#8211; Engine, Oil Pump &#038; Lines All Options<\/p>\n<p>    2012 800 RUSH PRO-R ALL OPTIONS (S12BP8\/BV8) &#8211; Engine, Oil Pump &#038; Lines All Options<\/p>\n<p>    2012 800 RUSH\/ES (S12BF8GSA\/GSL) &#8211; Engine, Oil Pump &#038; Lines<\/p>\n<p>    2012 800 SWITCHBACK ASSAULT ALL OPTIONS (S12CL8\/CW8) &#8211; Engine, Oil Pump &#038; Lines All Options<\/p>\n<p>    2012 800 SWITCHBACK PRO-R\/ES\/SC\/SP\/INTL ALL OPTIONS (S12BS8\/BC8) &#8211; Engine, Oil Pump &#038; Lines All Options<\/p>\n<p>    2012 800 SWITCHBACK\/ES (S12BR8GSA\/GSL) &#8211; Engine, Oil Pump &#038; Lines<\/p>\n<p>    2013 800 PRO RMK 155\/163 ALL OPTIONS (S13CG8\/CH8) &#8211; Engine, Oil Pump &#038; Lines All Options<\/p>\n<p>    2013 800 RMK 155\/ES\/INTL (S13CM8GSA\/GSL\/GEA) &#8211; Engine, Oil Pump &#038; Lines<\/p>\n<p>    2013 800 RMK ASSAULT ALL OPTIONS (S13CN8\/CY8) &#8211; Engine, Oil Pump &#038; Lines All Options<\/p>\n<p>    2013 800 RUSH PRO-R ALL OPTIONS (S13BP8\/BV8) &#8211; Engine, Oil Pump &#038; Lines All Options<\/p>\n<p>    2013 800 RUSH\/ES (S13BF8GSA\/GSL) &#8211; Engine, Oil Pump &#038; Lines<\/p>\n<p>    2013 800 SWITCHBACK ASSAULT ALL OPTIONS (S13CL8\/CW8) &#8211; Engine, Oil Pump &#038; Lines All Options<\/p>\n<p>    2013 800 SWITCHBACK PRO-R\/ES\/INTL\/RETRO\/LE ALL OPTIONS (S13BA8\/BC8\/BD8\/BS8) &#8211; Engine, Oil Pump &#038; Lines All Options<\/p>\n<p>    2013 800 SWITCHBACK\/ES (S13BR8GSA\/GSL) &#8211; Engine, Oil Pump &#038; Lines<\/p>\n<p>    2014 800 INDY SP\/ES\/INTL ALL OPTIONS (S14CP8G) &#8211; Engine, Oil Pump &#038; Lines All Options<\/p>\n<p>    2014 800 PRO RMK\/LE 155\/163 ALL OPTIONS (S14CG8\/CH8) &#8211; Engine, Oil Pump &#038; Lines All Options<\/p>\n<p>    2014 800 RMK 155 (S14CM8GSA\/GSL\/GEA) &#8211; Engine, Oil Pump &#038; Lines<\/p>\n<p>    2014 800 RMK ASSAULT ALL OPTIONS (S14CN8\/CY8) &#8211; Engine, Oil Pump &#038; Lines All Options<\/p>\n<p>    2014 800 RUSH PRO R ALL OPTIONS (S14BP8G\/BV8G) &#8211; Engine, Oil Pump &#038; Lines All Options<\/p>\n<p>    2014 800 SWITCHBACK ADVENTURE (S14BA8GSL\/GEL) &#8211; Engine, Oil Pump &#038; Lines<\/p>\n<p>    2014 800 SWITCHBACK ASSAULT ALL OPTIONS (S14CL8\/CW8) &#8211; Engine, Oil Pump &#038; Lines All Options<\/p>\n<p>    2014 800 SWITCHBACK PRO R\/ES\/INT\/LE ALL OPTIONS (S14BS8\/BC8\/BD8) &#8211; Engine, Oil Pump &#038; Lines All Options<\/p>\n<p>    2014 800 SWITCHBACK\/ES (S14BR8GSA\/GSL) &#8211; Engine, Oil Pump &#038; Lines<\/p>\n<p>    2015 800 INDY SP\/INTL\/FO (S15CP8) &#8211; Engine, Oil Pump &#038; Lines All Options<\/p>\n<p>    2015 800 PRO RMK\/LE 155\/163 ALL OPTIONS (S15CG8\/CH8) &#8211; Engine, Oil Pump &#038; Lines All Options<\/p>\n<p>    2015 800 RMK 155\/163 ALL OPTIONS (S15CC8\/CD8\/CM8) &#8211; Engine, Oil Pump &#038; Lines All Options<\/p>\n<p>    2015 800 RMK ASSAULT 155 ALL OPTIONS (S15CN8\/CY8) &#8211; Engine, Oil Pump &#038; Lines All Options<\/p>\n<p>    2015 800 SWITCHBACK ASSAULT ALL OPTIONS (S15CL8\/CW8) &#8211; Engine, Oil Pump &#038; Lines All Options<\/p>\n<p>    2016 800 INDY SP ALL OPTIONS (S16CP8) &#8211; Engine, Oil Pump &#038; Lines All Options<\/p>\n<p>    2016 800 RMK 155 ALL OPTIONS (S16CM8) &#8211; Engine, Oil Pump &#038; Lines All Options<\/p>\n<p>    2016 800 SWITCHBACK ASSAULT ALL OPTIONS (S16CW8) &#8211; Engine, Oil Pump &#038; Lines All Options<\/p>","protected":false},"featured_media":15483,"comment_status":"open","ping_status":"closed","template":"","meta":{"_acf_changed":false},"demonterat-fordon":[],"fordons-typ":[641],"make":[636],"parts-filter":[659],"prod-typ":[715],"tillverkare":[865],"product_brand":[],"product_cat":[82],"product_tag":[],"class_list":{"0":"post-15520","1":"product","2":"type-product","3":"status-publish","4":"has-post-thumbnail","6":"fordons-typ-sno","7":"make-polaris","8":"parts-filter-pro-ride","9":"prod-typ-beg","10":"tillverkare-polaris","11":"product_cat-oljepump","13":"first","14":"outofstock","15":"purchasable","16":"product-type-simple"},"acf":[],"_links":{"self":[{"href":"https:\/\/whitepowder.se\/en\/wp-json\/wp\/v2\/product\/15520","targetHints":{"allow":["GET"]}}],"collection":[{"href":"https:\/\/whitepowder.se\/en\/wp-json\/wp\/v2\/product"}],"about":[{"href":"https:\/\/whitepowder.se\/en\/wp-json\/wp\/v2\/types\/product"}],"replies":[{"embeddable":true,"href":"https:\/\/whitepowder.se\/en\/wp-json\/wp\/v2\/comments?post=15520"}],"wp:featuredmedia":[{"embeddable":true,"href":"https:\/\/whitepowder.se\/en\/wp-json\/wp\/v2\/media\/15483"}],"wp:attachment":[{"href":"https:\/\/whitepowder.se\/en\/wp-json\/wp\/v2\/media?parent=15520"}],"wp:term":[{"taxonomy":"demonterat-fordon","embeddable":true,"href":"https:\/\/whitepowder.se\/en\/wp-json\/wp\/v2\/demonterat-fordon?post=15520"},{"taxonomy":"fordons-typ","embeddable":true,"href":"https:\/\/whitepowder.se\/en\/wp-json\/wp\/v2\/fordons-typ?post=15520"},{"taxonomy":"make","embeddable":true,"href":"https:\/\/whitepowder.se\/en\/wp-json\/wp\/v2\/make?post=15520"},{"taxonomy":"parts-filter","embeddable":true,"href":"https:\/\/whitepowder.se\/en\/wp-json\/wp\/v2\/parts-filter?post=15520"},{"taxonomy":"prod-typ","embeddable":true,"href":"https:\/\/whitepowder.se\/en\/wp-json\/wp\/v2\/prod-typ?post=15520"},{"taxonomy":"tillverkare","embeddable":true,"href":"https:\/\/whitepowder.se\/en\/wp-json\/wp\/v2\/tillverkare?post=15520"},{"taxonomy":"product_brand","embeddable":true,"href":"https:\/\/whitepowder.se\/en\/wp-json\/wp\/v2\/product_brand?post=15520"},{"taxonomy":"product_cat","embeddable":true,"href":"https:\/\/whitepowder.se\/en\/wp-json\/wp\/v2\/product_cat?post=15520"},{"taxonomy":"product_tag","embeddable":true,"href":"https:\/\/whitepowder.se\/en\/wp-json\/wp\/v2\/product_tag?post=15520"}],"curies":[{"name":"wp","href":"https:\/\/api.w.org\/{rel}","templated":true}]}}