{"id":15641,"date":"2024-10-01T20:47:09","date_gmt":"2024-10-01T18:47:09","guid":{"rendered":"https:\/\/whitepowder.se\/?post_type=product&#038;p=15641"},"modified":"2024-10-01T20:47:11","modified_gmt":"2024-10-01T18:47:11","slug":"polaris-22060181204445-ves-ventil","status":"publish","type":"product","link":"https:\/\/whitepowder.se\/en\/polaris-22060181204445-ves-ventil\/","title":{"rendered":"Polaris 2206018,1204445 &#8211; Ves Ventil"},"content":{"rendered":"<p>Polaris 2206018,1204445 &#8211; Ves Ventil<br \/>\nHar suttit p\u00e5: swb ass 2013 800cc pro-ride<br \/>\nVes Avgasventil Begagnad 1st<\/p>\n<p>Avgasventil<br \/>\nValve Guillotine\t  OBS Assembly nr ( 2206018 ) Anv\u00e4nds \u00e4ndast som s\u00f6k referens<br \/>\nValve Guillotine Gjut nummer 677-01<br \/>\nBase,  Exhaust Valve Fitting\t1204445<br \/>\nBase,  Exhaust Valve Gjutnummer 5632496-01<br \/>\nStud\/Washer, Exhaust Valve\t5137733<br \/>\nBellows, Exhaust\t5414495<br \/>\nCap\/Nut, Bellows\t5137602<br \/>\nSpring, \t7041704<br \/>\nASM,. Huosing\t1202640<br \/>\nScrew Short\t7516820<br \/>\nScrew Long\t7517932<\/p>\n<p>Obs Har varit is\u00e4r monterad och beh\u00f6vs s\u00e4ttas ihop innan anv\u00e4ndning.<\/p>","protected":false},"excerpt":{"rendered":"<p>Polaris 2206018 , Polaris 1204445<br \/>\nValve Guillotine\t  OBS Assembly nr ( 2206018 ) med  Base,  Exhaust Valve Fitting\t1204445 Sitter original p\u00e5 :<\/p>\n<p>POLARIS 2012 800 PRO RMK 155 163 ALL OPTIONS S12CG8 CH8 ENGINE EXHAUST VALVES SOLENOID ALL OPTIONS<br \/>\npolaris 800 pro rmk 155 163 all options s12cg8 ch8  \u2014  2012 <\/p>\n<p>POLARIS 2012 800 RMK ASSAULT 155 ALL OPTIONS S12CN8 CY8 ENGINE EXHAUST VALVES SOLENOID ALL OPTIONS<br \/>\npolaris 800 rmk assault 155 all options s12cn8 cy8  \u2014  2012 <\/p>\n<p>POLARIS 2012 800 SWITCHBACK ASSAULT ALL OPTIONS S12CL8 CW8 ENGINE EXHAUST VALVES SOLENOID ALL OPTIONS<br \/>\npolaris 800 switchback assault all options s12cl8 cw8  \u2014  2012 <\/p>\n<p>POLARIS 2012 800 SWITCHBACK PRO R ES SC SP INTL ALL OPTIONS S12BS8 BC8 ENGINE EXHAUST VALVES SOLENOID ALL OPTIONS<br \/>\npolaris 800 switchback pro r es sc sp intl all options s12bs8 bc8  \u2014  2012 <\/p>\n<p>POLARIS 2013 800 RMK ASSAULT ALL OPTIONS S13CN8 CY8 ENGINE EXHAUST VALVES SOLENOID ALL OPTIONS<br \/>\npolaris 800 rmk assault all options s13cn8 cy8  \u2014  2013 <\/p>\n<p>POLARIS 2013 800 RUSH ES S13BF8GSA GSL ENGINE EXHAUST VALVES SOLENOID<br \/>\npolaris 800 rush es s13bf8gsa gsl  \u2014  2013 <\/p>\n<p>POLARIS 2013 800 RUSH PRO R ALL OPTIONS S13BP8 BV8 ENGINE EXHAUST VALVES SOLENOID ALL OPTIONS<br \/>\npolaris 800 rush pro r all options s13bp8 bv8  \u2014  2013 <\/p>\n<p>POLARIS 2013 800 SWITCHBACK ASSAULT ALL OPTIONS S13CL8 CW8 ENGINE EXHAUST VALVES SOLENOID ALL OPTIONS<br \/>\npolaris 800 switchback assault all options s13cl8 cw8  \u2014  2013<br \/>\nPOLARIS 2013 800 SWITCHBACK ES S13BR8GSA GSL ENGINE EXHAUST VALVES SOLENOID<br \/>\npolaris 800 switchback es s13br8gsa gsl  \u2014  2013 <\/p>\n<p>POLARIS 2013 800 SWITCHBACK PRO R ES INTL RETRO LE ALL OPTIONS S13BA8 BC8 BD8 BS8 ENGINE EXHAUST VALVES SOLENOID<br \/>\npolaris 800 switchback pro r es intl retro le all options s13ba8 bc8 bd8 bs8  \u2014  2013 <\/p>\n<p>POLARIS 2014 800 INDY SP ES INTL ALL OPTIONS S14CP8G ENGINE EXHAUST VALVES SOLENOID ALL OPTIONS<br \/>\npolaris 800 indy sp es intl all options s14cp8g  \u2014  2014 <\/p>\n<p>POLARIS 2014 800 RMK 155 S14CM8GSA GSL GEA ENGINE EXHAUST VALVES SOLENOID<br \/>\npolaris 800 rmk 155 s14cm8gsa gsl gea  \u2014  2014 <\/p>\n<p>POLARIS 2014 800 RMK ASSAULT ALL OPTIONS S14CN8 CY8 ENGINE EXHAUST VALVES SOLENOID ALL OPTIONS<br \/>\npolaris 800 rmk assault all options s14cn8 cy8  \u2014  2014 <\/p>\n<p>POLARIS 2014 800 RUSH PRO R ALL OPTIONS S14BP8G BV8G ENGINE EXHAUST VALVES SOLENOID ALL OPTIONS<br \/>\npolaris 800 rush pro r all options s14bp8g bv8g  \u2014  2014 <\/p>\n<p>POLARIS 2014 800 SWITCHBACK ASSAULT ALL OPTIONS S14CL8 CW8 ENGINE EXHAUST VALVES SOLENOID ALL OPTIONS<br \/>\npolaris 800 switchback assault all options s14cl8 cw8  \u2014  2014 <\/p>\n<p>POLARIS 2014 800 SWITCHBACK PRO R ES INT LE ALL OPTIONS S14BS8 BC8 BD8 ENGINE EXHAUST VALVES SOLENOID ALL OPTIONS<br \/>\npolaris 800 switchback pro r es int le all options s14bs8 bc8 bd8  \u2014  2014 <\/p>\n<p>POLARIS 2015 800 INDY SP INTL FO S15CP8 ENGINE EXHAUST VALVES SOLENOID ALL OPTIONS<br \/>\npolaris 800 indy sp intl fo s15cp8  \u2014  2015 <\/p>\n<p>POLARIS 2015 800 PRO RMK LE 155 163 ALL OPTIONS S15CG8 CH8 ENGINE EXHAUST VALVES SOLENOID ALL OPTIONS<br \/>\npolaris 800 pro rmk le 155 163 all options s15cg8 ch8  \u2014  2015 <\/p>\n<p>POLARIS 2015 800 RMK 155 163 ALL OPTIONS S15CC8 CD8 CM8 ENGINE EXHAUST VALVES SOLENOID ALL OPTIONS<br \/>\npolaris 800 rmk 155 163 all options s15cc8 cd8 cm8  \u2014  2015 <\/p>\n<p>POLARIS 2015 800 SWITCHBACK ASSAULT ALL OPTIONS S15CL8 CW8 ENGINE EXHAUST VALVES SOLENOID ALL OPTIONS<br \/>\npolaris 800 switchback assault all options s15cl8 cw8  \u2014  2015 <\/p>\n<p>POLARIS 2016 800 INDY SP ALL OPTIONS S16CP8 ENGINE EXHAUST VALVES SOLENOID ALL OPTIONS<br \/>\npolaris 800 indy sp all options s16cp8  \u2014  2016 <\/p>\n<p>POLARIS 2016 800 RMK 155 ALL OPTIONS S16CM8 ENGINE EXHAUST VALVES SOLENOID ALL OPTIONS<br \/>\npolaris 800 rmk 155 all options s16cm8  \u2014  2016 <\/p>\n<p>POLARIS 2016 800 SWITCHBACK ASSAULT ALL OPTIONS S16CW8 ENGINE EXHAUST VALVES SOLENOID ALL OPTIONS<br \/>\npolaris 800 switchback assault all options s16cw8  \u2014  2016 <\/p>","protected":false},"featured_media":15171,"comment_status":"open","ping_status":"closed","template":"","meta":{"_acf_changed":false},"demonterat-fordon":[],"fordons-typ":[641],"make":[636],"parts-filter":[659],"prod-typ":[715],"tillverkare":[865],"product_brand":[],"product_cat":[69],"product_tag":[1136],"class_list":{"0":"post-15641","1":"product","2":"type-product","3":"status-publish","4":"has-post-thumbnail","6":"fordons-typ-sno","7":"make-polaris","8":"parts-filter-pro-ride","9":"prod-typ-beg","10":"tillverkare-polaris","11":"product_cat-avgasventiler","12":"product_tag-ves","14":"first","15":"instock","16":"purchasable","17":"product-type-simple"},"acf":[],"_links":{"self":[{"href":"https:\/\/whitepowder.se\/en\/wp-json\/wp\/v2\/product\/15641","targetHints":{"allow":["GET"]}}],"collection":[{"href":"https:\/\/whitepowder.se\/en\/wp-json\/wp\/v2\/product"}],"about":[{"href":"https:\/\/whitepowder.se\/en\/wp-json\/wp\/v2\/types\/product"}],"replies":[{"embeddable":true,"href":"https:\/\/whitepowder.se\/en\/wp-json\/wp\/v2\/comments?post=15641"}],"wp:featuredmedia":[{"embeddable":true,"href":"https:\/\/whitepowder.se\/en\/wp-json\/wp\/v2\/media\/15171"}],"wp:attachment":[{"href":"https:\/\/whitepowder.se\/en\/wp-json\/wp\/v2\/media?parent=15641"}],"wp:term":[{"taxonomy":"demonterat-fordon","embeddable":true,"href":"https:\/\/whitepowder.se\/en\/wp-json\/wp\/v2\/demonterat-fordon?post=15641"},{"taxonomy":"fordons-typ","embeddable":true,"href":"https:\/\/whitepowder.se\/en\/wp-json\/wp\/v2\/fordons-typ?post=15641"},{"taxonomy":"make","embeddable":true,"href":"https:\/\/whitepowder.se\/en\/wp-json\/wp\/v2\/make?post=15641"},{"taxonomy":"parts-filter","embeddable":true,"href":"https:\/\/whitepowder.se\/en\/wp-json\/wp\/v2\/parts-filter?post=15641"},{"taxonomy":"prod-typ","embeddable":true,"href":"https:\/\/whitepowder.se\/en\/wp-json\/wp\/v2\/prod-typ?post=15641"},{"taxonomy":"tillverkare","embeddable":true,"href":"https:\/\/whitepowder.se\/en\/wp-json\/wp\/v2\/tillverkare?post=15641"},{"taxonomy":"product_brand","embeddable":true,"href":"https:\/\/whitepowder.se\/en\/wp-json\/wp\/v2\/product_brand?post=15641"},{"taxonomy":"product_cat","embeddable":true,"href":"https:\/\/whitepowder.se\/en\/wp-json\/wp\/v2\/product_cat?post=15641"},{"taxonomy":"product_tag","embeddable":true,"href":"https:\/\/whitepowder.se\/en\/wp-json\/wp\/v2\/product_tag?post=15641"}],"curies":[{"name":"wp","href":"https:\/\/api.w.org\/{rel}","templated":true}]}}