{"id":15643,"date":"2024-10-01T20:47:13","date_gmt":"2024-10-01T18:47:13","guid":{"rendered":"https:\/\/whitepowder.se\/?post_type=product&#038;p=15643"},"modified":"2025-11-22T11:28:19","modified_gmt":"2025-11-22T10:28:19","slug":"polaris-iq-600-r-2016-motor","status":"publish","type":"product","link":"https:\/\/whitepowder.se\/en\/polaris-iq-600-r-2016-motor\/","title":{"rendered":"Polaris IQ 600 R 2016 Motor"},"content":{"rendered":"<p>Polaris IQ 600 R 2016 Motor<br \/>\nIQ 600 r 2016<br \/>\nmotor \u00e4r provk\u00f6rd och testad innan demontering,<br \/>\nkomp prov , varm motor<br \/>\npto variator sida 9,8kg\/cm2<br \/>\nmag magnapull sida 9,8kg\/cm2<br \/>\nnybytta kolvar w\u00f6ssner<br \/>\nBilderna p\u00e5 motorn visar vad som ing\u00e5r<\/p>","protected":false},"excerpt":{"rendered":"<p>Polaris IQ 600 R 2016 Motor IQ 600 r 2016 motor \u00e4r provk\u00f6rd och testad innan demontering, komp prov , varm motor pto variator sida 9,8kg\/cm2 mag magnapull sida 9,8kg\/cm2 nybytta kolvar w\u00f6ssner Bilderna p\u00e5 motorn visar vad som ing\u00e5r<\/p>","protected":false},"featured_media":15186,"comment_status":"open","ping_status":"closed","template":"","meta":{"_acf_changed":false},"demonterat-fordon":[],"fordons-typ":[641],"make":[636],"parts-filter":[660],"prod-typ":[715],"tillverkare":[865],"product_brand":[],"product_cat":[452],"product_tag":[],"class_list":{"0":"post-15643","1":"product","2":"type-product","3":"status-publish","4":"has-post-thumbnail","6":"fordons-typ-sno","7":"make-polaris","8":"parts-filter-iq-r-rr","9":"prod-typ-beg","10":"tillverkare-polaris","11":"product_cat-short-block","12":"product_shipping_class-overweight","14":"first","15":"instock","16":"purchasable","17":"product-type-simple"},"acf":[],"_links":{"self":[{"href":"https:\/\/whitepowder.se\/en\/wp-json\/wp\/v2\/product\/15643","targetHints":{"allow":["GET"]}}],"collection":[{"href":"https:\/\/whitepowder.se\/en\/wp-json\/wp\/v2\/product"}],"about":[{"href":"https:\/\/whitepowder.se\/en\/wp-json\/wp\/v2\/types\/product"}],"replies":[{"embeddable":true,"href":"https:\/\/whitepowder.se\/en\/wp-json\/wp\/v2\/comments?post=15643"}],"wp:featuredmedia":[{"embeddable":true,"href":"https:\/\/whitepowder.se\/en\/wp-json\/wp\/v2\/media\/15186"}],"wp:attachment":[{"href":"https:\/\/whitepowder.se\/en\/wp-json\/wp\/v2\/media?parent=15643"}],"wp:term":[{"taxonomy":"demonterat-fordon","embeddable":true,"href":"https:\/\/whitepowder.se\/en\/wp-json\/wp\/v2\/demonterat-fordon?post=15643"},{"taxonomy":"fordons-typ","embeddable":true,"href":"https:\/\/whitepowder.se\/en\/wp-json\/wp\/v2\/fordons-typ?post=15643"},{"taxonomy":"make","embeddable":true,"href":"https:\/\/whitepowder.se\/en\/wp-json\/wp\/v2\/make?post=15643"},{"taxonomy":"parts-filter","embeddable":true,"href":"https:\/\/whitepowder.se\/en\/wp-json\/wp\/v2\/parts-filter?post=15643"},{"taxonomy":"prod-typ","embeddable":true,"href":"https:\/\/whitepowder.se\/en\/wp-json\/wp\/v2\/prod-typ?post=15643"},{"taxonomy":"tillverkare","embeddable":true,"href":"https:\/\/whitepowder.se\/en\/wp-json\/wp\/v2\/tillverkare?post=15643"},{"taxonomy":"product_brand","embeddable":true,"href":"https:\/\/whitepowder.se\/en\/wp-json\/wp\/v2\/product_brand?post=15643"},{"taxonomy":"product_cat","embeddable":true,"href":"https:\/\/whitepowder.se\/en\/wp-json\/wp\/v2\/product_cat?post=15643"},{"taxonomy":"product_tag","embeddable":true,"href":"https:\/\/whitepowder.se\/en\/wp-json\/wp\/v2\/product_tag?post=15643"}],"curies":[{"name":"wp","href":"https:\/\/api.w.org\/{rel}","templated":true}]}}