{"id":16250,"date":"2024-10-10T19:09:52","date_gmt":"2024-10-10T17:09:52","guid":{"rendered":"https:\/\/whitepowder.se\/?post_type=product&#038;p=16250"},"modified":"2024-12-21T16:48:40","modified_gmt":"2024-12-21T15:48:40","slug":"polaris-1824535-309-a-arm-axys-39-o-lh-9","status":"publish","type":"product","link":"https:\/\/whitepowder.se\/en\/polaris-1824535-309-a-arm-axys-39-o-lh-9\/","title":{"rendered":"Polaris 1824535-309 &#8211; A-Arm Axys 39&#8243; \u00d6 Lh"},"content":{"rendered":"<p>Polaris 1824535-309 &#8211; A-Arm Axys 39&#8243; \u00d6 Lh<br \/>\nA-arm till axys 39&#8243; framvagn,. olackad smiddaliminium. \u00f6vre v\u00e4nster.<br \/>\nOBS Partnumbret \u00e4r ett Assembely nummer och anv\u00e4nds fr\u00e4mst som s\u00f6kv\u00e4g och f\u00f6r Fitment, Kolla p\u00e5 bilderna f\u00f6r att se vad som ing\u00e5r.<\/p>","protected":false},"excerpt":{"rendered":"<p>Polaris 1824535-309  Passar p\u00e5 :<\/p>\n<p>    2016 800 AXYS PRO RMK\/LE 155 ALL OPTIONS (S16EC8\/EG8) &#8211; Suspension, Control Arms &#038; Spindle All Options<br \/>\n    2016 800 AXYS PRO RMK\/LE 163 ALL OPTIONS (S16ED8\/EH8) &#8211; Suspension, Control Arms &#038; Spindle All Options<br \/>\n    2016 800 AXYS SKS 155 ALL OPTIONS (S16EL8PE\/PS\/PSL) &#8211; Suspension, Control Arms &#038; Spindle All Options<br \/>\n    2017 600 AXYS PRO RMK 155 ALL OPTIONS (S17EFK6) &#8211; Suspension, Control Arms &#038; Spindle All Options<br \/>\n    2017 800 AXYS PRO RMK 163 ALL OPTIONS (S17EGK8\/EGM8\/EGP8) &#8211; Suspension, Control Arms &#038; Spindle All Options<br \/>\n    2017 800 AXYS PRO RMK 174 ALL OPTIONS (S17EHP8P) &#8211; Suspension, Control Arms &#038; Spindle All Options<br \/>\n    2017 800 AXYS PRO RMK\/LE 155 ALL OPTIONS (S17EFK8\/EFM8\/EFP8) &#8211; Suspension, Control Arms &#038; Spindle All Options<br \/>\n    2017 800 AXYS SKS 155 ALL OPTIONS (S17EFS8) &#8211; Suspension, Control Arms &#038; Spindle All Options<br \/>\n    2018 600 AXYS PRO RMK 155\/INTL SC (S18EFK6PSL\/PSA\/PEB) &#8211; Suspension, Control Arms &#038; Spindle<br \/>\n    2018 800 AXYS PRO RMK 155 ALL OPTIONS (S18EFK8P\/EFM8P) &#8211; Suspension, Control Arms &#038; Spindle All Options<br \/>\n    2018 800 AXYS PRO RMK 163 ALL OPTIONS (S18EGK8P\/EGM8P) &#8211; Suspension, Control Arms &#038; Spindle All Options<br \/>\n    2018 800 AXYS PRO RMK 174, 3&#8243; ALL OPTIONS (S18EHM8PS\/PEB) &#8211; Suspension, Control Arms &#038; Spindle All Options<br \/>\n    2018 800 AXYS SKS 146 ALL OPTIONS (S18ELS8P) &#8211; Suspension, Control Arms &#038; Spindle All Options<br \/>\n    2018 800 AXYS SKS 155 ALL OPTIONS (S18EFS8P) &#8211; Suspension, Control Arms &#038; Spindle All Options<br \/>\n    2019 800 AXYS SKS 146\/INTL ALL OPTIONS (S19ELS8PS\/PEB) &#8211; Suspension, Control Arms, Spindle, And Shock Mntg. All Options<br \/>\n    2019 800 AXYS SKS 155 SC SELECT ALL OPTIONS (S19EFS8PS) &#8211; Suspension, Control Arms &#038; Spindle All Options<br \/>\n    2019 850 AXYS SKS 155 SC SELECT\/INTL (S19EFS8R) &#8211; Suspension, Control Arms &#038; Spindle All Options<br \/>\n    2019 850 SKS 146 ALL OPTIONS (S19ELS8R) &#8211; Suspension, Control Arms, Spindle, And Shock Mntg. All Options<\/p>","protected":false},"featured_media":15937,"comment_status":"open","ping_status":"closed","template":"","meta":{"_acf_changed":false},"demonterat-fordon":[],"fordons-typ":[641],"make":[636],"parts-filter":[658],"prod-typ":[715],"tillverkare":[865],"product_brand":[],"product_cat":[107],"product_tag":[],"class_list":{"0":"post-16250","1":"product","2":"type-product","3":"status-publish","4":"has-post-thumbnail","6":"fordons-typ-sno","7":"make-polaris","8":"parts-filter-axys","9":"prod-typ-beg","10":"tillverkare-polaris","11":"product_cat-a-armar","13":"first","14":"instock","15":"taxable","16":"shipping-taxable","17":"purchasable","18":"product-type-simple"},"acf":[],"_links":{"self":[{"href":"https:\/\/whitepowder.se\/en\/wp-json\/wp\/v2\/product\/16250","targetHints":{"allow":["GET"]}}],"collection":[{"href":"https:\/\/whitepowder.se\/en\/wp-json\/wp\/v2\/product"}],"about":[{"href":"https:\/\/whitepowder.se\/en\/wp-json\/wp\/v2\/types\/product"}],"replies":[{"embeddable":true,"href":"https:\/\/whitepowder.se\/en\/wp-json\/wp\/v2\/comments?post=16250"}],"wp:featuredmedia":[{"embeddable":true,"href":"https:\/\/whitepowder.se\/en\/wp-json\/wp\/v2\/media\/15937"}],"wp:attachment":[{"href":"https:\/\/whitepowder.se\/en\/wp-json\/wp\/v2\/media?parent=16250"}],"wp:term":[{"taxonomy":"demonterat-fordon","embeddable":true,"href":"https:\/\/whitepowder.se\/en\/wp-json\/wp\/v2\/demonterat-fordon?post=16250"},{"taxonomy":"fordons-typ","embeddable":true,"href":"https:\/\/whitepowder.se\/en\/wp-json\/wp\/v2\/fordons-typ?post=16250"},{"taxonomy":"make","embeddable":true,"href":"https:\/\/whitepowder.se\/en\/wp-json\/wp\/v2\/make?post=16250"},{"taxonomy":"parts-filter","embeddable":true,"href":"https:\/\/whitepowder.se\/en\/wp-json\/wp\/v2\/parts-filter?post=16250"},{"taxonomy":"prod-typ","embeddable":true,"href":"https:\/\/whitepowder.se\/en\/wp-json\/wp\/v2\/prod-typ?post=16250"},{"taxonomy":"tillverkare","embeddable":true,"href":"https:\/\/whitepowder.se\/en\/wp-json\/wp\/v2\/tillverkare?post=16250"},{"taxonomy":"product_brand","embeddable":true,"href":"https:\/\/whitepowder.se\/en\/wp-json\/wp\/v2\/product_brand?post=16250"},{"taxonomy":"product_cat","embeddable":true,"href":"https:\/\/whitepowder.se\/en\/wp-json\/wp\/v2\/product_cat?post=16250"},{"taxonomy":"product_tag","embeddable":true,"href":"https:\/\/whitepowder.se\/en\/wp-json\/wp\/v2\/product_tag?post=16250"}],"curies":[{"name":"wp","href":"https:\/\/api.w.org\/{rel}","templated":true}]}}