{"id":16269,"date":"2024-10-10T19:09:31","date_gmt":"2024-10-10T17:09:31","guid":{"rendered":"https:\/\/whitepowder.se\/?post_type=product&#038;p=16269"},"modified":"2024-12-21T16:48:41","modified_gmt":"2024-12-21T15:48:41","slug":"polaris-1824650-067-axys-react-spindel-rh-2","status":"publish","type":"product","link":"https:\/\/whitepowder.se\/en\/polaris-1824650-067-axys-react-spindel-rh-2\/","title":{"rendered":"Polaris 1824650-067 &#8211; Axys React Spindel Rh"},"content":{"rendered":"<p>Polaris 1824650-067 &#8211; Axys React Spindel Rh<\/p>\n<p>OBS Partnumbret \u00e4r ett Assembely nummer och anv\u00e4nds fr\u00e4mst som s\u00f6kv\u00e4g och f\u00f6r Fitment, Kolla p\u00e5 bilderna f\u00f6r att se vad som ing\u00e5r.<\/p>\n<p>* Anm\u00e4rkning:  Skav repor<\/p>","protected":false},"excerpt":{"rendered":"<p>Polaris 1824650-067 Sitter Original p\u00e5 :<\/p>\n<p>2019 800 AXYS PRO-RMK 155\/INTL SC SELECT\/3&#8243;SC SELECT (S19EFK8PS\/PEB\/EFM8PS) &#8211; Suspension, Control Arms &#038; Spindle S19efk8ps\/Peb<\/p>\n<p>    2019 800 AXYS PRO-RMK 163 SC SEL.\/3&#8243; SC SELECT (S19EGK8PS\/EGM8PS) &#8211; Suspension, Control Arms, Spindle And Shock Mntg. S19egk8ps All Options<\/p>\n<p>    2019 800 AXYS PRO-RMK 174 3&#8243; SC SELECT (S19EHM8PS) &#8211; Suspension, Control Arms, Spindle And Shock Mntg. All Options<\/p>\n<p>    2019 850 AXYS PRO-RMK 163\/INTL SC SELECT (S19EGK8R\/EGM8R) &#8211; Suspension, Control Arms &#038; Spindle<\/p>\n<p>    2019 850 AXYS PRO-RMK\/INTL 174 3&#8243; SC SELECT (S19EHM8R) &#8211; Suspension, Control Arms, Spindle And Shock Mntg. All Options<\/p>\n<p>    2019 850 PRO-RMK 155\/INTL SC SELECT (S19EFK8R\/EFM8R) &#8211; Suspension, Control Arms &#038; Spindle<\/p>\n<p>    2020 600 AXYS PRO RMK 155\/INTL SC SELECT ALL OPTIONS (S20EFK6PS\/6PEB) &#8211; Suspension, Control Arms &#038; Spindle<\/p>\n<p>    2020 800 AXYS PRO RMK 174 3&#8243; SC SELECT (S20EHM8PS) &#8211; Suspension, Control Arms, Shock Mntg, &#038; Spindle<\/p>\n<p>    2020 800 AXYS PRO-RMK 155\/155 3&#8243; SC SELECT (S20EFK8PS\/EFM8PS) &#8211; Suspension, Control Arms, Shock Mntg, &#038; Spindle<\/p>\n<p>    2020 800 AXYS PRO-RMK 163\/163 3&#8243; SC SELECT (S20EGK8PS\/EGM8PS) &#8211; Suspension, Control Arms, Shock Mntg, &#038; Spindle<\/p>\n<p>    2020 800 RMK KHAOS 155\/155 3&#8243; SC SELECT (S20EFT8PS\/EFN8PS) &#8211; Suspension, Control Arms, Shock Mntg, &#038; Spindle<\/p>\n<p>    2020 850 AXYS PRO RMK 174 3&#8243; SC SELECT (S20EHM8RS) &#8211; Suspension, Control Arms, Shock Mntg, &#038; Spindle All Options<\/p>\n<p>    2020 850 AXYS PRO-RMK 155\/155 3&#8243;\/INTL (S20EFK8RS\/EFK8RE\/EFM8RS\/EFM8RE) &#8211; Suspension, Control Arms, Shock Mntg, &#038; Spindle S20efk8rs\/Efk8re\/Egm8rs\/Efm8re<\/p>\n<p>    2020 850 AXYS PRO-RMK 163\/163 3&#8243;\/INTL SC SELECT (S20EGK8RS\/EGM8RS\/EGM8RE) &#8211; Suspension, Control Arms, Shock Mntg, &#038; Spindle<\/p>\n<p>    2020 850 RMK KHAOS 155\/155 3&#8243;\/INTL SC SELECT (S20EFT8R\/EFN8R) &#8211; Suspension, Control Arms, Shock Mntg, &#038; Spindle<\/p>\n<p>    2021 600 AXYS PRO RMK 155\/INTL ALL OPTIONS (S21EFK6PS\/6PE) &#8211; Suspension, Control Arms &#038; Spindle<\/p>\n<p>    2021 850 AXYS PRO-RMK 155\/155 3&#8243;\/INTL (S21EFK8R\/EFM8R) &#8211; Suspension, Control Arms, Shock Mntg, &#038; Spindle<\/p>\n<p>    2021 850 AXYS PRO-RMK 163\/165\/INTL ALL OPTIONS (S21EGK8R\/EGM8R) &#8211; Suspension, Control Arms, Shock Mntg, &#038; Spindle<\/p>\n<p>    2021 850 AXYS PRO-RMK 174&#8243; ALL OPTIONS (S21EHK8RC) &#8211; Suspension, Control Arms, Shock Mntg, &#038; Spindle All Options<\/p>\n<p>    2021 850 RMK KHAOS 155\/INTL (S21EFT8R\/EFN8R) &#8211; Suspension, Control Arms, Shock Mntg, &#038; Spindle<\/p>\n<p>    2021 850 RMK KHAOS 163\/165\/INTL ALL OPTIONS (S21EGT8R) &#8211; Suspension, Control Arms, Shock Mntg, &#038; Spindle<\/p>\n<p>    2022 650 RMK KHAOS MATRYX SLASH 146\/INTL (S22TLG6RS\/6RE) &#8211; Suspension, Control Arms, &#038; Spindle All Options<\/p>\n<p>    2022 650 RMK PRO MATRYX 155\/INTL (S22TFK6RS\/6RE) &#8211; Suspension, Control Arms, &#038; Spindle All Options<\/p>\n<p>    2022 850 RMK KHAOS 155\/INTL (S22EFD8RS\/EFE8RS) &#8211; Suspension, Control Arms, Shock Mntg, &#038; Spindle<\/p>\n<p>    2022 850 RMK KHAOS 163\/165 ALL OPTIONS (S22EGE8RS\/D8RS) &#8211; Suspension, Control Arms, Shock Mntg, &#038; Spindle<\/p>\n<p>    2022 850 RMK KHAOS MATRYX 155\/INTL (S22TFD8RS\/8RE) &#8211; Suspension, Control Arms, &#038; Spindle All Options<\/p>\n<p>    2022 850 RMK KHAOS MATRYX SLASH 146\/INTL (S22TLG8RS\/8RE) &#8211; Suspension, Control Arms, &#038; Spindle All Options<\/p>\n<p>    2022 850 RMK KHAOS MATRYX SLASH 155\/ INTL (S22TFG8RS\/8RE) &#8211; Suspension, Control Arms, &#038; Spindle All Options<\/p>\n<p>    2022 850 RMK KHAOS MATRYX SLASH 165\/163 (S22TGG8RS\/TGY8RS) &#8211; Suspension, Control Arms, &#038; Spindle All Options<\/p>\n<p>    2022 850 RMK PRO 155 2.75&#8243; \/ 155 3&#8243; ALL OPTIONS (S22EFA8RS\/EFB8RS) &#8211; Suspension, Control Arms, Shock Mntg, &#038; Spindle<\/p>\n<p>    2022 850 RMK PRO 163\/165 ALL OPTIONS (S22EGB8RS\/EGA8RS) &#8211; Suspension, Control Arms, Shock Mntg, &#038; Spindle S22egb8rs\/Eba8rs<\/p>\n<p>    2022 850 RMK PRO MATRYX 155\/INTL (S22TFK8RS\/8RE) &#8211; Suspension, Control Arms, &#038; Spindle All Options<\/p>\n<p>    2022 850 RMK PRO MATRYX SLASH 155\/INTL ALL OPTIONS (S22TFM8RS\/8RE\/TFW8RS\/8RE) &#8211; Suspension, Control Arms, &#038; Spindle All Options<\/p>\n<p>    2022 850 RMK PRO MATRYX SLASH 163\/165 INTL (S22TGW8RS\/8RE\/TGM8RS\/8RE) &#8211; Suspension, Control Arms, &#038; Spindle All Options<\/p>\n<p>    2022 PATRIOT BOOST RMK KHAOS MATRYX SLASH 155\/INTL (S22TFG8MS\/8ME) &#8211; Suspension, Control Arms, &#038; Spindle All Options<\/p>\n<p>    2022 PATRIOT BOOST RMK PRO 165\/163 SLASH\/INTL ALL OPTIONS (S22TGM8MS\/8ME\/TGW8MS\/8ME) &#8211; Suspension, Control Arms, &#038; Spindle All Options<\/p>\n<p>    2023 650 RMK KHAOS 146 SLASH\/SLASH INTL ALL OPTIONS (S23TLG6RS\/6RE) &#8211; Suspension, Control Arms, &#038; Spindle<\/p>\n<p>    2023 650 RMK PRO 155 ALL OPTIONS (S23TFK6RS) &#8211; Suspension, Control Arms, &#038; Spindle<\/p>\n<p>    2023 850 RMK KHAOS 146 SLASH\/SLASH INTL ALL OPTIONS (S23TLG8RS\/8RE) &#8211; Suspension, Control Arms, &#038; Spindle<\/p>\n<p>    2023 850 RMK KHAOS 155\/INTL ALL OPTIONS (S23TFD8RS\/8RE) &#8211; Suspension, Control Arms, &#038; Spindle<\/p>\n<p>    2023 850 RMK KHAOS SLASH 155\/INTL ALL OPTIONS (S23TFG8RS\/8RE) &#8211; Suspension, Control Arms, &#038; Spindle<\/p>\n<p>    2023 850 RMK KHAOS SLASH 165\/163 ALL OPTIONS (S23TGG8RS\/TGY8RS) &#8211; Suspension, Control Arms, &#038; Spindle<\/p>\n<p>    2023 850 RMK PRO 155 ALL OPTIONS (S23TFK8RS) &#8211; Suspension, Control Arms, &#038; Spindle<\/p>\n<p>    2023 850 RMK PRO SLASH 155 ALL OPTIONS (S23TFM8RS) &#8211; Suspension, Control Arms, &#038; Spindle<\/p>\n<p>    2023 850 RMK PRO SLASH 163\/165 ALL OPTIONS (S23TGW8RS\/TGM8RS) &#8211; Suspension, Control Arms, &#038; Spindle<\/p>\n<p>    2023 PATRIOT 9R RMK KHAOS 146 SLASH\/INTL ALL OPTIONS (S23TLG9BS\/9BE) &#8211; Suspension, Control Arms, &#038; Spindle<\/p>\n<p>    2023 PATRIOT 9R RMK KHAOS SLASH 155\/INTL ALL OPTIONS (S23TFG9BS\/9BE) &#8211; Suspension, Control Arms, &#038; Spindle<\/p>\n<p>    2023 PATRIOT 9R RMK KHAOS SLASH 163\/165 ALL OPTIONS (S23TGG9BS\/TGY9BS) &#8211; Suspension, Control Arms, &#038; Spindle<\/p>\n<p>    2023 PATRIOT 9R RMK PRO 155 SLASH ALL OPTIONS (S23TFM9BS) &#8211; Suspension, Control Arms, &#038; Spindle<\/p>\n<p>    2023 PATRIOT 9R RMK PRO SLASH 163\/165 ALL OPTIONS (S23TGW9BS\/TGM9BS) &#8211; Suspension, Control Arms, &#038; Spindle<\/p>\n<p>    2023 PATRIOT BOOST RMK KHAOS SLASH 155\/INTL ALL OPTIONS (S23TFG8MS\/8ME) &#8211; Suspension, Control Arms, &#038; Spindle<\/p>\n<p>    2023 PATRIOT BOOST RMK KHAOS SLASH 165\/163 ALL OPTIONS (S23TGG8MS\/TGY8MS) &#8211; Suspension, Control Arms, &#038; Spindle<\/p>\n<p>    2023 PATRIOT BOOST RMK PRO SLASH 155 ALL OPTIONS (S23TFM8MS) &#8211; Suspension, Control Arms, &#038; Spindle<\/p>\n<p>    2023 PATRIOT BOOST RMK PRO SLASH 163\/165 ALL OPTIONS (S23TGW8MS\/TGM8MS) &#8211; Suspension, Control Arms, &#038; Spindle<\/p>\n<p>    2024 650 RMK KHAOS SLASH 146\/INTL ALL OPTIONS (S24TLG6RS\/6RE) &#8211; Suspension, Control Arms, &#038; Spindle<\/p>\n<p>    2024 650 RMK PRO 155 ALL OPTIONS (S24TFK6RS) &#8211; Suspension, Control Arms, &#038; Spindle<\/p>\n<p>    2024 850 RMK KHAOS 155\/INTL ALL OPTIONS (S24TFD8RS\/8RE) &#8211; Suspension, Control Arms, &#038; Spindle<\/p>\n<p>    2024 850 RMK KHAOS SLASH 146\/INTL ALL OPTIONS (S24TLG8RS\/8RE) &#8211; Suspension, Control Arms, &#038; Spindle<\/p>\n<p>    2024 850 RMK KHAOS SLASH 155\/INTL ALL OPTIONS (S24TFG8RS\/8RE) &#8211; Suspension, Control Arms, &#038; Spindle<\/p>\n<p>    2024 850 RMK KHAOS SLASH 165 ALL OPTIONS (S24TGG8RS) &#8211; Suspension, Control Arms, &#038; Spindle<\/p>\n<p>    2024 850 RMK PRO 155 ALL OPTIONS (S24TFK8RS) &#8211; Suspension, Control Arms, &#038; Spindle<\/p>\n<p>    2024 850 RMK PRO 155 SLASH (S24TFM8RS) &#8211; Suspension, Control Arms, &#038; Spindle<\/p>\n<p>    2024 850 RMK PRO SLASH 165 ALL OPTIONS (S24TGM8RS) &#8211; Suspension, Control Arms, &#038; Spindle<\/p>\n<p>    2024 PATRIOT 9R RMK KHAOS SLASH 146\/INTL ALL OPTIONS (S24TLG9BS\/9BE) &#8211; Suspension, Control Arms, &#038; Spindle<\/p>\n<p>    2024 PATRIOT 9R RMK KHAOS SLASH 155\/INTL ALL OPTIONS (S24TFG9BS\/9BE) &#8211; Suspension, Control Arms, &#038; Spindle<\/p>\n<p>    2024 PATRIOT 9R RMK KHAOS SLASH 165\/INTL ALL OPTIONS (S24TGG9BS\/9BE) &#8211; Suspension, Control Arms, &#038; Spindle<\/p>\n<p>    2024 PATRIOT 9R RMK PRO SLASH 155\/INTL ALL OPTIONS (S24TFM9BS\/9BE) &#8211; Suspension, Control Arms, &#038; Spindle<\/p>\n<p>    2024 PATRIOT 9R RMK PRO SLASH 165\/INTL ALL OPTIONS (S24TGM9BS\/9BE) &#8211; Suspension, Control Arms, &#038; Spindle<\/p>\n<p>    2024 PATRIOT BOOST RMK KHAOS SLASH 155\/INTL ALL OPTIONS (S24TFG8MS\/8ME) &#8211; Suspension, Control Arms, &#038; Spindle<\/p>\n<p>    2024 PATRIOT BOOST RMK KHAOS SLASH 165\/INTL ALL OPTIONS (S24TGG8MS\/8ME) &#8211; Suspension, Control Arms, &#038; Spindle<\/p>\n<p>    2024 PATRIOT BOOST RMK PRO SLASH 155 ALL OPTIONS (S24TFM8MS) &#8211; Suspension, Control Arms, &#038; Spindle<\/p>\n<p>    2024 PATRIOT BOOST RMK PRO SLASH 165 ALL OPTIONS (S24TGM8MS) &#8211; Suspension, Control Arms, &#038; Spindle<\/p>\n<p>    2025 650 RMK SP 155\/INTL ALL OPTIONS (S25TFB6RS\/6REA) &#8211; Suspension, Control Arms, &#038; Spindle<\/p>\n<p>    2025 850 PRO RMK 155 ALL OPTIONS (S25TFM8RS) &#8211; Suspension, Control Arms, &#038; Spindle<\/p>\n<p>    2025 850 PRO RMK 165 ALL OPTIONS (S25TGM8RS) &#8211; Suspension, Control Arms, &#038; Spindle<\/p>\n<p>    2025 850 RMK KHAOS 146\/INTL ALL OPTIONS (S25TLG8RS\/8REA) &#8211; Suspension, Control Arms, &#038; Spindle<\/p>\n<p>    2025 850 RMK KHAOS 155 ALL OPTIONS (S25TFG8RS) &#8211; Suspension, Control Arms, &#038; Spindle<\/p>\n<p>    2025 850 RMK KHAOS 165 ALL OPTIONS (S25TGG8RS) &#8211; Suspension, Control Arms, &#038; Spindle<\/p>\n<p>    2025 850 RMK SP 155\/INTL ALL OPTIONS (S25TFB8RS\/8REA) &#8211; Suspension, Control Arms, &#038; Spindle<\/p>\n<p>    2025 PATRIOT 9R PRO RMK 165\/INTL ALL OPTIONS (S25TGM9BS\/9BEL) &#8211; Suspension, Control Arms, &#038; Spindle<\/p>\n<p>    2025 PATRIOT 9R RMK KHAOS 155\/INTL ALL OPTIONS (S25TFG9BS\/9BE) &#8211; Suspension, Control Arms, &#038; Spindle S25tfg9bs\/9Bsb\/9Be<\/p>\n<p>    2025 PATRIOT 9R RMK KHAOS 165 ALL OPTIONS (S25TGG9BS) &#8211; Suspension, Control Arms, &#038; Spindle<\/p>\n<p>    2025 PATRIOT BOOST PRO RMK 155 ALL OPTIONS (S25TFM8MS) &#8211; Suspension, Control Arms, &#038; Spindle<\/p>\n<p>    2025 PATRIOT BOOST PRO RMK 165 ALL OPTIONS (S25TGM8MS) &#8211; Suspension, Control Arms, &#038; Spindle<\/p>\n<p>    2025 PATRIOT BOOST RMK KHAOS 155\/INTL ALL OPTIONS (S25TFG8MS\/8ME) &#8211; Suspension, Control Arms, &#038; Spindle<\/p>\n<p>    2025 PATRIOT BOOST RMK KHAOS 165 ALL OPTIONS (S25TGG8MS) &#8211; Suspension, Control Arms, &#038; Spindle<\/p>","protected":false},"featured_media":15998,"comment_status":"open","ping_status":"closed","template":"","meta":{"_acf_changed":false},"demonterat-fordon":[],"fordons-typ":[641],"make":[636],"parts-filter":[658,950],"prod-typ":[715],"tillverkare":[865],"product_brand":[],"product_cat":[432],"product_tag":[],"class_list":{"0":"post-16269","1":"product","2":"type-product","3":"status-publish","4":"has-post-thumbnail","6":"fordons-typ-sno","7":"make-polaris","8":"parts-filter-axys","9":"parts-filter-matryx","10":"prod-typ-beg","11":"tillverkare-polaris","12":"product_cat-styrspindlar","14":"first","15":"instock","16":"purchasable","17":"product-type-simple"},"acf":[],"_links":{"self":[{"href":"https:\/\/whitepowder.se\/en\/wp-json\/wp\/v2\/product\/16269","targetHints":{"allow":["GET"]}}],"collection":[{"href":"https:\/\/whitepowder.se\/en\/wp-json\/wp\/v2\/product"}],"about":[{"href":"https:\/\/whitepowder.se\/en\/wp-json\/wp\/v2\/types\/product"}],"replies":[{"embeddable":true,"href":"https:\/\/whitepowder.se\/en\/wp-json\/wp\/v2\/comments?post=16269"}],"wp:featuredmedia":[{"embeddable":true,"href":"https:\/\/whitepowder.se\/en\/wp-json\/wp\/v2\/media\/15998"}],"wp:attachment":[{"href":"https:\/\/whitepowder.se\/en\/wp-json\/wp\/v2\/media?parent=16269"}],"wp:term":[{"taxonomy":"demonterat-fordon","embeddable":true,"href":"https:\/\/whitepowder.se\/en\/wp-json\/wp\/v2\/demonterat-fordon?post=16269"},{"taxonomy":"fordons-typ","embeddable":true,"href":"https:\/\/whitepowder.se\/en\/wp-json\/wp\/v2\/fordons-typ?post=16269"},{"taxonomy":"make","embeddable":true,"href":"https:\/\/whitepowder.se\/en\/wp-json\/wp\/v2\/make?post=16269"},{"taxonomy":"parts-filter","embeddable":true,"href":"https:\/\/whitepowder.se\/en\/wp-json\/wp\/v2\/parts-filter?post=16269"},{"taxonomy":"prod-typ","embeddable":true,"href":"https:\/\/whitepowder.se\/en\/wp-json\/wp\/v2\/prod-typ?post=16269"},{"taxonomy":"tillverkare","embeddable":true,"href":"https:\/\/whitepowder.se\/en\/wp-json\/wp\/v2\/tillverkare?post=16269"},{"taxonomy":"product_brand","embeddable":true,"href":"https:\/\/whitepowder.se\/en\/wp-json\/wp\/v2\/product_brand?post=16269"},{"taxonomy":"product_cat","embeddable":true,"href":"https:\/\/whitepowder.se\/en\/wp-json\/wp\/v2\/product_cat?post=16269"},{"taxonomy":"product_tag","embeddable":true,"href":"https:\/\/whitepowder.se\/en\/wp-json\/wp\/v2\/product_tag?post=16269"}],"curies":[{"name":"wp","href":"https:\/\/api.w.org\/{rel}","templated":true}]}}