{"id":16274,"date":"2024-10-10T19:09:24","date_gmt":"2024-10-10T17:09:24","guid":{"rendered":"https:\/\/whitepowder.se\/?post_type=product&#038;p=16274"},"modified":"2024-10-19T16:13:37","modified_gmt":"2024-10-19T14:13:37","slug":"polaris-2205673-458-a-arm-axys-42-o-lh","status":"publish","type":"product","link":"https:\/\/whitepowder.se\/en\/polaris-2205673-458-a-arm-axys-42-o-lh\/","title":{"rendered":"Polaris 2205673-458 &#8211; A-Arm Axys 42&#8243; \u00d6 Lh"},"content":{"rendered":"<p>Polaris 2205673-458 &#8211; A-Arm Axys 42&#8243; \u00d6 Lh<br \/>\nA-arm till axys 42&#8243; framvagn,. matt svart . \u00f6vre v\u00e4nster.<br \/>\nmed kulled, inget motst\u00e5nd kvar i kulled.<br \/>\nOBS Partnumbret \u00e4r ett Assembely nummer och anv\u00e4nds fr\u00e4mst som s\u00f6kv\u00e4g och f\u00f6r Fitment, Kolla p\u00e5 bilderna f\u00f6r att se vad som ing\u00e5r.<\/p>","protected":false},"excerpt":{"rendered":"<p>Polaris 2205673-458 Passar p\u00e5 :<\/p>\n<p>POLARIS 2015 600 RUSH PRO S ALL OPTIONS S15DP6 SUSPENSION CONTROL ARMS SPINDLE ALL OPTIONS<br \/>\npolaris 600 rush pro s all options s15dp6 -2015<br \/>\nPOLARIS 2015 600 RUSH PRO X INTL S15DF6PEL SUSPENSION CONTROL ARMS SPINDLE<br \/>\npolaris 600 rush pro x intl s15df6pel -2015<br \/>\nPOLARIS 2015 600 SWITCHBACK ADVENTURE ALL OPTIONS S15DA6PSL PSM PEL SUSPENSION CONTROL ARMS SPINDLE S15DA6 ALL OPTIONS<br \/>\npolaris 600 switchback adventure all options s15da6psl psm pel -2015<br \/>\nPOLARIS 2015 600 SWITCHBACK PRO S ALL OPTIONS S15DS6 SUSPENSION CONTROL ARMS SPINDLE ALL OPTIONS<br \/>\npolaris 600 switchback pro s all options s15ds6 -2015<br \/>\nPOLARIS 2015 600 SWITCHBACK PRO X ES INTL S15DR6PEL SUSPENSION CONTROL ARMS SPINDLE<br \/>\npolaris 600 switchback pro x es intl s15dr6pel -2015<br \/>\nPOLARIS 2015 800 RUSH PRO S ALL OPTIONS S15DP8 SUSPENSION CONTROL ARMS SPINDLE ALL OPTIONS<br \/>\npolaris 800 rush pro s all options s15dp8 -2015<br \/>\nPOLARIS 2015 800 RUSH PRO X ALL OPTIONS S15DF8PEL PS SUSPENSION CONTROL ARMS SPINDLE S15DF8 ALL OPTIONS<br \/>\npolaris 800 rush pro x all options s15df8pel ps -2015<br \/>\nPOLARIS 2015 800 SWITCHBACK PRO S ALL OPTIONS S15DS8PS PSA PSL SUSPENSION CONTROL ARMS SPINDLE S15DS8 ALL OPTIONS<br \/>\npolaris 800 switchback pro s all options s15ds8ps psa psl -2015<br \/>\nPOLARIS 2015 800 SWITCHBACK PRO X ALL OPTIONS S15DR8PS PEL SUSPENSION CONTROL ARMS SPINDLE S15DR8 ALL OPTIONS<br \/>\npolaris 800 switchback pro x all options s15dr8ps pel -2015    2015 600 RUSH PRO S ALL OPTIONS (S15DP6) &#8211; Suspension, Control Arms &#038; Spindle All Options<br \/>\n    2015 600 RUSH PRO-X INTL (S15DF6PEL) &#8211; Suspension, Control Arms &#038; Spindle<br \/>\n    2015 600 SWITCHBACK ADVENTURE ALL OPTIONS (S15DA6PSL\/PSM\/PEL) &#8211; Suspension, Control Arms &#038; Spindle S15da6 All Options<br \/>\n    2015 600 SWITCHBACK PRO S ALL OPTIONS (S15DS6) &#8211; Suspension, Control Arms &#038; Spindle All Options<br \/>\n    2015 600 SWITCHBACK PRO-X ES INTL (S15DR6PEL) &#8211; Suspension, Control Arms &#038; Spindle<br \/>\n    2015 800 RUSH PRO S ALL OPTIONS (S15DP8) &#8211; Suspension, Control Arms &#038; Spindle All Options<br \/>\n    2015 800 RUSH PRO X ALL OPTIONS (S15DF8PEL\/PS) &#8211; Suspension, Control Arms &#038; Spindle S15df8 All Options<br \/>\n    2015 800 SWITCHBACK PRO S ALL OPTIONS (S15DS8PS\/PSA\/PSL) &#8211; Suspension, Control Arms &#038; Spindle S15ds8 All Options<br \/>\n    2015 800 SWITCHBACK PRO-X ALL OPTIONS (S15DR8PS\/PEL) &#8211; Suspension, Control Arms &#038; Spindle S15dr8 All Options<\/p>","protected":false},"featured_media":15979,"comment_status":"open","ping_status":"closed","template":"","meta":{"_acf_changed":false},"demonterat-fordon":[],"fordons-typ":[641],"make":[636],"parts-filter":[658],"prod-typ":[715],"tillverkare":[865],"product_brand":[],"product_cat":[107],"product_tag":[],"class_list":{"0":"post-16274","1":"product","2":"type-product","3":"status-publish","4":"has-post-thumbnail","6":"fordons-typ-sno","7":"make-polaris","8":"parts-filter-axys","9":"prod-typ-beg","10":"tillverkare-polaris","11":"product_cat-a-armar","13":"first","14":"instock","15":"purchasable","16":"product-type-simple"},"acf":[],"_links":{"self":[{"href":"https:\/\/whitepowder.se\/en\/wp-json\/wp\/v2\/product\/16274","targetHints":{"allow":["GET"]}}],"collection":[{"href":"https:\/\/whitepowder.se\/en\/wp-json\/wp\/v2\/product"}],"about":[{"href":"https:\/\/whitepowder.se\/en\/wp-json\/wp\/v2\/types\/product"}],"replies":[{"embeddable":true,"href":"https:\/\/whitepowder.se\/en\/wp-json\/wp\/v2\/comments?post=16274"}],"wp:featuredmedia":[{"embeddable":true,"href":"https:\/\/whitepowder.se\/en\/wp-json\/wp\/v2\/media\/15979"}],"wp:attachment":[{"href":"https:\/\/whitepowder.se\/en\/wp-json\/wp\/v2\/media?parent=16274"}],"wp:term":[{"taxonomy":"demonterat-fordon","embeddable":true,"href":"https:\/\/whitepowder.se\/en\/wp-json\/wp\/v2\/demonterat-fordon?post=16274"},{"taxonomy":"fordons-typ","embeddable":true,"href":"https:\/\/whitepowder.se\/en\/wp-json\/wp\/v2\/fordons-typ?post=16274"},{"taxonomy":"make","embeddable":true,"href":"https:\/\/whitepowder.se\/en\/wp-json\/wp\/v2\/make?post=16274"},{"taxonomy":"parts-filter","embeddable":true,"href":"https:\/\/whitepowder.se\/en\/wp-json\/wp\/v2\/parts-filter?post=16274"},{"taxonomy":"prod-typ","embeddable":true,"href":"https:\/\/whitepowder.se\/en\/wp-json\/wp\/v2\/prod-typ?post=16274"},{"taxonomy":"tillverkare","embeddable":true,"href":"https:\/\/whitepowder.se\/en\/wp-json\/wp\/v2\/tillverkare?post=16274"},{"taxonomy":"product_brand","embeddable":true,"href":"https:\/\/whitepowder.se\/en\/wp-json\/wp\/v2\/product_brand?post=16274"},{"taxonomy":"product_cat","embeddable":true,"href":"https:\/\/whitepowder.se\/en\/wp-json\/wp\/v2\/product_cat?post=16274"},{"taxonomy":"product_tag","embeddable":true,"href":"https:\/\/whitepowder.se\/en\/wp-json\/wp\/v2\/product_tag?post=16274"}],"curies":[{"name":"wp","href":"https:\/\/api.w.org\/{rel}","templated":true}]}}