{"id":16288,"date":"2024-10-10T19:09:07","date_gmt":"2024-10-10T17:09:07","guid":{"rendered":"https:\/\/whitepowder.se\/?post_type=product&#038;p=16288"},"modified":"2024-10-19T16:03:02","modified_gmt":"2024-10-19T14:03:02","slug":"polaris-2205368-458-a-arm-pro-ride-39-n-rh","status":"publish","type":"product","link":"https:\/\/whitepowder.se\/en\/polaris-2205368-458-a-arm-pro-ride-39-n-rh\/","title":{"rendered":"Polaris 2205368-458 &#8211; A-Arm Pro-Ride 39&#8243; N Rh"},"content":{"rendered":"<p>Polaris 2205368-458 &#8211; A-Arm Pro-Ride 39&#8243; N Rh<br \/>\nA-arm till pro ride 39&#8243; framvagn,. matt svart . nedre h\u00f6ger.<\/p>\n<p>OBS Partnumbret \u00e4r ett Assembely nummer och anv\u00e4nds fr\u00e4mst som s\u00f6kv\u00e4g och f\u00f6r Fitment, Kolla p\u00e5 bilderna f\u00f6r att se vad som ing\u00e5r.<\/p>\n<p>*  Sp\u00e5r av f\u00f6rvaring<\/p>","protected":false},"excerpt":{"rendered":"<p>Polaris 2205368-458  Passar p\u00e5 :<\/p>\n<p>    2013 800 PRO RMK 155\/163 ALL OPTIONS (S13CG8\/CH8) &#8211; Suspension, Control Arms &amp; Spindle All Options<br \/>\n    2014 600 PRO RMK 155 (S14CG6GSA\/GSL\/GEA) &#8211; Suspension, Control Arms &amp; Spindle<br \/>\n    2014 800 PRO RMK\/LE 155\/163 ALL OPTIONS (S14CG8\/CH8) &#8211; Suspension, Control Arms &amp; Spindle All Options<br \/>\n    2015 600 PRO RMK\/LE 155 ALL OPTIONS (S15CG6) &#8211; Suspension, Control Arms &amp; Spindle All Options<br \/>\n    2015 600 RMK 144\/155 ALL OPTIONS (S15CC6\/CK6\/CM6) &#8211; Suspension, Control Arms &amp; Spindle All Options<br \/>\n    2015 800 PRO RMK\/LE 155\/163 ALL OPTIONS (S15CG8\/CH8) &#8211; Suspension, Control Arms &amp; Spindle All Options<br \/>\n    2015 800 RMK 155\/163 ALL OPTIONS (S15CC8\/CD8\/CM8) &#8211; Suspension, Control Arms &amp; Spindle All Options<\/p>","protected":false},"featured_media":16063,"comment_status":"open","ping_status":"closed","template":"","meta":{"_acf_changed":false},"demonterat-fordon":[],"fordons-typ":[641],"make":[636],"parts-filter":[659],"prod-typ":[717],"tillverkare":[865],"product_brand":[],"product_cat":[107],"product_tag":[],"class_list":{"0":"post-16288","1":"product","2":"type-product","3":"status-publish","4":"has-post-thumbnail","6":"fordons-typ-sno","7":"make-polaris","8":"parts-filter-pro-ride","9":"prod-typ-ny","10":"tillverkare-polaris","11":"product_cat-a-armar","13":"first","14":"instock","15":"taxable","16":"shipping-taxable","17":"purchasable","18":"product-type-simple"},"acf":[],"_links":{"self":[{"href":"https:\/\/whitepowder.se\/en\/wp-json\/wp\/v2\/product\/16288","targetHints":{"allow":["GET"]}}],"collection":[{"href":"https:\/\/whitepowder.se\/en\/wp-json\/wp\/v2\/product"}],"about":[{"href":"https:\/\/whitepowder.se\/en\/wp-json\/wp\/v2\/types\/product"}],"replies":[{"embeddable":true,"href":"https:\/\/whitepowder.se\/en\/wp-json\/wp\/v2\/comments?post=16288"}],"wp:featuredmedia":[{"embeddable":true,"href":"https:\/\/whitepowder.se\/en\/wp-json\/wp\/v2\/media\/16063"}],"wp:attachment":[{"href":"https:\/\/whitepowder.se\/en\/wp-json\/wp\/v2\/media?parent=16288"}],"wp:term":[{"taxonomy":"demonterat-fordon","embeddable":true,"href":"https:\/\/whitepowder.se\/en\/wp-json\/wp\/v2\/demonterat-fordon?post=16288"},{"taxonomy":"fordons-typ","embeddable":true,"href":"https:\/\/whitepowder.se\/en\/wp-json\/wp\/v2\/fordons-typ?post=16288"},{"taxonomy":"make","embeddable":true,"href":"https:\/\/whitepowder.se\/en\/wp-json\/wp\/v2\/make?post=16288"},{"taxonomy":"parts-filter","embeddable":true,"href":"https:\/\/whitepowder.se\/en\/wp-json\/wp\/v2\/parts-filter?post=16288"},{"taxonomy":"prod-typ","embeddable":true,"href":"https:\/\/whitepowder.se\/en\/wp-json\/wp\/v2\/prod-typ?post=16288"},{"taxonomy":"tillverkare","embeddable":true,"href":"https:\/\/whitepowder.se\/en\/wp-json\/wp\/v2\/tillverkare?post=16288"},{"taxonomy":"product_brand","embeddable":true,"href":"https:\/\/whitepowder.se\/en\/wp-json\/wp\/v2\/product_brand?post=16288"},{"taxonomy":"product_cat","embeddable":true,"href":"https:\/\/whitepowder.se\/en\/wp-json\/wp\/v2\/product_cat?post=16288"},{"taxonomy":"product_tag","embeddable":true,"href":"https:\/\/whitepowder.se\/en\/wp-json\/wp\/v2\/product_tag?post=16288"}],"curies":[{"name":"wp","href":"https:\/\/api.w.org\/{rel}","templated":true}]}}