{"id":16298,"date":"2024-10-10T19:08:56","date_gmt":"2024-10-10T17:08:56","guid":{"rendered":"https:\/\/whitepowder.se\/?post_type=product&#038;p=16298"},"modified":"2024-10-10T19:08:57","modified_gmt":"2024-10-10T17:08:57","slug":"polaris-2204931-458-a-arm-pro-ride-39-o-rh","status":"publish","type":"product","link":"https:\/\/whitepowder.se\/en\/polaris-2204931-458-a-arm-pro-ride-39-o-rh\/","title":{"rendered":"Polaris 2204931-458 &#8211; A-Arm Pro-Ride 39&#8243; \u00d6 Rh"},"content":{"rendered":"<p>Polaris 2204931-458 &#8211; A-Arm Pro-Ride 39&#8243; \u00d6 Rh<br \/>\nA-arm till pro ride 39&#8243; framvagn,. matt svart . \u00f6vre h\u00f6ger.<\/p>\n<p>OBS Partnumbret \u00e4r ett Assembely nummer och anv\u00e4nds fr\u00e4mst som s\u00f6kv\u00e4g och f\u00f6r Fitment, Kolla p\u00e5 bilderna f\u00f6r att se vad som ing\u00e5r.<\/p>\n<p>* Anm\u00e4rkning:  Lack sl\u00e4pp, skav<\/p>","protected":false},"excerpt":{"rendered":"<p>Polaris 2204931-458  Passar p\u00e5 :<\/p>\n<p>POLARIS 2013 800 PRO RMK 155 163 ALL OPTIONS S13CG8 CH8 SUSPENSION CONTROL ARMS SPINDLE ALL OPTIONS<br \/>\npolaris 800 pro rmk 155 163 all options s13cg8 ch8 -2013<br \/>\nPOLARIS 2014 600 PRO RMK 155 S14CG6GSA GSL GEA SUSPENSION CONTROL ARMS SPINDLE<br \/>\npolaris 600 pro rmk 155 s14cg6gsa gsl gea -2014<br \/>\nPOLARIS 2014 800 PRO RMK LE 155 163 ALL OPTIONS S14CG8 CH8 SUSPENSION CONTROL ARMS SPINDLE ALL OPTIONS<br \/>\npolaris 800 pro rmk le 155 163 all options s14cg8 ch8 -2014<br \/>\nPOLARIS 2015 600 PRO RMK LE 155 ALL OPTIONS S15CG6 SUSPENSION CONTROL ARMS SPINDLE ALL OPTIONS<br \/>\npolaris 600 pro rmk le 155 all options s15cg6 -2015<br \/>\nPOLARIS 2015 600 RMK 144 155 ALL OPTIONS S15CC6 CK6 CM6 SUSPENSION CONTROL ARMS SPINDLE ALL OPTIONS<br \/>\npolaris 600 rmk 144 155 all options s15cc6 ck6 cm6 -2015<br \/>\nPOLARIS 2015 800 PRO RMK LE 155 163 ALL OPTIONS S15CG8 CH8 SUSPENSION CONTROL ARMS SPINDLE ALL OPTIONS<br \/>\npolaris 800 pro rmk le 155 163 all options s15cg8 ch8 -2015<br \/>\nPOLARIS 2015 800 RMK 155 163 ALL OPTIONS S15CC8 CD8 CM8 SUSPENSION CONTROL ARMS SPINDLE ALL OPTIONS<br \/>\npolaris 800 rmk 155 163 all options s15cc8 cd8 cm8 -2015<br \/>\nPOLARIS 2016 550 INDY ADVENTURE 155 INTL S16CJ5BSL BEL SUSPENSION CONTROL ARMS SPINDLE<br \/>\npolaris 550 indy adventure 155 intl s16cj5bsl bel -2016<br \/>\nPOLARIS 2016 600 RMK 144 155 ALL OPTIONS S16CK6 CM6 SUSPENSION CONTROL ARMS SPINDLE ALL OPTIONS<br \/>\npolaris 600 rmk 144 155 all options s16ck6 cm6 -2016<br \/>\nPOLARIS 2016 800 RMK 155 ALL OPTIONS S16CM8 SUSPENSION CONTROL ARMS SPINDLE ALL OPTIONS<br \/>\npolaris 800 rmk 155 all options s16cm8 -2016<br \/>\nPOLARIS 2017 550 ADVENTURE 155 INTL S17CFE5BSL BEL SUSPENSION CONTROL ARMS SPINDLE<br \/>\npolaris 550 adventure 155 intl s17cfe5bsl bel -2017Polaris Snowmobile 2012 PRO RMK 800 155 163 ALL OPTIONS<\/p>\n<p>Polaris Snowmobile 2011 RMK 800 155 ES INTL &#8211; S11CM8GSA-GSB-GSL-GSM-GEA Suspension, Control Arms &amp; Spindle<\/p>\n<p>Polaris Snowmobile 2013 RMK 800 155 ES INTL &#8211; S13CM8GSA-GSL-GEA Suspension, Control Arms &amp; Spindle<\/p>\n<p>Polaris Snowmobile 2014 RMK 800 155 &#8211; S14CM8GSA-GSL-GEA Suspension, Control Arms &amp; Spindle<\/p>\n<p>Polaris Snowmobile 2013 PRO 600 RMK 155 &#8211; S13CG6GSA-GSL-GEA Suspension, Control Arms &amp; Spindle<\/p>\n<p>Polaris Snowmobile 2012 PRO RMK 600 (155) &#8211; S12CG6GSA-GSL-GEL Suspension, Control Arms &amp; Spindle<\/p>\n<p>Polaris Snowmobile 2012 RMK 800 155 ES INTL &#8211; S12CM8GSA-GSL-GEA Suspension, Control Arms &amp; Spindle<\/p>\n<p>Polaris Snowmobile 2011 PRO RMK 800 155 163 ES INTL ALL OPTIONS &#8211; S11CG8-CH8 Suspension, Control Arms &amp; Spindle All Options<\/p>\n<p>Polaris Snowmobile 2013 RMK 600 144 155 ALL OPTIONS &#8211; S13CK6-CM6 Suspension, Control Arms &amp; Spindle All Options<\/p>\n<p>Polaris Snowmobile 2012 RMK 600 144\/ES INTL 155 ES ALL OPTIONS &#8211; S12CK6-CM6 Suspension, Control Arms &amp; Spindle All Options<\/p>\n<p>Polaris Snowmobile 2012 PRO RMK 800 155 163 ALL OPTIONS &#8211; S12CG8-CH8 Suspension, Control Arms &amp; Spindle All Options<\/p>\n<p>Polaris Snowmobile 2014 RMK 600 144 155 ALL OPTIONS &#8211; S14CK6-CM6 Suspension, Control Arms &amp; Spindle All Options<br \/>\n2013 PRO RMK 800 155 163 ALL OPTIONS<br \/>\nPolaris Snowmobile 2015 PRO RMK 600 LE 155 ALL OPTIONS &#8211; S15CG6 Suspension, Control Arms &amp; Spindle All Options<\/p>\n<p>Polaris Snowmobile 2015 PRO RMK 800\/LE 155 163 ALL OPTIONS &#8211; S15CG8-CH8 Suspension, Control Arms &amp; Spindle All Options<\/p>\n<p>Polaris Snowmobile 2015 RMK 800 155 163 ALL OPTIONS &#8211; S15CC8-CD8-CM8 Suspension, Control Arms &amp; Spindle All Options<\/p>\n<p>Polaris Snowmobile 2013 PRO RMK 800 155 163 ALL OPTIONS &#8211; S13CG8-CH8 Suspension, Control Arms &amp; Spindle All Options<\/p>\n<p>Polaris Snowmobile 2015 RMK 600 144 155 ALL OPTIONS &#8211; S15CC6-CK6-CM6 Suspension, Control Arms &amp; Spindle All Options<\/p>\n<p>Polaris Snowmobile 2014 PRO RMK 800 LE 155 163 ALL OPTIONS<br \/>\nPolaris Snowmobile 2016 INDY VOYAGEUR INTL 550 155 &#8211; S16CU5BSL-BEL Suspension, Control Arms &amp; Spindle<\/p>\n<p>Polaris Snowmobile 2015 INDY VOYAGEUR 550 INTL &#8211; S15CS5BSL-BEL Suspension, Control Arms &amp; Spindle<\/p>\n<p>Polaris Snowmobile 2015 INDY ADVENTURE 550 INTL155 &#8211; S15CJ5BSL-BEL Suspension, Control Arms &amp; Spindle<\/p>\n<p>Polaris Snowmobile 2015 INDY VOYAGEUR 550 INTL 155 &#8211; S15CU5BSL-BEL Suspension, Control Arms &amp; Spindle<\/p>\n<p>Polaris Snowmobile 2017 VOYAGEUR 550 155 INTL &#8211; S17CFF5BSL-BEL Suspension, Control Arms &amp; Spindle<\/p>\n<p>Polaris Snowmobile 2015 INDY 600 VOYAGEUR INTL 144 &#8211; S15CS6GSL-GEL Suspension, Control Arms &amp; Spindle<\/p>\n<p>Polaris Snowmobile 2017 VOYAGEUR 550 144 &#8211; S17CEF5BSL Suspension, Control Arms &amp; Spindle<\/p>\n<p>Polaris Snowmobile 2016 INDY VOYAGEUR INTL 550 144 &#8211; S16CS5BSL-BEL Suspension, Control Arms &amp; Spindle<\/p>\n<p>Polaris Snowmobile 2016 INDY VOYAGEUR INTL 600 144 &#8211; S16CS6GSL-GEL Suspension, Control Arms &amp; Spindle<\/p>\n<p>Polaris Snowmobile 2014 VOYAGER 600 INTL &#8211; S14CS6GSL-GEL Suspension, Control Arms &amp; Spindle<\/p>\n<p>Polaris Snowmobile 2014 INDY VOYAGER 550 INTL &#8211; S14CS5BSL-BEL Suspension, Control Arms &amp; Spindle S14ca5bsl\/Bel<br \/>\nPolaris Snowmobile 2018 VOYAGEUR 550 155 INTL &#8211; S18CFF5BSL-BEL Suspension, Control Arms &amp; Spindle<\/p>\n<p>Polaris Snowmobile 2018 VOYAGEUR 550 144 ES &#8211; S18CEF5BSL Suspension, Control Arms &amp; Spindle<\/p>\n<p>Polaris Snowmobile 2019 INDY 550 EVO ES ES INTL &#8211; S19CBU5BSA-BSL-BEL Suspension, Control Arms and Spindle &#8211; S19CBU5BSA\/BSL\/BEL (49SNOWSUSPFRT11800PRMK)<\/p>\n<p>Polaris Snowmobile 2019 VOYAGEUR 550 144 ES &#8211; S19CEF5BSL Suspension, Control Arms and Spindle &#8211; S19CEF5BSL (49SNOWSUSPFRT11800PRMK)<\/p>\n<p>Polaris Snowmobile 2019 VOYAGEUR 550 155 ES INTL &#8211; S19CFF5BSL-BEL Suspension, Control Arms and Spindle &#8211; S19CFF5BSL\/BEL (49SNOWSUSPFRT11800PRMK)<\/p>\n<p>Polaris Snowmobile 2020 INDY 550 EVO ES (R01) &#8211; S20CBU5BSA-BSL SUSPENSION, CONTROL ARMS and SPINDLE &#8211; S20CBU5BSA\/BSL (601145)<\/p>\n<p>Polaris Snowmobile 2020 VOYAGEUR 550 144 ES (R01) &#8211; S20CEF5BSL SUSPENSION, CONTROL ARMS and SPINDLE &#8211; S20CEF5BSL (601145)<\/p>\n<p>Polaris Snowmobile 2020 RMK 550 EVO ES INTL ES (R01) &#8211; S20CEU5BSA-BSL-BEL SUSPENSION, CONTROL ARMS and SPINDLE &#8211; S20CEU5BSA\/BSL\/BEL (601145)<\/p>\n<p>Polaris Snowmobile 2020 INDY ADVENTURE 550 155 ES (R01) &#8211; S20CFE5BSL SUSPENSION, CONTROL ARMS and SPINDLE &#8211; S20CFE5BSL (C601145)<\/p>\n<p>Polaris Snowmobile 2020 VOYAGEUR 550 155 ES INTL ES (R01) &#8211; S20CFF5BSL-BEL SUSPENSION, CONTROL ARMS and SPINDLE &#8211; S20CFF5BSL\/BEL (C601145)<\/p>","protected":false},"featured_media":16077,"comment_status":"open","ping_status":"closed","template":"","meta":{"_acf_changed":false},"demonterat-fordon":[],"fordons-typ":[641],"make":[636],"parts-filter":[659],"prod-typ":[715],"tillverkare":[865],"product_brand":[],"product_cat":[107],"product_tag":[],"class_list":{"0":"post-16298","1":"product","2":"type-product","3":"status-publish","4":"has-post-thumbnail","6":"fordons-typ-sno","7":"make-polaris","8":"parts-filter-pro-ride","9":"prod-typ-beg","10":"tillverkare-polaris","11":"product_cat-a-armar","13":"first","14":"instock","15":"purchasable","16":"product-type-simple"},"acf":[],"_links":{"self":[{"href":"https:\/\/whitepowder.se\/en\/wp-json\/wp\/v2\/product\/16298","targetHints":{"allow":["GET"]}}],"collection":[{"href":"https:\/\/whitepowder.se\/en\/wp-json\/wp\/v2\/product"}],"about":[{"href":"https:\/\/whitepowder.se\/en\/wp-json\/wp\/v2\/types\/product"}],"replies":[{"embeddable":true,"href":"https:\/\/whitepowder.se\/en\/wp-json\/wp\/v2\/comments?post=16298"}],"wp:featuredmedia":[{"embeddable":true,"href":"https:\/\/whitepowder.se\/en\/wp-json\/wp\/v2\/media\/16077"}],"wp:attachment":[{"href":"https:\/\/whitepowder.se\/en\/wp-json\/wp\/v2\/media?parent=16298"}],"wp:term":[{"taxonomy":"demonterat-fordon","embeddable":true,"href":"https:\/\/whitepowder.se\/en\/wp-json\/wp\/v2\/demonterat-fordon?post=16298"},{"taxonomy":"fordons-typ","embeddable":true,"href":"https:\/\/whitepowder.se\/en\/wp-json\/wp\/v2\/fordons-typ?post=16298"},{"taxonomy":"make","embeddable":true,"href":"https:\/\/whitepowder.se\/en\/wp-json\/wp\/v2\/make?post=16298"},{"taxonomy":"parts-filter","embeddable":true,"href":"https:\/\/whitepowder.se\/en\/wp-json\/wp\/v2\/parts-filter?post=16298"},{"taxonomy":"prod-typ","embeddable":true,"href":"https:\/\/whitepowder.se\/en\/wp-json\/wp\/v2\/prod-typ?post=16298"},{"taxonomy":"tillverkare","embeddable":true,"href":"https:\/\/whitepowder.se\/en\/wp-json\/wp\/v2\/tillverkare?post=16298"},{"taxonomy":"product_brand","embeddable":true,"href":"https:\/\/whitepowder.se\/en\/wp-json\/wp\/v2\/product_brand?post=16298"},{"taxonomy":"product_cat","embeddable":true,"href":"https:\/\/whitepowder.se\/en\/wp-json\/wp\/v2\/product_cat?post=16298"},{"taxonomy":"product_tag","embeddable":true,"href":"https:\/\/whitepowder.se\/en\/wp-json\/wp\/v2\/product_tag?post=16298"}],"curies":[{"name":"wp","href":"https:\/\/api.w.org\/{rel}","templated":true}]}}