{"id":16315,"date":"2024-10-10T19:08:36","date_gmt":"2024-10-10T17:08:36","guid":{"rendered":"https:\/\/whitepowder.se\/?post_type=product&#038;p=16315"},"modified":"2026-01-16T15:16:53","modified_gmt":"2026-01-16T14:16:53","slug":"polaris-2204432-458-a-arm-pro-ride-43-o-rh","status":"publish","type":"product","link":"https:\/\/whitepowder.se\/en\/polaris-2204432-458-a-arm-pro-ride-43-o-rh\/","title":{"rendered":"Polaris 2204432-458 &#8211; A-Arm Pro-Ride 43&#8243; \u00d6 Rh"},"content":{"rendered":"<p>Polaris 2204432-458 &#8211; A-Arm Pro-Ride 43&#8243; \u00d6 Rh<br \/>\nA-arm till pro ride 43&#8243; framvagn,.  svart . \u00f6vre h\u00f6ger.<\/p>\n<p>OBS Partnumbret \u00e4r ett Assembely nummer och anv\u00e4nds fr\u00e4mst som s\u00f6kv\u00e4g och f\u00f6r Fitment, Kolla p\u00e5 bilderna f\u00f6r att se vad som ing\u00e5r.<\/p>\n<p>* Anm\u00e4rkning:  Ej original f\u00e4rg omlackad, r\u00f6d m\u00e5lad svart,. lack sl\u00e4p repor.<\/p>","protected":false},"excerpt":{"rendered":"<p>Polaris 2204432-458 Passar p\u00e5 :<\/p>\n<p>    2011 600 RUSH\/ES\/RETRO ES\/LX\/LX RETRO ALL OPTIONS (S11BF6NS\/BD6NS) &#8211; Suspension, Control Arms &amp; Spindle All Options<br \/>\n    2011 800 RMK ASSAULT 155\/ INTL (S11CN8GSA\/GSB\/GEA) &#8211; Suspension, Control Arms &amp; Spindle<br \/>\n    2011 800 RUSH PRO-R\/ES\/RETRO ALL OPTIONS (S11BP8\/BE8) &#8211; Suspension, Control Arms &amp; Spindle All Options<br \/>\n    2011 800 RUSH\/ES\/RETRO\/RETRO LX\/RETRO ES ALL OPTIONS (S11BF8\/BD8) &#8211; Suspension, Control Arms &amp; Spindle All Options<br \/>\n    2011 800 SWITCHBACK ASSAULT\/INTL (S11CW8GSA\/GSB\/GST\/GEA) &#8211; Suspension, Control Arms &amp; Spindle<br \/>\n    2012 800 RMK ASSAULT 155 ALL OPTIONS (S12CN8\/CY8) &#8211; Suspension, Control Arms &amp; Spindle All Options<br \/>\n    2013 800 RMK ASSAULT ALL OPTIONS (S13CN8\/CY8) &#8211; Suspension, Control Arms &amp; Spindle All Options<br \/>\n    2014 800 RMK ASSAULT ALL OPTIONS (S14CN8\/CY8) &#8211; Suspension, Control Arms &amp; Spindle All Options<br \/>\n    2015 800 RMK ASSAULT 155 ALL OPTIONS (S15CN8\/CY8) &#8211; Suspension, Control Arms &amp; Spindle All Options<\/p>","protected":false},"featured_media":16153,"comment_status":"open","ping_status":"closed","template":"","meta":{"_acf_changed":false},"demonterat-fordon":[],"fordons-typ":[641],"make":[636],"parts-filter":[659],"prod-typ":[715],"tillverkare":[865],"product_brand":[],"product_cat":[107],"product_tag":[],"class_list":{"0":"post-16315","1":"product","2":"type-product","3":"status-publish","4":"has-post-thumbnail","6":"fordons-typ-sno","7":"make-polaris","8":"parts-filter-pro-ride","9":"prod-typ-beg","10":"tillverkare-polaris","11":"product_cat-a-armar","13":"first","14":"outofstock","15":"purchasable","16":"product-type-simple"},"acf":[],"_links":{"self":[{"href":"https:\/\/whitepowder.se\/en\/wp-json\/wp\/v2\/product\/16315","targetHints":{"allow":["GET"]}}],"collection":[{"href":"https:\/\/whitepowder.se\/en\/wp-json\/wp\/v2\/product"}],"about":[{"href":"https:\/\/whitepowder.se\/en\/wp-json\/wp\/v2\/types\/product"}],"replies":[{"embeddable":true,"href":"https:\/\/whitepowder.se\/en\/wp-json\/wp\/v2\/comments?post=16315"}],"wp:featuredmedia":[{"embeddable":true,"href":"https:\/\/whitepowder.se\/en\/wp-json\/wp\/v2\/media\/16153"}],"wp:attachment":[{"href":"https:\/\/whitepowder.se\/en\/wp-json\/wp\/v2\/media?parent=16315"}],"wp:term":[{"taxonomy":"demonterat-fordon","embeddable":true,"href":"https:\/\/whitepowder.se\/en\/wp-json\/wp\/v2\/demonterat-fordon?post=16315"},{"taxonomy":"fordons-typ","embeddable":true,"href":"https:\/\/whitepowder.se\/en\/wp-json\/wp\/v2\/fordons-typ?post=16315"},{"taxonomy":"make","embeddable":true,"href":"https:\/\/whitepowder.se\/en\/wp-json\/wp\/v2\/make?post=16315"},{"taxonomy":"parts-filter","embeddable":true,"href":"https:\/\/whitepowder.se\/en\/wp-json\/wp\/v2\/parts-filter?post=16315"},{"taxonomy":"prod-typ","embeddable":true,"href":"https:\/\/whitepowder.se\/en\/wp-json\/wp\/v2\/prod-typ?post=16315"},{"taxonomy":"tillverkare","embeddable":true,"href":"https:\/\/whitepowder.se\/en\/wp-json\/wp\/v2\/tillverkare?post=16315"},{"taxonomy":"product_brand","embeddable":true,"href":"https:\/\/whitepowder.se\/en\/wp-json\/wp\/v2\/product_brand?post=16315"},{"taxonomy":"product_cat","embeddable":true,"href":"https:\/\/whitepowder.se\/en\/wp-json\/wp\/v2\/product_cat?post=16315"},{"taxonomy":"product_tag","embeddable":true,"href":"https:\/\/whitepowder.se\/en\/wp-json\/wp\/v2\/product_tag?post=16315"}],"curies":[{"name":"wp","href":"https:\/\/api.w.org\/{rel}","templated":true}]}}