{"id":16317,"date":"2024-10-10T19:08:33","date_gmt":"2024-10-10T17:08:33","guid":{"rendered":"https:\/\/whitepowder.se\/?post_type=product&#038;p=16317"},"modified":"2024-10-10T19:08:34","modified_gmt":"2024-10-10T17:08:34","slug":"polaris-1824040-293-spindel-vanster-axys","status":"publish","type":"product","link":"https:\/\/whitepowder.se\/en\/polaris-1824040-293-spindel-vanster-axys\/","title":{"rendered":"Polaris 1824040-293 &#8211; Spindel V\u00e4nster Axys"},"content":{"rendered":"<p>Polaris 1824040-293 &#8211; Spindel V\u00e4nster Axys<br \/>\nLh, rmk, indy red<\/p>\n<p>* Anm\u00e4rkning:  Sp\u00e5r av f\u00f6rvaring, m\u00e4rken i lacken<\/p>","protected":false},"excerpt":{"rendered":"<p>Polaris 1824040-293 Sitter Original p\u00e5 :<\/p>\n<p>2016 600 AXYS PRO RMK 155 ALL OPTIONS (S16EG6) &#8211; Suspension, Control Arms &amp; Spindle All Options<\/p>\n<p>    2016 800 AXYS PRO RMK\/LE 155 ALL OPTIONS (S16EC8\/EG8) &#8211; Suspension, Control Arms &amp; Spindle All Options<\/p>\n<p>    2016 800 AXYS PRO RMK\/LE 163 ALL OPTIONS (S16ED8\/EH8) &#8211; Suspension, Control Arms &amp; Spindle All Options<\/p>\n<p>    2016 800 AXYS SKS 155 ALL OPTIONS (S16EL8PE\/PS\/PSL) &#8211; Suspension, Control Arms &amp; Spindle All Options<\/p>\n<p>    2017 600 AXYS PRO RMK 155 ALL OPTIONS (S17EFK6) &#8211; Suspension, Control Arms &amp; Spindle All Options<\/p>\n<p>    2017 800 AXYS PRO RMK 163 ALL OPTIONS (S17EGK8\/EGM8\/EGP8) &#8211; Suspension, Control Arms &amp; Spindle All Options<\/p>\n<p>    2017 800 AXYS PRO RMK\/LE 155 ALL OPTIONS (S17EFK8\/EFM8\/EFP8) &#8211; Suspension, Control Arms &amp; Spindle All Options<\/p>\n<p>    2017 800 AXYS SKS 155 ALL OPTIONS (S17EFS8) &#8211; Suspension, Control Arms &amp; Spindle All Options<\/p>\n<p>    2018 800 AXYS PRO RMK 155 ALL OPTIONS (S18EFK8P\/EFM8P) &#8211; Suspension, Control Arms &amp; Spindle All Options<\/p>\n<p>    2018 800 AXYS PRO RMK 163 ALL OPTIONS (S18EGK8P\/EGM8P) &#8211; Suspension, Control Arms &amp; Spindle All Options<\/p>\n<p>    2018 800 AXYS PRO RMK 174, 3&#8243; ALL OPTIONS (S18EHM8PS\/PEB) &#8211; Suspension, Control Arms &amp; Spindle All Options<\/p>\n<p>    2018 800 AXYS SKS 146 ALL OPTIONS (S18ELS8P) &#8211; Suspension, Control Arms &amp; Spindle All Options<\/p>\n<p>    2018 800 AXYS SKS 155 ALL OPTIONS (S18EFS8P) &#8211; Suspension, Control Arms &amp; Spindle All Options<\/p>\n<p>    2019 800 AXYS SKS 146\/INTL ALL OPTIONS (S19ELS8PS\/PEB) &#8211; Suspension, Control Arms, Spindle, And Shock Mntg. All Options<\/p>\n<p>    2019 800 AXYS SKS 155 SC SELECT ALL OPTIONS (S19EFS8PS) &#8211; Suspension, Control Arms &amp; Spindle All Options<\/p>\n<p>    2019 850 AXYS SKS 155 SC SELECT\/INTL (S19EFS8R) &#8211; Suspension, Control Arms &amp; Spindle All Options<\/p>\n<p>    2019 850 SKS 146 ALL OPTIONS (S19ELS8R) &#8211; Suspension, Control Arms, Spindle, And Shock Mntg. All Options<\/p>\n<p>    2020 800 AXYS SKS 155 SC SELECT ALL OPTIONS (S20EFS8PS) &#8211; Suspension, Control Arms &amp; Spindle All Options<\/p>\n<p>    2020 800 SKS 146 SC SELECT ALL OPTIONS (S20ELS8PS) &#8211; Suspension, Control Arms, Spindle, And Shock Mntg. All Options<\/p>\n<p>    2020 850 AXYS SKS 155\/INTL SC SELECT (S20EFS8RS\/8RE) &#8211; Suspension, Control Arms &amp; Spindle All Options<\/p>\n<p>    2020 850 SKS 146\/INTL SC SELECT ALL OPTIONS (S20ELS8RS\/8RE) &#8211; Suspension, Control Arms, Spindle, And Shock Mntg. All Options<\/p>\n<p>    2021 850 SKS 146\/INTL ALL OPTIONS (S21ELS8RS\/8RE) &#8211; Suspension, Control Arms, Spindle, And Shock Mntg. All Options<\/p>\n<p>    2021 850 SKS 155\/INTL ALL OPTIONS (S21EFS8RS\/8RE) &#8211; Suspension, Control Arms &amp; Spindle All Options<\/p>","protected":false},"featured_media":16171,"comment_status":"open","ping_status":"closed","template":"","meta":{"_acf_changed":false},"demonterat-fordon":[],"fordons-typ":[641],"make":[636],"parts-filter":[658],"prod-typ":[717],"tillverkare":[865],"product_brand":[],"product_cat":[432],"product_tag":[],"class_list":{"0":"post-16317","1":"product","2":"type-product","3":"status-publish","4":"has-post-thumbnail","6":"fordons-typ-sno","7":"make-polaris","8":"parts-filter-axys","9":"prod-typ-ny","10":"tillverkare-polaris","11":"product_cat-styrspindlar","13":"first","14":"instock","15":"taxable","16":"shipping-taxable","17":"purchasable","18":"product-type-simple"},"acf":[],"_links":{"self":[{"href":"https:\/\/whitepowder.se\/en\/wp-json\/wp\/v2\/product\/16317","targetHints":{"allow":["GET"]}}],"collection":[{"href":"https:\/\/whitepowder.se\/en\/wp-json\/wp\/v2\/product"}],"about":[{"href":"https:\/\/whitepowder.se\/en\/wp-json\/wp\/v2\/types\/product"}],"replies":[{"embeddable":true,"href":"https:\/\/whitepowder.se\/en\/wp-json\/wp\/v2\/comments?post=16317"}],"wp:featuredmedia":[{"embeddable":true,"href":"https:\/\/whitepowder.se\/en\/wp-json\/wp\/v2\/media\/16171"}],"wp:attachment":[{"href":"https:\/\/whitepowder.se\/en\/wp-json\/wp\/v2\/media?parent=16317"}],"wp:term":[{"taxonomy":"demonterat-fordon","embeddable":true,"href":"https:\/\/whitepowder.se\/en\/wp-json\/wp\/v2\/demonterat-fordon?post=16317"},{"taxonomy":"fordons-typ","embeddable":true,"href":"https:\/\/whitepowder.se\/en\/wp-json\/wp\/v2\/fordons-typ?post=16317"},{"taxonomy":"make","embeddable":true,"href":"https:\/\/whitepowder.se\/en\/wp-json\/wp\/v2\/make?post=16317"},{"taxonomy":"parts-filter","embeddable":true,"href":"https:\/\/whitepowder.se\/en\/wp-json\/wp\/v2\/parts-filter?post=16317"},{"taxonomy":"prod-typ","embeddable":true,"href":"https:\/\/whitepowder.se\/en\/wp-json\/wp\/v2\/prod-typ?post=16317"},{"taxonomy":"tillverkare","embeddable":true,"href":"https:\/\/whitepowder.se\/en\/wp-json\/wp\/v2\/tillverkare?post=16317"},{"taxonomy":"product_brand","embeddable":true,"href":"https:\/\/whitepowder.se\/en\/wp-json\/wp\/v2\/product_brand?post=16317"},{"taxonomy":"product_cat","embeddable":true,"href":"https:\/\/whitepowder.se\/en\/wp-json\/wp\/v2\/product_cat?post=16317"},{"taxonomy":"product_tag","embeddable":true,"href":"https:\/\/whitepowder.se\/en\/wp-json\/wp\/v2\/product_tag?post=16317"}],"curies":[{"name":"wp","href":"https:\/\/api.w.org\/{rel}","templated":true}]}}