{"id":16863,"date":"2024-10-20T10:14:02","date_gmt":"2024-10-20T08:14:02","guid":{"rendered":"https:\/\/whitepowder.se\/?post_type=product&#038;p=16863"},"modified":"2024-12-21T16:48:35","modified_gmt":"2024-12-21T15:48:35","slug":"polaris-2203854-067-a-arm-iq-ovre-rh-2","status":"publish","type":"product","link":"https:\/\/whitepowder.se\/en\/polaris-2203854-067-a-arm-iq-ovre-rh-2\/","title":{"rendered":"Polaris 2203854-067 &#8211; A-Arm Iq \u00d6vre Rh"},"content":{"rendered":"<p>Polaris 2203854-067 &#8211; A-Arm Iq \u00d6vre Rh<br \/>\nA-arm till iq rr \/ 440  41\u00bd&#8221; framvagn,.  svart . \u00f6vre h\u00f6ger.<br \/>\nmed spindelled<\/p>\n<p>sitter original p\u00e5: 2008-2009 iq 600 rr<\/p>\n<p>passar med original 41\u00bd&#8221; bred framvagn p\u00e5 :<br \/>\n2005\t440 iq<br \/>\n2006\t440 iq<br \/>\nOBS Partnumbret \u00e4r ett Assembely nummer och anv\u00e4nds fr\u00e4mst som s\u00f6kv\u00e4g och f\u00f6r Fitment, Kolla p\u00e5 bilderna, L\u00e4s text f\u00f6r att se vad som ing\u00e5r. <\/p>","protected":false},"excerpt":{"rendered":"<p>Polaris 2203854-067 Sitter Original p\u00e5 :<\/p>\n<p>2008 600 RR\/EURO (S08MX6FS\/FE) &#8211; Suspension, Front<\/p>\n<p>    2009 600 RR EURO (S09MX6FE) &#8211; Suspension, Front<\/p>\n<p>Passar p\u00e5:<br \/>\n2005\t440 IQ<br \/>\n2006\t440 IQ<\/p>","protected":false},"featured_media":16428,"comment_status":"open","ping_status":"closed","template":"","meta":{"_acf_changed":false},"demonterat-fordon":[],"fordons-typ":[641],"make":[636],"parts-filter":[660],"prod-typ":[715],"tillverkare":[865],"product_brand":[],"product_cat":[107],"product_tag":[],"class_list":{"0":"post-16863","1":"product","2":"type-product","3":"status-publish","4":"has-post-thumbnail","6":"fordons-typ-sno","7":"make-polaris","8":"parts-filter-iq-r-rr","9":"prod-typ-beg","10":"tillverkare-polaris","11":"product_cat-a-armar","13":"first","14":"instock","15":"purchasable","16":"product-type-simple"},"acf":[],"_links":{"self":[{"href":"https:\/\/whitepowder.se\/en\/wp-json\/wp\/v2\/product\/16863","targetHints":{"allow":["GET"]}}],"collection":[{"href":"https:\/\/whitepowder.se\/en\/wp-json\/wp\/v2\/product"}],"about":[{"href":"https:\/\/whitepowder.se\/en\/wp-json\/wp\/v2\/types\/product"}],"replies":[{"embeddable":true,"href":"https:\/\/whitepowder.se\/en\/wp-json\/wp\/v2\/comments?post=16863"}],"wp:featuredmedia":[{"embeddable":true,"href":"https:\/\/whitepowder.se\/en\/wp-json\/wp\/v2\/media\/16428"}],"wp:attachment":[{"href":"https:\/\/whitepowder.se\/en\/wp-json\/wp\/v2\/media?parent=16863"}],"wp:term":[{"taxonomy":"demonterat-fordon","embeddable":true,"href":"https:\/\/whitepowder.se\/en\/wp-json\/wp\/v2\/demonterat-fordon?post=16863"},{"taxonomy":"fordons-typ","embeddable":true,"href":"https:\/\/whitepowder.se\/en\/wp-json\/wp\/v2\/fordons-typ?post=16863"},{"taxonomy":"make","embeddable":true,"href":"https:\/\/whitepowder.se\/en\/wp-json\/wp\/v2\/make?post=16863"},{"taxonomy":"parts-filter","embeddable":true,"href":"https:\/\/whitepowder.se\/en\/wp-json\/wp\/v2\/parts-filter?post=16863"},{"taxonomy":"prod-typ","embeddable":true,"href":"https:\/\/whitepowder.se\/en\/wp-json\/wp\/v2\/prod-typ?post=16863"},{"taxonomy":"tillverkare","embeddable":true,"href":"https:\/\/whitepowder.se\/en\/wp-json\/wp\/v2\/tillverkare?post=16863"},{"taxonomy":"product_brand","embeddable":true,"href":"https:\/\/whitepowder.se\/en\/wp-json\/wp\/v2\/product_brand?post=16863"},{"taxonomy":"product_cat","embeddable":true,"href":"https:\/\/whitepowder.se\/en\/wp-json\/wp\/v2\/product_cat?post=16863"},{"taxonomy":"product_tag","embeddable":true,"href":"https:\/\/whitepowder.se\/en\/wp-json\/wp\/v2\/product_tag?post=16863"}],"curies":[{"name":"wp","href":"https:\/\/api.w.org\/{rel}","templated":true}]}}