{"id":16866,"date":"2024-10-20T10:14:41","date_gmt":"2024-10-20T08:14:41","guid":{"rendered":"https:\/\/whitepowder.se\/?post_type=product&#038;p=16866"},"modified":"2025-10-29T14:01:46","modified_gmt":"2025-10-29T13:01:46","slug":"polaris-2204478-458-a-arm-ovre-vanster","status":"publish","type":"product","link":"https:\/\/whitepowder.se\/en\/polaris-2204478-458-a-arm-ovre-vanster\/","title":{"rendered":"Polaris 2204478-458 &#8211; A-Arm, \u00d6vre V\u00e4nster"},"content":{"rendered":"<p>Polaris 2204478-458 &#8211; A-Arm, \u00d6vre V\u00e4nster<br \/>\nA-arm till iq r &#8211; race  43&#8243; framvagn,.  svart . \u00f6vre v\u00e4nster.<br \/>\nmed kulled &#038; plast bussningar,. inget motst\u00e5nd kvar i kulled.<br \/>\nOBS Partnumbret \u00e4r ett Assembely nummer och anv\u00e4nds fr\u00e4mst som s\u00f6kv\u00e4g och f\u00f6r Fitment, Kolla p\u00e5 bilderna, L\u00e4s text f\u00f6r att se vad som ing\u00e5r. <\/p>\n<p>*   skav repor lack,.<\/p>","protected":false},"excerpt":{"rendered":"<p>Polaris 2204478-458 Sitter Original p\u00e5 :<\/p>\n<p>2013 600 IQ RACER\/INTL (S13MX6JSA\/JEA) &#8211; Suspension, Front, Control Arms &#038; Spindle<\/p>\n<p>    2014 600 IQ RACER\/INTL (S14MX6JSA\/JEA) &#8211; Suspension, Front, Control Arms &#038; Spindle<\/p>\n<p>    2015 600 IQ RACER\/INTL (S15MX6JSA\/JEA) &#8211; Suspension, Front, Control Arms &#038; Spindle<\/p>\n<p>    2016 600 IQ RACER\/INTL (S16MX6JSA\/JEA) &#8211; Suspension, Front, Control Arms &#038; Spindle<\/p>\n<p>    2017 600 RACER\/INTL (S17MBX6JSA\/JEA) &#8211; Suspension, Front, Control Arms &#038; Spindle<\/p>\n<p>Passar p\u00e5:<br \/>\n2011\t600 IQ RACER<br \/>\n2012\t600 IQ RACER<\/p>","protected":false},"featured_media":16419,"comment_status":"open","ping_status":"closed","template":"","meta":{"_acf_changed":false},"demonterat-fordon":[],"fordons-typ":[641],"make":[636],"parts-filter":[660],"prod-typ":[715],"tillverkare":[865],"product_brand":[],"product_cat":[107],"product_tag":[],"class_list":{"0":"post-16866","1":"product","2":"type-product","3":"status-publish","4":"has-post-thumbnail","6":"fordons-typ-sno","7":"make-polaris","8":"parts-filter-iq-r-rr","9":"prod-typ-beg","10":"tillverkare-polaris","11":"product_cat-a-armar","13":"first","14":"outofstock","15":"purchasable","16":"product-type-simple"},"acf":[],"_links":{"self":[{"href":"https:\/\/whitepowder.se\/en\/wp-json\/wp\/v2\/product\/16866","targetHints":{"allow":["GET"]}}],"collection":[{"href":"https:\/\/whitepowder.se\/en\/wp-json\/wp\/v2\/product"}],"about":[{"href":"https:\/\/whitepowder.se\/en\/wp-json\/wp\/v2\/types\/product"}],"replies":[{"embeddable":true,"href":"https:\/\/whitepowder.se\/en\/wp-json\/wp\/v2\/comments?post=16866"}],"wp:featuredmedia":[{"embeddable":true,"href":"https:\/\/whitepowder.se\/en\/wp-json\/wp\/v2\/media\/16419"}],"wp:attachment":[{"href":"https:\/\/whitepowder.se\/en\/wp-json\/wp\/v2\/media?parent=16866"}],"wp:term":[{"taxonomy":"demonterat-fordon","embeddable":true,"href":"https:\/\/whitepowder.se\/en\/wp-json\/wp\/v2\/demonterat-fordon?post=16866"},{"taxonomy":"fordons-typ","embeddable":true,"href":"https:\/\/whitepowder.se\/en\/wp-json\/wp\/v2\/fordons-typ?post=16866"},{"taxonomy":"make","embeddable":true,"href":"https:\/\/whitepowder.se\/en\/wp-json\/wp\/v2\/make?post=16866"},{"taxonomy":"parts-filter","embeddable":true,"href":"https:\/\/whitepowder.se\/en\/wp-json\/wp\/v2\/parts-filter?post=16866"},{"taxonomy":"prod-typ","embeddable":true,"href":"https:\/\/whitepowder.se\/en\/wp-json\/wp\/v2\/prod-typ?post=16866"},{"taxonomy":"tillverkare","embeddable":true,"href":"https:\/\/whitepowder.se\/en\/wp-json\/wp\/v2\/tillverkare?post=16866"},{"taxonomy":"product_brand","embeddable":true,"href":"https:\/\/whitepowder.se\/en\/wp-json\/wp\/v2\/product_brand?post=16866"},{"taxonomy":"product_cat","embeddable":true,"href":"https:\/\/whitepowder.se\/en\/wp-json\/wp\/v2\/product_cat?post=16866"},{"taxonomy":"product_tag","embeddable":true,"href":"https:\/\/whitepowder.se\/en\/wp-json\/wp\/v2\/product_tag?post=16866"}],"curies":[{"name":"wp","href":"https:\/\/api.w.org\/{rel}","templated":true}]}}