{"id":16876,"date":"2024-10-20T10:14:34","date_gmt":"2024-10-20T08:14:34","guid":{"rendered":"https:\/\/whitepowder.se\/?post_type=product&#038;p=16876"},"modified":"2024-12-21T16:48:32","modified_gmt":"2024-12-21T15:48:32","slug":"polaris-5134688-spindel-ovre-hoger","status":"publish","type":"product","link":"https:\/\/whitepowder.se\/en\/polaris-5134688-spindel-ovre-hoger\/","title":{"rendered":"Polaris 5134688 &#8211; Spindel \u00d6vre H\u00f6ger"},"content":{"rendered":"<p>Polaris 5134688 &#8211; Spindel \u00d6vre H\u00f6ger <\/p>","protected":false},"excerpt":{"rendered":"<p>Polaris 5134688 Sitter Original p\u00e5 :<\/p>\n<p>2005 440 IQ (S05MX4CS) &#8211; Suspension, Front \/Ce<\/p>\n<p>    2006 440 IQ (S06MX4CS) &#8211; Suspension, Front<\/p>\n<p>    2007 440 IQ\/EURO (S07MX4CS\/CE) &#8211; Suspension, Front<\/p>\n<p>    2008 600 IQ RACER\/EURO (S08MX6JS\/JE) &#8211; Suspension, Front<\/p>\n<p>    2008 600 RR\/EURO (S08MX6FS\/FE) &#8211; Suspension, Front<\/p>\n<p>    2009 600 RR EURO (S09MX6FE) &#8211; Suspension, Front<\/p>","protected":false},"featured_media":16387,"comment_status":"open","ping_status":"closed","template":"","meta":{"_acf_changed":false},"demonterat-fordon":[],"fordons-typ":[641],"make":[636],"parts-filter":[660],"prod-typ":[715],"tillverkare":[865],"product_brand":[],"product_cat":[432],"product_tag":[],"class_list":{"0":"post-16876","1":"product","2":"type-product","3":"status-publish","4":"has-post-thumbnail","6":"fordons-typ-sno","7":"make-polaris","8":"parts-filter-iq-r-rr","9":"prod-typ-beg","10":"tillverkare-polaris","11":"product_cat-styrspindlar","13":"first","14":"instock","15":"purchasable","16":"product-type-simple"},"acf":[],"_links":{"self":[{"href":"https:\/\/whitepowder.se\/en\/wp-json\/wp\/v2\/product\/16876","targetHints":{"allow":["GET"]}}],"collection":[{"href":"https:\/\/whitepowder.se\/en\/wp-json\/wp\/v2\/product"}],"about":[{"href":"https:\/\/whitepowder.se\/en\/wp-json\/wp\/v2\/types\/product"}],"replies":[{"embeddable":true,"href":"https:\/\/whitepowder.se\/en\/wp-json\/wp\/v2\/comments?post=16876"}],"wp:featuredmedia":[{"embeddable":true,"href":"https:\/\/whitepowder.se\/en\/wp-json\/wp\/v2\/media\/16387"}],"wp:attachment":[{"href":"https:\/\/whitepowder.se\/en\/wp-json\/wp\/v2\/media?parent=16876"}],"wp:term":[{"taxonomy":"demonterat-fordon","embeddable":true,"href":"https:\/\/whitepowder.se\/en\/wp-json\/wp\/v2\/demonterat-fordon?post=16876"},{"taxonomy":"fordons-typ","embeddable":true,"href":"https:\/\/whitepowder.se\/en\/wp-json\/wp\/v2\/fordons-typ?post=16876"},{"taxonomy":"make","embeddable":true,"href":"https:\/\/whitepowder.se\/en\/wp-json\/wp\/v2\/make?post=16876"},{"taxonomy":"parts-filter","embeddable":true,"href":"https:\/\/whitepowder.se\/en\/wp-json\/wp\/v2\/parts-filter?post=16876"},{"taxonomy":"prod-typ","embeddable":true,"href":"https:\/\/whitepowder.se\/en\/wp-json\/wp\/v2\/prod-typ?post=16876"},{"taxonomy":"tillverkare","embeddable":true,"href":"https:\/\/whitepowder.se\/en\/wp-json\/wp\/v2\/tillverkare?post=16876"},{"taxonomy":"product_brand","embeddable":true,"href":"https:\/\/whitepowder.se\/en\/wp-json\/wp\/v2\/product_brand?post=16876"},{"taxonomy":"product_cat","embeddable":true,"href":"https:\/\/whitepowder.se\/en\/wp-json\/wp\/v2\/product_cat?post=16876"},{"taxonomy":"product_tag","embeddable":true,"href":"https:\/\/whitepowder.se\/en\/wp-json\/wp\/v2\/product_tag?post=16876"}],"curies":[{"name":"wp","href":"https:\/\/api.w.org\/{rel}","templated":true}]}}