{"id":16902,"date":"2024-10-20T10:14:57","date_gmt":"2024-10-20T08:14:57","guid":{"rendered":"https:\/\/whitepowder.se\/?post_type=product&#038;p=16902"},"modified":"2024-10-20T10:14:58","modified_gmt":"2024-10-20T08:14:58","slug":"polaris-1824108-329-post-steering-upper","status":"publish","type":"product","link":"https:\/\/whitepowder.se\/en\/polaris-1824108-329-post-steering-upper\/","title":{"rendered":"Polaris 1824108-329 &#8211; Post, Steering, Upper"},"content":{"rendered":"<p>Polaris 1824108-329 &#8211; Post, Steering, Upper<\/p>\n<p>*  H\u00e5l till f\u00e4ste styre uppborrat fr\u00e5n original 7mm till 8,5mm<\/p>","protected":false},"excerpt":{"rendered":"<p>Polaris 1824108-329 Sitter Original p\u00e5 :<\/p>\n<p>2016 600 AXYS PRO RMK 155 ALL OPTIONS (S16EG6) &#8211; Steering, Handlebar Mounting All Options<\/p>\n<p>    2016 800 AXYS PRO RMK\/LE 155 ALL OPTIONS (S16EC8\/EG8) &#8211; Steering, Handlebar Mounting All Options<\/p>\n<p>    2016 800 AXYS PRO RMK\/LE 163 ALL OPTIONS (S16ED8\/EH8) &#8211; Steering, Handlebar Mounting All Options<\/p>\n<p>    2016 800 AXYS SKS 155 ALL OPTIONS (S16EL8PE\/PS\/PSL) &#8211; Steering, Handlebar Mounting All Options<\/p>\n<p>    2016 800 RMK ASSAULT 155 ALL OPTIONS (S16EN8\/EY8) &#8211; Steering, Handlebar Mounting All Options<\/p>\n<p>    2017 600 AXYS PRO RMK 155 ALL OPTIONS (S17EFK6) &#8211; Steering, Handlebar Mounting All Options<\/p>\n<p>    2017 800 AXYS PRO RMK 163 ALL OPTIONS (S17EGK8\/EGM8\/EGP8) &#8211; Steering, Handlebar Mounting All Options<\/p>\n<p>    2017 800 AXYS PRO RMK 174 ALL OPTIONS (S17EHP8P) &#8211; Steering, Handlebar Mounting All Options<\/p>\n<p>    2017 800 AXYS PRO RMK\/LE 155 ALL OPTIONS (S17EFK8\/EFM8\/EFP8) &#8211; Steering, Handlebar Mounting All Options<\/p>\n<p>    2017 800 AXYS RMK ASSAULT 155 ALL OPTIONS (S17EFN8\/EFT8) &#8211; Steering, Handlebar Mounting All Options<\/p>\n<p>    2017 800 AXYS SKS 155 ALL OPTIONS (S17EFS8) &#8211; Steering, Handlebar Mounting All Options<\/p>\n<p>    2018 600 AXYS PRO RMK 155\/INTL SC (S18EFK6PSL\/PSA\/PEB) &#8211; Steering, Handlebar Mounting<\/p>\n<p>    2018 800 AXYS PRO RMK 155 ALL OPTIONS (S18EFK8P\/EFM8P) &#8211; Steering, Handlebar Mounting All Options<\/p>\n<p>    2018 800 AXYS PRO RMK 163 ALL OPTIONS (S18EGK8P\/EGM8P) &#8211; Steering, Handlebar Mounting All Options<\/p>\n<p>    2018 800 AXYS PRO RMK 174, 3&#8243; ALL OPTIONS (S18EHM8PS\/PEB) &#8211; Steering, Handlebar Mounting All Options<\/p>\n<p>    2018 800 AXYS RMK ASSAULT 155 ALL OPTIONS (S18EFT8P) &#8211; Steering, Handlebar Mounting All Options<\/p>\n<p>    2018 800 AXYS SKS 155 ALL OPTIONS (S18EFS8P) &#8211; Steering, Handlebar Mounting All Options<\/p>\n<p>    2019 800 AXYS SKS 155 SC SELECT ALL OPTIONS (S19EFS8PS) &#8211; Steering, Handlebar Mounting All Options<\/p>\n<p>    2019 800 RMK ASSAULT 155\/INTL SC SELECT (S19EFT8PS\/PEB) &#8211; Steering, Handlebar Mounting All Options<\/p>","protected":false},"featured_media":16474,"comment_status":"open","ping_status":"closed","template":"","meta":{"_acf_changed":false},"demonterat-fordon":[],"fordons-typ":[641],"make":[636],"parts-filter":[658],"prod-typ":[715],"tillverkare":[865],"product_brand":[],"product_cat":[612],"product_tag":[],"class_list":{"0":"post-16902","1":"product","2":"type-product","3":"status-publish","4":"has-post-thumbnail","6":"fordons-typ-sno","7":"make-polaris","8":"parts-filter-axys","9":"prod-typ-beg","10":"tillverkare-polaris","11":"product_cat-steering-post","13":"first","14":"instock","15":"purchasable","16":"product-type-simple"},"acf":[],"_links":{"self":[{"href":"https:\/\/whitepowder.se\/en\/wp-json\/wp\/v2\/product\/16902","targetHints":{"allow":["GET"]}}],"collection":[{"href":"https:\/\/whitepowder.se\/en\/wp-json\/wp\/v2\/product"}],"about":[{"href":"https:\/\/whitepowder.se\/en\/wp-json\/wp\/v2\/types\/product"}],"replies":[{"embeddable":true,"href":"https:\/\/whitepowder.se\/en\/wp-json\/wp\/v2\/comments?post=16902"}],"wp:featuredmedia":[{"embeddable":true,"href":"https:\/\/whitepowder.se\/en\/wp-json\/wp\/v2\/media\/16474"}],"wp:attachment":[{"href":"https:\/\/whitepowder.se\/en\/wp-json\/wp\/v2\/media?parent=16902"}],"wp:term":[{"taxonomy":"demonterat-fordon","embeddable":true,"href":"https:\/\/whitepowder.se\/en\/wp-json\/wp\/v2\/demonterat-fordon?post=16902"},{"taxonomy":"fordons-typ","embeddable":true,"href":"https:\/\/whitepowder.se\/en\/wp-json\/wp\/v2\/fordons-typ?post=16902"},{"taxonomy":"make","embeddable":true,"href":"https:\/\/whitepowder.se\/en\/wp-json\/wp\/v2\/make?post=16902"},{"taxonomy":"parts-filter","embeddable":true,"href":"https:\/\/whitepowder.se\/en\/wp-json\/wp\/v2\/parts-filter?post=16902"},{"taxonomy":"prod-typ","embeddable":true,"href":"https:\/\/whitepowder.se\/en\/wp-json\/wp\/v2\/prod-typ?post=16902"},{"taxonomy":"tillverkare","embeddable":true,"href":"https:\/\/whitepowder.se\/en\/wp-json\/wp\/v2\/tillverkare?post=16902"},{"taxonomy":"product_brand","embeddable":true,"href":"https:\/\/whitepowder.se\/en\/wp-json\/wp\/v2\/product_brand?post=16902"},{"taxonomy":"product_cat","embeddable":true,"href":"https:\/\/whitepowder.se\/en\/wp-json\/wp\/v2\/product_cat?post=16902"},{"taxonomy":"product_tag","embeddable":true,"href":"https:\/\/whitepowder.se\/en\/wp-json\/wp\/v2\/product_tag?post=16902"}],"curies":[{"name":"wp","href":"https:\/\/api.w.org\/{rel}","templated":true}]}}