{"id":17019,"date":"2024-10-20T10:13:45","date_gmt":"2024-10-20T08:13:45","guid":{"rendered":"https:\/\/whitepowder.se\/?post_type=product&#038;p=17019"},"modified":"2026-01-02T10:06:19","modified_gmt":"2026-01-02T09:06:19","slug":"polaris-7044301-bakre-boggie-walker-evans-43-3cm-5","status":"publish","type":"product","link":"https:\/\/whitepowder.se\/en\/polaris-7044301-bakre-boggie-walker-evans-43-3cm-5\/","title":{"rendered":"Polaris 7044301 &#8211; Bakre Boggie Walker Evans 43.3cm"},"content":{"rendered":"<p>Polaris 7044301 &#8211; Bakre Boggie Walker Evans 43.3cm<br \/>\nBakre boggie d\u00e4mpare walker evans  piggyback  cc43,3cm<br \/>\nsvart fj\u00e4der tr\u00e5d dia 10.6mm<br \/>\nshock, rear track<br \/>\nHar suttit p\u00e5 : PRO-RMK 800cc 2016  668mil 200timmar<br \/>\nM\u00e5tt \u00f6gla inf\u00e4stning \u00d6vre + Nedre ,. Utan bussningar<br \/>\nBredd 18mm<br \/>\nH\u00e5l diameter 25mm<\/p>\n<p>* Anm\u00e4rkning:  Repor skav f\u00e4rg fj\u00e4der,. . jack gods \u00f6gla, fj\u00e4der mutter har m\u00e4rken fr\u00e5n fel verktyg <\/p>","protected":false},"excerpt":{"rendered":"<p>Polaris 7044301 Sitter Original p\u00e5 :<\/p>\n<p>2016 600 AXYS PRO RMK 155 ALL OPTIONS (S16EG6) &#8211; Suspension, Shock, Rear Track, W\/Res<\/p>\n<p>    2016 800 AXYS PRO RMK\/LE 155 ALL OPTIONS (S16EC8\/EG8) &#8211; Suspension, Shock, Rear Track, W\/Res<\/p>\n<p>    2016 800 AXYS PRO RMK\/LE 163 ALL OPTIONS (S16ED8\/EH8) &#8211; Suspension, Shock, Rear Track, W\/Res<\/p>\n<p>    2016 800 AXYS SKS 155 ALL OPTIONS (S16EL8PE\/PS\/PSL) &#8211; Suspension, Shock, Rear Track All Options<\/p>\n<p>    2017 600 AXYS PRO RMK 155 ALL OPTIONS (S17EFK6) &#8211; Suspension, Shock, Rear Track, W\/Res<\/p>\n<p>    2017 800 AXYS PRO RMK 163 ALL OPTIONS (S17EGK8\/EGM8\/EGP8) &#8211; Suspension, Shock, Rear Track, W\/Res. S17egm8\/Egp8<\/p>\n<p>    2017 800 AXYS PRO RMK 174 ALL OPTIONS (S17EHP8P) &#8211; Suspension, Shock, Rear Track, W\/Res. All Options<\/p>\n<p>    2017 800 AXYS PRO RMK\/LE 155 ALL OPTIONS (S17EFK8\/EFM8\/EFP8) &#8211; Suspension, Shock, Rear Track, W\/Res<\/p>\n<p>    2017 800 AXYS SKS 155 ALL OPTIONS (S17EFS8) &#8211; Suspension, Shock, Rear Track All Options<\/p>\n<p>    2018 600 AXYS PRO RMK 155\/INTL SC (S18EFK6PSL\/PSA\/PEB) &#8211; Suspension, Shock, Rear Track, W\/Res. S18efk8peb (600055)<\/p>\n<p>    2018 800 AXYS PRO RMK 155 ALL OPTIONS (S18EFK8P\/EFM8P) &#8211; Suspension, Shock, Rear Track, W\/Res<\/p>\n<p>    2018 800 AXYS PRO RMK 163 ALL OPTIONS (S18EGK8P\/EGM8P) &#8211; Suspension, Shock, Rear Track, W\/Res<\/p>\n<p>    2018 800 AXYS PRO RMK 174, 3&#8243; ALL OPTIONS (S18EHM8PS\/PEB) &#8211; Suspension, Shock, Rear Track, W\/Res. S18ehs8ps\/Peb<\/p>\n<p>    2018 800 AXYS SKS 155 ALL OPTIONS (S18EFS8P) &#8211; Suspension, Shock, Rear Track All Options<\/p>\n<p>    2019 600 AXYS PRO RMK 155\/ES\/INTL (S19EFK6PSA\/PSL\/PEB) &#8211; Suspension, Shock, Rear Track, W\/Res. S19efk6peb (600055)<\/p>\n<p>    2019 800 AXYS PRO-RMK 155\/INTL SC SELECT\/3&#8243;SC SELECT (S19EFK8PS\/PEB\/EFM8PS) &#8211; Suspension, Shock, Rear Track, W\/Res. S19efk8ps\/Peb<\/p>\n<p>    2019 800 AXYS PRO-RMK 163 SC SEL.\/3&#8243; SC SELECT (S19EGK8PS\/EGM8PS) &#8211; Suspension, Shock, Rear Track, W\/Res. S19egk8ps<\/p>\n<p>    2019 800 AXYS PRO-RMK 174 3&#8243; SC SELECT (S19EHM8PS) &#8211; Suspension, Shock, Rear Track, W\/Res. S19ehs8ps<\/p>\n<p>    2019 800 AXYS SKS 155 SC SELECT ALL OPTIONS (S19EFS8PS) &#8211; Suspension, Shock, Rear Track All Options<\/p>\n<p>    2019 850 AXYS PRO-RMK 163\/INTL SC SELECT (S19EGK8R\/EGM8R) &#8211; Suspension, Shock, Rear Track, W\/Res<\/p>\n<p>    2019 850 AXYS PRO-RMK\/INTL 174 3&#8243; SC SELECT (S19EHM8R) &#8211; Suspension, Shock, Rear Track, W\/Res<\/p>\n<p>    2019 850 AXYS SKS 155 SC SELECT\/INTL (S19EFS8R) &#8211; Suspension, Shock, Rear Track All Options<\/p>\n<p>    2019 850 PRO-RMK 155\/INTL SC SELECT (S19EFK8R\/EFM8R) &#8211; Suspension, Shock, Rear Track, W\/Res. S19efk8rs\/Efm8rs<\/p>\n<p>    2020 600 AXYS PRO RMK 155\/INTL SC SELECT ALL OPTIONS (S20EFK6PS\/6PEB) &#8211; Suspension, Shock, Rear Track, W\/Res<\/p>\n<p>    2020 800 AXYS PRO RMK 174 3&#8243; SC SELECT (S20EHM8PS) &#8211; Suspension, Shock, Rear Track, W\/Res. S20ehs8ps<\/p>\n<p>    2020 800 AXYS PRO-RMK 155\/155 3&#8243; SC SELECT (S20EFK8PS\/EFM8PS) &#8211; Suspension, Shock, Rear Track, W\/Res<\/p>\n<p>    2020 800 AXYS PRO-RMK 163\/163 3&#8243; SC SELECT (S20EGK8PS\/EGM8PS) &#8211; Suspension, Shock, Rear Track, W\/Res<\/p>\n<p>    2020 800 AXYS SKS 155 SC SELECT ALL OPTIONS (S20EFS8PS) &#8211; Suspension, Shock, Rear Track All Options<\/p>\n<p>    2020 850 AXYS PRO RMK 174 3&#8243; SC SELECT (S20EHM8RS) &#8211; Suspension, Shock, Rear Track, W\/Res<\/p>\n<p>    2020 850 AXYS PRO-RMK 155\/155 3&#8243;\/INTL (S20EFK8RS\/EFK8RE\/EFM8RS\/EFM8RE) &#8211; Suspension, Shock, Rear Track, W\/Res. S20efk8rs\/Efk8re\/Egm8rs\/Egm8re<\/p>\n<p>    2020 850 AXYS PRO-RMK 163\/163 3&#8243;\/INTL SC SELECT (S20EGK8RS\/EGM8RS\/EGM8RE) &#8211; Suspension, Shock, Rear Track, W\/Res<\/p>\n<p>    2020 850 AXYS SKS 155\/INTL SC SELECT (S20EFS8RS\/8RE) &#8211; Suspension, Shock, Rear Track All Options<\/p>\n<p>    2021 600 AXYS PRO RMK 155\/INTL ALL OPTIONS (S21EFK6PS\/6PE) &#8211; Suspension, Shock, Rear Track, W\/Res<\/p>\n<p>    2021 850 AXYS PRO-RMK 155\/155 3&#8243;\/INTL (S21EFK8R\/EFM8R) &#8211; Suspension, Shock, Rear Track, W\/Res. S21efk8r\/Efk8re\/Egm8r<\/p>\n<p>    2021 850 AXYS PRO-RMK 163\/165\/INTL ALL OPTIONS (S21EGK8R\/EGM8R) &#8211; Suspension, Shock, Rear Track, W\/Res. S21egk8r\/Egk8r<\/p>\n<p>    2021 850 AXYS PRO-RMK 174&#8243; ALL OPTIONS (S21EHK8RC) &#8211; Suspension, Shock, Rear Track, W\/Res<\/p>\n<p>    2021 850 SKS 155\/INTL ALL OPTIONS (S21EFS8RS\/8RE) &#8211; Suspension, Shock, Rear Track All Options<\/p>\n<p>    2022 850 RMK PRO 155 2.75&#8243; \/ 155 3&#8243; ALL OPTIONS (S22EFA8RS\/EFB8RS) &#8211; Suspension, Shock, Rear Track, W\/Res<\/p>\n<p>    2022 850 RMK PRO 163\/165 ALL OPTIONS (S22EGB8RS\/EGA8RS) &#8211; Suspension, Shock, Rear Track, W\/Res<\/p>","protected":false},"featured_media":16782,"comment_status":"open","ping_status":"closed","template":"","meta":{"_acf_changed":false},"demonterat-fordon":[],"fordons-typ":[641],"make":[636],"parts-filter":[658],"prod-typ":[715],"tillverkare":[865],"product_brand":[],"product_cat":[613],"product_tag":[850,1103],"class_list":{"0":"post-17019","1":"product","2":"type-product","3":"status-publish","4":"has-post-thumbnail","6":"fordons-typ-sno","7":"make-polaris","8":"parts-filter-axys","9":"prod-typ-beg","10":"tillverkare-polaris","11":"product_cat-shock-rear-track","12":"product_tag-walker-evans","13":"product_tag-walker-evans-shock","15":"first","16":"outofstock","17":"purchasable","18":"product-type-simple"},"acf":[],"_links":{"self":[{"href":"https:\/\/whitepowder.se\/en\/wp-json\/wp\/v2\/product\/17019","targetHints":{"allow":["GET"]}}],"collection":[{"href":"https:\/\/whitepowder.se\/en\/wp-json\/wp\/v2\/product"}],"about":[{"href":"https:\/\/whitepowder.se\/en\/wp-json\/wp\/v2\/types\/product"}],"replies":[{"embeddable":true,"href":"https:\/\/whitepowder.se\/en\/wp-json\/wp\/v2\/comments?post=17019"}],"wp:featuredmedia":[{"embeddable":true,"href":"https:\/\/whitepowder.se\/en\/wp-json\/wp\/v2\/media\/16782"}],"wp:attachment":[{"href":"https:\/\/whitepowder.se\/en\/wp-json\/wp\/v2\/media?parent=17019"}],"wp:term":[{"taxonomy":"demonterat-fordon","embeddable":true,"href":"https:\/\/whitepowder.se\/en\/wp-json\/wp\/v2\/demonterat-fordon?post=17019"},{"taxonomy":"fordons-typ","embeddable":true,"href":"https:\/\/whitepowder.se\/en\/wp-json\/wp\/v2\/fordons-typ?post=17019"},{"taxonomy":"make","embeddable":true,"href":"https:\/\/whitepowder.se\/en\/wp-json\/wp\/v2\/make?post=17019"},{"taxonomy":"parts-filter","embeddable":true,"href":"https:\/\/whitepowder.se\/en\/wp-json\/wp\/v2\/parts-filter?post=17019"},{"taxonomy":"prod-typ","embeddable":true,"href":"https:\/\/whitepowder.se\/en\/wp-json\/wp\/v2\/prod-typ?post=17019"},{"taxonomy":"tillverkare","embeddable":true,"href":"https:\/\/whitepowder.se\/en\/wp-json\/wp\/v2\/tillverkare?post=17019"},{"taxonomy":"product_brand","embeddable":true,"href":"https:\/\/whitepowder.se\/en\/wp-json\/wp\/v2\/product_brand?post=17019"},{"taxonomy":"product_cat","embeddable":true,"href":"https:\/\/whitepowder.se\/en\/wp-json\/wp\/v2\/product_cat?post=17019"},{"taxonomy":"product_tag","embeddable":true,"href":"https:\/\/whitepowder.se\/en\/wp-json\/wp\/v2\/product_tag?post=17019"}],"curies":[{"name":"wp","href":"https:\/\/api.w.org\/{rel}","templated":true}]}}