{"id":17027,"date":"2024-10-20T10:17:37","date_gmt":"2024-10-20T08:17:37","guid":{"rendered":"https:\/\/whitepowder.se\/?post_type=product&#038;p=17027"},"modified":"2024-12-21T16:43:38","modified_gmt":"2024-12-21T15:43:38","slug":"polaris-7043160-239-spring-comp-150lb-red","status":"publish","type":"product","link":"https:\/\/whitepowder.se\/en\/polaris-7043160-239-spring-comp-150lb-red\/","title":{"rendered":"Polaris 7043160-239 &#8211; Spring, Comp., 150Lb., Red"},"content":{"rendered":"<p>Polaris 7043160-239 &#8211; Spring, Comp., 150Lb., Red<br \/>\nR\u00f6d fj\u00e4der tr\u00e5d dia 9.7mm<br \/>\nspring, comp., 150lb., red p\/n:7043160-239<\/p>\n<p>ny skick ser ej ut att ha varit anv\u00e4nd,. sp\u00e5r av f\u00f6rvaring.<br \/>\n375X12.587,150#<\/p>","protected":false},"excerpt":{"rendered":"<p>Polaris 7043160-239 Passar p\u00e5 :<\/p>\n<p>    2012 600 RUSH PRO R\/SC\/SP\/ES\/INTL ALL OPTIONS (S12BP6) &#8211; Suspension, Shock, Rear All Options<br \/>\n    2012 600 SWITCHBACK ADVENTURE (S12BA6NSL) &#8211; Suspension, Shock, Rear<br \/>\n    2012 600 SWITCHBACK PRO-R (S12BS6NSA\/NSB\/NSC\/NSL\/NSM\/NSP\/NEL) &#8211; Suspension, Shock, Rear<br \/>\n    2012 600 SWITCHBACK\/ES (S12BR6NSA\/NSL) &#8211; Suspension, Shock, Rear (49Snowshockrear)<br \/>\n    2012 800 SWITCHBACK PRO-R\/ES\/SC\/SP\/INTL ALL OPTIONS (S12BS8\/BC8) &#8211; Suspension, Shock, Rear All Options<br \/>\n    2012 800 SWITCHBACK\/ES (S12BR8GSA\/GSL) &#8211; Suspension, Shock, Rear (49Snowshockrear)<br \/>\n    2013 600 RUSH PRO R\/ES\/INTL\/RETRO (S13BP6GSA\/GSL\/GEL\/GSM) &#8211; Suspension, Shock, Rear<br \/>\n    2013 600 SWITCHBACK ADVENTURE (S13BA6GSL) &#8211; Suspension, Shock, Rear<br \/>\n    2013 600 SWITCHBACK PRO-R\/ES\/INTL\/RETRO (S13BS6GSA\/GSL\/GEL\/GSM) &#8211; Suspension, Shock, Rear<br \/>\n    2013 600 SWITCHBACK\/ES (S13BR6GSA\/GSL) &#8211; Suspension, Shock, Rear (49Snowshockrear)<br \/>\n    2013 800 SWITCHBACK PRO-R\/ES\/INTL\/RETRO\/LE ALL OPTIONS (S13BA8\/BC8\/BD8\/BS8) &#8211; Suspension, Shock, Rear<br \/>\n    2014 600 RUSH PRO R\/ES\/INTL (S14BP6GSA\/GSL\/GEL) &#8211; Suspension, Shock, Rear<br \/>\n    2014 600 SWITCHBACK ADVENTURE (S14BA6GSL) &#8211; Suspension, Shock, Rear<br \/>\n    2014 600 SWITCHBACK PRO R\/ES\/INTL (S14BS6GSA\/GSL\/GEL) &#8211; Suspension, Shock, Rear<br \/>\n    2014 600 SWITCHBACK\/ES (S14BR6GSA\/GSL) &#8211; Suspension, Shock, Rear (49Snowshockrear)<br \/>\n    2014 800 RUSH PRO R ALL OPTIONS (S14BP8G\/BV8G) &#8211; Suspension, Shock, Rear All Options<br \/>\n    2014 800 SWITCHBACK ADVENTURE (S14BA8GSL\/GEL) &#8211; Suspension, Shock, Rear<br \/>\n    2014 800 SWITCHBACK PRO R\/ES\/INT\/LE ALL OPTIONS (S14BS8\/BC8\/BD8) &#8211; Suspension, Shock, Rear All Options<br \/>\n    2014 800 SWITCHBACK\/ES (S14BR8GSA\/GSL) &#8211; Suspension, Shock, Rear (49Snowshockrear)<br \/>\n    2015 600 RUSH PRO X INTL S15DF6PEL SUSPENSION SHOCK REAR TRACK 49SNOWSHOCKREAR7043959<br \/>\n    2015 600 SWITCHBACK ADVENTURE ALL OPTIONS S15DA6PSL PSM PEL SUSPENSION SHOCK REAR TRACK 7044122 S15DA6PEL 49SNOWSHOCKREAR7043959<br \/>\n    2015 600 SWITCHBACK PRO X ES INTL S15DR6PEL SUSPENSION SHOCK REAR TRACK 49SNOWSHOCKREAR7043959<br \/>\n    2015 800 RUSH PRO X ALL OPTIONS (S15DF8PEL\/PS) &#8211; Suspension, Shock, Rear Track S15df8 All Options (49Snowshockrear7043959)<br \/>\n    2015 800 RUSH PRO X ALL OPTIONS S15DF8PEL PS SUSPENSION SHOCK REAR TRACK S15DF8 ALL OPTIONS 49SNOWSHOCKREAR7043959<br \/>\n    2015 800 SWITCHBACK PRO X ALL OPTIONS S15DR8PS PEL SUSPENSION SHOCK REAR TRACK ALL OPTIONS 49SNOWSHOCKREAR7043959<br \/>\n    2015 800 SWITCHBACK PRO-X ALL OPTIONS (S15DR8PS\/PEL) &#8211; Suspension, Shock, Rear Track All Options (49Snowshockrear7043959)<br \/>\n    2016 600 RUSH PRO-X INTL ALL OPTIONS (S16DF6) &#8211; Suspension, Shock, Rear Track Pe\/Pel All Options (49Snowshockrear7043959)<br \/>\n    2016 600 SWITCHBACK ADVENTURE\/INTL (S16DA6PEL\/PSL) &#8211; Suspension, Shock, Rear Track, Intl S16da6pel (49Snowshockrear7043959)<br \/>\n    2016 600 SWITCHBACK PRO-X INTL ALL OPTIONS (S16DR6PE\/PEL) &#8211; Suspension, Shock, Rear Track All Options (49Snowshockrear7043959)<br \/>\n    2016 800 RUSH PRO-X ALL OPTIONS (S16DF8) &#8211; Suspension, Shock, Rear Track All Options (49Snowshockrear7043959)<br \/>\n    2016 800 SWITCHBACK ADVENTURE\/INTL (S16DA8PSL\/PEL) &#8211; Suspension, Shock, Rear Track, Intl S16da8pel (49Snowshockrear7043959)<br \/>\n    2016 800 SWITCHBACK PRO X\/INTL ALL OPTIONS (S16DR8) &#8211; Suspension, Shock, Rear Track All Options (49Snowshockrear7043959)<\/p>","protected":false},"featured_media":16833,"comment_status":"open","ping_status":"closed","template":"","meta":{"_acf_changed":false},"demonterat-fordon":[],"fordons-typ":[641],"make":[636],"parts-filter":[658,659,739],"prod-typ":[715],"tillverkare":[865],"product_brand":[],"product_cat":[210],"product_tag":[850,1103,1141],"class_list":{"0":"post-17027","1":"product","2":"type-product","3":"status-publish","4":"has-post-thumbnail","6":"fordons-typ-sno","7":"make-polaris","8":"parts-filter-axys","9":"parts-filter-pro-ride","10":"parts-filter-rush","11":"prod-typ-beg","12":"tillverkare-polaris","13":"product_cat-springs","14":"product_tag-walker-evans","15":"product_tag-walker-evans-shock","16":"product_tag-walker-evans-shock-spring","18":"first","19":"instock","20":"taxable","21":"shipping-taxable","22":"purchasable","23":"product-type-simple"},"acf":[],"_links":{"self":[{"href":"https:\/\/whitepowder.se\/en\/wp-json\/wp\/v2\/product\/17027","targetHints":{"allow":["GET"]}}],"collection":[{"href":"https:\/\/whitepowder.se\/en\/wp-json\/wp\/v2\/product"}],"about":[{"href":"https:\/\/whitepowder.se\/en\/wp-json\/wp\/v2\/types\/product"}],"replies":[{"embeddable":true,"href":"https:\/\/whitepowder.se\/en\/wp-json\/wp\/v2\/comments?post=17027"}],"wp:featuredmedia":[{"embeddable":true,"href":"https:\/\/whitepowder.se\/en\/wp-json\/wp\/v2\/media\/16833"}],"wp:attachment":[{"href":"https:\/\/whitepowder.se\/en\/wp-json\/wp\/v2\/media?parent=17027"}],"wp:term":[{"taxonomy":"demonterat-fordon","embeddable":true,"href":"https:\/\/whitepowder.se\/en\/wp-json\/wp\/v2\/demonterat-fordon?post=17027"},{"taxonomy":"fordons-typ","embeddable":true,"href":"https:\/\/whitepowder.se\/en\/wp-json\/wp\/v2\/fordons-typ?post=17027"},{"taxonomy":"make","embeddable":true,"href":"https:\/\/whitepowder.se\/en\/wp-json\/wp\/v2\/make?post=17027"},{"taxonomy":"parts-filter","embeddable":true,"href":"https:\/\/whitepowder.se\/en\/wp-json\/wp\/v2\/parts-filter?post=17027"},{"taxonomy":"prod-typ","embeddable":true,"href":"https:\/\/whitepowder.se\/en\/wp-json\/wp\/v2\/prod-typ?post=17027"},{"taxonomy":"tillverkare","embeddable":true,"href":"https:\/\/whitepowder.se\/en\/wp-json\/wp\/v2\/tillverkare?post=17027"},{"taxonomy":"product_brand","embeddable":true,"href":"https:\/\/whitepowder.se\/en\/wp-json\/wp\/v2\/product_brand?post=17027"},{"taxonomy":"product_cat","embeddable":true,"href":"https:\/\/whitepowder.se\/en\/wp-json\/wp\/v2\/product_cat?post=17027"},{"taxonomy":"product_tag","embeddable":true,"href":"https:\/\/whitepowder.se\/en\/wp-json\/wp\/v2\/product_tag?post=17027"}],"curies":[{"name":"wp","href":"https:\/\/api.w.org\/{rel}","templated":true}]}}