{"id":17938,"date":"2024-11-03T23:15:44","date_gmt":"2024-11-03T22:15:44","guid":{"rendered":"https:\/\/whitepowder.se\/?post_type=product&#038;p=17938"},"modified":"2024-11-03T23:15:45","modified_gmt":"2024-11-03T22:15:45","slug":"polaris-1542405-boggie-skena-rail-121-rh","status":"publish","type":"product","link":"https:\/\/whitepowder.se\/en\/polaris-1542405-boggie-skena-rail-121-rh\/","title":{"rendered":"Polaris 1542405 &#8211; Boggie Skena &#8211; Rail, 121&#8243; Rh"},"content":{"rendered":"<p>Polaris 1542405 &#8211; Boggie Skena &#8211; Rail, 121&#8243; Rh<\/p>\n<p>OBS Partnumbret \u00e4r ett Assembely nummer och anv\u00e4nds fr\u00e4mst som s\u00f6kv\u00e4g och f\u00f6r Fitment, Kolla p\u00e5 bilderna, L\u00e4s text f\u00f6r att se vad som ing\u00e5r. <\/p>\n<p>* Anm\u00e4rkning:  H\u00e5l f\u00f6r inf\u00e4stning ovalt ska vara 11mm \u00e4r 16mm,. mindre skav andra h\u00e5l f\u00f6r inf\u00e4stning,.<\/p>","protected":false},"excerpt":{"rendered":"<p>Polaris 1542405 Sitter Original p\u00e5 :<\/p>\n<p>2008 600 RR\/EURO (S08MX6FS\/FE) &#8211; Suspension, Rail Asm<\/p>\n<p>    2009 600 RR EURO (S09MX6FE) &#8211; Suspension, Rail Asm<\/p>","protected":false},"featured_media":17906,"comment_status":"open","ping_status":"closed","template":"","meta":{"_acf_changed":false},"demonterat-fordon":[],"fordons-typ":[641],"make":[636],"parts-filter":[660],"prod-typ":[715],"tillverkare":[865],"product_brand":[],"product_cat":[124],"product_tag":[],"class_list":{"0":"post-17938","1":"product","2":"type-product","3":"status-publish","4":"has-post-thumbnail","6":"fordons-typ-sno","7":"make-polaris","8":"parts-filter-iq-r-rr","9":"prod-typ-beg","10":"tillverkare-polaris","11":"product_cat-rail","13":"first","14":"instock","15":"purchasable","16":"product-type-simple"},"acf":[],"_links":{"self":[{"href":"https:\/\/whitepowder.se\/en\/wp-json\/wp\/v2\/product\/17938","targetHints":{"allow":["GET"]}}],"collection":[{"href":"https:\/\/whitepowder.se\/en\/wp-json\/wp\/v2\/product"}],"about":[{"href":"https:\/\/whitepowder.se\/en\/wp-json\/wp\/v2\/types\/product"}],"replies":[{"embeddable":true,"href":"https:\/\/whitepowder.se\/en\/wp-json\/wp\/v2\/comments?post=17938"}],"wp:featuredmedia":[{"embeddable":true,"href":"https:\/\/whitepowder.se\/en\/wp-json\/wp\/v2\/media\/17906"}],"wp:attachment":[{"href":"https:\/\/whitepowder.se\/en\/wp-json\/wp\/v2\/media?parent=17938"}],"wp:term":[{"taxonomy":"demonterat-fordon","embeddable":true,"href":"https:\/\/whitepowder.se\/en\/wp-json\/wp\/v2\/demonterat-fordon?post=17938"},{"taxonomy":"fordons-typ","embeddable":true,"href":"https:\/\/whitepowder.se\/en\/wp-json\/wp\/v2\/fordons-typ?post=17938"},{"taxonomy":"make","embeddable":true,"href":"https:\/\/whitepowder.se\/en\/wp-json\/wp\/v2\/make?post=17938"},{"taxonomy":"parts-filter","embeddable":true,"href":"https:\/\/whitepowder.se\/en\/wp-json\/wp\/v2\/parts-filter?post=17938"},{"taxonomy":"prod-typ","embeddable":true,"href":"https:\/\/whitepowder.se\/en\/wp-json\/wp\/v2\/prod-typ?post=17938"},{"taxonomy":"tillverkare","embeddable":true,"href":"https:\/\/whitepowder.se\/en\/wp-json\/wp\/v2\/tillverkare?post=17938"},{"taxonomy":"product_brand","embeddable":true,"href":"https:\/\/whitepowder.se\/en\/wp-json\/wp\/v2\/product_brand?post=17938"},{"taxonomy":"product_cat","embeddable":true,"href":"https:\/\/whitepowder.se\/en\/wp-json\/wp\/v2\/product_cat?post=17938"},{"taxonomy":"product_tag","embeddable":true,"href":"https:\/\/whitepowder.se\/en\/wp-json\/wp\/v2\/product_tag?post=17938"}],"curies":[{"name":"wp","href":"https:\/\/api.w.org\/{rel}","templated":true}]}}