{"id":17950,"date":"2024-11-03T23:38:33","date_gmt":"2024-11-03T22:38:33","guid":{"rendered":"https:\/\/whitepowder.se\/?post_type=product&#038;p=17950"},"modified":"2024-11-03T23:38:35","modified_gmt":"2024-11-03T22:38:35","slug":"polaris-1542763-329-rear-torque-arm-narrow-black-3","status":"publish","type":"product","link":"https:\/\/whitepowder.se\/en\/polaris-1542763-329-rear-torque-arm-narrow-black-3\/","title":{"rendered":"Polaris 1542763-329 &#8211; Rear Torque Arm Narrow, Black"},"content":{"rendered":"<p>Polaris 1542763-329 &#8211; Rear Torque Arm Narrow, Black<\/p>\n<p>* Anm\u00e4rkning:  R\u00f6d m\u00e5lad svart ,. \u00f6vre genomg\u00e5ende r\u00f6r lett skevt beh\u00f6vs riktas,.<\/p>","protected":false},"excerpt":{"rendered":"<p>Polaris 1542763-329 Sitter Original p\u00e5 :<\/p>\n<p>S11CG8\/CH8 800 PRO RMK 155\/163\/ES\/INTL ALL OPTIONS (2011) (S11CG8\/CH8)<\/p>\n<p>                S11CM8GSA\/GSB\/GSL\/GSM\/GEA 800 RMK 155\/ES\/INTL (2011) (S11CM8GSA\/GSB\/GSL\/GSM\/GEA)<\/p>\n<p>                S11CN8GSA\/GSB\/GEA 800 RMK ASSAULT 155\/ INTL (2011) (S11CN8GSA\/GSB\/GEA)<\/p>\n<p>                S12CG6GSA\/GSL\/GEL 600 PRO RMK 155 (2012) (S12CG6GSA\/GSL\/GEL)<\/p>\n<p>                S12CG8\/CH8 800 PRO RMK 155\/163 ALL OPTIONS (2012) (S12CG8\/CH8)<\/p>\n<p>                S12CK6\/CM6 600 RMK 144\/ES\/INTL\/155\/ES ALL OPTIONS (2012) (S12CK6\/CM6)<\/p>\n<p>                S12CM8GSA\/GSL\/GEA 800 RMK 155\/ES\/INTL (2012) (S12CM8GSA\/GSL\/GEA)<\/p>\n<p>                S12CN8\/CY8 800 RMK ASSAULT 155 ALL OPTIONS (2012) (S12CN8\/CY8)<\/p>","protected":false},"featured_media":17764,"comment_status":"open","ping_status":"closed","template":"","meta":{"_acf_changed":false},"demonterat-fordon":[],"fordons-typ":[641],"make":[636],"parts-filter":[659],"prod-typ":[715],"tillverkare":[865],"product_brand":[],"product_cat":[605],"product_tag":[],"class_list":{"0":"post-17950","1":"product","2":"type-product","3":"status-publish","4":"has-post-thumbnail","6":"fordons-typ-sno","7":"make-polaris","8":"parts-filter-pro-ride","9":"prod-typ-beg","10":"tillverkare-polaris","11":"product_cat-rear-torque-arm","13":"first","14":"instock","15":"purchasable","16":"product-type-simple"},"acf":[],"_links":{"self":[{"href":"https:\/\/whitepowder.se\/en\/wp-json\/wp\/v2\/product\/17950","targetHints":{"allow":["GET"]}}],"collection":[{"href":"https:\/\/whitepowder.se\/en\/wp-json\/wp\/v2\/product"}],"about":[{"href":"https:\/\/whitepowder.se\/en\/wp-json\/wp\/v2\/types\/product"}],"replies":[{"embeddable":true,"href":"https:\/\/whitepowder.se\/en\/wp-json\/wp\/v2\/comments?post=17950"}],"wp:featuredmedia":[{"embeddable":true,"href":"https:\/\/whitepowder.se\/en\/wp-json\/wp\/v2\/media\/17764"}],"wp:attachment":[{"href":"https:\/\/whitepowder.se\/en\/wp-json\/wp\/v2\/media?parent=17950"}],"wp:term":[{"taxonomy":"demonterat-fordon","embeddable":true,"href":"https:\/\/whitepowder.se\/en\/wp-json\/wp\/v2\/demonterat-fordon?post=17950"},{"taxonomy":"fordons-typ","embeddable":true,"href":"https:\/\/whitepowder.se\/en\/wp-json\/wp\/v2\/fordons-typ?post=17950"},{"taxonomy":"make","embeddable":true,"href":"https:\/\/whitepowder.se\/en\/wp-json\/wp\/v2\/make?post=17950"},{"taxonomy":"parts-filter","embeddable":true,"href":"https:\/\/whitepowder.se\/en\/wp-json\/wp\/v2\/parts-filter?post=17950"},{"taxonomy":"prod-typ","embeddable":true,"href":"https:\/\/whitepowder.se\/en\/wp-json\/wp\/v2\/prod-typ?post=17950"},{"taxonomy":"tillverkare","embeddable":true,"href":"https:\/\/whitepowder.se\/en\/wp-json\/wp\/v2\/tillverkare?post=17950"},{"taxonomy":"product_brand","embeddable":true,"href":"https:\/\/whitepowder.se\/en\/wp-json\/wp\/v2\/product_brand?post=17950"},{"taxonomy":"product_cat","embeddable":true,"href":"https:\/\/whitepowder.se\/en\/wp-json\/wp\/v2\/product_cat?post=17950"},{"taxonomy":"product_tag","embeddable":true,"href":"https:\/\/whitepowder.se\/en\/wp-json\/wp\/v2\/product_tag?post=17950"}],"curies":[{"name":"wp","href":"https:\/\/api.w.org\/{rel}","templated":true}]}}