{"id":17963,"date":"2024-11-03T23:38:12","date_gmt":"2024-11-03T22:38:12","guid":{"rendered":"https:\/\/whitepowder.se\/?post_type=product&#038;p=17963"},"modified":"2025-10-05T00:00:41","modified_gmt":"2025-10-04T22:00:41","slug":"polaris-1542906-329-arm-rear-pivot-black","status":"publish","type":"product","link":"https:\/\/whitepowder.se\/en\/polaris-1542906-329-arm-rear-pivot-black\/","title":{"rendered":"Polaris 1542906-329 &#8211; Arm, Rear Pivot, Black"},"content":{"rendered":"<p>Polaris 1542906-329 &#8211; Arm, Rear Pivot, Black<\/p>\n<p>* Anm\u00e4rkning:  L\u00e4ngsg\u00e5ende stag spricka gods,.<\/p>","protected":false},"excerpt":{"rendered":"<p>Polaris 1542906-329 Sitter Original p\u00e5 :<\/p>\n<p>2011 800 PRO RMK 155\/163\/ES\/INTL ALL OPTIONS (S11CG8\/CH8) &#8211; Suspension, Rear All Options<\/p>\n<p>    2011 800 RMK 155\/ES\/INTL (S11CM8GSA\/GSB\/GSL\/GSM\/GEA) &#8211; Suspension, Rear<\/p>\n<p>    2011 800 RMK ASSAULT 155\/ INTL (S11CN8GSA\/GSB\/GEA) &#8211; Suspension, Rear<\/p>\n<p>    2012 600 PRO RMK 155 (S12CG6GSA\/GSL\/GEL) &#8211; Suspension, Rear<\/p>\n<p>    2012 600 RMK 144\/ES\/INTL\/155\/ES ALL OPTIONS (S12CK6\/CM6) &#8211; Suspension, Rear S12cm6 All Options (49Snowsusprr11800rmk)<\/p>\n<p>    2012 800 PRO RMK 155\/163 ALL OPTIONS (S12CG8\/CH8) &#8211; Suspension, Rear All Options<\/p>\n<p>    2012 800 RMK 155\/ES\/INTL (S12CM8GSA\/GSL\/GEA) &#8211; Suspension, Rear<\/p>\n<p>    2012 800 RMK ASSAULT 155 ALL OPTIONS (S12CN8\/CY8) &#8211; Suspension, Rear All Options<\/p>\n<p>    2013 600 PRO RMK 155 (S13CG6GSA\/GSL\/GEA) &#8211; Suspension, Rear<\/p>\n<p>    2013 600 RMK 144\/155 ALL OPTIONS (S13CK6\/CM6) &#8211; Suspension, Rear S13cm6 All Options (49Snowsusprr13155rmk)<\/p>\n<p>    2013 800 PRO RMK 155\/163 ALL OPTIONS (S13CG8\/CH8) &#8211; Suspension, Rear All Options<\/p>\n<p>    2013 800 RMK 155\/ES\/INTL (S13CM8GSA\/GSL\/GEA) &#8211; Suspension, Rear<\/p>\n<p>    2013 800 RMK ASSAULT ALL OPTIONS (S13CN8\/CY8) &#8211; Suspension, Rear All Options<\/p>\n<p>    2014 550 INDY 144\/ES (S14CR5BSA\/BSL) &#8211; Suspension, Rear &amp; Track<\/p>\n<p>    2014 550 INDY ADVENTURE\/INTL (S14CE5BSL\/BEL) &#8211; Suspension, Rear &amp; Track<\/p>\n<p>    2014 550 INDY LXT (S14CT5BEL\/BSM\/BSL) &#8211; Suspension, Rear &amp; Track<\/p>\n<p>    2014 550 INDY VOYAGER\/INTL (S14CS5BSL\/BEL) &#8211; Suspension, Rear &amp; Track<\/p>\n<p>    2014 600 PRO RMK 155 (S14CG6GSA\/GSL\/GEA) &#8211; Suspension, Rear<\/p>\n<p>    2014 600 RMK 144\/155 ALL OPTIONS (S14CK6\/CM6) &#8211; Suspension, Rear S14cm6 All Options (49Snowsusprr13155rmk)<\/p>\n<p>    2014 800 PRO RMK\/LE 155\/163 ALL OPTIONS (S14CG8\/CH8) &#8211; Suspension, Rear All Options<\/p>\n<p>    2014 800 RMK 155 (S14CM8GSA\/GSL\/GEA) &#8211; Suspension, Rear<\/p>\n<p>    2014 800 RMK ASSAULT ALL OPTIONS (S14CN8\/CY8) &#8211; Suspension, Rear All Options<\/p>\n<p>    2015 550 INDY 144\/ES (S15CR5BSA\/BSL) &#8211; Suspension, Rear &amp; Track<\/p>\n<p>    2015 550 INDY ADVENTURE 144\/INTL (S15CE5BSL\/BEL) &#8211; Suspension, Rear &amp; Track<\/p>\n<p>    2015 550 INDY ADVENTURE\/INTL155 (S15CJ5BSL\/BEL) &#8211; Suspension, Rear &amp; Track<\/p>\n<p>    2015 550 INDY LXT (S15CT5BEL\/BSL\/BSM) &#8211; Suspension, Rear &amp; Track<\/p>\n<p>    2015 550 INDY VOYAGEUR\/INTL (S15CS5BSL\/BEL) &#8211; Suspension, Rear &amp; Track<\/p>\n<p>    2015 550 INDY VOYAGEUR\/INTL 155 (S15CU5BSL\/BEL) &#8211; Suspension, Rear &amp; Track<\/p>\n<p>    2015 600 PRO RMK\/LE 155 ALL OPTIONS (S15CG6) &#8211; Suspension, Rear All Options<\/p>\n<p>    2015 600 RMK 144\/155 ALL OPTIONS (S15CC6\/CK6\/CM6) &#8211; Suspension, Rear S15cm6 All Options (49Snowsusprr13155rmk)<\/p>\n<p>    2015 600 RMK 144\/155 ALL OPTIONS (S15CC6\/CK6\/CM6) &#8211; Suspension, Rear S15cc6 All Options (49Snowsusprr13prmk)<\/p>\n<p>    2015 800 PRO RMK\/LE 155\/163 ALL OPTIONS (S15CG8\/CH8) &#8211; Suspension, Rear All Options<\/p>\n<p>    2015 800 RMK 155\/163 ALL OPTIONS (S15CC8\/CD8\/CM8) &#8211; Suspension, Rear S15cm8 All Options<\/p>\n<p>    2015 800 RMK 155\/163 ALL OPTIONS (S15CC8\/CD8\/CM8) &#8211; Suspension, Rear, Le S15cc8\/Cd8 All Options<\/p>\n<p>    2015 800 RMK ASSAULT 155 ALL OPTIONS (S15CN8\/CY8) &#8211; Suspension, Rear &amp; Track All Options<\/p>\n<p>    2016 550 INDY 144\/ES (S16CR5BSA\/BSL) &#8211; Suspension, Rear &amp; Track<\/p>\n<p>    2016 550 INDY ADVENTURE 144 (S16CE5BSL) &#8211; Suspension, Rear &amp; Track<\/p>\n<p>    2016 550 INDY ADVENTURE 155\/INTL (S16CJ5BSL\/BEL) &#8211; Suspension, Rear &amp; Track<\/p>\n<p>    2016 550 INDY VOYAGEUR\/ INTL 155 (S16CU5BSL\/BEL) &#8211; Suspension, Rear &amp; Track<\/p>\n<p>    2016 550 INDY VOYAGEUR\/INTL 144 (S16CS5BSL\/BEL) &#8211; Suspension, Rear &amp; Track<\/p>\n<p>    2016 550 LXT ALL OPTIONS (S16CT5) &#8211; Suspension, Rear &amp; Track All Options<\/p>\n<p>    2016 600 AXYS PRO RMK 155 ALL OPTIONS (S16EG6) &#8211; Suspension, Rear All Options<\/p>\n<p>    2016 600 RMK 144\/155 ALL OPTIONS (S16CK6\/CM6) &#8211; Suspension, Rear S16cm6 All Options (49Snowsusprr13155rmk)<\/p>\n<p>    2016 800 AXYS PRO RMK\/LE 155 ALL OPTIONS (S16EC8\/EG8) &#8211; Suspension, Rear All Options<\/p>\n<p>    2016 800 AXYS PRO RMK\/LE 163 ALL OPTIONS (S16ED8\/EH8) &#8211; Suspension, Rear All Options<\/p>\n<p>    2016 800 AXYS SKS 155 ALL OPTIONS (S16EL8PE\/PS\/PSL) &#8211; Suspension, Rear All Options<\/p>\n<p>    2016 800 RMK 155 ALL OPTIONS (S16CM8) &#8211; Suspension, Rear All Options<\/p>\n<p>    2016 800 RMK ASSAULT 155 ALL OPTIONS (S16EN8\/EY8) &#8211; Suspension, Rear All Options<\/p>\n<p>    2017 550 ADVENTURE 155\/INTL (S17CFE5BSL\/BEL) &#8211; Suspension, Rear &amp; Track<\/p>\n<p>    2017 550 INDY ADVENTURE 144 (S17CEE5BSL) &#8211; Suspension, Rear &amp; Track<\/p>\n<p>    2017 550 INDY LXT ALL OPTIONS (S17CED5) &#8211; Suspension, Rear &amp; Track All Options<\/p>\n<p>    2017 550 INDY\/ES 144 (S17CEA5BSA\/BSL) &#8211; Suspension, Rear &amp; Track<\/p>\n<p>    2017 550 VOYAGEUR 144 (S17CEF5BSL) &#8211; Suspension, Rear &amp; Track<\/p>\n<p>    2017 550 VOYAGEUR 155\/INTL (S17CFF5BSL\/BEL) &#8211; Suspension, Rear &amp; Track<\/p>\n<p>    2017 600 AXYS PRO RMK 155 ALL OPTIONS (S17EFK6) &#8211; Suspension, Rear All Options<\/p>\n<p>    2017 600 RMK\/ES 144 (S17EEG6PSA\/PSL) &#8211; Suspension, Rear<\/p>\n<p>    2017 600 SWITCHBACK ASSAULT 144 ALL OPTIONS (S17EEC6) &#8211; Suspension, Rear All Options<\/p>\n<p>    2017 600 SWITCHBACK SP ALL OPTIONS (S17EER6) &#8211; Suspension, Rear All Options<\/p>\n<p>    2017 600 VOYAGEUR\/INTL 144 (S17EEF6PSL\/PEL) &#8211; Suspension, Rear<\/p>\n<p>    2017 800 AXYS PRO RMK 163 ALL OPTIONS (S17EGK8\/EGM8\/EGP8) &#8211; Suspension, Rear All Options<\/p>\n<p>    2017 800 AXYS PRO RMK 174 ALL OPTIONS (S17EHP8P) &#8211; Suspension, Rear All Options<\/p>\n<p>    2017 800 AXYS PRO RMK\/LE 155 ALL OPTIONS (S17EFK8\/EFM8\/EFP8) &#8211; Suspension, Rear All Options<\/p>\n<p>    2017 800 AXYS RMK ASSAULT 155 ALL OPTIONS (S17EFN8\/EFT8) &#8211; Suspension, Rear All Options<\/p>\n<p>    2017 800 AXYS SKS 155 ALL OPTIONS (S17EFS8) &#8211; Suspension, Rear All Options<\/p>\n<p>    2017 800 SWITCHBACK ASSAULT 144 ALL OPTIONS (S17EEC8) &#8211; Suspension, Rear All Options<\/p>\n<p>    2018 550 INDY 144\/ES (S18CEA5BSA\/BSL) &#8211; Suspension, Rear &amp; Track<\/p>\n<p>    2018 550 INDY ADVENTURE 144 ES (S18CEE5BSL) &#8211; Suspension, Rear &amp; Track<\/p>\n<p>    2018 550 INDY ADVENTURE 155 ES\/INTL (S18CFE5BSL\/BEL) &#8211; Suspension, Rear &amp; Track<\/p>\n<p>    2018 550 INDY LXT ALL OPTIONS (S18CED5) &#8211; Suspension, Rear &amp; Track All Options<\/p>\n<p>    2018 550 VOYAGEUR 144 ES (S18CEF5BSL) &#8211; Suspension, Rear &amp; Track<\/p>\n<p>    2018 550 VOYAGEUR 155\/INTL (S18CFF5BSL\/BEL) &#8211; Suspension, Rear &amp; Track<\/p>\n<p>    2018 600 AXYS PRO RMK 155\/INTL SC (S18EFK6PSL\/PSA\/PEB) &#8211; Suspension, Rear<\/p>\n<p>    2018 600 RMK\/ES 144 (S18EEG6PSA\/PSL) &#8211; Suspension, Rear<\/p>\n<p>    2018 600 SWITCHBACK ASSAULT 144 ALL OPTIONS (S18EEC6P) &#8211; Suspension, Rear S18eec6 All Options<\/p>\n<p>    2018 600 SWITCHBACK SP 144 (S18EER6PSA\/PSL\/PEL) &#8211; Suspension, Rear<\/p>\n<p>    2018 600 VOYAGEUR 144 ES\/INTL (S18EEF6PSL\/PEL) &#8211; Suspension, Rear<\/p>\n<p>    2018 800 AXYS PRO RMK 155 ALL OPTIONS (S18EFK8P\/EFM8P) &#8211; Suspension, Rear All Options<\/p>\n<p>    2018 800 AXYS PRO RMK 163 ALL OPTIONS (S18EGK8P\/EGM8P) &#8211; Suspension, Rear All Options<\/p>\n<p>    2018 800 AXYS PRO RMK 174, 3&#8243; ALL OPTIONS (S18EHM8PS\/PEB) &#8211; Suspension, Rear All Options<\/p>\n<p>    2018 800 AXYS RMK ASSAULT 155 ALL OPTIONS (S18EFT8P) &#8211; Suspension, Rear All Options<\/p>\n<p>    2018 800 AXYS SKS 146 ALL OPTIONS (S18ELS8P) &#8211; Suspension, Rear S18els8 All Options<\/p>\n<p>    2018 800 AXYS SKS 155 ALL OPTIONS (S18EFS8P) &#8211; Suspension, Rear All Options<\/p>\n<p>    2018 800 SWITCHBACK ASSAULT 144 ALL OPTIONS (S18EEC8P) &#8211; Suspension, Rear All Options<\/p>\n<p>    2019 550 ADVENTURE 155 ES\/INTL (S19CFE5BSL\/BEL) &#8211; Suspension, Rear &amp; Track<\/p>\n<p>    2019 550 INDY 144 ES (S19CEA5BSL) &#8211; Suspension, Rear &amp; Track<\/p>\n<p>    2019 550 INDY ADVENTURE 144 ES (S19CEE5BSL) &#8211; Suspension, Rear &amp; Track<\/p>\n<p>    2019 550 INDY LXT ES ALL OPTIONS (S19CED5B) &#8211; Suspension, Rear &amp; Track All Options<\/p>\n<p>    2019 550 VOYAGEUR 144 ES (S19CEF5BSL) &#8211; Suspension, Rear &amp; Track<\/p>\n<p>    2019 550 VOYAGEUR 155 ES\/INTL (S19CFF5BSL\/BEL) &#8211; Suspension, Rear &amp; Track<\/p>\n<p>    2019 600 AXYS PRO RMK 155\/ES\/INTL (S19EFK6PSA\/PSL\/PEB) &#8211; Suspension, Rear<\/p>\n<p>    2019 600 RMK 144\/ES (S19EEG6PSA\/PSL) &#8211; Suspension, Rear<\/p>\n<p>    2019 600 SWITCHBACK ASSAULT 144\/INTL SC SELECT ALL OPTIONS (S19EEC6PS\/PER) &#8211; Suspension, Rear All Options<\/p>\n<p>    2019 600 SWITCHBACK SP 144 ES\/INTL (S19EER6PSL\/PEL) &#8211; Suspension, Rear<\/p>\n<p>    2019 600 VOYAGEUR 144 ES\/INTL (S19EEF6PSL\/PEL) &#8211; Suspension, Rear<\/p>\n<p>    2019 800 AXYS PRO-RMK 155\/INTL SC SELECT\/3&#8243;SC SELECT (S19EFK8PS\/PEB\/EFM8PS) &#8211; Suspension, Rear S19efk8ps\/Peb All Options<\/p>\n<p>    2019 800 AXYS PRO-RMK 163 SC SEL.\/3&#8243; SC SELECT (S19EGK8PS\/EGM8PS) &#8211; Suspension, Rear S19egk8ps\/Peb All Options<\/p>\n<p>    2019 800 AXYS PRO-RMK 174 3&#8243; SC SELECT (S19EHM8PS) &#8211; Suspension, Rear All Options<\/p>\n<p>    2019 800 AXYS SKS 146\/INTL ALL OPTIONS (S19ELS8PS\/PEB) &#8211; Suspension, Rear All Options<\/p>\n<p>    2019 800 AXYS SKS 155 SC SELECT ALL OPTIONS (S19EFS8PS) &#8211; Suspension, Rear S19efs8p All Options<\/p>\n<p>    2019 800 RMK ASSAULT 155\/INTL SC SELECT (S19EFT8PS\/PEB) &#8211; Suspension, Rear All Options<\/p>\n<p>    2019 800 SWITCHBACK ASSAULT 144\/INTL SC SELECT ALL OPTIONS (S19EEC8PS\/PEB) &#8211; Suspension, Rear All Options<\/p>\n<p>    2019 850 AXYS PRO-RMK 163\/INTL SC SELECT (S19EGK8R\/EGM8R) &#8211; Suspension, Rear All Options<\/p>\n<p>    2019 850 AXYS PRO-RMK\/INTL 174 3&#8243; SC SELECT (S19EHM8R) &#8211; Suspension, Rear All Options<\/p>\n<p>    2019 850 AXYS SKS 155 SC SELECT\/INTL (S19EFS8R) &#8211; Suspension, Rear All Options<\/p>\n<p>    2019 850 PRO-RMK 155\/INTL SC SELECT (S19EFK8R\/EFM8R) &#8211; Suspension, Rear All Options<\/p>\n<p>    2019 850 SKS 146 ALL OPTIONS (S19ELS8R) &#8211; Suspension, Rear All Options<\/p>\n<p>    2019 850 SWITCHBACK ASSAULT\/INTL SC SELECT (S19EEC8RS\/REM) &#8211; Suspension, Rear All Options<\/p>\n<p>    2020 800 AXYS PRO RMK 174 3&#8243; SC SELECT (S20EHM8PS) &#8211; Suspension, Rear All Options<\/p>\n<p>    2020 800 SKS 146 SC SELECT ALL OPTIONS (S20ELS8PS) &#8211; Suspension, Rear All Options<\/p>\n<p>    2020 850 AXYS PRO RMK 174 3&#8243; SC SELECT (S20EHM8RS) &#8211; Suspension, Rear All Options<\/p>\n<p>    2020 850 SKS 146\/INTL SC SELECT ALL OPTIONS (S20ELS8RS\/8RE) &#8211; Suspension, Rear All Options<\/p>\n<p>    2021 850 AXYS PRO-RMK 174&#8243; ALL OPTIONS (S21EHK8RC) &#8211; Suspension, Rear All Options<\/p>\n<p>    2021 850 SKS 146\/INTL ALL OPTIONS (S21ELS8RS\/8RE) &#8211; Suspension, Rear All Options<\/p>","protected":false},"featured_media":17729,"comment_status":"open","ping_status":"closed","template":"","meta":{"_acf_changed":false},"demonterat-fordon":[],"fordons-typ":[641],"make":[636],"parts-filter":[658,659],"prod-typ":[715],"tillverkare":[865],"product_brand":[],"product_cat":[605],"product_tag":[],"class_list":{"0":"post-17963","1":"product","2":"type-product","3":"status-publish","4":"has-post-thumbnail","6":"fordons-typ-sno","7":"make-polaris","8":"parts-filter-axys","9":"parts-filter-pro-ride","10":"prod-typ-beg","11":"tillverkare-polaris","12":"product_cat-rear-torque-arm","14":"first","15":"outofstock","16":"purchasable","17":"product-type-simple"},"acf":[],"_links":{"self":[{"href":"https:\/\/whitepowder.se\/en\/wp-json\/wp\/v2\/product\/17963","targetHints":{"allow":["GET"]}}],"collection":[{"href":"https:\/\/whitepowder.se\/en\/wp-json\/wp\/v2\/product"}],"about":[{"href":"https:\/\/whitepowder.se\/en\/wp-json\/wp\/v2\/types\/product"}],"replies":[{"embeddable":true,"href":"https:\/\/whitepowder.se\/en\/wp-json\/wp\/v2\/comments?post=17963"}],"wp:featuredmedia":[{"embeddable":true,"href":"https:\/\/whitepowder.se\/en\/wp-json\/wp\/v2\/media\/17729"}],"wp:attachment":[{"href":"https:\/\/whitepowder.se\/en\/wp-json\/wp\/v2\/media?parent=17963"}],"wp:term":[{"taxonomy":"demonterat-fordon","embeddable":true,"href":"https:\/\/whitepowder.se\/en\/wp-json\/wp\/v2\/demonterat-fordon?post=17963"},{"taxonomy":"fordons-typ","embeddable":true,"href":"https:\/\/whitepowder.se\/en\/wp-json\/wp\/v2\/fordons-typ?post=17963"},{"taxonomy":"make","embeddable":true,"href":"https:\/\/whitepowder.se\/en\/wp-json\/wp\/v2\/make?post=17963"},{"taxonomy":"parts-filter","embeddable":true,"href":"https:\/\/whitepowder.se\/en\/wp-json\/wp\/v2\/parts-filter?post=17963"},{"taxonomy":"prod-typ","embeddable":true,"href":"https:\/\/whitepowder.se\/en\/wp-json\/wp\/v2\/prod-typ?post=17963"},{"taxonomy":"tillverkare","embeddable":true,"href":"https:\/\/whitepowder.se\/en\/wp-json\/wp\/v2\/tillverkare?post=17963"},{"taxonomy":"product_brand","embeddable":true,"href":"https:\/\/whitepowder.se\/en\/wp-json\/wp\/v2\/product_brand?post=17963"},{"taxonomy":"product_cat","embeddable":true,"href":"https:\/\/whitepowder.se\/en\/wp-json\/wp\/v2\/product_cat?post=17963"},{"taxonomy":"product_tag","embeddable":true,"href":"https:\/\/whitepowder.se\/en\/wp-json\/wp\/v2\/product_tag?post=17963"}],"curies":[{"name":"wp","href":"https:\/\/api.w.org\/{rel}","templated":true}]}}