{"id":17973,"date":"2024-11-03T23:16:05","date_gmt":"2024-11-03T22:16:05","guid":{"rendered":"https:\/\/whitepowder.se\/?post_type=product&#038;p=17973"},"modified":"2024-12-21T16:43:36","modified_gmt":"2024-12-21T15:43:36","slug":"polaris-1543364-boggie-skena-rail-race-128-rh","status":"publish","type":"product","link":"https:\/\/whitepowder.se\/en\/polaris-1543364-boggie-skena-rail-race-128-rh\/","title":{"rendered":"Polaris 1543364 &#8211; Boggie Skena &#8211; Rail, Race, 128&#8243; Rh"},"content":{"rendered":"<p>Polaris 1543364 &#8211; Boggie Skena &#8211; Rail, Race, 128&#8243; Rh<\/p>\n<p>OBS Partnumbret \u00e4r ett Assembely nummer och anv\u00e4nds fr\u00e4mst som s\u00f6kv\u00e4g och f\u00f6r Fitment, Kolla p\u00e5 bilderna, L\u00e4s text f\u00f6r att se vad som ing\u00e5r. <\/p>\n<p>* Anm\u00e4rkning:  Skev fr\u00e5n smala delen och bak\u00e5t  enklare riktning kan beh\u00f6vas.<br \/>\nh\u00e5rfin spricka ovansidan smala delen,.<\/p>","protected":false},"excerpt":{"rendered":"<p>Polaris 1543364 Sitter Original p\u00e5 :<\/p>\n<p>2014 600 IQ RACER\/INTL (S14MX6JSA\/JEA) &#8211; Suspension, Rail Mounting<\/p>\n<p>    2015 600 IQ RACER\/INTL (S15MX6JSA\/JEA) &#8211; Suspension, Rail Mounting<\/p>\n<p>    2016 600 IQ RACER\/INTL (S16MX6JSA\/JEA) &#8211; Suspension, Rail Mounting<\/p>\n<p>    2017 600 RACER\/INTL (S17MBX6JSA\/JEA) &#8211; Suspension, Rail Mounting<\/p>\n<p>    2018 600 RACER\/INTL (S18MBX6JSA\/JEA) &#8211; Suspension, Rail Mounting<\/p>","protected":false},"featured_media":17876,"comment_status":"open","ping_status":"closed","template":"","meta":{"_acf_changed":false},"demonterat-fordon":[],"fordons-typ":[641],"make":[636],"parts-filter":[660],"prod-typ":[715],"tillverkare":[865],"product_brand":[],"product_cat":[124],"product_tag":[],"class_list":{"0":"post-17973","1":"product","2":"type-product","3":"status-publish","4":"has-post-thumbnail","6":"fordons-typ-sno","7":"make-polaris","8":"parts-filter-iq-r-rr","9":"prod-typ-beg","10":"tillverkare-polaris","11":"product_cat-rail","12":"product_shipping_class-langgods","14":"first","15":"instock","16":"purchasable","17":"product-type-simple"},"acf":[],"_links":{"self":[{"href":"https:\/\/whitepowder.se\/en\/wp-json\/wp\/v2\/product\/17973","targetHints":{"allow":["GET"]}}],"collection":[{"href":"https:\/\/whitepowder.se\/en\/wp-json\/wp\/v2\/product"}],"about":[{"href":"https:\/\/whitepowder.se\/en\/wp-json\/wp\/v2\/types\/product"}],"replies":[{"embeddable":true,"href":"https:\/\/whitepowder.se\/en\/wp-json\/wp\/v2\/comments?post=17973"}],"wp:featuredmedia":[{"embeddable":true,"href":"https:\/\/whitepowder.se\/en\/wp-json\/wp\/v2\/media\/17876"}],"wp:attachment":[{"href":"https:\/\/whitepowder.se\/en\/wp-json\/wp\/v2\/media?parent=17973"}],"wp:term":[{"taxonomy":"demonterat-fordon","embeddable":true,"href":"https:\/\/whitepowder.se\/en\/wp-json\/wp\/v2\/demonterat-fordon?post=17973"},{"taxonomy":"fordons-typ","embeddable":true,"href":"https:\/\/whitepowder.se\/en\/wp-json\/wp\/v2\/fordons-typ?post=17973"},{"taxonomy":"make","embeddable":true,"href":"https:\/\/whitepowder.se\/en\/wp-json\/wp\/v2\/make?post=17973"},{"taxonomy":"parts-filter","embeddable":true,"href":"https:\/\/whitepowder.se\/en\/wp-json\/wp\/v2\/parts-filter?post=17973"},{"taxonomy":"prod-typ","embeddable":true,"href":"https:\/\/whitepowder.se\/en\/wp-json\/wp\/v2\/prod-typ?post=17973"},{"taxonomy":"tillverkare","embeddable":true,"href":"https:\/\/whitepowder.se\/en\/wp-json\/wp\/v2\/tillverkare?post=17973"},{"taxonomy":"product_brand","embeddable":true,"href":"https:\/\/whitepowder.se\/en\/wp-json\/wp\/v2\/product_brand?post=17973"},{"taxonomy":"product_cat","embeddable":true,"href":"https:\/\/whitepowder.se\/en\/wp-json\/wp\/v2\/product_cat?post=17973"},{"taxonomy":"product_tag","embeddable":true,"href":"https:\/\/whitepowder.se\/en\/wp-json\/wp\/v2\/product_tag?post=17973"}],"curies":[{"name":"wp","href":"https:\/\/api.w.org\/{rel}","templated":true}]}}