{"id":17974,"date":"2024-11-03T23:35:59","date_gmt":"2024-11-03T22:35:59","guid":{"rendered":"https:\/\/whitepowder.se\/?post_type=product&#038;p=17974"},"modified":"2026-03-17T15:20:07","modified_gmt":"2026-03-17T14:20:07","slug":"polaris-1543396-329-arm-torque-rear-narrow-black","status":"publish","type":"product","link":"https:\/\/whitepowder.se\/en\/polaris-1543396-329-arm-torque-rear-narrow-black\/","title":{"rendered":"Polaris 1543396-329 &#8211; Arm, Torque, Rear, Narrow, Black"},"content":{"rendered":"<p>Polaris 1543396-329 &#8211; Arm, Torque, Rear, Narrow, Black<\/p>\n<p>* Anm\u00e4rkning:  \u00d6vre tv\u00e4rg\u00e5ende r\u00f6r mindre skevhet i l\u00e4ngs g\u00e5ende riktning yttre del , enkel riktning ,<\/p>","protected":false},"excerpt":{"rendered":"<p>Polaris 1543396-329 Sitter Original p\u00e5 :<\/p>\n<p>2016 800 AXYS PRO RMK\/LE 155 ALL OPTIONS (S16EC8\/EG8) &#8211; Suspension, Torque Arm, Rear All Options<\/p>\n<p>    2016 800 AXYS PRO RMK\/LE 163 ALL OPTIONS (S16ED8\/EH8) &#8211; Suspension, Torque Arm, Rear All Options<\/p>\n<p>    2016 800 AXYS SKS 155 ALL OPTIONS (S16EL8PE\/PS\/PSL) &#8211; Suspension, Torque Arm, Rear All Options<\/p>\n<p>    2016 800 RMK ASSAULT 155 ALL OPTIONS (S16EN8\/EY8) &#8211; Suspension, Torque Arm, Rear All Options<\/p>\n<p>    2017 600 AXYS PRO RMK 155 ALL OPTIONS (S17EFK6) &#8211; Suspension, Torque Arm, Rear All Options<\/p>\n<p>    2017 800 AXYS PRO RMK 163 ALL OPTIONS (S17EGK8\/EGM8\/EGP8) &#8211; Suspension, Torque Arm, Rear All Options<\/p>\n<p>    2017 800 AXYS PRO RMK 174 ALL OPTIONS (S17EHP8P) &#8211; Suspension, Torque Arm, Rear All Options<\/p>\n<p>    2017 800 AXYS PRO RMK\/LE 155 ALL OPTIONS (S17EFK8\/EFM8\/EFP8) &#8211; Suspension, Torque Arm, Rear All Options<\/p>\n<p>    2017 800 AXYS RMK ASSAULT 155 ALL OPTIONS (S17EFN8\/EFT8) &#8211; Suspension, Torque Arm, Rear All Options<\/p>\n<p>    2017 800 AXYS SKS 155 ALL OPTIONS (S17EFS8) &#8211; Suspension, Torque Arm, Rear All Options<\/p>\n<p>    2018 600 AXYS PRO RMK 155\/INTL SC (S18EFK6PSL\/PSA\/PEB) &#8211; Suspension, Torque Arm, Rear S18efk6sl\/Psa\/Peb<\/p>\n<p>    2018 800 AXYS PRO RMK 155 ALL OPTIONS (S18EFK8P\/EFM8P) &#8211; Suspension, Torque Arm, Rear All Options<\/p>\n<p>    2018 800 AXYS PRO RMK 163 ALL OPTIONS (S18EGK8P\/EGM8P) &#8211; Suspension, Torque Arm, Rear All Options<\/p>\n<p>    2018 800 AXYS PRO RMK 174, 3&#8243; ALL OPTIONS (S18EHM8PS\/PEB) &#8211; Suspension, Torque Arm, Rear All Options<\/p>\n<p>    2018 800 AXYS RMK ASSAULT 155 ALL OPTIONS (S18EFT8P) &#8211; Suspension, Torque Arm, Rear All Options<\/p>\n<p>    2018 800 AXYS SKS 155 ALL OPTIONS (S18EFS8P) &#8211; Suspension, Torque Arm, Rear All Options<\/p>\n<p>    2019 600 AXYS PRO RMK 155\/ES\/INTL (S19EFK6PSA\/PSL\/PEB) &#8211; Suspension, Torque Arm, Rear<\/p>\n<p>    2019 800 AXYS PRO-RMK 155\/INTL SC SELECT\/3&#8243;SC SELECT (S19EFK8PS\/PEB\/EFM8PS) &#8211; Suspension, Torque Arm, Rear S19efk8ps\/Peb All Options<\/p>\n<p>    2019 800 AXYS PRO-RMK 163 SC SEL.\/3&#8243; SC SELECT (S19EGK8PS\/EGM8PS) &#8211; Suspension, Torque Arm, Rear S19egk8ps All Options<\/p>\n<p>    2019 800 AXYS PRO-RMK 174 3&#8243; SC SELECT (S19EHM8PS) &#8211; Suspension, Torque Arm, Rear All Options<\/p>\n<p>    2019 800 AXYS SKS 155 SC SELECT ALL OPTIONS (S19EFS8PS) &#8211; Suspension, Torque Arm, Rear All Options<\/p>\n<p>    2019 800 RMK ASSAULT 155\/INTL SC SELECT (S19EFT8PS\/PEB) &#8211; Suspension, Torque Arm, Rear All Options<\/p>\n<p>    2019 850 AXYS PRO-RMK 163\/INTL SC SELECT (S19EGK8R\/EGM8R) &#8211; Suspension, Torque Arm, Rear All Options<\/p>\n<p>    2019 850 AXYS PRO-RMK\/INTL 174 3&#8243; SC SELECT (S19EHM8R) &#8211; Suspension, Torque Arm, Rear All Options<\/p>\n<p>    2019 850 AXYS SKS 155 SC SELECT\/INTL (S19EFS8R) &#8211; Suspension, Torque Arm, Rear All Options<\/p>\n<p>    2019 850 PRO-RMK 155\/INTL SC SELECT (S19EFK8R\/EFM8R) &#8211; Suspension, Torque Arm, Rear S18efk8r\/Efm8r All Options<\/p>\n<p>    2020 600 AXYS PRO RMK 155\/INTL SC SELECT ALL OPTIONS (S20EFK6PS\/6PEB) &#8211; Suspension, Torque Arm, Rear All Options<\/p>\n<p>    2020 800 AXYS PRO RMK 174 3&#8243; SC SELECT (S20EHM8PS) &#8211; Suspension, Torque Arm, Rear All Options<\/p>\n<p>    2020 800 AXYS PRO-RMK 155\/155 3&#8243; SC SELECT (S20EFK8PS\/EFM8PS) &#8211; Suspension, Torque Arm, Rear All Options<\/p>\n<p>    2020 800 AXYS PRO-RMK 163\/163 3&#8243; SC SELECT (S20EGK8PS\/EGM8PS) &#8211; Suspension, Torque Arm, Rear All Options<\/p>\n<p>    2020 800 AXYS SKS 155 SC SELECT ALL OPTIONS (S20EFS8PS) &#8211; Suspension, Torque Arm, Rear All Options<\/p>\n<p>    2020 800 RMK KHAOS 155\/155 3&#8243; SC SELECT (S20EFT8PS\/EFN8PS) &#8211; Suspension, Torque Arm, Rear All Options<\/p>\n<p>    2020 850 AXYS PRO RMK 174 3&#8243; SC SELECT (S20EHM8RS) &#8211; Suspension, Torque Arm, Rear All Options<\/p>\n<p>    2020 850 AXYS PRO-RMK 155\/155 3&#8243;\/INTL (S20EFK8RS\/EFK8RE\/EFM8RS\/EFM8RE) &#8211; Suspension, Torque Arm, Rear All Options<\/p>\n<p>    2020 850 AXYS PRO-RMK 163\/163 3&#8243;\/INTL SC SELECT (S20EGK8RS\/EGM8RS\/EGM8RE) &#8211; Suspension, Torque Arm, Rear All Options<\/p>\n<p>    2020 850 AXYS SKS 155\/INTL SC SELECT (S20EFS8RS\/8RE) &#8211; Suspension, Torque Arm, Rear All Options<\/p>\n<p>    2020 850 RMK KHAOS 155\/155 3&#8243;\/INTL SC SELECT (S20EFT8R\/EFN8R) &#8211; Suspension, Torque Arm, Rear All Options<\/p>\n<p>    2021 600 AXYS PRO RMK 155\/INTL ALL OPTIONS (S21EFK6PS\/6PE) &#8211; Suspension, Torque Arm, Rear All Options<\/p>\n<p>    2021 850 AXYS PRO-RMK 155\/155 3&#8243;\/INTL (S21EFK8R\/EFM8R) &#8211; Suspension, Torque Arm, Rear All Options<\/p>\n<p>    2021 850 AXYS PRO-RMK 163\/165\/INTL ALL OPTIONS (S21EGK8R\/EGM8R) &#8211; Suspension, Torque Arm, Rear All Options<\/p>\n<p>    2021 850 AXYS PRO-RMK 174&#8243; ALL OPTIONS (S21EHK8RC) &#8211; Suspension, Torque Arm, Rear All Options<\/p>\n<p>    2021 850 RMK KHAOS 155\/INTL (S21EFT8R\/EFN8R) &#8211; Suspension, Torque Arm, Rear All Options<\/p>\n<p>    2021 850 RMK KHAOS 163\/165\/INTL ALL OPTIONS (S21EGT8R) &#8211; Suspension, Torque Arm, Rear All Options<\/p>\n<p>    2021 850 SKS 155\/INTL ALL OPTIONS (S21EFS8RS\/8RE) &#8211; Suspension, Torque Arm, Rear All Options<\/p>\n<p>    2022 850 RMK KHAOS 155\/INTL (S22EFD8RS\/EFE8RS) &#8211; Suspension, Torque Arm, Rear All Options<\/p>\n<p>    2022 850 RMK KHAOS 163\/165 ALL OPTIONS (S22EGE8RS\/D8RS) &#8211; Suspension, Torque Arm, Rear All Options<\/p>\n<p>    2022 850 RMK PRO 155 2.75&#8243; \/ 155 3&#8243; ALL OPTIONS (S22EFA8RS\/EFB8RS) &#8211; Suspension, Torque Arm, Rear All Options<\/p>\n<p>    2022 850 RMK PRO 163\/165 ALL OPTIONS (S22EGB8RS\/EGA8RS) &#8211; Suspension, Torque Arm, Rear All Options<\/p>","protected":false},"featured_media":17705,"comment_status":"open","ping_status":"closed","template":"","meta":{"_acf_changed":false},"demonterat-fordon":[],"fordons-typ":[641],"make":[636],"parts-filter":[658],"prod-typ":[715],"tillverkare":[865],"product_brand":[],"product_cat":[605],"product_tag":[],"class_list":{"0":"post-17974","1":"product","2":"type-product","3":"status-publish","4":"has-post-thumbnail","6":"fordons-typ-sno","7":"make-polaris","8":"parts-filter-axys","9":"prod-typ-beg","10":"tillverkare-polaris","11":"product_cat-rear-torque-arm","13":"first","14":"instock","15":"purchasable","16":"product-type-simple"},"acf":[],"_links":{"self":[{"href":"https:\/\/whitepowder.se\/en\/wp-json\/wp\/v2\/product\/17974","targetHints":{"allow":["GET"]}}],"collection":[{"href":"https:\/\/whitepowder.se\/en\/wp-json\/wp\/v2\/product"}],"about":[{"href":"https:\/\/whitepowder.se\/en\/wp-json\/wp\/v2\/types\/product"}],"replies":[{"embeddable":true,"href":"https:\/\/whitepowder.se\/en\/wp-json\/wp\/v2\/comments?post=17974"}],"wp:featuredmedia":[{"embeddable":true,"href":"https:\/\/whitepowder.se\/en\/wp-json\/wp\/v2\/media\/17705"}],"wp:attachment":[{"href":"https:\/\/whitepowder.se\/en\/wp-json\/wp\/v2\/media?parent=17974"}],"wp:term":[{"taxonomy":"demonterat-fordon","embeddable":true,"href":"https:\/\/whitepowder.se\/en\/wp-json\/wp\/v2\/demonterat-fordon?post=17974"},{"taxonomy":"fordons-typ","embeddable":true,"href":"https:\/\/whitepowder.se\/en\/wp-json\/wp\/v2\/fordons-typ?post=17974"},{"taxonomy":"make","embeddable":true,"href":"https:\/\/whitepowder.se\/en\/wp-json\/wp\/v2\/make?post=17974"},{"taxonomy":"parts-filter","embeddable":true,"href":"https:\/\/whitepowder.se\/en\/wp-json\/wp\/v2\/parts-filter?post=17974"},{"taxonomy":"prod-typ","embeddable":true,"href":"https:\/\/whitepowder.se\/en\/wp-json\/wp\/v2\/prod-typ?post=17974"},{"taxonomy":"tillverkare","embeddable":true,"href":"https:\/\/whitepowder.se\/en\/wp-json\/wp\/v2\/tillverkare?post=17974"},{"taxonomy":"product_brand","embeddable":true,"href":"https:\/\/whitepowder.se\/en\/wp-json\/wp\/v2\/product_brand?post=17974"},{"taxonomy":"product_cat","embeddable":true,"href":"https:\/\/whitepowder.se\/en\/wp-json\/wp\/v2\/product_cat?post=17974"},{"taxonomy":"product_tag","embeddable":true,"href":"https:\/\/whitepowder.se\/en\/wp-json\/wp\/v2\/product_tag?post=17974"}],"curies":[{"name":"wp","href":"https:\/\/api.w.org\/{rel}","templated":true}]}}