{"id":17991,"date":"2024-11-03T23:16:24","date_gmt":"2024-11-03T22:16:24","guid":{"rendered":"https:\/\/whitepowder.se\/?post_type=product&#038;p=17991"},"modified":"2025-10-16T14:03:02","modified_gmt":"2025-10-16T12:03:02","slug":"polaris-1590343-boggie-hjul-carrier-wheel-2","status":"publish","type":"product","link":"https:\/\/whitepowder.se\/en\/polaris-1590343-boggie-hjul-carrier-wheel-2\/","title":{"rendered":"Polaris 1590343 &#8211; Boggie Hjul &#8211; Carrier Wheel"},"content":{"rendered":"<p>Polaris 1590343 &#8211; Boggie Hjul &#8211; Carrier Wheel<\/p>\n<p>Diameter hjul 16.1cm<br \/>\ninner diameter lager 25mm<\/p>\n<p>* Anm\u00e4rkning: Lager d\u00e5ligt beh\u00f6ver bytas<\/p>","protected":false},"excerpt":{"rendered":"<p>Polaris 1590343 Sitter Original p\u00e5 :<\/p>\n<p>2002 440 PRO X (S02NX4CS) &#8211; Rear Torque Arm<\/p>\n<p>2002 440 PRO X FAN COOLED (S02NX4FS) &#8211; Rear Torque Arm<\/p>\n<p>2002 600 PRO X (S02NX6ES) &#8211; Rear Torque Arm<\/p>\n<p>2002 INDY FRONTIER (S02NT7DS) &#8211; Rear Torque Arm<\/p>\n<p>2003 340 EDGE\/EDGE CLASSIC (S03NB3AS\/S03ND3AS) &#8211; Rear Torque Arm<\/p>\n<p>2003 440 PRO X (S03NX4CS) &#8211; Rear Torque Arm<\/p>\n<p>2003 440 PRO X FAN COOLED (S03NX4FS) &#8211; Rear Torque Arm<\/p>\n<p>2003 500 CLASSIC (S03ND5CS) &#8211; Rear Torque Arm<\/p>\n<p>2003 500 EDGE (S03NB4BS) &#8211; Rear Torque Arm<\/p>\n<p>2003 500 XC EDGE (S03NP5AS) &#8211; Rear Torque Arm<\/p>\n<p>2003 500 XC EDGE F\/O (S03NP5CS) &#8211; Rear Torque Arm \/5Csa\/5Csb\/6Es\/6Esa\/6Esbs03na5cs\/6Es (4977827782B10)<\/p>\n<p>2003 500 XC SP EDGE (S03NP5CSA\/B) &#8211; Rear Torque Arm S03np5cs\/5Csa\/5Csb\/6Es\/6Esa\/6Esbs03na5cs\/6Es (4977827782B10)<\/p>\n<p>2003 500 XC SP EDGE X F\/O (S03NA5CS) &#8211; Rear Torque Arm S03np5cs\/5Csa\/5Csb\/6Es\/6Esa\/6Esb\/6Es (4977827782B10)<\/p>\n<p>2003 550 CLASSIC EDGE (S03ND5BS) &#8211; Rear Torque Arm<\/p>\n<p>2003 600 XC EDGE F\/O (S03NP6ES) &#8211; Rear Torque Arm S03np5cs\/5Csa\/5Csb\/6Es\/6Esa\/6Esbs03na5cs\/6Es (4977827782B10)<\/p>\n<p>2003 600 XC SP EDGE (S03NP6ESA\/B) &#8211; Rear Torque Arm S03np5cs\/5Csa\/5Csb\/6Es\/6Esa\/6Esbs03na5cs\/6Es (4977827782B10)<\/p>\n<p>2003 600 XC SP EDGE X F\/O (S03NA6ES) &#8211; Rear Torque Arm S03np5cs\/5Csa\/5Csb\/6Es\/6Esa\/6Esbs03na5cs\/6Es (4977827782B10)<\/p>\n<p>2003 600\/700\/800 PRO X (S03NX6ES\/S03NX7CS\/S03NX8CS) &#8211; Rear Torque Arm<\/p>\n<p>2003 700 XC EDGE F\/O (S03NP7CS) &#8211; Rear Torque Arm \/7Csa\/7Csb\/8Cs\/8Csa\/8Csbs03na7cs\/8Cs (4977847784B10)<\/p>\n<p>2003 700 XC SP EDGE (S03NP7CSA\/B) &#8211; Rear Torque Arm S03np7cs\/7Csa\/7Csb\/8Cs\/8Csa\/8Csbs03na7cs\/8Cs (4977847784B10)<\/p>\n<p>2003 700 XC SP EDGE X F\/O (S03NA7CS) &#8211; Rear Torque Arm S03np7cs\/7Csa\/7Csb\/8Cs\/8Csa\/8Csb\/8Cs (4977847784B10)<\/p>\n<p>2003 800 XC EDGE F\/O (S03NP8CS) &#8211; Rear Torque Arm S03np7cs\/7Csa\/7Csb\/8Cs\/8Csa\/8Csbs03na7cs\/8Cs (4977847784B10)<\/p>\n<p>2003 800 XC SP EDGE (S03NP8CSA\/B) &#8211; Rear Torque Arm S03np7cs\/7Csa\/7Csb\/8Cs\/8Csa\/8Csbs03na7cs\/8Cs (4977847784B10)<\/p>\n<p>2003 800 XC SP EDGE X F\/O (S03NA8CS) &#8211; Rear Torque Arm S03np7cs\/7Csa\/7Csb\/8Cs\/8Csa\/8Csbs03na7cs\/8Cs (4977847784B10)<\/p>\n<p>2003 SUPERSPORT EDGE (S03NB5BS\/A) &#8211; Rear Torque Arm S03na5bs (4977807780B08)<\/p>\n<p>2003 SUPERSPORT EDGE X F\/O (S03NA5BS) &#8211; Rear Torque Arm S03nb5bs\/A (4977807780B08)<\/p>\n<p>2004 340 INDY\/INT&#8217;L\/CLASSIC (S04NB3AS) &#8211; Torque Arm, Rear \/Ae\/Nd3as<\/p>\n<p>2004 340 TOURING\/INT&#8217;L (S04NT3AS\/AE) &#8211; Rear Torque Arm<\/p>\n<p>2004 440 PRO XR (S04NX4CS) &#8211; Rear Torque Arm \/Ce<\/p>\n<p>2004 500 EDGE (S04NB4BS) &#8211; Torque Arm, Rear<\/p>\n<p>2004 500\/600 XC SP EDGE\/M-10 (S04NP5CS) &#8211; Rear Torque Arm \/A\/B\/C\/S04np6es\/A\/B\/C (4988618861C01)<\/p>\n<p>2004 550 CLASSIC EDGE (S04ND5BS) &#8211; Rear Torque Arm<\/p>\n<p>2004 550 PRO X FAN (S04NX5BS\/BE) &#8211; Rear Torque Arm<\/p>\n<p>2004 600\/700\/800 PRO X\/PRO X2 (S04NX6ES) &#8211; Rear Torque Arm \/Ee\/S04ny6es\/Ee\/S04nx7cs\/8Cs\/S04ny7cs\/Ce\/8Cs\/8Ce<\/p>\n<p>2004 700\/800 XC EDGE F\/O (S04NP7CS) &#8211; Rear Torque Arm \/7Csa\/7Csb\/7Csc\/8Cs\/8Csa\/8Csb\/8Csc (4988438843C01)<\/p>\n<p>2004 800 PRO XR (S04NZ8CS) &#8211; Rear Torque Arm \/Csa\/Ce<\/p>\n<p>2004 SPORT TOURING\/INT&#8217;L (S04NU5BS\/BE) &#8211; Rear Torque Arm<\/p>\n<p>2004 SUPERSPORT EDGE (S04NP5BS\/A\/B) &#8211; Rear Torque Arm S04ne5bs (4988338833B11)<\/p>\n<p>2005 340 CLASSIC (S05ND3AS) &#8211; Rear Torque Arm<\/p>\n<p>2005 340 TOURING\/EURO (S05NT3AS) &#8211; Rear Torque Arm \/Ae<\/p>\n<p>2005 440 IQ (S05MX4CS) &#8211; Torque Arm, Rear \/Ce<\/p>\n<p>2005 500 INDY (S05NB4BS) &#8211; Rear Torque Arm<\/p>\n<p>2005 500\/600 XC SP EDGE\/M-10 (S05NE5CS) &#8211; Rear Torque Arm S05np5cs\/A\/B\/Np6es\/A\/B\/Na6es\/Ee (4992749274B14)<\/p>\n<p>2005 550 CLASSIC (S05ND5BS) &#8211; Rear Torque Arm<\/p>\n<p>2005 700\/800 XC SP M-10 F\/O (S05NE7CS) &#8211; Rear Torque Arm S05np7cs\/7Csa\/7Csb\/8Cs\/8Csa\/8Csb (4993799379B14)<\/p>\n<p>2005 SUPERSPORT (S05NP5BS) &#8211; Rear Torque Arm \/A\/B (4992729272B09)<\/p>\n<p>2006 340 CLASSIC (S06ND3AS) &#8211; Torque Arm, Rear<\/p>\n<p>2006 340 TOURING (S06NT3AS) &#8211; Torque Arm, Rear<\/p>\n<p>2006 440 IQ (S06MX4CS) &#8211; Torque Arm, Rear<\/p>\n<p>2006 500 INDY (S06NB4BS) &#8211; Torque Arm, Rear<\/p>\n<p>2006 500 XC SP EDGE STOCK B (S06NP5CSB) &#8211; Torque Arm, Rear<\/p>\n<p>2006 550 CLASSIC (S06ND5BS) &#8211; Torque Arm, Rear<\/p>\n<p>2006 600 HO FUSION F\/O (S06MP6FS) &#8211; Torque Arm, Rear S06me6fs (4997139713C05)<\/p>\n<p>2006 700 CLASSIC (S06PD7HS) &#8211; Torque Arm, Rear (4997359735B13)<\/p>\n<p>2006 700\/900 FUSION F\/O (S06MP7HS) &#8211; Torque Arm, Rear S06me7hs\/Me8ds (4997159715C02)<\/p>\n<p>2006 SUPERSPORT (S06NP5BSA) &#8211; Torque Arm, Rear \/Ne5bsb (4997239723B08)<\/p>\n<p>2007 340 EDGE LX (S07ND3AS) &#8211; Torque Arm, Rear<\/p>\n<p>2007 340 EDGE TOURING (S07NT3AS\/AE) &#8211; Torque Arm, Rear<\/p>\n<p>2007 440 IQ\/EURO (S07MX4CS\/CE) &#8211; Torque Arm, Rear<\/p>\n<p>2007 500 XC SP (S07NP5CS\/CE) &#8211; Torque Arm, Rear<\/p>\n<p>2007 550 EDGE LX (S07ND5BS) &#8211; Torque Arm, Rear<\/p>\n<p>2007 SUPERSPORT EDGE (S07NP5BS\/BE) &#8211; Torque Arm, Rear<\/p>\n<p>2007 TRAIL TOURING DELUXE (S07NT5BS\/BSA\/BE\/BEA) &#8211; Torque Arm, Rear<\/p>\n<p>2008 340 (S08NB3AS) &#8211; Suspension, Rear Torque Arm And Shock<\/p>\n<p>2008 340 TRANSPORT\/EURO (S08NT3AS\/ASA\/AE) &#8211; Suspension, Torque Arm, Rear, &amp; Shock<\/p>\n<p>2008 550 LX (S08ND5BS) &#8211; Suspension, Torque Arm, Rear &amp; Shock<\/p>\n<p>2008 600 IQ RACER\/EURO (S08MX6JS\/JE) &#8211; Suspension, Torque Arm, Rear<\/p>\n<p>2008 600 RR\/EURO (S08MX6FS\/FE) &#8211; Suspension, Torque Arm, Rear<\/p>\n<p>2008 IQ CRUISER\/EURO (S08PY7FS\/FE) &#8211; Suspension, Torque Arm, Rear<\/p>\n<p>2008 SUPERSPORT\/EURO (S08NP5BS\/BE) &#8211; Suspension, Torque Arm, Rear &amp; Shock<\/p>\n<p>2008 TRAIL TOURING\/FLEET\/EURO (S08NT5BS\/BE\/BSA\/BSF) &#8211; Suspension, Torque Arm, Rear, &amp; Shock<\/p>\n<p>2009 600 IQ RACER\/EURO (S09MX6JS\/JE) &#8211; Suspension, Torque Arm, Rear<\/p>\n<p>2009 600 RR EURO (S09MX6FE) &#8211; Suspension, Torque Arm, Rear<\/p>\n<p>2009 TRAIL TOURING\/FLEET\/TRANSPORT\/EURO (S09NT5BS\/BE\/BSF\/NU5BS\/BE) &#8211; Suspension, Torque Arm, Rear<\/p>\n<p>2010 600 IQ RACER (S10MX6JSA\/JEA) &#8211; Suspension, Torque Arm, Rear<\/p>\n<p>2010 FS WIDETRAK IQ\/INTL (S10PU7ESL\/EEL) &#8211; Suspension, Torque Arm, Rear<\/p>\n<p>2010 TRAIL TOURING\/INTL\/FLEET (S10NT5BSL\/BSM\/BEL\/BSF) &#8211; Suspension, Torque Arm, Rear<\/p>\n<p>2011 600 IQ RACER\/INTL (S11MX6JSA\/JEA) &#8211; Suspension, Torque Arm, Rear<\/p>\n<p>2011 FS WIDETRAK IQ\/INTL (S11PU7ESL\/EEL) &#8211; Suspension, Torque Arm, Rear<\/p>\n<p>2012 600 IQ RACER\/INTL (S12MX6JSA\/JEA) &#8211; Suspension, Torque Arm, Rear<\/p>\n<p>2012 FS WIDETRAK IQ\/INTL (S12PU7ESL\/EEL) &#8211; Suspension, Torque Arm, Rear<\/p>\n<p>2013 600 IQ RACER\/INTL (S13MX6JSA\/JEA) &#8211; Suspension, Torque Arm, Rear<\/p>\n<p>2013 FS WIDETRAK IQ\/INTL (S13PU7ESL\/EEL) &#8211; Suspension, Torque Arm, Rear<\/p>\n<p>2014 600 IQ RACER\/INTL (S14MX6JSA\/JEA) &#8211; Suspension, Torque Arm, Rear<\/p>\n<p>2015 600 IQ RACER\/INTL (S15MX6JSA\/JEA) &#8211; Suspension, Torque Arm, Rear<\/p>\n<p>2016 600 IQ RACER\/INTL (S16MX6JSA\/JEA) &#8211; Suspension, Torque Arm, Rear<\/p>\n<p>2017 600 RACER\/INTL (S17MBX6JSA\/JEA) &#8211; Suspension, Torque Arm, Rear<\/p>\n<p>2018 600 RACER\/INTL (S18MBX6JSA\/JEA) &#8211; Suspension, Torque Arm, Rear<\/p>\n<p>2019 600 RACER\/INTL (S19MDX6JSA\/JEA) &#8211; Suspension, Torque Arm, Rear<\/p>\n<p>2020 600 RACER\/INTL (S20MDX6JSA\/6JEA) &#8211; Suspension, Torque Arm, Rear<\/p>\n<p>2021 600 RACER\/INTL (S21MDX6DSA\/DEA) &#8211; Suspension, Torque Arm, Rear S21mdx6dsa\/6Dea<\/p>\n<p>2022 600 RACER\/INTL (S22MDX6DSA\/DEA) &#8211; Suspension, Torque Arm, Rear S22mdx6dsa\/6Dea<\/p>\n<p>2023 600 RACER\/INTL (S23MDX6DSA\/DEA) &#8211; Suspension, Torque Arm, Rear S23mdx6dsa\/6Dea<\/p>\n<p>2024 600 RACER\/INTL (S24MDX6DSA\/DEA) &#8211; Suspension, Torque Arm, Rear S24mdx6dsa\/6Dea<\/p>\n<p>2025 600 RACER\/INTL (S25MDX6DSA\/6DEA) &#8211; Suspension, Torque Arm, Rear<\/p>","protected":false},"featured_media":17841,"comment_status":"open","ping_status":"closed","template":"","meta":{"_acf_changed":false},"demonterat-fordon":[],"fordons-typ":[641],"make":[636],"parts-filter":[661,689,660,885],"prod-typ":[715],"tillverkare":[865],"product_brand":[],"product_cat":[127],"product_tag":[],"class_list":{"0":"post-17991","1":"product","2":"type-product","3":"status-publish","4":"has-post-thumbnail","6":"fordons-typ-sno","7":"make-polaris","8":"parts-filter-edge","9":"parts-filter-iq-chassie","10":"parts-filter-iq-r-rr","11":"parts-filter-pro-x","12":"prod-typ-beg","13":"tillverkare-polaris","14":"product_cat-hjul-lager","16":"first","17":"instock","18":"purchasable","19":"product-type-simple"},"acf":[],"_links":{"self":[{"href":"https:\/\/whitepowder.se\/en\/wp-json\/wp\/v2\/product\/17991","targetHints":{"allow":["GET"]}}],"collection":[{"href":"https:\/\/whitepowder.se\/en\/wp-json\/wp\/v2\/product"}],"about":[{"href":"https:\/\/whitepowder.se\/en\/wp-json\/wp\/v2\/types\/product"}],"replies":[{"embeddable":true,"href":"https:\/\/whitepowder.se\/en\/wp-json\/wp\/v2\/comments?post=17991"}],"wp:featuredmedia":[{"embeddable":true,"href":"https:\/\/whitepowder.se\/en\/wp-json\/wp\/v2\/media\/17841"}],"wp:attachment":[{"href":"https:\/\/whitepowder.se\/en\/wp-json\/wp\/v2\/media?parent=17991"}],"wp:term":[{"taxonomy":"demonterat-fordon","embeddable":true,"href":"https:\/\/whitepowder.se\/en\/wp-json\/wp\/v2\/demonterat-fordon?post=17991"},{"taxonomy":"fordons-typ","embeddable":true,"href":"https:\/\/whitepowder.se\/en\/wp-json\/wp\/v2\/fordons-typ?post=17991"},{"taxonomy":"make","embeddable":true,"href":"https:\/\/whitepowder.se\/en\/wp-json\/wp\/v2\/make?post=17991"},{"taxonomy":"parts-filter","embeddable":true,"href":"https:\/\/whitepowder.se\/en\/wp-json\/wp\/v2\/parts-filter?post=17991"},{"taxonomy":"prod-typ","embeddable":true,"href":"https:\/\/whitepowder.se\/en\/wp-json\/wp\/v2\/prod-typ?post=17991"},{"taxonomy":"tillverkare","embeddable":true,"href":"https:\/\/whitepowder.se\/en\/wp-json\/wp\/v2\/tillverkare?post=17991"},{"taxonomy":"product_brand","embeddable":true,"href":"https:\/\/whitepowder.se\/en\/wp-json\/wp\/v2\/product_brand?post=17991"},{"taxonomy":"product_cat","embeddable":true,"href":"https:\/\/whitepowder.se\/en\/wp-json\/wp\/v2\/product_cat?post=17991"},{"taxonomy":"product_tag","embeddable":true,"href":"https:\/\/whitepowder.se\/en\/wp-json\/wp\/v2\/product_tag?post=17991"}],"curies":[{"name":"wp","href":"https:\/\/api.w.org\/{rel}","templated":true}]}}