{"id":18132,"date":"2024-11-03T23:34:57","date_gmt":"2024-11-03T22:34:57","guid":{"rendered":"https:\/\/whitepowder.se\/?post_type=product&#038;p=18132"},"modified":"2026-02-15T21:49:32","modified_gmt":"2026-02-15T20:49:32","slug":"polaris-5434389-guide-spring-square-2","status":"publish","type":"product","link":"https:\/\/whitepowder.se\/en\/polaris-5434389-guide-spring-square-2\/","title":{"rendered":"Polaris 5434389 &#8211; Guide, Spring Square"},"content":{"rendered":"<p>Polaris 5434389 &#8211; Guide, Spring Square<\/p>\n<p>Spring wire guide<\/p>\n<p>* Anm\u00e4rkning:  H\u00e5l l\u00e4tt oval,. l\u00e4ttare skav fr\u00e5n fj\u00e4der<\/p>","protected":false},"excerpt":{"rendered":"<p>Polaris 5434389 Sitter Original p\u00e5 :<\/p>\n<p>2002 440 PRO X (S02NX4CS) &#8211; Rail Mounting (4977017701B09)<\/p>\n<p>    2002 440 PRO X FAN COOLED (S02NX4FS) &#8211; Rail Mounting (4977037703B07)<\/p>\n<p>    2002 600 PRO X (S02NX6ES) &#8211; Rail Mounting (4977057705B08)<\/p>\n<p>    2003 440 PRO X (S03NX4CS) &#8211; Rail Mounting (4978157815B09)<\/p>\n<p>    2003 440 PRO X FAN COOLED (S03NX4FS) &#8211; Rail Mounting (4978177817B07)<\/p>\n<p>    2003 600\/700\/800 PRO X (S03NX6ES\/S03NX7CS\/S03NX8CS) &#8211; Rail Mounting (4978197819B09)<\/p>\n<p>    2004 440 PRO XR (S04NX4CS) &#8211; Rail Mounting \/Ce (4988778877B10)<\/p>\n<p>    2004 550 PRO X FAN (S04NX5BS\/BE) &#8211; Rail Mounting (4988578857B08)<\/p>\n<p>    2004 600\/700\/800 PRO X\/PRO X2 (S04NX6ES) &#8211; Rail Mounting \/Ee\/S04ny6es\/Ee\/S04nx7cs\/8Cs\/S04ny7cs\/Ce\/8Cs\/8Ce (4988598859B11)<\/p>\n<p>    2004 800 PRO XR (S04NZ8CS) &#8211; Rail Mounting \/Csa\/Ce (4988798879B10)<\/p>\n<p>    2005 440 IQ (S05MX4CS) &#8211; Rail Assembly \/Ce<\/p>\n<p>    2006 440 IQ (S06MX4CS) &#8211; Rail Assembly<\/p>\n<p>    2007 440 IQ\/EURO (S07MX4CS\/CE) &#8211; Suspension, Rail Assembly<\/p>\n<p>    2008 600 IQ RACER\/EURO (S08MX6JS\/JE) &#8211; Suspension, Rail Asm<\/p>\n<p>    2008 600 RR\/EURO (S08MX6FS\/FE) &#8211; Suspension, Rail Asm<\/p>\n<p>    2009 600 IQ RACER\/EURO (S09MX6JS\/JE) &#8211; Suspension, Rail Mounting<\/p>\n<p>    2009 600 RR EURO (S09MX6FE) &#8211; Suspension, Rail Asm<\/p>\n<p>    2010 600 IQ RACER (S10MX6JSA\/JEA) &#8211; Suspension, Rail Mounting<\/p>\n<p>    2011 600 IQ RACER\/INTL (S11MX6JSA\/JEA) &#8211; Suspension, Rail Mounting<\/p>\n<p>    2012 600 IQ RACER\/INTL (S12MX6JSA\/JEA) &#8211; Suspension, Rail Mounting<\/p>\n<p>    2013 600 IQ RACER\/INTL (S13MX6JSA\/JEA) &#8211; Suspension, Rail Mounting<\/p>\n<p>    2014 600 IQ RACER\/INTL (S14MX6JSA\/JEA) &#8211; Suspension, Rail Mounting<\/p>\n<p>    2015 600 IQ RACER\/INTL (S15MX6JSA\/JEA) &#8211; Suspension, Rail Mounting<\/p>\n<p>    2016 600 IQ RACER\/INTL (S16MX6JSA\/JEA) &#8211; Suspension, Rail Mounting<\/p>\n<p>    2017 600 RACER\/INTL (S17MBX6JSA\/JEA) &#8211; Suspension, Rail Mounting<\/p>\n<p>    2018 600 RACER\/INTL (S18MBX6JSA\/JEA) &#8211; Suspension, Rail Mounting<\/p>","protected":false},"featured_media":17572,"comment_status":"open","ping_status":"closed","template":"","meta":{"_acf_changed":false},"demonterat-fordon":[],"fordons-typ":[641],"make":[636],"parts-filter":[660,885],"prod-typ":[715],"tillverkare":[865],"product_brand":[],"product_cat":[126],"product_tag":[],"class_list":{"0":"post-18132","1":"product","2":"type-product","3":"status-publish","4":"has-post-thumbnail","6":"fordons-typ-sno","7":"make-polaris","8":"parts-filter-iq-r-rr","9":"parts-filter-pro-x","10":"prod-typ-beg","11":"tillverkare-polaris","12":"product_cat-torsion","14":"first","15":"instock","16":"purchasable","17":"product-type-simple"},"acf":[],"_links":{"self":[{"href":"https:\/\/whitepowder.se\/en\/wp-json\/wp\/v2\/product\/18132","targetHints":{"allow":["GET"]}}],"collection":[{"href":"https:\/\/whitepowder.se\/en\/wp-json\/wp\/v2\/product"}],"about":[{"href":"https:\/\/whitepowder.se\/en\/wp-json\/wp\/v2\/types\/product"}],"replies":[{"embeddable":true,"href":"https:\/\/whitepowder.se\/en\/wp-json\/wp\/v2\/comments?post=18132"}],"wp:featuredmedia":[{"embeddable":true,"href":"https:\/\/whitepowder.se\/en\/wp-json\/wp\/v2\/media\/17572"}],"wp:attachment":[{"href":"https:\/\/whitepowder.se\/en\/wp-json\/wp\/v2\/media?parent=18132"}],"wp:term":[{"taxonomy":"demonterat-fordon","embeddable":true,"href":"https:\/\/whitepowder.se\/en\/wp-json\/wp\/v2\/demonterat-fordon?post=18132"},{"taxonomy":"fordons-typ","embeddable":true,"href":"https:\/\/whitepowder.se\/en\/wp-json\/wp\/v2\/fordons-typ?post=18132"},{"taxonomy":"make","embeddable":true,"href":"https:\/\/whitepowder.se\/en\/wp-json\/wp\/v2\/make?post=18132"},{"taxonomy":"parts-filter","embeddable":true,"href":"https:\/\/whitepowder.se\/en\/wp-json\/wp\/v2\/parts-filter?post=18132"},{"taxonomy":"prod-typ","embeddable":true,"href":"https:\/\/whitepowder.se\/en\/wp-json\/wp\/v2\/prod-typ?post=18132"},{"taxonomy":"tillverkare","embeddable":true,"href":"https:\/\/whitepowder.se\/en\/wp-json\/wp\/v2\/tillverkare?post=18132"},{"taxonomy":"product_brand","embeddable":true,"href":"https:\/\/whitepowder.se\/en\/wp-json\/wp\/v2\/product_brand?post=18132"},{"taxonomy":"product_cat","embeddable":true,"href":"https:\/\/whitepowder.se\/en\/wp-json\/wp\/v2\/product_cat?post=18132"},{"taxonomy":"product_tag","embeddable":true,"href":"https:\/\/whitepowder.se\/en\/wp-json\/wp\/v2\/product_tag?post=18132"}],"curies":[{"name":"wp","href":"https:\/\/api.w.org\/{rel}","templated":true}]}}