{"id":18804,"date":"2024-11-14T12:38:56","date_gmt":"2024-11-14T11:38:56","guid":{"rendered":"https:\/\/whitepowder.se\/?post_type=product&#038;p=18804"},"modified":"2024-12-01T12:19:15","modified_gmt":"2024-12-01T11:19:15","slug":"polaris-2410132-lyckta-fram","status":"publish","type":"product","link":"https:\/\/whitepowder.se\/en\/polaris-2410132-lyckta-fram\/","title":{"rendered":"Polaris 2410132 &#8211; Lyckta Fram"},"content":{"rendered":"<p>Polaris 2410132 &#8211; Lyckta Fram<br \/>\nLyckta fram &#8211; headlamp<br \/>\nt-bult , fj\u00e4der &amp; plast mutter medf\u00f6ljer<\/p>\n<p>7517872 bolt, tee adjuster<br \/>\n7041954 spring, headlight adjust<br \/>\n7080887 knob, headlight adjust<\/p>\n<p>obs gl\u00f6dlampor saknas (medf\u00f6ljer ej gl\u00f6dlampor)<\/p>\n<p>* Anm\u00e4rkning:  L\u00e4tt gulnat glas, skav repor plastglas,.  gl\u00f6dlampor saknas,.<br \/>\nklisterm\u00e4rke sitter fast p\u00e5 plastglaset,. t-bolt rostig,. lycktan \u00e4r smutsig oljig,.<\/p>","protected":false},"excerpt":{"rendered":"<p>Polaris 2410132 Lyckta fram  &#8211; Headlamp Sitter Original p\u00e5 :<\/p>\n<p>2005 &#8211; 2006 440 IQ  S05MX4CS , S06MX4CS<br \/>\n2007 IQ EURO 440 &#8211; S07MX4CS-CE<br \/>\n2008 &#8211; 2009 RR 600 EURO &#8211; S09MX6FE<br \/>\n2009 IQ RACER EURO 600 &#8211; S09MX6JS-JE<br \/>\n2010\tIQ RACER 600 &#8211; S10MX6JSA-JEA<br \/>\n2011 &#8211; 2016 IQ RACER INTL 600 &#8211; S11MX6JSA-JEA ,  S12MX6JSA-JEA , S13MX6JSA-JEA ,  S14MX6JSA-JEA , S15MX6JSA-JEA , S16MX6JSA-JEA<\/p>\n<p>\t   099NX4CS 440 XCR SP (1999) (099NX4CS)<\/p>\n<p>                S00NP6ES 600 XC SP EDGE (2000) (S00NP6ES)<\/p>\n<p>                S00NX4CS 440 XC SP (2000) (S00NX4CS)<\/p>\n<p>                S00NX4FS XCF EDGE (2000) (S00NX4FS)<\/p>\n<p>                S01NB4BS 500 INDY (2001) (S01NB4BS)<\/p>\n<p>                S01NB5BS SUPERSPORT EDGE (2001) (S01NB5BS)<\/p>\n<p>                S01NB5BSA SUPERSPORT EDGE (2001) (S01NB5BSA)<\/p>\n<p>                S01ND6DS 600 CLASSIC EDGE (2001) (S01ND6DS)<\/p>\n<p>                S01ND8BS 800 LE (2001) (S01ND8BS)<\/p>\n<p>                S01NP5AS 500 XC (2001) (S01NP5AS)<\/p>\n<p>                S01NP5CS 500 XC SP (2001) (S01NP5CS)<\/p>\n<p>                S01NP5CSA 500 XC SP (2001) (S01NP5CSA)<\/p>\n<p>                S01NP5CSB 500 XC SP (2001) (S01NP5CSB)<\/p>\n<p>                S01NP6ES 600 XC SP (2001) (S01NP6ES)<\/p>\n<p>                S01NP6ESA 600 XC SP (2001) (S01NP6ESA)<\/p>\n<p>                S01NP6ESB 600 XC SP (2001) (S01NP6ESB)<\/p>\n<p>                S01NP6ESX 600 XC SP (2001) (S01NP6ESX)<\/p>\n<p>                S01NP7AS 700 XC SP (2001) (S01NP7AS)<\/p>\n<p>                S01NP7ASA 700 XC SP (2001) (S01NP7ASA)<\/p>\n<p>                S01NP7ASB 700 XC SP (2001) (S01NP7ASB)<\/p>\n<p>                S01NP7CS 700 EV XC SP EDGE (2001) (S01NP7CS)<\/p>\n<p>                S01NP8BS 800 XC SP (2001) (S01NP8BS)<\/p>\n<p>                S01NP8BSA 800 XC SP (2001) (S01NP8BSA)<\/p>\n<p>                S01NP8BSB 800 XC SP (2001) (S01NP8BSB)<\/p>\n<p>                S01NX4CS 440 PRO X (2001) (S01NX4CS)<\/p>\n<p>                S01NX4FS XCF SP EDGE (2001) (S01NX4FS)<\/p>\n<p>                S01NX6ES 600 PRO X (2001) (S01NX6ES)<\/p>\n<p>                S02NB4BS 500 INDY (2002) (S02NB4BS)<\/p>\n<p>                S02NB5BS SUPERSPORT (2002) (S02NB5BS)<\/p>\n<p>                S02ND4BS 500 CLASSIC (2002) (S02ND4BS)<\/p>\n<p>                S02ND5BS 550 F\/C CLASSIC (2002) (S02ND5BS)<\/p>\n<p>                S02ND6ES 600 CLASSIC (2002) (S02ND6ES)<\/p>\n<p>                S02ND7CS 700 CLASSIC BUILT AFTER 1\/1\/01 (2002) (S02ND7CS)<\/p>\n<p>                S02ND7CS 700 CLASSIC BUILT BEFORE 1\/1\/01 (2002) (S02ND7CS)<\/p>\n<p>                S02NE5CS 500 XC SP M-10 F\/O BUILT AFTER 3\/1\/01 (2002) (S02NE5CS)<\/p>\n<p>                S02NE6ES 600 XC SP M-10 F\/O (2002) (S02NE6ES)<\/p>\n<p>                S02NE7CS 700 XC SP M-10 F\/O (2002) (S02NE7CS)<\/p>\n<p>                S02NE8CS 800 XC SP M-10 F\/O (2002) (S02NE8CS)<\/p>\n<p>                S02NJ6ES 600 RMK 136 BUILT AFTER 3\/1\/01 (2002) (S02NJ6ES)<\/p>\n<p>                S02NJ6ES 600 RMK 136 BUILT BEFORE 3\/1\/01 (2002) (S02NJ6ES)<\/p>\n<p>                S02NJ7CS 700 RMK 136 (2002) (S02NJ7CS)<\/p>\n<p>                S02NJ7CSA 700 RMK 136  STOCK (2002) (S02NJ7CSA)<\/p>\n<p>                S02NK7CS 700 RMK F\/O 144 BUILT AFTER 3\/1\/01 (2002) (S02NK7CS)<\/p>\n<p>                S02NK7CS 700 RMK F\/O 144 BUILT BEFORE 3\/1\/01 (2002) (S02NK7CS)<\/p>\n<p>                S02NK7CSA 700 RMK 144 STOCK (2002) (S02NK7CSA)<\/p>\n<p>                S02NK8CS 800 RMK F\/O 144 (2002) (S02NK8CS)<\/p>\n<p>                S02NK8CSA 800 RMK F\/O 144 STOCK (2002) (S02NK8CSA)<\/p>\n<p>                S02NL7CS 700 RMK F\/O 151 (2002) (S02NL7CS)<\/p>\n<p>                S02NL8CS 800 RMK F\/O 151 BUILT AFTER 3\/1\/01 (2002) (S02NL8CS)<\/p>\n<p>                S02NL8CS 800 RMK F\/O 151 BUILT BEFORE 3\/1\/01 (2002) (S02NL8CS)<\/p>\n<p>                S02NL8CSA 800 RMK F\/O 151 STOCK (2002) (S02NL8CSA)<\/p>\n<p>                S02NM8CS 800 RMK F\/O 156 (2002) (S02NM8CS)<\/p>\n<p>                S02NP5AS 500 XC (2002) (S02NP5AS)<\/p>\n<p>                S02NP5CS 500 XC SP F\/O (2002) (S02NP5CS)<\/p>\n<p>                S02NP5CSA 500 XC SP (2002) (S02NP5CSA)<\/p>\n<p>                S02NP5CSB 500 XC SP (2002) (S02NP5CSB)<\/p>\n<p>                S02NP6ES 600 XC SP F\/O (2002) (S02NP6ES)<\/p>\n<p>                S02NP6ESA 600 XC SP (2002) (S02NP6ESA)<\/p>\n<p>                S02NP6ESB 600 XC SP (2002) (S02NP6ESB)<\/p>\n<p>                S02NP7CS 700 XC SP F\/O (2002) (S02NP7CS)<\/p>\n<p>                S02NP7CSA 700 XC SP (2002) (S02NP7CSA)<\/p>\n<p>                S02NP7CSB 700 XC SP (2002) (S02NP7CSB)<\/p>\n<p>                S02NP8CS 800 XC SP F\/O BUILT AFTER 3\/1\/01 (2002) (S02NP8CS)<\/p>\n<p>                S02NP8CSA 800 XC SP STOCK (2002) (S02NP8CSA)<\/p>\n<p>                S02NP8CSB 800 XC SP STOCK (2002) (S02NP8CSB)<\/p>\n<p>                S02NT7DS INDY FRONTIER (2002) (S02NT7DS)<\/p>\n<p>                S02NX4CS 440 PRO X (2002) (S02NX4CS)<\/p>\n<p>                S02NX4FS 440 PRO X FAN COOLED (2002) (S02NX4FS)<\/p>\n<p>                S02NX6ES 600 PRO X (2002) (S02NX6ES)<\/p>\n<p>                S03NA5BS SUPERSPORT EDGE X F\/O (2003) (S03NA5BS)<\/p>\n<p>                S03NA5CS 500 XC SP EDGE X F\/O (2003) (S03NA5CS)<\/p>\n<p>                S03NA6ES 600 XC SP EDGE X F\/O (2003) (S03NA6ES)<\/p>\n<p>                S03NA7CS 700 XC SP EDGE X F\/O (2003) (S03NA7CS)<\/p>\n<p>                S03NA8CS 800 XC SP EDGE X F\/O (2003) (S03NA8CS)<\/p>\n<p>                S03NB3AS\/S03ND3AS 340 EDGE\/EDGE CLASSIC (2003) (S03NB3AS\/S03ND3AS)<\/p>\n<p>                S03NB4BS 500 EDGE (2003) (S03NB4BS)<\/p>\n<p>                S03NB5BS\/A SUPERSPORT EDGE (2003) (S03NB5BS\/A)<\/p>\n<p>                S03ND5BS 550 CLASSIC EDGE (2003) (S03ND5BS)<\/p>\n<p>                S03ND5CS 500 CLASSIC (2003) (S03ND5CS)<\/p>\n<p>                S03ND6ES 600 CLASSIC (2003) (S03ND6ES)<\/p>\n<p>                S03ND7CS 700 CLASSIC (2003) (S03ND7CS)<\/p>\n<p>                S03ND7DS FRONTIER CLASSIC BUILT AFTER 1\/01\/02 (2003) (S03ND7DS)<\/p>\n<p>                S03ND7DS FRONTIER CLASSIC BUILT BEFORE 1\/01\/02 (2003) (S03ND7DS)<\/p>\n<p>                S03NE5BS SUPERSPORT M-10 F\/O (2003) (S03NE5BS)<\/p>\n<p>                S03NE5CS 500 XC SP EDGE M-10 F\/O (2003) (S03NE5CS)<\/p>\n<p>                S03NE6ES 600 XC SP EDGE M-10 F\/O (2003) (S03NE6ES)<\/p>\n<p>                S03NE7CS 700 XC SP EDGE M-10 F\/O (2003) (S03NE7CS)<\/p>\n<p>                S03NE8CS 800 XC SP EDGE M-10 F\/O (2003) (S03NE8CS)<\/p>\n<p>                S03NF5BS SUPERSPORT M-10 X F\/O (2003) (S03NF5BS)<\/p>\n<p>                S03NF5CS 500 XC SP EDGE M-10 F\/O (2003) (S03NF5CS)<\/p>\n<p>                S03NF6ES 600 XC SP EDGE M-10 F\/O (2003) (S03NF6ES)<\/p>\n<p>                S03NF7CS 700 XC SP EDGE M-10 F\/O (2003) (S03NF7CS)<\/p>\n<p>                S03NF8CS 800 XC SP EDGE M-10 F\/O (2003) (S03NF8CS)<\/p>\n<p>                S03NK6ES 600 RMK 144 (2003) (S03NK6ES)<\/p>\n<p>                S03NK7CS 700 RMK 144 F\/O (2003) (S03NK7CS)<\/p>\n<p>                S03NK7CSA 700 RMK 144 STOCK (2003) (S03NK7CSA)<\/p>\n<p>                S03NK8CS 800 RMK 144 F\/O (2003) (S03NK8CS)<\/p>\n<p>                S03NK8CSA 800 RMK 144 STOCK (2003) (S03NK8CSA)<\/p>\n<p>                S03NL7CS 700 RMK 151 F\/O (2003) (S03NL7CS)<\/p>","protected":false},"featured_media":18787,"comment_status":"open","ping_status":"closed","template":"","meta":{"_acf_changed":false},"demonterat-fordon":[],"fordons-typ":[641],"make":[636],"parts-filter":[661,660,885],"prod-typ":[715],"tillverkare":[865],"product_brand":[],"product_cat":[427],"product_tag":[],"class_list":{"0":"post-18804","1":"product","2":"type-product","3":"status-publish","4":"has-post-thumbnail","6":"fordons-typ-sno","7":"make-polaris","8":"parts-filter-edge","9":"parts-filter-iq-r-rr","10":"parts-filter-pro-x","11":"prod-typ-beg","12":"tillverkare-polaris","13":"product_cat-headlights","15":"first","16":"instock","17":"purchasable","18":"product-type-simple"},"acf":[],"_links":{"self":[{"href":"https:\/\/whitepowder.se\/en\/wp-json\/wp\/v2\/product\/18804","targetHints":{"allow":["GET"]}}],"collection":[{"href":"https:\/\/whitepowder.se\/en\/wp-json\/wp\/v2\/product"}],"about":[{"href":"https:\/\/whitepowder.se\/en\/wp-json\/wp\/v2\/types\/product"}],"replies":[{"embeddable":true,"href":"https:\/\/whitepowder.se\/en\/wp-json\/wp\/v2\/comments?post=18804"}],"wp:featuredmedia":[{"embeddable":true,"href":"https:\/\/whitepowder.se\/en\/wp-json\/wp\/v2\/media\/18787"}],"wp:attachment":[{"href":"https:\/\/whitepowder.se\/en\/wp-json\/wp\/v2\/media?parent=18804"}],"wp:term":[{"taxonomy":"demonterat-fordon","embeddable":true,"href":"https:\/\/whitepowder.se\/en\/wp-json\/wp\/v2\/demonterat-fordon?post=18804"},{"taxonomy":"fordons-typ","embeddable":true,"href":"https:\/\/whitepowder.se\/en\/wp-json\/wp\/v2\/fordons-typ?post=18804"},{"taxonomy":"make","embeddable":true,"href":"https:\/\/whitepowder.se\/en\/wp-json\/wp\/v2\/make?post=18804"},{"taxonomy":"parts-filter","embeddable":true,"href":"https:\/\/whitepowder.se\/en\/wp-json\/wp\/v2\/parts-filter?post=18804"},{"taxonomy":"prod-typ","embeddable":true,"href":"https:\/\/whitepowder.se\/en\/wp-json\/wp\/v2\/prod-typ?post=18804"},{"taxonomy":"tillverkare","embeddable":true,"href":"https:\/\/whitepowder.se\/en\/wp-json\/wp\/v2\/tillverkare?post=18804"},{"taxonomy":"product_brand","embeddable":true,"href":"https:\/\/whitepowder.se\/en\/wp-json\/wp\/v2\/product_brand?post=18804"},{"taxonomy":"product_cat","embeddable":true,"href":"https:\/\/whitepowder.se\/en\/wp-json\/wp\/v2\/product_cat?post=18804"},{"taxonomy":"product_tag","embeddable":true,"href":"https:\/\/whitepowder.se\/en\/wp-json\/wp\/v2\/product_tag?post=18804"}],"curies":[{"name":"wp","href":"https:\/\/api.w.org\/{rel}","templated":true}]}}