{"id":19560,"date":"2024-12-11T13:45:23","date_gmt":"2024-12-11T12:45:23","guid":{"rendered":"https:\/\/whitepowder.se\/?post_type=product&#038;p=19560"},"modified":"2025-08-20T12:54:04","modified_gmt":"2025-08-20T10:54:04","slug":"polaris-1824600-pro-taper-styre-6-850cc","status":"publish","type":"product","link":"https:\/\/whitepowder.se\/en\/polaris-1824600-pro-taper-styre-6-850cc\/","title":{"rendered":"Polaris 1824600 &#8211; Pro Taper styre 6&#8243; 850cc"},"content":{"rendered":"<p>Polaris 1824600 &#8211; Pro Taper styre 6&#8243; 850cc<br \/>\nStyre 850cc Pro-Taper<br \/>\nHANDLEBAR, P\/T MID RISE | [ANOD. GRAY, 6&#8243; RISE]<\/p>\n<p>Funktion \/ Test :  Handtagsv\u00e4rmare \u00e4r testade, v\u00e4nster endast ett l\u00e4ge kontakt<br \/>\nh\u00f6ger 10 \u03c9 ohm 6 \u03c9 , v\u00e4nster x \u03c9 ohm 6 \u03c9<\/p>\n<p>* Anm\u00e4rkning:  V-handtags v\u00e4rmare inget m\u00e4tv\u00e4rde 1 av l\u00e4gena<\/p>","protected":false},"excerpt":{"rendered":"<p>Polaris 1824600 Sitter Original p\u00e5 :<\/p>\n<p>2018 600 AXYS PRO RMK 155\/INTL SC (S18EFK6PSL\/PSA\/PEB) &#8211; Steering, Handlebar Mounting<\/p>\n<p>    2018 800 AXYS PRO RMK 155 ALL OPTIONS (S18EFK8P\/EFM8P) &#8211; Steering, Handlebar Mounting All Options<\/p>\n<p>    2018 800 AXYS PRO RMK 163 ALL OPTIONS (S18EGK8P\/EGM8P) &#8211; Steering, Handlebar Mounting All Options<\/p>\n<p>    2018 800 AXYS PRO RMK 174, 3&#8243; ALL OPTIONS (S18EHM8PS\/PEB) &#8211; Steering, Handlebar Mounting All Options<\/p>\n<p>    2018 800 AXYS RMK ASSAULT 155 ALL OPTIONS (S18EFT8P) &#8211; Steering, Handlebar Mounting All Options<\/p>\n<p>    2018 800 AXYS SKS 155 ALL OPTIONS (S18EFS8P) &#8211; Steering, Handlebar Mounting All Options<\/p>\n<p>    2019 600 AXYS PRO RMK 155\/ES\/INTL (S19EFK6PSA\/PSL\/PEB) &#8211; Steering, Handlebar Mounting<\/p>\n<p>    2019 800 AXYS PRO-RMK 155\/INTL SC SELECT\/3&#8243;SC SELECT (S19EFK8PS\/PEB\/EFM8PS) &#8211; Steering, Handlebar Mounting S19efk8ps\/Peb All Options<\/p>\n<p>    2019 800 AXYS PRO-RMK 163 SC SEL.\/3&#8243; SC SELECT (S19EGK8PS\/EGM8PS) &#8211; Steering, Handlebar Mounting S19egk8ps All Options<\/p>\n<p>    2019 800 AXYS PRO-RMK 174 3&#8243; SC SELECT (S19EHM8PS) &#8211; Steering, Handlebar Mounting All Options<\/p>\n<p>    2019 800 AXYS SKS 155 SC SELECT ALL OPTIONS (S19EFS8PS) &#8211; Steering, Handlebar Mounting All Options<\/p>\n<p>    2019 800 RMK ASSAULT 155\/INTL SC SELECT (S19EFT8PS\/PEB) &#8211; Steering, Handlebar Mounting All Options<\/p>\n<p>    2019 850 AXYS PRO-RMK 163\/INTL SC SELECT (S19EGK8R\/EGM8R) &#8211; Steering, Handlebar Mounting All Options<\/p>\n<p>    2019 850 AXYS PRO-RMK\/INTL 174 3&#8243; SC SELECT (S19EHM8R) &#8211; Steering, Handlebar Mounting All Options<\/p>\n<p>    2019 850 AXYS SKS 155 SC SELECT\/INTL (S19EFS8R) &#8211; Steering, Handlebar Mounting All Options<\/p>\n<p>    2019 850 PRO-RMK 155\/INTL SC SELECT (S19EFK8R\/EFM8R) &#8211; Steering, Handlebar Mounting All Options<\/p>\n<p>    2020 600 AXYS PRO RMK 155\/INTL SC SELECT ALL OPTIONS (S20EFK6PS\/6PEB) &#8211; Steering, Handlebar Mounting All Options<\/p>\n<p>    2020 800 AXYS PRO RMK 174 3&#8243; SC SELECT (S20EHM8PS) &#8211; Steering, Handlebar Mounting All Options<\/p>\n<p>    2020 800 AXYS PRO-RMK 155\/155 3&#8243; SC SELECT (S20EFK8PS\/EFM8PS) &#8211; Steering, Handlebar Mounting All Options<\/p>\n<p>    2020 800 AXYS PRO-RMK 163\/163 3&#8243; SC SELECT (S20EGK8PS\/EGM8PS) &#8211; Steering, Handlebar Mounting All Options<\/p>\n<p>    2020 800 AXYS SKS 155 SC SELECT ALL OPTIONS (S20EFS8PS) &#8211; Steering, Handlebar Mounting All Options<\/p>\n<p>    2020 800 RMK KHAOS 155\/155 3&#8243; SC SELECT (S20EFT8PS\/EFN8PS) &#8211; Steering, Handlebar Mounting All Options<\/p>\n<p>    2020 850 AXYS PRO RMK 174 3&#8243; SC SELECT (S20EHM8RS) &#8211; Steering, Handlebar Mounting All Options<\/p>\n<p>    2020 850 AXYS PRO-RMK 155\/155 3&#8243;\/INTL (S20EFK8RS\/EFK8RE\/EFM8RS\/EFM8RE) &#8211; Steering, Handlebar Mounting All Options<\/p>\n<p>    2020 850 AXYS PRO-RMK 163\/163 3&#8243;\/INTL SC SELECT (S20EGK8RS\/EGM8RS\/EGM8RE) &#8211; Steering, Handlebar Mounting All Options<\/p>\n<p>    2020 850 AXYS SKS 155\/INTL SC SELECT (S20EFS8RS\/8RE) &#8211; Steering, Handlebar Mounting All Options<\/p>\n<p>    2020 850 RMK KHAOS 155\/155 3&#8243;\/INTL SC SELECT (S20EFT8R\/EFN8R) &#8211; Steering, Handlebar Mounting All Options<\/p>\n<p>    2021 600 AXYS PRO RMK 155\/INTL ALL OPTIONS (S21EFK6PS\/6PE) &#8211; Steering, Handlebar Mounting All Options<\/p>\n<p>    2021 850 AXYS PRO-RMK 155\/155 3&#8243;\/INTL (S21EFK8R\/EFM8R) &#8211; Steering, Handlebar Mounting All Options<\/p>\n<p>    2021 850 AXYS PRO-RMK 163\/165\/INTL ALL OPTIONS (S21EGK8R\/EGM8R) &#8211; Steering, Handlebar Mounting All Options<\/p>\n<p>    2021 850 AXYS PRO-RMK 174&#8243; ALL OPTIONS (S21EHK8RC) &#8211; Steering, Handlebar Mounting All Options<\/p>\n<p>    2021 850 RMK KHAOS 155\/INTL (S21EFT8R\/EFN8R) &#8211; Steering, Handlebar Mounting All Options<\/p>\n<p>    2021 850 RMK KHAOS 163\/165\/INTL ALL OPTIONS (S21EGT8R) &#8211; Steering, Handlebar Mounting All Options<\/p>\n<p>    2021 850 SKS 155\/INTL ALL OPTIONS (S21EFS8RS\/8RE) &#8211; Steering, Handlebar Mounting All Options<\/p>\n<p>    2022 650 RMK KHAOS MATRYX SLASH 146\/INTL (S22TLG6RS\/6RE) &#8211; Steering, Handlebar Mounting All Options<\/p>\n<p>    2022 650 RMK PRO MATRYX 155\/INTL (S22TFK6RS\/6RE) &#8211; Steering, Handlebar Mounting All Options<\/p>\n<p>    2022 850 RMK KHAOS 155\/INTL (S22EFD8RS\/EFE8RS) &#8211; Steering, Handlebar Mounting S22edf8rs\/Efe8rs All Options<\/p>\n<p>    2022 850 RMK KHAOS 163\/165 ALL OPTIONS (S22EGE8RS\/D8RS) &#8211; Steering, Handlebar Mounting All Options<\/p>\n<p>    2022 850 RMK KHAOS MATRYX 155\/INTL (S22TFD8RS\/8RE) &#8211; Steering, Handlebar Mounting All Options<\/p>\n<p>    2022 850 RMK KHAOS MATRYX SLASH 146\/INTL (S22TLG8RS\/8RE) &#8211; Steering, Handlebar Mounting All Options<\/p>\n<p>    2022 850 RMK KHAOS MATRYX SLASH 155\/ INTL (S22TFG8RS\/8RE) &#8211; Steering, Handlebar Mounting All Options<\/p>\n<p>    2022 850 RMK KHAOS MATRYX SLASH 165\/163 (S22TGG8RS\/TGY8RS) &#8211; Steering, Handlebar Mounting All Options<\/p>\n<p>    2022 850 RMK PRO 155 2.75&#8243; \/ 155 3&#8243; ALL OPTIONS (S22EFA8RS\/EFB8RS) &#8211; Steering, Handlebar Mounting All Options<\/p>\n<p>    2022 850 RMK PRO 163\/165 ALL OPTIONS (S22EGB8RS\/EGA8RS) &#8211; Steering, Handlebar Mounting All Options<\/p>\n<p>    2022 850 RMK PRO MATRYX 155\/INTL (S22TFK8RS\/8RE) &#8211; Steering, Handlebar Mounting All Options<\/p>\n<p>    2022 850 RMK PRO MATRYX SLASH 155\/INTL ALL OPTIONS (S22TFM8RS\/8RE\/TFW8RS\/8RE) &#8211; Steering, Handlebar Mounting All Options<\/p>\n<p>    2022 850 RMK PRO MATRYX SLASH 163\/165 INTL (S22TGW8RS\/8RE\/TGM8RS\/8RE) &#8211; Steering, Handlebar Mounting All Options<\/p>\n<p>    2022 PATRIOT BOOST RMK KHAOS MATRYX SLASH 155\/INTL (S22TFG8MS\/8ME) &#8211; Steering, Handlebar Mounting All Options<\/p>\n<p>    2022 PATRIOT BOOST RMK PRO 165\/163 SLASH\/INTL ALL OPTIONS (S22TGM8MS\/8ME\/TGW8MS\/8ME) &#8211; Steering, Handlebar Mounting All Options<\/p>\n<p>    2023 650 RMK KHAOS 146 SLASH\/SLASH INTL ALL OPTIONS (S23TLG6RS\/6RE) &#8211; Steering, Handlebar Mounting<\/p>\n<p>    2023 650 RMK PRO 155 ALL OPTIONS (S23TFK6RS) &#8211; Steering, Handlebar Mounting<\/p>\n<p>    2023 850 RMK KHAOS 146 SLASH\/SLASH INTL ALL OPTIONS (S23TLG8RS\/8RE) &#8211; Steering, Handlebar Mounting<\/p>\n<p>    2023 850 RMK KHAOS 155\/INTL ALL OPTIONS (S23TFD8RS\/8RE) &#8211; Steering, Handlebar Mounting<\/p>\n<p>    2023 850 RMK KHAOS SLASH 155\/INTL ALL OPTIONS (S23TFG8RS\/8RE) &#8211; Steering, Handlebar Mounting<\/p>\n<p>    2023 850 RMK KHAOS SLASH 165\/163 ALL OPTIONS (S23TGG8RS\/TGY8RS) &#8211; Steering, Handlebar Mounting<\/p>\n<p>    2023 850 RMK PRO 155 ALL OPTIONS (S23TFK8RS) &#8211; Steering, Handlebar Mounting<\/p>\n<p>    2023 850 RMK PRO SLASH 155 ALL OPTIONS (S23TFM8RS) &#8211; Steering, Handlebar Mounting<\/p>\n<p>    2023 850 RMK PRO SLASH 163\/165 ALL OPTIONS (S23TGW8RS\/TGM8RS) &#8211; Steering, Handlebar Mounting<\/p>\n<p>    2023 PATRIOT 9R RMK KHAOS 146 SLASH\/INTL ALL OPTIONS (S23TLG9BS\/9BE) &#8211; Steering, Handlebar Mounting<\/p>\n<p>    2023 PATRIOT 9R RMK KHAOS SLASH 155\/INTL ALL OPTIONS (S23TFG9BS\/9BE) &#8211; Steering, Handlebar Mounting<\/p>\n<p>    2023 PATRIOT 9R RMK KHAOS SLASH 163\/165 ALL OPTIONS (S23TGG9BS\/TGY9BS) &#8211; Steering, Handlebar Mounting<\/p>\n<p>    2023 PATRIOT 9R RMK PRO 155 SLASH ALL OPTIONS (S23TFM9BS) &#8211; Steering, Handlebar Mounting<\/p>\n<p>    2023 PATRIOT 9R RMK PRO SLASH 163\/165 ALL OPTIONS (S23TGW9BS\/TGM9BS) &#8211; Steering, Handlebar Mounting<\/p>\n<p>    2023 PATRIOT BOOST RMK KHAOS SLASH 155\/INTL ALL OPTIONS (S23TFG8MS\/8ME) &#8211; Steering, Handlebar Mounting<\/p>\n<p>    2023 PATRIOT BOOST RMK KHAOS SLASH 165\/163 ALL OPTIONS (S23TGG8MS\/TGY8MS) &#8211; Steering, Handlebar Mounting<\/p>\n<p>    2023 PATRIOT BOOST RMK PRO SLASH 155 ALL OPTIONS (S23TFM8MS) &#8211; Steering, Handlebar Mounting<\/p>\n<p>    2023 PATRIOT BOOST RMK PRO SLASH 163\/165 ALL OPTIONS (S23TGW8MS\/TGM8MS) &#8211; Steering, Handlebar Mounting<\/p>\n<p>    2024 650 RMK KHAOS SLASH 146\/INTL ALL OPTIONS (S24TLG6RS\/6RE) &#8211; Steering, Handlebar Mounting<\/p>\n<p>    2024 650 RMK PRO 155 ALL OPTIONS (S24TFK6RS) &#8211; Steering, Handlebar Mounting<\/p>\n<p>    2024 850 RMK KHAOS 155\/INTL ALL OPTIONS (S24TFD8RS\/8RE) &#8211; Steering, Handlebar Mounting<\/p>\n<p>    2024 850 RMK KHAOS SLASH 146\/INTL ALL OPTIONS (S24TLG8RS\/8RE) &#8211; Steering, Handlebar Mounting<\/p>\n<p>    2024 850 RMK KHAOS SLASH 155\/INTL ALL OPTIONS (S24TFG8RS\/8RE) &#8211; Steering, Handlebar Mounting<\/p>\n<p>    2024 850 RMK KHAOS SLASH 165 ALL OPTIONS (S24TGG8RS) &#8211; Steering, Handlebar Mounting<\/p>\n<p>    2024 850 RMK PRO 155 ALL OPTIONS (S24TFK8RS) &#8211; Steering, Handlebar Mounting<\/p>\n<p>    2024 850 RMK PRO 155 SLASH (S24TFM8RS) &#8211; Steering, Handlebar Mounting<\/p>\n<p>    2024 850 RMK PRO SLASH 165 ALL OPTIONS (S24TGM8RS) &#8211; Steering, Handlebar Mounting<\/p>\n<p>    2024 PATRIOT 9R RMK KHAOS SLASH 146\/INTL ALL OPTIONS (S24TLG9BS\/9BE) &#8211; Steering, Handlebar Mounting<\/p>\n<p>    2024 PATRIOT 9R RMK KHAOS SLASH 155\/INTL ALL OPTIONS (S24TFG9BS\/9BE) &#8211; Steering, Handlebar Mounting<\/p>\n<p>    2024 PATRIOT 9R RMK KHAOS SLASH 165\/INTL ALL OPTIONS (S24TGG9BS\/9BE) &#8211; Steering, Handlebar Mounting<\/p>\n<p>    2024 PATRIOT 9R RMK PRO SLASH 155\/INTL ALL OPTIONS (S24TFM9BS\/9BE) &#8211; Steering, Handlebar Mounting<\/p>\n<p>    2024 PATRIOT 9R RMK PRO SLASH 165\/INTL ALL OPTIONS (S24TGM9BS\/9BE) &#8211; Steering, Handlebar Mounting<\/p>\n<p>    2024 PATRIOT BOOST RMK KHAOS SLASH 155\/INTL ALL OPTIONS (S24TFG8MS\/8ME) &#8211; Steering, Handlebar Mounting<\/p>\n<p>    2024 PATRIOT BOOST RMK KHAOS SLASH 165\/INTL ALL OPTIONS (S24TGG8MS\/8ME) &#8211; Steering, Handlebar Mounting<\/p>\n<p>    2024 PATRIOT BOOST RMK PRO SLASH 155 ALL OPTIONS (S24TFM8MS) &#8211; Steering, Handlebar Mounting<\/p>\n<p>    2024 PATRIOT BOOST RMK PRO SLASH 165 ALL OPTIONS (S24TGM8MS) &#8211; Steering, Handlebar Mounting<\/p>","protected":false},"featured_media":19511,"comment_status":"open","ping_status":"closed","template":"","meta":{"_acf_changed":false},"demonterat-fordon":[],"fordons-typ":[641],"make":[636],"parts-filter":[658,950],"prod-typ":[715],"tillverkare":[865],"product_brand":[],"product_cat":[463],"product_tag":[],"class_list":{"0":"post-19560","1":"product","2":"type-product","3":"status-publish","4":"has-post-thumbnail","6":"fordons-typ-sno","7":"make-polaris","8":"parts-filter-axys","9":"parts-filter-matryx","10":"prod-typ-beg","11":"tillverkare-polaris","12":"product_cat-handlebar","14":"first","15":"instock","16":"purchasable","17":"product-type-simple"},"acf":[],"_links":{"self":[{"href":"https:\/\/whitepowder.se\/en\/wp-json\/wp\/v2\/product\/19560","targetHints":{"allow":["GET"]}}],"collection":[{"href":"https:\/\/whitepowder.se\/en\/wp-json\/wp\/v2\/product"}],"about":[{"href":"https:\/\/whitepowder.se\/en\/wp-json\/wp\/v2\/types\/product"}],"replies":[{"embeddable":true,"href":"https:\/\/whitepowder.se\/en\/wp-json\/wp\/v2\/comments?post=19560"}],"wp:featuredmedia":[{"embeddable":true,"href":"https:\/\/whitepowder.se\/en\/wp-json\/wp\/v2\/media\/19511"}],"wp:attachment":[{"href":"https:\/\/whitepowder.se\/en\/wp-json\/wp\/v2\/media?parent=19560"}],"wp:term":[{"taxonomy":"demonterat-fordon","embeddable":true,"href":"https:\/\/whitepowder.se\/en\/wp-json\/wp\/v2\/demonterat-fordon?post=19560"},{"taxonomy":"fordons-typ","embeddable":true,"href":"https:\/\/whitepowder.se\/en\/wp-json\/wp\/v2\/fordons-typ?post=19560"},{"taxonomy":"make","embeddable":true,"href":"https:\/\/whitepowder.se\/en\/wp-json\/wp\/v2\/make?post=19560"},{"taxonomy":"parts-filter","embeddable":true,"href":"https:\/\/whitepowder.se\/en\/wp-json\/wp\/v2\/parts-filter?post=19560"},{"taxonomy":"prod-typ","embeddable":true,"href":"https:\/\/whitepowder.se\/en\/wp-json\/wp\/v2\/prod-typ?post=19560"},{"taxonomy":"tillverkare","embeddable":true,"href":"https:\/\/whitepowder.se\/en\/wp-json\/wp\/v2\/tillverkare?post=19560"},{"taxonomy":"product_brand","embeddable":true,"href":"https:\/\/whitepowder.se\/en\/wp-json\/wp\/v2\/product_brand?post=19560"},{"taxonomy":"product_cat","embeddable":true,"href":"https:\/\/whitepowder.se\/en\/wp-json\/wp\/v2\/product_cat?post=19560"},{"taxonomy":"product_tag","embeddable":true,"href":"https:\/\/whitepowder.se\/en\/wp-json\/wp\/v2\/product_tag?post=19560"}],"curies":[{"name":"wp","href":"https:\/\/api.w.org\/{rel}","templated":true}]}}