{"id":20368,"date":"2025-02-06T16:06:03","date_gmt":"2025-02-06T15:06:03","guid":{"rendered":"https:\/\/whitepowder.se\/?post_type=product&#038;p=20368"},"modified":"2025-02-06T16:06:04","modified_gmt":"2025-02-06T15:06:04","slug":"polaris-7081154-cable-throttle-2","status":"publish","type":"product","link":"https:\/\/whitepowder.se\/en\/polaris-7081154-cable-throttle-2\/","title":{"rendered":"Polaris 7081154 &#8211; CABLE, THROTTLE"},"content":{"rendered":"<p>Polaris 7081154 &#8211; CABLE, THROTTLE<\/p>\n<p>* Anm\u00e4rkning: Ok skick skav h\u00f6lje , kabel l\u00f6per fritt.<\/p>","protected":false},"excerpt":{"rendered":"<p>Polaris 7081154 Sitter Original p\u00e5 :<br \/>\nPolaris Snowmobile 2012 PRO RMK 600 (155) &#8211; S12CG6GSA-GSL-GEL Engine, Throttle Control Asm<\/p>\n<p>Polaris Snowmobile 2014 VOYAGER 600 INTL &#8211; S14CS6GSL-GEL Engine, Throttle Control Asm<\/p>\n<p>Polaris Snowmobile 2011 RMK 800 155 ES INTL &#8211; S11CM8GSA-GSB-GSL-GSM-GEA Engine, Throttle Control Asm<\/p>\n<p>Polaris Snowmobile 2011 SWITCHBACK ASSAULT INTL 800 &#8211; S11CW8GSA-GSB-GST-GEA Engine, Throttle Control Asm<\/p>\n<p>Polaris Snowmobile 2011 RMK ASSAULT 800 155 INTL &#8211; S11CN8GSA-GSB-GEA Engine, Throttle Control Asm<\/p>\n<p>Polaris Snowmobile 2014 PRO RMK 600 155 &#8211; S14CG6GSA-GSL-GEA Engine, Throttle Control Asm<\/p>\n<p>Polaris Snowmobile 2014 RMK 800 155 &#8211; S14CM8GSA-GSL-GEA Engine, Throttle Control Asm<\/p>\n<p>Polaris Snowmobile 2012 RMK 800 155 ES INTL &#8211; S12CM8GSA-GSL-GEA Engine, Throttle Control Asm<\/p>\n<p>Polaris Snowmobile 2013 RMK 800 155 ES INTL &#8211; S13CM8GSA-GSL-GEA Engine, Throttle Control Asm<\/p>\n<p>Polaris Snowmobile 2015 INDY 600 VOYAGEUR INTL 144 &#8211; S15CS6GSL-GEL Engine, Throttle Control Asm<\/p>\n<p>Polaris Snowmobile 2013 PRO 600 RMK 155 &#8211; S13CG6GSA-GSL-GEA Engine, Throttle Control Asm<\/p>\n<p>Polaris Snowmobile 2016 INDY VOYAGEUR INTL 600 144 &#8211; S16CS6GSL-GEL Engine, Throttle Control Asm<\/p>\n<p>Polaris Snowmobile 2012 PRO RMK 800 155 163 ALL OPTIONS &#8211; S12CG8-CH8 Engine, Throttle Control Asm. All Options<\/p>\n<p>Polaris Snowmobile 2012 RMK ASSAULT 800 (155) ALL OPTIONS &#8211; S12CN8-CY8 Engine, Throttle Control Asm. All Options<\/p>\n<p>Polaris Snowmobile 2012 RMK 600 144\/ES INTL 155 ES ALL OPTIONS &#8211; S12CK6-CM6 Engine, Throttle Control Asm. All Options<\/p>\n<p>Polaris Snowmobile 2014 SWITCHBACK ASSAULT 600 ALL OPTIONS &#8211; S14CL6-CW6 Engine, Throttle Control Asm. All Options<\/p>\n<p>Polaris Snowmobile 2014 RMK 600 144 155 ALL OPTIONS &#8211; S14CK6-CM6 Engine, Throttle Control Asm. All Options<\/p>\n<p>Polaris Snowmobile 2015 RMK 800 155 163 ALL OPTIONS &#8211; S15CC8-CD8-CM8 Engine, Throttle Control Asm. All Options<\/p>\n<p>Polaris Snowmobile 2013 RMK 600 144 155 ALL OPTIONS &#8211; S13CK6-CM6 Engine, Throttle Control Asm. All Options<\/p>\n<p>Polaris Snowmobile 2013 RMK ASSAULT 800 ALL OPTIONS &#8211; S13CN8-CY8 Engine, Throttle Control Asm. All Options<\/p>\n<p>Polaris Snowmobile 2016 SWITCHBACK ASSAULT 800 ALL OPTIONS &#8211; S16CW8 Engine, Throttle Control Asm. All Options<\/p>\n<p>Polaris Snowmobile 2016 RMK 600 144 155 ALL OPTIONS &#8211; S16CK6-CM6 Engine, Throttle Control Asm. All Options<\/p>\n<p>Polaris Snowmobile 2016 SWITCHBACK ASSAULT 600 ALL OPTIONS &#8211; S16CW6 Engine, Throttle Control Asm. All Options<\/p>\n<p>Polaris Snowmobile 2011 PRO RMK 800 155 163 ES INTL ALL OPTIONS &#8211; S11CG8-CH8 Engine, Throttle Control Asm. All Options<\/p>\n<p>Polaris Snowmobile 2016 RMK 800 155 ALL OPTIONS &#8211; S16CM8 Engine, Throttle Control Asm. All Options<\/p>\n<p>Polaris Snowmobile 2014 SWITCHBACK ASSAULT 800 ALL OPTIONS &#8211; S14CL8-CW8 Engine, Throttle Control Asm. All Options<\/p>\n<p>Polaris Snowmobile 2015 SWITCHBACK ASSAULT 800 ALL OPTIONS &#8211; S15CL8-CW8 Engine, Throttle Control Asm. All Options<\/p>\n<p>Polaris Snowmobile 2015 PRO RMK 800\/LE 155 163 ALL OPTIONS &#8211; S15CG8-CH8 Engine, Throttle Control Asm. All Options<\/p>\n<p>Polaris Snowmobile 2015 RMK ASSAULT 800 155 ALL OPTIONS &#8211; S15CN8-CY8 Engine, Throttle Control Asm. All Options<\/p>\n<p>Polaris Snowmobile 2014 RMK ASSAULT 800 ALL OPTIONS &#8211; S14CN8-CY8 Engine, Throttle Control Asm. All Options<\/p>\n<p>Polaris Snowmobile 2014 PRO RMK 800 LE 155 163 ALL OPTIONS &#8211; S14CG8-CH8 Engine, Throttle Control Asm. All Options<\/p>\n<p>Polaris Snowmobile 2012 SWITCHBACK ASSAULT 800 ALL OPTIONS &#8211; S12CL8-CW8 Engine, Throttle Control Asm. All Options<\/p>\n<p>Polaris Snowmobile 2013 SWITCHBACK ASSAULT 800 ALL OPTIONS &#8211; S13CL8-CW8 Engine, Throttle Control Asm. All Options<\/p>\n<p>Polaris Snowmobile 2015 PRO RMK 600 LE 155 ALL OPTIONS &#8211; S15CG6 Engine, Throttle Control Asm. All Options<\/p>\n<p>Polaris Snowmobile 2015 SWITCHBACK ASSAULT 600 ALL OPTIONS &#8211; S15CL6-CW6 Engine, Throttle Control Asm. All Options<\/p>\n<p>Polaris Snowmobile 2013 PRO RMK 800 155 163 ALL OPTIONS &#8211; S13CG8-CH8 Engine, Throttle Control Asm. All Options<\/p>\n<p>Polaris Snowmobile 2015 RMK 600 144 155 ALL OPTIONS &#8211; S15CC6-CK6-CM6 Engine, Throttle Control Asm. All Options<\/p>\n<p>Polaris Snowmobile 2005 SWITCHBACK 900 &#8211; S05PS8DS HANDLEBAR<\/p>\n<p>Polaris Snowmobile 2006 CLASSIC 700 &#8211; S06PD7HS Handlebar Mounting &amp; Controls<\/p>\n<p>Polaris Snowmobile 2006 HO TOURING 700 &#8211; S06PT7HS Handlebar Mounting &amp; Controls<\/p>\n<p>Polaris Snowmobile 2006 FUSION 700 900 F O &#8211; S06MP7HS Handlebar Mounting &amp; Controls \/Hsa\/Hsb\/Me7hs\/Mp8ds\/Dsa\/Dsb\/Me8ds<\/p>\n<p>Polaris Snowmobile 2006 RMK 700 900 &#8211; S06PK7HS Handlebar S06pk7\/Pl7\/Pm7\/Pl8\/Pm8\/Pn8\/Pr8 All Options<\/p>\n<p>Polaris Snowmobile 2005 RMK 900 ALL OPTIONS &#8211; S05PL8-PM8-PN8 Handlebar \/All Options<\/p>\n<p>Polaris Snowmobile 2006 SWITCHBACK 900 &#8211; S06PS8DS Handlebar \/Dsa<\/p>\n<p>Polaris Snowmobile 2005 FUSION 900 &#8211; S05MP8DS Handlebar \/Dsa\/Dsb\/Dsc<\/p>\n<p>Polaris Snowmobile 2012 FS WIDETRAK IQ INTL &#8211; S12PU7ESL-EEL Steering, Handlebar &amp; Controls<\/p>\n<p>Polaris Snowmobile 2010 FS WIDETRAK IQ INTL &#8211; S10PU7ESL-EEL Steering, Handlebar &amp; Controls<\/p>\n<p>Polaris Snowmobile 2011 FS WIDETRAK IQ INTL &#8211; S11PU7ESL-EEL Steering, Handlebar &amp; Controls<\/p>\n<p>Polaris Snowmobile 2009 IQ WIDETRAK EURO &#8211; S09PU7ES-EE Steering, Handlebar &amp; Controls<\/p>\n<p>Polaris Snowmobile 2013 FS WIDETRAK IQ INTL &#8211; S13PU7ESL-EEL Steering, Handlebar &amp; Controls<\/p>","protected":false},"featured_media":20030,"comment_status":"open","ping_status":"closed","template":"","meta":{"_acf_changed":false},"demonterat-fordon":[],"fordons-typ":[641],"make":[636],"parts-filter":[736,689,659],"prod-typ":[715],"tillverkare":[865],"product_brand":[],"product_cat":[462],"product_tag":[],"class_list":{"0":"post-20368","1":"product","2":"type-product","3":"status-publish","4":"has-post-thumbnail","6":"fordons-typ-sno","7":"make-polaris","8":"parts-filter-fusion","9":"parts-filter-iq-chassie","10":"parts-filter-pro-ride","11":"prod-typ-beg","12":"tillverkare-polaris","13":"product_cat-throttle-asm","15":"first","16":"instock","17":"purchasable","18":"product-type-simple"},"acf":[],"_links":{"self":[{"href":"https:\/\/whitepowder.se\/en\/wp-json\/wp\/v2\/product\/20368","targetHints":{"allow":["GET"]}}],"collection":[{"href":"https:\/\/whitepowder.se\/en\/wp-json\/wp\/v2\/product"}],"about":[{"href":"https:\/\/whitepowder.se\/en\/wp-json\/wp\/v2\/types\/product"}],"replies":[{"embeddable":true,"href":"https:\/\/whitepowder.se\/en\/wp-json\/wp\/v2\/comments?post=20368"}],"wp:featuredmedia":[{"embeddable":true,"href":"https:\/\/whitepowder.se\/en\/wp-json\/wp\/v2\/media\/20030"}],"wp:attachment":[{"href":"https:\/\/whitepowder.se\/en\/wp-json\/wp\/v2\/media?parent=20368"}],"wp:term":[{"taxonomy":"demonterat-fordon","embeddable":true,"href":"https:\/\/whitepowder.se\/en\/wp-json\/wp\/v2\/demonterat-fordon?post=20368"},{"taxonomy":"fordons-typ","embeddable":true,"href":"https:\/\/whitepowder.se\/en\/wp-json\/wp\/v2\/fordons-typ?post=20368"},{"taxonomy":"make","embeddable":true,"href":"https:\/\/whitepowder.se\/en\/wp-json\/wp\/v2\/make?post=20368"},{"taxonomy":"parts-filter","embeddable":true,"href":"https:\/\/whitepowder.se\/en\/wp-json\/wp\/v2\/parts-filter?post=20368"},{"taxonomy":"prod-typ","embeddable":true,"href":"https:\/\/whitepowder.se\/en\/wp-json\/wp\/v2\/prod-typ?post=20368"},{"taxonomy":"tillverkare","embeddable":true,"href":"https:\/\/whitepowder.se\/en\/wp-json\/wp\/v2\/tillverkare?post=20368"},{"taxonomy":"product_brand","embeddable":true,"href":"https:\/\/whitepowder.se\/en\/wp-json\/wp\/v2\/product_brand?post=20368"},{"taxonomy":"product_cat","embeddable":true,"href":"https:\/\/whitepowder.se\/en\/wp-json\/wp\/v2\/product_cat?post=20368"},{"taxonomy":"product_tag","embeddable":true,"href":"https:\/\/whitepowder.se\/en\/wp-json\/wp\/v2\/product_tag?post=20368"}],"curies":[{"name":"wp","href":"https:\/\/api.w.org\/{rel}","templated":true}]}}