{"id":20379,"date":"2025-02-06T16:06:17","date_gmt":"2025-02-06T15:06:17","guid":{"rendered":"https:\/\/whitepowder.se\/?post_type=product&#038;p=20379"},"modified":"2026-02-04T18:22:38","modified_gmt":"2026-02-04T17:22:38","slug":"polaris-1910197-broms-skiva","status":"publish","type":"product","link":"https:\/\/whitepowder.se\/en\/polaris-1910197-broms-skiva\/","title":{"rendered":"Polaris 1910197 &#8211; Broms skiva"},"content":{"rendered":"<p>Polaris 1910197 &#8211; Broms skiva<br \/>\nTjocklek skiva \/ Bredd : 5.9mm<\/p>\n<p>Funktion \/ Test : Har varit uppsatt i svarv och skivan \u00e4r rak,. av putsad med sandpapper f\u00f6r att kunna se eventuella oj\u00e4mnheter.<\/p>","protected":false},"excerpt":{"rendered":"<p>Polaris 1910197 Sitter Original p\u00e5 :<\/p>\n<p>0961760 XCR 440 SP (1996) (0961760)<\/p>\n<p>0971660 440 XCR (1997) (0971660)<\/p>\n<p>0981660 440 XCR (1998) (0981660)<\/p>\n<p>S01NX4CS 440 PRO X (2001) (S01NX4CS)<\/p>\n<p>S03NX4CS 440 PRO X (2003) (S03NX4CS)<\/p>\n<p>S04NX4CS 440 PRO XR (2004) (S04NX4CS)<\/p>\n<p>S04NZ8CS 800 PRO XR (2004) (S04NZ8CS)<\/p>\n<p>S05MX4CS 440 IQ (2005) (S05MX4CS)<\/p>\n<p>S06MX4CS 440 IQ (2006) (S06MX4CS)<\/p>\n<p>S07MX4CS\/CE 440 IQ\/EURO (2007) (S07MX4CS\/CE)<\/p>\n<p>S08MX6FS\/FE 600 RR\/EURO (2008) (S08MX6FS\/FE)<\/p>\n<p>S08MX6JS\/JE 600 IQ RACER\/EURO (2008) (S08MX6JS\/JE)<\/p>\n<p>S09MX6FE 600 RR EURO (2009) (S09MX6FE)<\/p>\n<p>S09MX6JS\/JE 600 IQ RACER\/EURO (2009) (S09MX6JS\/JE)<\/p>\n<p>S10MX6JSA\/JEA 600 IQ RACER (2010) (S10MX6JSA\/JEA)<\/p>\n<p>S11MX6JSA\/JEA 600 IQ RACER\/INTL (2011) (S11MX6JSA\/JEA)<\/p>\n<p>S12MX6JSA\/JEA 600 IQ RACER\/INTL (2012) (S12MX6JSA\/JEA)<\/p>\n<p>S13MX6JSA\/JEA 600 IQ RACER\/INTL (2013) (S13MX6JSA\/JEA)<\/p>\n<p>S14MX6JSA\/JEA 600 IQ RACER\/INTL (2014) (S14MX6JSA\/JEA)<\/p>\n<p>S15MX6JSA\/JEA 600 IQ RACER\/INTL (2015) (S15MX6JSA\/JEA)<\/p>\n<p>S16MX6JSA\/JEA 600 IQ RACER\/INTL (2016) (R01) (S16MX6JSA\/JEA)<\/p>\n<p>S17MBX6JSA\/JEA 600 RACER\/INTL (2017) (R02) (S17MBX6JSA\/JEA)<\/p>","protected":false},"featured_media":20254,"comment_status":"open","ping_status":"closed","template":"","meta":{"_acf_changed":false},"demonterat-fordon":[],"fordons-typ":[641],"make":[636],"parts-filter":[660,885],"prod-typ":[715],"tillverkare":[865],"product_brand":[],"product_cat":[366],"product_tag":[],"class_list":{"0":"post-20379","1":"product","2":"type-product","3":"status-publish","4":"has-post-thumbnail","6":"fordons-typ-sno","7":"make-polaris","8":"parts-filter-iq-r-rr","9":"parts-filter-pro-x","10":"prod-typ-beg","11":"tillverkare-polaris","12":"product_cat-brake-disc","14":"first","15":"instock","16":"purchasable","17":"product-type-simple"},"acf":[],"_links":{"self":[{"href":"https:\/\/whitepowder.se\/en\/wp-json\/wp\/v2\/product\/20379","targetHints":{"allow":["GET"]}}],"collection":[{"href":"https:\/\/whitepowder.se\/en\/wp-json\/wp\/v2\/product"}],"about":[{"href":"https:\/\/whitepowder.se\/en\/wp-json\/wp\/v2\/types\/product"}],"replies":[{"embeddable":true,"href":"https:\/\/whitepowder.se\/en\/wp-json\/wp\/v2\/comments?post=20379"}],"wp:featuredmedia":[{"embeddable":true,"href":"https:\/\/whitepowder.se\/en\/wp-json\/wp\/v2\/media\/20254"}],"wp:attachment":[{"href":"https:\/\/whitepowder.se\/en\/wp-json\/wp\/v2\/media?parent=20379"}],"wp:term":[{"taxonomy":"demonterat-fordon","embeddable":true,"href":"https:\/\/whitepowder.se\/en\/wp-json\/wp\/v2\/demonterat-fordon?post=20379"},{"taxonomy":"fordons-typ","embeddable":true,"href":"https:\/\/whitepowder.se\/en\/wp-json\/wp\/v2\/fordons-typ?post=20379"},{"taxonomy":"make","embeddable":true,"href":"https:\/\/whitepowder.se\/en\/wp-json\/wp\/v2\/make?post=20379"},{"taxonomy":"parts-filter","embeddable":true,"href":"https:\/\/whitepowder.se\/en\/wp-json\/wp\/v2\/parts-filter?post=20379"},{"taxonomy":"prod-typ","embeddable":true,"href":"https:\/\/whitepowder.se\/en\/wp-json\/wp\/v2\/prod-typ?post=20379"},{"taxonomy":"tillverkare","embeddable":true,"href":"https:\/\/whitepowder.se\/en\/wp-json\/wp\/v2\/tillverkare?post=20379"},{"taxonomy":"product_brand","embeddable":true,"href":"https:\/\/whitepowder.se\/en\/wp-json\/wp\/v2\/product_brand?post=20379"},{"taxonomy":"product_cat","embeddable":true,"href":"https:\/\/whitepowder.se\/en\/wp-json\/wp\/v2\/product_cat?post=20379"},{"taxonomy":"product_tag","embeddable":true,"href":"https:\/\/whitepowder.se\/en\/wp-json\/wp\/v2\/product_tag?post=20379"}],"curies":[{"name":"wp","href":"https:\/\/api.w.org\/{rel}","templated":true}]}}