{"id":20392,"date":"2025-02-06T16:00:26","date_gmt":"2025-02-06T15:00:26","guid":{"rendered":"https:\/\/whitepowder.se\/?post_type=product&#038;p=20392"},"modified":"2025-02-06T16:00:28","modified_gmt":"2025-02-06T15:00:28","slug":"polaris-2202791-broms-handtag-u-a-pb","status":"publish","type":"product","link":"https:\/\/whitepowder.se\/en\/polaris-2202791-broms-handtag-u-a-pb\/","title":{"rendered":"Polaris 2202791 &#8211; broms handtag u\/a pb"},"content":{"rendered":"<p>Polaris 2202791 &#8211; broms handtag u\/a pb<\/p>\n<p>Park lever<br \/>\nutan handbroms &#8221;park lever&#8221;<\/p>\n<p>OBS Partnumbret \u00e4r ett Assembely nummer och anv\u00e4nds fr\u00e4mst som s\u00f6kv\u00e4g och f\u00f6r Fitment, Kolla p\u00e5 bilderna f\u00f6r att se vad som ing\u00e5r.<\/p>","protected":false},"excerpt":{"rendered":"<p>Polaris 2202791 Sitter Original p\u00e5 :<\/p>\n<p>2022 850 RMK KHAOS AXYS 165 2.75&#8243;<\/p>\n<p>2022 850 PRO RMK AXYS 165 2.75&#8243;<\/p>\n<p>2022 850 PRO RMK AXYS 163 3&#8243;<\/p>\n<p>2022 850 PRO RMK AXYS 155 3&#8243;<\/p>\n<p>2022 850 PRO RMK AXYS 155 2.75&#8243;<\/p>\n<p>2021 850 PRO-RMK QD2 174 3&#8243;<\/p>\n<p>2021 850 PRO-RMK QD2 165 2.75&#8243;<\/p>\n<p>2021 850 PRO-RMK QD2 163 3&#8243;<\/p>\n<p>2020 800 RMK KHAOS 155 3&#8243;<\/p>\n<p>2020 800 RMK KHAOS 155<\/p>\n<p>2019, 2016-2017 600 PRO-RMK 155<\/p>\n<p>2019, 2016-2017 600 IQ RACE<\/p>\n<p>2019-2021 850 PRO-RMK 163<\/p>\n<p>2019-2020, 2017 800 PRO-RMK 163<\/p>\n<p>2019-2020 850 PRO-RMK 174<\/p>\n<p>2019-2020 800 PRO-RMK 174<\/p>\n<p>2019-2020 800 PRO-RMK 163 3&#8243;<\/p>\n<p>2019-2020 800 PRO-RMK 155 3&#8243;<\/p>\n<p>2019-2020 800 PRO-RMK 155<\/p>\n<p>2019 850 SKS 155<\/p>\n<p>2019 850 PRO-RMK 163 3&#8243;<\/p>\n<p>2019 850 PRO-RMK 155 3&#8243;<\/p>\n<p>2019 850 PRO-RMK 155<\/p>\n<p>2018-2020 800 SKS 155<\/p>\n<p>2018 800 Pro RMK 174 3 Inch<\/p>\n<p>2018 800 Pro RMK 163 3 Inch<\/p>\n<p>2018 800 Pro RMK 163<\/p>\n<p>2018 800 Pro RMK 155 3 Inch<\/p>\n<p>2018 600 Pro RMK 155<\/p>\n<p>2017-2019 800 RMK Assault 155<\/p>\n<p>2017-2018 800 Pro RMK 155<\/p>\n<p>2017 800 RMK SKS<\/p>\n<p>2017 800 RMK Assault 155 Powder<\/p>\n<p>2017 800 PRO-RMK 174 3 Inch LE<\/p>\n<p>2017 800 PRO-RMK 163 3&#8243; LE<\/p>\n<p>2017 800 PRO RMK 155 LE<\/p>\n<p>2016, 2012 800 RMK ASSAULT 155 POWDER<\/p>\n<p>2016-2017 800 RMK Assault 155 3 Inch<\/p>\n<p>2016-2017 800 PRO-RMK 163 3 Inch<\/p>\n<p>2016-2017 800 Pro-RMK 155 3 inch<\/p>\n<p>2016 800 SWITCHBACK ASSAULT 144 LTD<\/p>\n<p>2016 800 RMK SKS 155<\/p>\n<p>2016 600 PRO RMK 163<\/p>\n<p>2015, 2009 800 RMK 155<\/p>\n<p>2015 800 SWITCHBACK ASSAULT 144 2.0<\/p>\n<p>2015 800 RMK 163<\/p>\n<p>2015 600 SWITCHBACK ASSAULT<\/p>\n<p>2015 600 RMK 155<\/p>\n<p>2015 600 RMK 144<\/p>\n<p>2014-2016 600 SWITCHBACK ASSAULT 144<\/p>\n<p>2012-2015 600 PRO RMK 155<\/p>\n<p>2012 800 SWITCHBACK ASSAULT 2.0 ES<\/p>\n<p>2012 800 SWITCHBACK ASSAULT 1.3 ES<\/p>\n<p>2012 800 RMK ASSAULT 155 ES<\/p>\n<p>2012 800 PRO RMK 163 ES<\/p>\n<p>2012 600 PRO RMK 155 ES<\/p>\n<p>2011-2016 800 SWITCHBACK ASSAULT 144<\/p>\n<p>2011-2016 800 RMK ASSAULT 155<\/p>\n<p>2011-2016 800 PRO RMK 163<\/p>\n<p>2011-2016 800 PRO RMK 155<\/p>\n<p>2011-2012 800 SWITCHBACK ASSAULT 2.0<\/p>\n<p>2011-2012 800 PRO RMK 155 ES<\/p>\n<p>2011 800 SWITCHBACK ASSAULT 1.35<\/p>\n<p>2010 800 DRAGON RMK 163 ES<\/p>\n<p>2010 800 DRAGON RMK 155 ES<\/p>\n<p>2010 800 ASSAULT RMK<\/p>\n<p>2009-2010 800 DRAGON RMK 163<\/p>\n<p>2009 800 ASSAULT RMK 146<\/p>\n<p>2008-2015 600 IQ RACER<\/p>\n<p>2008-2010 800 DRAGON RMK 155<\/p>\n<p>2008 600 RR<\/p>\n<p>2006-2007 440 IQ<\/p>\n<p>2005 440 PRO X LIQUID RACER<\/p>","protected":false},"featured_media":20217,"comment_status":"open","ping_status":"closed","template":"","meta":{"_acf_changed":false},"demonterat-fordon":[],"fordons-typ":[641],"make":[636],"parts-filter":[658,689,660,659],"prod-typ":[715],"tillverkare":[865],"product_brand":[],"product_cat":[356],"product_tag":[],"class_list":{"0":"post-20392","1":"product","2":"type-product","3":"status-publish","4":"has-post-thumbnail","6":"fordons-typ-sno","7":"make-polaris","8":"parts-filter-axys","9":"parts-filter-iq-chassie","10":"parts-filter-iq-r-rr","11":"parts-filter-pro-ride","12":"prod-typ-beg","13":"tillverkare-polaris","14":"product_cat-huvud-cylinder","16":"first","17":"instock","18":"purchasable","19":"product-type-simple"},"acf":[],"_links":{"self":[{"href":"https:\/\/whitepowder.se\/en\/wp-json\/wp\/v2\/product\/20392","targetHints":{"allow":["GET"]}}],"collection":[{"href":"https:\/\/whitepowder.se\/en\/wp-json\/wp\/v2\/product"}],"about":[{"href":"https:\/\/whitepowder.se\/en\/wp-json\/wp\/v2\/types\/product"}],"replies":[{"embeddable":true,"href":"https:\/\/whitepowder.se\/en\/wp-json\/wp\/v2\/comments?post=20392"}],"wp:featuredmedia":[{"embeddable":true,"href":"https:\/\/whitepowder.se\/en\/wp-json\/wp\/v2\/media\/20217"}],"wp:attachment":[{"href":"https:\/\/whitepowder.se\/en\/wp-json\/wp\/v2\/media?parent=20392"}],"wp:term":[{"taxonomy":"demonterat-fordon","embeddable":true,"href":"https:\/\/whitepowder.se\/en\/wp-json\/wp\/v2\/demonterat-fordon?post=20392"},{"taxonomy":"fordons-typ","embeddable":true,"href":"https:\/\/whitepowder.se\/en\/wp-json\/wp\/v2\/fordons-typ?post=20392"},{"taxonomy":"make","embeddable":true,"href":"https:\/\/whitepowder.se\/en\/wp-json\/wp\/v2\/make?post=20392"},{"taxonomy":"parts-filter","embeddable":true,"href":"https:\/\/whitepowder.se\/en\/wp-json\/wp\/v2\/parts-filter?post=20392"},{"taxonomy":"prod-typ","embeddable":true,"href":"https:\/\/whitepowder.se\/en\/wp-json\/wp\/v2\/prod-typ?post=20392"},{"taxonomy":"tillverkare","embeddable":true,"href":"https:\/\/whitepowder.se\/en\/wp-json\/wp\/v2\/tillverkare?post=20392"},{"taxonomy":"product_brand","embeddable":true,"href":"https:\/\/whitepowder.se\/en\/wp-json\/wp\/v2\/product_brand?post=20392"},{"taxonomy":"product_cat","embeddable":true,"href":"https:\/\/whitepowder.se\/en\/wp-json\/wp\/v2\/product_cat?post=20392"},{"taxonomy":"product_tag","embeddable":true,"href":"https:\/\/whitepowder.se\/en\/wp-json\/wp\/v2\/product_tag?post=20392"}],"curies":[{"name":"wp","href":"https:\/\/api.w.org\/{rel}","templated":true}]}}